{"id":909,"date":"2018-11-04T17:56:32","date_gmt":"2018-11-04T17:56:32","guid":{"rendered":"https:\/\/lifesimplified.gorenje.com\/?page_id=909"},"modified":"2024-01-29T10:58:29","modified_gmt":"2024-01-29T10:58:29","slug":"o-piskotkih","status":"publish","type":"page","link":"https:\/\/lifesimplified.gorenje.com\/sl\/o-piskotkih\/","title":{"rendered":"O pi\u0161kotkih"},"content":{"rendered":"<h3>Kaj so pi\u0161kotki?<\/h3>\n<p>Pi\u0161kotki so male besedilne datoteke, v katere se zapi\u0161ejo podatki o obisku spletne strani.<\/p>\n<p>Interakcija med spletnim uporabnikom in spletno stranjo je s pomo\u010djo pi\u0161kotkov hitrej\u0161a in enostavnej\u0161a. Z njihovo pomo\u010djo si spletna stran zapomni posameznikove preference in izku\u0161nje, s tem je prihranjen \u010das, brskanje po spletnih straneh pa je bolj u\u010dinkovito in prijetno.<\/p>\n<p>Razlogov za uporabo pi\u0161kotkov je ve\u010d, kot prvi gotovo njihova lastnost shranjevanja podatkov o stanju posamezne spletne strani (izbira jezika, \u0161tevilo prikazanih rezultatov, velikost pisave itn.), pomagajo pri izvajanju spletnih storitev (registracija, vsebina nakupovalne ko\u0161arice, prijava na e-novice, ogled videa itn.), pomagajo pri zbiranju podatkov o navadah spletnih uporabnikov (\u0161tevilo obiskov, uporabnikom zanimiva vsebina itn.), s katerimi si pomagamo izbolj\u0161ati va\u0161o uporabni\u0161ko izku\u0161njo in ocenimo u\u010dinkovitost zasnove spletne strani.<\/p>\n<p>Nobeni pi\u0161kotki, ki jih uporabljamo na svojih spletnih straneh, ne zbirajo podatkov, s katerimi bi vas bilo mogo\u010de osebno prepoznati.<\/p>\n<p>Ker \u017eelimo biti z vami popolnoma odkriti, smo pripravili seznam vseh pi\u0161kotkov, ki jih uporabljamo, in zakaj. Upo\u0161tevajte, da se z nadaljnjo uporabo te spletne strani strinjate z na\u0161o rabo opisanih pi\u0161kotkov.<\/p>\n<h3>Katere pi\u0161kotke uporablja ta spletna stran?<\/h3>\n<h4>Nujno potrebni pi\u0161kotki<\/h4>\n<p>Pi\u0161kotki, ki nam pomagajo ustrezno prikazati vsebine, omogo\u010dajo delovanje obrazcev, ko\u0161arice in drugih bistvenih elementov spletne strani. Tovrstni pi\u0161kotki so aktivni le v \u010dasu trajanja seje. Primer uporabljenih pi\u0161kotkov: ASPSESSIONIDSCDDQRCC, sifrFetch, avcn-hide_notification.<\/p>\n<h4>Google<\/h4>\n<p>Google uprablja pi\u0161kotke za shranjevanje priljubljenih uporabni\u0161kih nastavitev, izbire jezikovne verzije, \u0161t. prikazanih zadetkov in vrednosti, prikaz informacij na Google zemljevidih ter mnogih drugih funkcionalnosti in storitev tega spletnega giganta. <a href=\"https:\/\/www.google.com\/policies\/technologies\/cookies\/\" target=\"_blank\" rel=\"noopener noreferrer\">Ve\u010d<\/a><\/p>\n<h4>Google Analytics<\/h4>\n<p>Google Analytics je storitev spletnega analiziranja. Nudi nam informacije o obna\u0161anju uporabnikov na na\u0161i spletni strani in nam s tem pomaga ustvariti bolj\u0161o uporabni\u0161ko izku\u0161njo, prikazati relevantno vsebino itn. Pri razbiranju teh podatkov vas ne moremo osebno prepoznati. \u017divljenjska doba teh pi\u0161kotkov zna\u0161a do 2 let. Primer uporabljenih pi\u0161kotkov: _ga, __utma, __utmb,__utmc, __utmz in __utmv. <a href=\"https:\/\/developers.google.com\/analytics\/devguides\/collection\/gajs\/cookie-usage?hl=en\" target=\"_blank\" rel=\"noopener noreferrer\">Ve\u010d<\/a><\/p>\n<h4>YouTube<\/h4>\n<p>Storitev YouTube uporabljamo za predvajanje video posnetkov, pi\u0161kotki pa se uporabljajo za bele\u017eenje podatkov o ogledih, shranjevanje priljublejnih uporabni\u0161kih nastavitev, prikaz relevantnih video posnetkov itn. \u017divljenjska doba teh pi\u0161kotkov zna\u0161a do 10 let. Primeri uporabljenih pi\u0161kotkov: Visitor_info1_Live, Use_Hitbox, SID, LOGIN_INFO, use_hotbox, PREF, SSID, HSID, watched_video_id_list, __utma, __utmz, demographics, VISITOR_INFO1_LIVE. <a href=\"https:\/\/www.google.si\/policies\/technologies\/cookies\/\" target=\"_blank\" rel=\"noopener noreferrer\">Ve\u010d<\/a><\/p>\n<h4>Google maps<\/h4>\n<p>Google maps pripadajo\u010de pi\u0161kotke uporabljamo za prikaz uporabniku prijaznega zemljevida in ozna\u010db lokacije. \u017divljenjska doba teh pi\u0161kotkov zna\u0161a do 10 let. Primeri uporabljenih pi\u0161kotkov: SID, SAPISID, APISID, SSID, HSID, NID, PREF. <a href=\"https:\/\/www.google.si\/policies\/technologies\/cookies\/\" target=\"_blank\" rel=\"noopener noreferrer\">Ve\u010d<\/a><\/p>\n<h4>AddThis<\/h4>\n<p>Pi\u0161kotki storitve Addthis personalizirajo izku\u0161njo skupne rabe, saj vam omogo\u010dajo preprosto interakcijo z razli\u010dnimi dru\u017ebenimi mediji. \u017divljenjska doba teh pi\u0161kotkov zna\u0161a do 10 let. <a href=\"https:\/\/www.addthis.com\/privacy#.UbcaUqzDCZc\" target=\"_blank\" rel=\"noopener noreferrer\">Ve\u010d<\/a><\/p>\n<h4>Facebook<\/h4>\n<p>Pi\u0161kotki storitve Facebook personalizirajo izku\u0161njo skupne rabe, saj vam omogo\u010da prijavo in preprosto interakcijo z dru\u017eabnimi omre\u017eji in bele\u017eijo \u0161tevilo delitev, v\u0161e\u010dkov, komentarjev. \u017divljenjska doba teh pi\u0161kotkov zna\u0161a do 5 let. Primer uporabljenih pi\u0161kotkov: act,locale, lu, datr, csm. <a href=\"https:\/\/www.facebook.com\/about\/privacy\/\" target=\"_blank\" rel=\"noopener noreferrer\">Ve\u010d<\/a><\/p>\n<h4>Twitter<\/h4>\n<p>Pi\u0161kotki dru\u017ebenega omre\u017eja Twitter, ki vam omogo\u010dajo la\u017ejo interakcijo s tem dru\u017ebenim omre\u017ejem. \u017divljenjska doba teh pi\u0161kotkov zna\u0161a do 5 let. Primer uporabljenih pi\u0161kotkov: k, guest_id, auth_token_session, secure_session, twll, twitter_sess. <a href=\"https:\/\/twitter.com\/privacy\" target=\"_blank\" rel=\"noopener noreferrer\">Ve\u010d<\/a><\/p>\n<h4>Pinterest<\/h4>\n<p>Pi\u0161kotki dru\u017ebenega omre\u017eja Pinterest, ki vam omogo\u010dajo la\u017ejo interakcijo s tem dru\u017ebenim omre\u017ejem. \u017divljenjska doba teh pi\u0161kotkov zna\u0161a do 45 let. Primer uporabljenih pi\u0161kotkov: component, _pinterest_sess_, viewParameter, element, csrftoken, viewType. <a href=\"https:\/\/about.pinterest.com\/privacy\/\" target=\"_blank\" rel=\"noopener noreferrer\">Ve\u010d<\/a><\/p>\n<h4>Gemius<\/h4>\n<p>Izvajanje tehni\u010dnega dela meritve MOSS in napredne spletne statistike. \u010casovno neomejen pi\u0161kotek. Primer uporabljenih pi\u0161kotkov: Gdyn. <a href=\"https:\/\/gemius.com\/privacy-policy\/\" target=\"_blank\" rel=\"noopener noreferrer\">Ve\u010d<\/a><\/p>\n<h4>Double Click<\/h4>\n<p>Double Click je storitev, ki jo upravlja Google (Ad Sense) in omogo\u010da storitev spletnega ogla\u0161evanja. Pi\u0161kotki zapisujejo podatke o ogledih in pomagajo, da se prikazujejo relevantni oglasi. \u017divljenjska doba teh pi\u0161kotkov zna\u0161a do 10 let. Primeri uporabljenih pi\u0161kotkov: _drt_, id. <a href=\"https:\/\/support.google.com\/adsense\/answer\/2839090?hl=en\" target=\"_blank\" rel=\"noopener noreferrer\">Ve\u010d<\/a><\/p>\n<h4>BEX pi\u0161kotek<\/h4>\n<p>Storitev BehaviourExchange (v nadaljevanju: BehaviourExchange) uporablja pi\u0161kotke za zbiranje analiti\u010dnih in uporabni\u0161kih podatkov za lastne potrebe, s ciljem izbolj\u0161anja izku\u0161nje uporabnika. S pomo\u010djo pi\u0161kotkov BehaviourExchange zbira tehni\u010dne podatke (o vrsti naprave, operacijskemu sistemu, internetnemu brskalniku oziroma domeni, preko katere ste pri\u0161li na spletno stran), s pomo\u010djo katerih lahko oblikujemo in nadgrajujemo na\u0161o storitev tako, da je \u010dim bolj bolj u\u010dinkovita in prijazna uporabnikom. BehaviourExchange pi\u0161kotki po\u0161ljejo neosebne podatke in ne razkrivajo va\u0161e identitete, temve\u010d zbirajo splo\u0161ne podatke o obisku in na\u010dinu uporabe spletne strani, ki uporablja na\u0161o storitev.<\/p>\n<p>Navedene tehni\u010dne in neosebne podatke zbiramo za lastne tr\u017ene raziskave in za izbolj\u0161anje uporabni\u0161ke izku\u0161nje. Uporaba teh pi\u0161kotkov nikakor ni povezana z va\u0161im morebitnim uporabni\u0161kim profilom ali va\u0161imi konkretnimi naro\u010dili na dolo\u010deni spletni strani. Podatkov, pridobljenih s pomo\u010djo pi\u0161kotkov ne prodajamo, niti jih ne delimo z drugimi, razen, \u010de to ni zakonsko zahtevano s strani pristojnih dr\u017eavnih organov.<\/p>\n<p>BehaviourExchange script po namestitvi opravi naslednje naloge:<br \/>\n&#8211; zabele\u017ei ogled strani &#8211; ugotovi ali prepoznamo pi\u0161kotek &#8211; ugotovi ali pi\u0161kotek ustreza kak\u0161nemu aktivnemu parametru, ki je definiran v uporabni\u0161kem vmesniku BehaviourExchange &#8211; \u010de pi\u0161kotek ustreza kak\u0161nemu od segmentov, skript uporabnika preusmeri na segmentu pripisano podstran oz. v stran vstavi gradnik z uporabniku prilagojeno vsebino &#8211; zabele\u017ei statistiko preusmeritev<br \/>\nZa identifikacijo uporabnika BehaviourExchange uporablja pi\u0161kotek:<br \/>\ndomena: .contentexchange.me<br \/>\nime: cx_id<br \/>\ntrajanje: dve leti od zadnjega obiska<br \/>\nvsebina: id uporabnika.<\/p>\n<h3>Kako lahko upravljate ali bri\u0161ete pi\u0161kotke?<\/h3>\n<p>Pi\u0161kotkov nikakor ne bomo uporabljali za zbiranje va\u0161ih osebno dolo\u010dljivih podatkov, po \u017eelji pa lahko nastavitve o uporabi pi\u0161kotkov spremenite tudi v brskalniku svojega ra\u010dunalnika ali mobilne naprave.<\/p>\n<p>Ve\u010dina modernih brskalnikov omogo\u010da, da sprejmete ali zavrnete vse pi\u0161kotke, sprejmete ali zavrnete le dolo\u010dene vrste pi\u0161kotkov ali pa si nastavite opozorilo, da stran \u017eeli shraniti pi\u0161kotek na va\u0161o napravo. Izbri\u0161ete lahko tudi pi\u0161kotke, ki jih je brskalnik \u017ee shranil na va\u0161i napravi.<\/p>\n<p>Opozarjamo vas, da v primeru izklopa pi\u0161kotkov vse funkcionalnosti spletnih strani morda ne bodo delovale enako u\u010dinkovito, opozorilo o uporabi pi\u0161kotkov se bo prikazalo ob vsakem obisku, dolgoro\u010dno pa bo to negativno vplivalo na va\u0161o uporabni\u0161ko izku\u0161njo.<\/p>\n<p>Postopek spremembe nastavitev pi\u0161kotkov se v vsakem brskalniku razlikuje. Informacijo o tem lahko poi\u0161\u010dete s pomo\u010djo funkcije \u00bbPomo\u010d\u00ab, obi\u0161\u010dete <a href=\"https:\/\/www.aboutcookies.org\/\" target=\"_blank\" rel=\"noopener noreferrer\">www.aboutcookies.org<\/a>, ki nazorno razlo\u017ei postopek v vseh modernih brskalnikih, ali pa nas kontaktirate prek <a href=\"mailto:piskotki@av-studio.si\">e-po\u0161te<\/a>.<\/p>\n<h3>Kako ravnamo z va\u0161imi osebnimi podatki, ki jih vpi\u0161ete v obrazce na spletni strani in prijavi na e-novice?<\/h3>\n<p>Podatke, ki jih vpi\u0161ete v obrazce na spletni strani, uporabljamo izklju\u010dno za namene predaje sporo\u010dila (oddaja povpra\u0161evanja, rezervacije, nakupa itn.) oz. zahtevane storitve. Va\u0161e podatke skrbno varujemo in jih nikakor ne posredujemo tretjim osebam oziroma uporabljamo za kakr\u0161ne koli druge namene.<\/p>\n<p>S prijavo na e-novice sogla\u0161ate, da va\u0161 elektronski naslov uporabljamo za namene obve\u0161\u010danja o novostih. Iz sistema se lahko kadarkoli izpi\u0161ete in sicer tako, da v poslanem elektronskem sporo\u010dilu kliknete na ozna\u010deno povezavo za odjavo.<\/p>\n<p>Pi\u0161kotke Google Analytics in DoubleClick je mogo\u010de onemogo\u010diti tudi s pomo\u010djo navodil, ki so na voljo preko spodnjih povezav:<\/p>\n<p><a href=\"https:\/\/tools.google.com\/dlpage\/gaoptout?hl=en\" target=\"_blank\" rel=\"noopener noreferrer\">Google Analytics<\/a><br \/>\n<a href=\"https:\/\/www.google.com\/policies\/technologies\/ads\/\" target=\"_blank\" rel=\"noopener noreferrer\">Double Click<\/a><br \/>\n<a href=\"https:\/\/www.addthis.com\/privacy\/opt-out-saved#.UbmBr6zDCZd\" target=\"_blank\" rel=\"noopener noreferrer\">AddThis<\/a><\/p>\n<p>Ve\u010d informacij o pi\u0161kotkih je na voljo tudi v <a href=\"https:\/\/www.ip-rs.si\/\" target=\"_blank\" rel=\"noopener noreferrer\">smernicah informacijskega poobla\u0161\u010denca<\/a>.<\/p>\n","protected":false},"excerpt":{"rendered":"<p>Kaj so pi\u0161kotki? Pi\u0161kotki so male besedilne datoteke, v katere se zapi\u0161ejo podatki o obisku spletne strani. Interakcija med spletnim uporabnikom in spletno stranjo je s pomo\u010djo pi\u0161kotkov hitrej\u0161a in enostavnej\u0161a. Z njihovo pomo\u010djo si spletna stran zapomni posameznikove preference in izku\u0161nje, s tem je prihranjen \u010das, brskanje po spletnih straneh pa je bolj u\u010dinkovito&#8230;<\/p>\n","protected":false},"author":1,"featured_media":0,"parent":0,"menu_order":0,"comment_status":"closed","ping_status":"closed","template":"","meta":{"footnotes":""},"class_list":["post-909","page","type-page","status-publish","hentry"],"yoast_head":"<!-- This site is optimized with the Yoast SEO plugin v27.1.1 - https:\/\/yoast.com\/product\/yoast-seo-wordpress\/ -->\n<title>O pi\u0161kotkih | Life Simplified<\/title>\n<meta name=\"robots\" content=\"index, follow, max-snippet:-1, max-image-preview:large, max-video-preview:-1\" \/>\n<link rel=\"canonical\" href=\"https:\/\/lifesimplified.gorenje.com\/sl\/o-piskotkih\/\" \/>\n<meta property=\"og:locale\" content=\"sl_SI\" \/>\n<meta property=\"og:type\" content=\"article\" \/>\n<meta property=\"og:title\" content=\"O pi\u0161kotkih | Life Simplified\" \/>\n<meta property=\"og:description\" content=\"Kaj so pi\u0161kotki? Pi\u0161kotki so male besedilne datoteke, v katere se zapi\u0161ejo podatki o obisku spletne strani. Interakcija med spletnim uporabnikom in spletno stranjo je s pomo\u010djo pi\u0161kotkov hitrej\u0161a in enostavnej\u0161a. Z njihovo pomo\u010djo si spletna stran zapomni posameznikove preference in izku\u0161nje, s tem je prihranjen \u010das, brskanje po spletnih straneh pa je bolj u\u010dinkovito...\" \/>\n<meta property=\"og:url\" content=\"https:\/\/lifesimplified.gorenje.com\/sl\/o-piskotkih\/\" \/>\n<meta property=\"og:site_name\" content=\"Life Simplified\" \/>\n<meta property=\"article:publisher\" content=\"https:\/\/www.facebook.com\/gorenje.SLO\/\" \/>\n<meta property=\"article:modified_time\" content=\"2024-01-29T10:58:29+00:00\" \/>\n<meta property=\"og:image\" content=\"https:\/\/lifesimplified.gorenje.com\/wp-content\/uploads\/2019\/12\/gorenje-life-simplified-blog-life-simplified-logo.jpg\" \/>\n\t<meta property=\"og:image:width\" content=\"2169\" \/>\n\t<meta property=\"og:image:height\" content=\"1223\" \/>\n\t<meta property=\"og:image:type\" content=\"image\/jpeg\" \/>\n<meta name=\"twitter:card\" content=\"summary_large_image\" \/>\n<meta name=\"twitter:label1\" content=\"Est. reading time\" \/>\n\t<meta name=\"twitter:data1\" content=\"6 minut\" \/>\n<script type=\"application\/ld+json\" class=\"yoast-schema-graph\">{\"@context\":\"https:\/\/schema.org\",\"@graph\":[{\"@type\":\"WebPage\",\"@id\":\"https:\/\/lifesimplified.gorenje.com\/sl\/o-piskotkih\/\",\"url\":\"https:\/\/lifesimplified.gorenje.com\/sl\/o-piskotkih\/\",\"name\":\"O pi\u0161kotkih | Life Simplified\",\"isPartOf\":{\"@id\":\"https:\/\/lifesimplified.gorenje.com\/sl\/#website\"},\"datePublished\":\"2018-11-04T17:56:32+00:00\",\"dateModified\":\"2024-01-29T10:58:29+00:00\",\"breadcrumb\":{\"@id\":\"https:\/\/lifesimplified.gorenje.com\/sl\/o-piskotkih\/#breadcrumb\"},\"inLanguage\":\"sl-SI\",\"potentialAction\":[{\"@type\":\"ReadAction\",\"target\":[\"https:\/\/lifesimplified.gorenje.com\/sl\/o-piskotkih\/\"]}]},{\"@type\":\"BreadcrumbList\",\"@id\":\"https:\/\/lifesimplified.gorenje.com\/sl\/o-piskotkih\/#breadcrumb\",\"itemListElement\":[{\"@type\":\"ListItem\",\"position\":1,\"name\":\"Home\",\"item\":\"https:\/\/lifesimplified.gorenje.com\/sl\/home\/\"},{\"@type\":\"ListItem\",\"position\":2,\"name\":\"O pi\u0161kotkih\"}]},{\"@type\":\"WebSite\",\"@id\":\"https:\/\/lifesimplified.gorenje.com\/sl\/#website\",\"url\":\"https:\/\/lifesimplified.gorenje.com\/sl\/\",\"name\":\"Life Simplified\",\"description\":\"Life Simplified\",\"publisher\":{\"@id\":\"https:\/\/lifesimplified.gorenje.com\/sl\/#organization\"},\"potentialAction\":[{\"@type\":\"SearchAction\",\"target\":{\"@type\":\"EntryPoint\",\"urlTemplate\":\"https:\/\/lifesimplified.gorenje.com\/sl\/?s={search_term_string}\"},\"query-input\":{\"@type\":\"PropertyValueSpecification\",\"valueRequired\":true,\"valueName\":\"search_term_string\"}}],\"inLanguage\":\"sl-SI\"},{\"@type\":\"Organization\",\"@id\":\"https:\/\/lifesimplified.gorenje.com\/sl\/#organization\",\"name\":\"Gorenje\",\"url\":\"https:\/\/lifesimplified.gorenje.com\/sl\/\",\"logo\":{\"@type\":\"ImageObject\",\"inLanguage\":\"sl-SI\",\"@id\":\"https:\/\/lifesimplified.gorenje.com\/sl\/#\/schema\/logo\/image\/\",\"url\":\"https:\/\/lifesimplified.gorenje.com\/wp-content\/uploads\/2019\/12\/gorenje-life-simplified-blog-life-simplified-logo.jpg\",\"contentUrl\":\"https:\/\/lifesimplified.gorenje.com\/wp-content\/uploads\/2019\/12\/gorenje-life-simplified-blog-life-simplified-logo.jpg\",\"width\":2169,\"height\":1223,\"caption\":\"Gorenje\"},\"image\":{\"@id\":\"https:\/\/lifesimplified.gorenje.com\/sl\/#\/schema\/logo\/image\/\"},\"sameAs\":[\"https:\/\/www.facebook.com\/gorenje.SLO\/\",\"https:\/\/www.instagram.com\/gorenje_slovenija\/\",\"https:\/\/www.youtube.com\/user\/gorenjesi\"]}]}<\/script>\n<!-- \/ Yoast SEO plugin. -->","yoast_head_json":{"title":"O pi\u0161kotkih | Life Simplified","robots":{"index":"index","follow":"follow","max-snippet":"max-snippet:-1","max-image-preview":"max-image-preview:large","max-video-preview":"max-video-preview:-1"},"canonical":"https:\/\/lifesimplified.gorenje.com\/sl\/o-piskotkih\/","og_locale":"sl_SI","og_type":"article","og_title":"O pi\u0161kotkih | Life Simplified","og_description":"Kaj so pi\u0161kotki? Pi\u0161kotki so male besedilne datoteke, v katere se zapi\u0161ejo podatki o obisku spletne strani. Interakcija med spletnim uporabnikom in spletno stranjo je s pomo\u010djo pi\u0161kotkov hitrej\u0161a in enostavnej\u0161a. Z njihovo pomo\u010djo si spletna stran zapomni posameznikove preference in izku\u0161nje, s tem je prihranjen \u010das, brskanje po spletnih straneh pa je bolj u\u010dinkovito...","og_url":"https:\/\/lifesimplified.gorenje.com\/sl\/o-piskotkih\/","og_site_name":"Life Simplified","article_publisher":"https:\/\/www.facebook.com\/gorenje.SLO\/","article_modified_time":"2024-01-29T10:58:29+00:00","og_image":[{"width":2169,"height":1223,"url":"https:\/\/lifesimplified.gorenje.com\/wp-content\/uploads\/2019\/12\/gorenje-life-simplified-blog-life-simplified-logo.jpg","type":"image\/jpeg"}],"twitter_card":"summary_large_image","twitter_misc":{"Est. reading time":"6 minut"},"schema":{"@context":"https:\/\/schema.org","@graph":[{"@type":"WebPage","@id":"https:\/\/lifesimplified.gorenje.com\/sl\/o-piskotkih\/","url":"https:\/\/lifesimplified.gorenje.com\/sl\/o-piskotkih\/","name":"O pi\u0161kotkih | Life Simplified","isPartOf":{"@id":"https:\/\/lifesimplified.gorenje.com\/sl\/#website"},"datePublished":"2018-11-04T17:56:32+00:00","dateModified":"2024-01-29T10:58:29+00:00","breadcrumb":{"@id":"https:\/\/lifesimplified.gorenje.com\/sl\/o-piskotkih\/#breadcrumb"},"inLanguage":"sl-SI","potentialAction":[{"@type":"ReadAction","target":["https:\/\/lifesimplified.gorenje.com\/sl\/o-piskotkih\/"]}]},{"@type":"BreadcrumbList","@id":"https:\/\/lifesimplified.gorenje.com\/sl\/o-piskotkih\/#breadcrumb","itemListElement":[{"@type":"ListItem","position":1,"name":"Home","item":"https:\/\/lifesimplified.gorenje.com\/sl\/home\/"},{"@type":"ListItem","position":2,"name":"O pi\u0161kotkih"}]},{"@type":"WebSite","@id":"https:\/\/lifesimplified.gorenje.com\/sl\/#website","url":"https:\/\/lifesimplified.gorenje.com\/sl\/","name":"Life Simplified","description":"Life Simplified","publisher":{"@id":"https:\/\/lifesimplified.gorenje.com\/sl\/#organization"},"potentialAction":[{"@type":"SearchAction","target":{"@type":"EntryPoint","urlTemplate":"https:\/\/lifesimplified.gorenje.com\/sl\/?s={search_term_string}"},"query-input":{"@type":"PropertyValueSpecification","valueRequired":true,"valueName":"search_term_string"}}],"inLanguage":"sl-SI"},{"@type":"Organization","@id":"https:\/\/lifesimplified.gorenje.com\/sl\/#organization","name":"Gorenje","url":"https:\/\/lifesimplified.gorenje.com\/sl\/","logo":{"@type":"ImageObject","inLanguage":"sl-SI","@id":"https:\/\/lifesimplified.gorenje.com\/sl\/#\/schema\/logo\/image\/","url":"https:\/\/lifesimplified.gorenje.com\/wp-content\/uploads\/2019\/12\/gorenje-life-simplified-blog-life-simplified-logo.jpg","contentUrl":"https:\/\/lifesimplified.gorenje.com\/wp-content\/uploads\/2019\/12\/gorenje-life-simplified-blog-life-simplified-logo.jpg","width":2169,"height":1223,"caption":"Gorenje"},"image":{"@id":"https:\/\/lifesimplified.gorenje.com\/sl\/#\/schema\/logo\/image\/"},"sameAs":["https:\/\/www.facebook.com\/gorenje.SLO\/","https:\/\/www.instagram.com\/gorenje_slovenija\/","https:\/\/www.youtube.com\/user\/gorenjesi"]}]}},"_links":{"self":[{"href":"https:\/\/lifesimplified.gorenje.com\/sl\/wp-json\/wp\/v2\/pages\/909","targetHints":{"allow":["GET"]}}],"collection":[{"href":"https:\/\/lifesimplified.gorenje.com\/sl\/wp-json\/wp\/v2\/pages"}],"about":[{"href":"https:\/\/lifesimplified.gorenje.com\/sl\/wp-json\/wp\/v2\/types\/page"}],"author":[{"embeddable":true,"href":"https:\/\/lifesimplified.gorenje.com\/sl\/wp-json\/wp\/v2\/users\/1"}],"replies":[{"embeddable":true,"href":"https:\/\/lifesimplified.gorenje.com\/sl\/wp-json\/wp\/v2\/comments?post=909"}],"version-history":[{"count":6,"href":"https:\/\/lifesimplified.gorenje.com\/sl\/wp-json\/wp\/v2\/pages\/909\/revisions"}],"predecessor-version":[{"id":69321,"href":"https:\/\/lifesimplified.gorenje.com\/sl\/wp-json\/wp\/v2\/pages\/909\/revisions\/69321"}],"wp:attachment":[{"href":"https:\/\/lifesimplified.gorenje.com\/sl\/wp-json\/wp\/v2\/media?parent=909"}],"curies":[{"name":"wp","href":"https:\/\/api.w.org\/{rel}","templated":true}]}}