{"id":78,"date":"2018-09-20T16:32:05","date_gmt":"2018-09-20T16:32:05","guid":{"rendered":"https:\/\/lifesimplified.gorenje.com\/?page_id=78"},"modified":"2019-04-04T09:38:24","modified_gmt":"2019-04-04T09:38:24","slug":"story-of-life-simplified-with-gorenje-products","status":"publish","type":"page","link":"https:\/\/lifesimplified.gorenje.com\/sl\/story-of-life-simplified-with-gorenje-products\/","title":{"rendered":"Poklon poenostavljenemu \u017eivljenju"},"content":{"rendered":"<p>Na\u0161a strast je odpravljanje zapletenosti v \u017eivljenju, da se lahko veselimo brezskrbnih trenutkov, ki so pristni in nam nekaj pomenijo. Ustvarjamo jih ljubitelji preprostosti, s prispevanjem kreativnih zamisli, navdihujo\u010dih idej ter re\u0161itev, da bi tako postali najbolj\u0161i naslov za vse vas, ki si \u017eelite oblikovati \u017eivljenje po svoje.<strong> Poenostavite \u017eivljenje. U\u017eivajte na polno. <\/strong><\/p>\n","protected":false},"excerpt":{"rendered":"<p>Na\u0161a strast je odpravljanje zapletenosti v \u017eivljenju, da se lahko veselimo brezskrbnih trenutkov, ki so pristni in nam nekaj pomenijo. Ustvarjamo jih ljubitelji preprostosti, s prispevanjem kreativnih zamisli, navdihujo\u010dih idej ter re\u0161itev, da bi tako postali najbolj\u0161i naslov za vse vas, ki si \u017eelite oblikovati \u017eivljenje po svoje. Poenostavite \u017eivljenje. U\u017eivajte na polno.<\/p>\n","protected":false},"author":1,"featured_media":1368,"parent":0,"menu_order":0,"comment_status":"closed","ping_status":"closed","template":"","meta":{"footnotes":""},"class_list":["post-78","page","type-page","status-publish","has-post-thumbnail","hentry","has-post-video"],"yoast_head":"<!-- This site is optimized with the Yoast SEO plugin v27.1.1 - https:\/\/yoast.com\/product\/yoast-seo-wordpress\/ -->\n<title>Poklon poenostavljenemu \u017eivljenju | Life Simplified<\/title>\n<meta name=\"robots\" content=\"index, follow, max-snippet:-1, max-image-preview:large, max-video-preview:-1\" \/>\n<link rel=\"canonical\" href=\"https:\/\/lifesimplified.gorenje.com\/sl\/story-of-life-simplified-with-gorenje-products\/\" \/>\n<meta property=\"og:locale\" content=\"sl_SI\" \/>\n<meta property=\"og:type\" content=\"article\" \/>\n<meta property=\"og:title\" content=\"Poklon poenostavljenemu \u017eivljenju | Life Simplified\" \/>\n<meta property=\"og:description\" content=\"Na\u0161a strast je odpravljanje zapletenosti v \u017eivljenju, da se lahko veselimo brezskrbnih trenutkov, ki so pristni in nam nekaj pomenijo. Ustvarjamo jih ljubitelji preprostosti, s prispevanjem kreativnih zamisli, navdihujo\u010dih idej ter re\u0161itev, da bi tako postali najbolj\u0161i naslov za vse vas, ki si \u017eelite oblikovati \u017eivljenje po svoje. Poenostavite \u017eivljenje. U\u017eivajte na polno.\" \/>\n<meta property=\"og:url\" content=\"https:\/\/lifesimplified.gorenje.com\/sl\/story-of-life-simplified-with-gorenje-products\/\" \/>\n<meta property=\"og:site_name\" content=\"Life Simplified\" \/>\n<meta property=\"article:publisher\" content=\"https:\/\/www.facebook.com\/gorenje.SLO\/\" \/>\n<meta property=\"article:modified_time\" content=\"2019-04-04T09:38:24+00:00\" \/>\n<meta property=\"og:image\" content=\"https:\/\/lifesimplified.gorenje.com\/wp-content\/uploads\/2019\/04\/gorenje_life_simplified_smartflex_motherdaughter_making_bubbles.jpg\" \/>\n\t<meta property=\"og:image:width\" content=\"1800\" \/>\n\t<meta property=\"og:image:height\" content=\"1200\" \/>\n\t<meta property=\"og:image:type\" content=\"image\/jpeg\" \/>\n<meta name=\"twitter:card\" content=\"summary_large_image\" \/>\n<script type=\"application\/ld+json\" class=\"yoast-schema-graph\">{\"@context\":\"https:\/\/schema.org\",\"@graph\":[{\"@type\":\"WebPage\",\"@id\":\"https:\/\/lifesimplified.gorenje.com\/sl\/story-of-life-simplified-with-gorenje-products\/\",\"url\":\"https:\/\/lifesimplified.gorenje.com\/sl\/story-of-life-simplified-with-gorenje-products\/\",\"name\":\"Poklon poenostavljenemu \u017eivljenju | Life Simplified\",\"isPartOf\":{\"@id\":\"https:\/\/lifesimplified.gorenje.com\/sl\/#website\"},\"primaryImageOfPage\":{\"@id\":\"https:\/\/lifesimplified.gorenje.com\/sl\/story-of-life-simplified-with-gorenje-products\/#primaryimage\"},\"image\":{\"@id\":\"https:\/\/lifesimplified.gorenje.com\/sl\/story-of-life-simplified-with-gorenje-products\/#primaryimage\"},\"thumbnailUrl\":\"https:\/\/lifesimplified.gorenje.com\/wp-content\/uploads\/2019\/04\/gorenje_life_simplified_smartflex_motherdaughter_making_bubbles.jpg\",\"datePublished\":\"2018-09-20T16:32:05+00:00\",\"dateModified\":\"2019-04-04T09:38:24+00:00\",\"breadcrumb\":{\"@id\":\"https:\/\/lifesimplified.gorenje.com\/sl\/story-of-life-simplified-with-gorenje-products\/#breadcrumb\"},\"inLanguage\":\"sl-SI\",\"potentialAction\":[{\"@type\":\"ReadAction\",\"target\":[\"https:\/\/lifesimplified.gorenje.com\/sl\/story-of-life-simplified-with-gorenje-products\/\"]}]},{\"@type\":\"ImageObject\",\"inLanguage\":\"sl-SI\",\"@id\":\"https:\/\/lifesimplified.gorenje.com\/sl\/story-of-life-simplified-with-gorenje-products\/#primaryimage\",\"url\":\"https:\/\/lifesimplified.gorenje.com\/wp-content\/uploads\/2019\/04\/gorenje_life_simplified_smartflex_motherdaughter_making_bubbles.jpg\",\"contentUrl\":\"https:\/\/lifesimplified.gorenje.com\/wp-content\/uploads\/2019\/04\/gorenje_life_simplified_smartflex_motherdaughter_making_bubbles.jpg\",\"width\":1800,\"height\":1200},{\"@type\":\"BreadcrumbList\",\"@id\":\"https:\/\/lifesimplified.gorenje.com\/sl\/story-of-life-simplified-with-gorenje-products\/#breadcrumb\",\"itemListElement\":[{\"@type\":\"ListItem\",\"position\":1,\"name\":\"Home\",\"item\":\"https:\/\/lifesimplified.gorenje.com\/sl\/home\/\"},{\"@type\":\"ListItem\",\"position\":2,\"name\":\"Poklon poenostavljenemu \u017eivljenju\"}]},{\"@type\":\"WebSite\",\"@id\":\"https:\/\/lifesimplified.gorenje.com\/sl\/#website\",\"url\":\"https:\/\/lifesimplified.gorenje.com\/sl\/\",\"name\":\"Life Simplified\",\"description\":\"Life Simplified\",\"publisher\":{\"@id\":\"https:\/\/lifesimplified.gorenje.com\/sl\/#organization\"},\"potentialAction\":[{\"@type\":\"SearchAction\",\"target\":{\"@type\":\"EntryPoint\",\"urlTemplate\":\"https:\/\/lifesimplified.gorenje.com\/sl\/?s={search_term_string}\"},\"query-input\":{\"@type\":\"PropertyValueSpecification\",\"valueRequired\":true,\"valueName\":\"search_term_string\"}}],\"inLanguage\":\"sl-SI\"},{\"@type\":\"Organization\",\"@id\":\"https:\/\/lifesimplified.gorenje.com\/sl\/#organization\",\"name\":\"Gorenje\",\"url\":\"https:\/\/lifesimplified.gorenje.com\/sl\/\",\"logo\":{\"@type\":\"ImageObject\",\"inLanguage\":\"sl-SI\",\"@id\":\"https:\/\/lifesimplified.gorenje.com\/sl\/#\/schema\/logo\/image\/\",\"url\":\"https:\/\/lifesimplified.gorenje.com\/wp-content\/uploads\/2019\/12\/gorenje-life-simplified-blog-life-simplified-logo.jpg\",\"contentUrl\":\"https:\/\/lifesimplified.gorenje.com\/wp-content\/uploads\/2019\/12\/gorenje-life-simplified-blog-life-simplified-logo.jpg\",\"width\":2169,\"height\":1223,\"caption\":\"Gorenje\"},\"image\":{\"@id\":\"https:\/\/lifesimplified.gorenje.com\/sl\/#\/schema\/logo\/image\/\"},\"sameAs\":[\"https:\/\/www.facebook.com\/gorenje.SLO\/\",\"https:\/\/www.instagram.com\/gorenje_slovenija\/\",\"https:\/\/www.youtube.com\/user\/gorenjesi\"]}]}<\/script>\n<!-- \/ Yoast SEO plugin. -->","yoast_head_json":{"title":"Poklon poenostavljenemu \u017eivljenju | Life Simplified","robots":{"index":"index","follow":"follow","max-snippet":"max-snippet:-1","max-image-preview":"max-image-preview:large","max-video-preview":"max-video-preview:-1"},"canonical":"https:\/\/lifesimplified.gorenje.com\/sl\/story-of-life-simplified-with-gorenje-products\/","og_locale":"sl_SI","og_type":"article","og_title":"Poklon poenostavljenemu \u017eivljenju | Life Simplified","og_description":"Na\u0161a strast je odpravljanje zapletenosti v \u017eivljenju, da se lahko veselimo brezskrbnih trenutkov, ki so pristni in nam nekaj pomenijo. Ustvarjamo jih ljubitelji preprostosti, s prispevanjem kreativnih zamisli, navdihujo\u010dih idej ter re\u0161itev, da bi tako postali najbolj\u0161i naslov za vse vas, ki si \u017eelite oblikovati \u017eivljenje po svoje. Poenostavite \u017eivljenje. U\u017eivajte na polno.","og_url":"https:\/\/lifesimplified.gorenje.com\/sl\/story-of-life-simplified-with-gorenje-products\/","og_site_name":"Life Simplified","article_publisher":"https:\/\/www.facebook.com\/gorenje.SLO\/","article_modified_time":"2019-04-04T09:38:24+00:00","og_image":[{"width":1800,"height":1200,"url":"https:\/\/lifesimplified.gorenje.com\/wp-content\/uploads\/2019\/04\/gorenje_life_simplified_smartflex_motherdaughter_making_bubbles.jpg","type":"image\/jpeg"}],"twitter_card":"summary_large_image","schema":{"@context":"https:\/\/schema.org","@graph":[{"@type":"WebPage","@id":"https:\/\/lifesimplified.gorenje.com\/sl\/story-of-life-simplified-with-gorenje-products\/","url":"https:\/\/lifesimplified.gorenje.com\/sl\/story-of-life-simplified-with-gorenje-products\/","name":"Poklon poenostavljenemu \u017eivljenju | Life Simplified","isPartOf":{"@id":"https:\/\/lifesimplified.gorenje.com\/sl\/#website"},"primaryImageOfPage":{"@id":"https:\/\/lifesimplified.gorenje.com\/sl\/story-of-life-simplified-with-gorenje-products\/#primaryimage"},"image":{"@id":"https:\/\/lifesimplified.gorenje.com\/sl\/story-of-life-simplified-with-gorenje-products\/#primaryimage"},"thumbnailUrl":"https:\/\/lifesimplified.gorenje.com\/wp-content\/uploads\/2019\/04\/gorenje_life_simplified_smartflex_motherdaughter_making_bubbles.jpg","datePublished":"2018-09-20T16:32:05+00:00","dateModified":"2019-04-04T09:38:24+00:00","breadcrumb":{"@id":"https:\/\/lifesimplified.gorenje.com\/sl\/story-of-life-simplified-with-gorenje-products\/#breadcrumb"},"inLanguage":"sl-SI","potentialAction":[{"@type":"ReadAction","target":["https:\/\/lifesimplified.gorenje.com\/sl\/story-of-life-simplified-with-gorenje-products\/"]}]},{"@type":"ImageObject","inLanguage":"sl-SI","@id":"https:\/\/lifesimplified.gorenje.com\/sl\/story-of-life-simplified-with-gorenje-products\/#primaryimage","url":"https:\/\/lifesimplified.gorenje.com\/wp-content\/uploads\/2019\/04\/gorenje_life_simplified_smartflex_motherdaughter_making_bubbles.jpg","contentUrl":"https:\/\/lifesimplified.gorenje.com\/wp-content\/uploads\/2019\/04\/gorenje_life_simplified_smartflex_motherdaughter_making_bubbles.jpg","width":1800,"height":1200},{"@type":"BreadcrumbList","@id":"https:\/\/lifesimplified.gorenje.com\/sl\/story-of-life-simplified-with-gorenje-products\/#breadcrumb","itemListElement":[{"@type":"ListItem","position":1,"name":"Home","item":"https:\/\/lifesimplified.gorenje.com\/sl\/home\/"},{"@type":"ListItem","position":2,"name":"Poklon poenostavljenemu \u017eivljenju"}]},{"@type":"WebSite","@id":"https:\/\/lifesimplified.gorenje.com\/sl\/#website","url":"https:\/\/lifesimplified.gorenje.com\/sl\/","name":"Life Simplified","description":"Life Simplified","publisher":{"@id":"https:\/\/lifesimplified.gorenje.com\/sl\/#organization"},"potentialAction":[{"@type":"SearchAction","target":{"@type":"EntryPoint","urlTemplate":"https:\/\/lifesimplified.gorenje.com\/sl\/?s={search_term_string}"},"query-input":{"@type":"PropertyValueSpecification","valueRequired":true,"valueName":"search_term_string"}}],"inLanguage":"sl-SI"},{"@type":"Organization","@id":"https:\/\/lifesimplified.gorenje.com\/sl\/#organization","name":"Gorenje","url":"https:\/\/lifesimplified.gorenje.com\/sl\/","logo":{"@type":"ImageObject","inLanguage":"sl-SI","@id":"https:\/\/lifesimplified.gorenje.com\/sl\/#\/schema\/logo\/image\/","url":"https:\/\/lifesimplified.gorenje.com\/wp-content\/uploads\/2019\/12\/gorenje-life-simplified-blog-life-simplified-logo.jpg","contentUrl":"https:\/\/lifesimplified.gorenje.com\/wp-content\/uploads\/2019\/12\/gorenje-life-simplified-blog-life-simplified-logo.jpg","width":2169,"height":1223,"caption":"Gorenje"},"image":{"@id":"https:\/\/lifesimplified.gorenje.com\/sl\/#\/schema\/logo\/image\/"},"sameAs":["https:\/\/www.facebook.com\/gorenje.SLO\/","https:\/\/www.instagram.com\/gorenje_slovenija\/","https:\/\/www.youtube.com\/user\/gorenjesi"]}]}},"_links":{"self":[{"href":"https:\/\/lifesimplified.gorenje.com\/sl\/wp-json\/wp\/v2\/pages\/78","targetHints":{"allow":["GET"]}}],"collection":[{"href":"https:\/\/lifesimplified.gorenje.com\/sl\/wp-json\/wp\/v2\/pages"}],"about":[{"href":"https:\/\/lifesimplified.gorenje.com\/sl\/wp-json\/wp\/v2\/types\/page"}],"author":[{"embeddable":true,"href":"https:\/\/lifesimplified.gorenje.com\/sl\/wp-json\/wp\/v2\/users\/1"}],"replies":[{"embeddable":true,"href":"https:\/\/lifesimplified.gorenje.com\/sl\/wp-json\/wp\/v2\/comments?post=78"}],"version-history":[{"count":4,"href":"https:\/\/lifesimplified.gorenje.com\/sl\/wp-json\/wp\/v2\/pages\/78\/revisions"}],"predecessor-version":[{"id":908,"href":"https:\/\/lifesimplified.gorenje.com\/sl\/wp-json\/wp\/v2\/pages\/78\/revisions\/908"}],"wp:featuredmedia":[{"embeddable":true,"href":"https:\/\/lifesimplified.gorenje.com\/sl\/wp-json\/wp\/v2\/media\/1368"}],"wp:attachment":[{"href":"https:\/\/lifesimplified.gorenje.com\/sl\/wp-json\/wp\/v2\/media?parent=78"}],"curies":[{"name":"wp","href":"https:\/\/api.w.org\/{rel}","templated":true}]}}