{"id":625,"date":"2018-10-11T07:54:17","date_gmt":"2018-10-11T07:54:17","guid":{"rendered":"https:\/\/lifesimplified.gorenje.com\/?page_id=625"},"modified":"2018-10-11T07:54:17","modified_gmt":"2018-10-11T07:54:17","slug":"varovanje-osebnih-podatkov","status":"publish","type":"page","link":"https:\/\/lifesimplified.gorenje.com\/sl\/varovanje-osebnih-podatkov\/","title":{"rendered":"Varovanje osebnih podatkov"},"content":{"rendered":"<p>Gorenje, d.d. se zavezuje k varovanju zaupnosti, dostopnosti in celovitosti osebnih podatkov uporabnikov spletnega mesta. Zbrane osebne podatke, bo dru\u017eba Gorenje, d.d. zbirala in obdelovala skladno z dolo\u010denim namenom in okvirom obdelave, podatke pa ustrezno fizi\u010dno in logi\u010dno varovala. Osebne podatke, ki jih posamezniki posredujejo na podlagi osebnega soglasja, dru\u017eba Gorenje, d.d. obdeluje do posameznikovega podanega nedvoumnega preklica dovoljenja uporabe.<\/p>\n<p>Zbrani podatki se ne prena\u0161ajo v tretje dr\u017eave ali druge organizacije.<\/p>\n<p>Dostope do podatkov dru\u017eba Gorenje, d.d. omogo\u010da in odobri le poobla\u0161\u010denim zaposlenim osebam dru\u017ebe Gorenje, d.d.<\/p>\n<p>Dru\u017eba Gorenje, d.d. zbranih osebnih podatkov ne uporablja za izvajanje avtomatiziranega odlo\u010danja ali profiliranja posameznikov.<\/p>\n<p>V primeru morebitnih vpra\u0161anj glede uporabe in obdelave osebnih podatkov se obrnite na <a href=\"mailto:gdpr@gorenje.com\">gdpr@gorenje.com<\/a>.<\/p>\n<p>Kr\u0161itve upravljanja in obdelav osebnih podatkov na podro\u010dju Republike Slovenije obravnava informacijski poobla\u0161\u010denec Republike Slovenije:<\/p>\n<p>Republika Slovenija<br \/>\nInformacijski poobla\u0161\u010denec<br \/>\nZalo\u0161ka 59<br \/>\n1000 Ljubljana<\/p>\n<p>Telefon: 01 230 97 30<br \/>\nFaks: 01 230 97 78<br \/>\nE-po\u0161ta: gp.ip@ip-rs.si<\/p>\n<p>Predstojnik: Mojca Prelesnik, univ. dipl. prav., informacijska poobla\u0161\u010denka<\/p>\n","protected":false},"excerpt":{"rendered":"<p>Gorenje, d.d. se zavezuje k varovanju zaupnosti, dostopnosti in celovitosti osebnih podatkov uporabnikov spletnega mesta. Zbrane osebne podatke, bo dru\u017eba Gorenje, d.d. zbirala in obdelovala skladno z dolo\u010denim namenom in okvirom obdelave, podatke pa ustrezno fizi\u010dno in logi\u010dno varovala. Osebne podatke, ki jih posamezniki posredujejo na podlagi osebnega soglasja, dru\u017eba Gorenje, d.d. obdeluje do posameznikovega&#8230;<\/p>\n","protected":false},"author":1,"featured_media":0,"parent":0,"menu_order":0,"comment_status":"closed","ping_status":"closed","template":"","meta":{"footnotes":""},"class_list":["post-625","page","type-page","status-publish","hentry"],"yoast_head":"<!-- This site is optimized with the Yoast SEO plugin v27.1.1 - https:\/\/yoast.com\/product\/yoast-seo-wordpress\/ -->\n<title>Varovanje osebnih podatkov | Life Simplified<\/title>\n<meta name=\"robots\" content=\"index, follow, max-snippet:-1, max-image-preview:large, max-video-preview:-1\" \/>\n<link rel=\"canonical\" href=\"https:\/\/lifesimplified.gorenje.com\/sl\/varovanje-osebnih-podatkov\/\" \/>\n<meta property=\"og:locale\" content=\"sl_SI\" \/>\n<meta property=\"og:type\" content=\"article\" \/>\n<meta property=\"og:title\" content=\"Varovanje osebnih podatkov | Life Simplified\" \/>\n<meta property=\"og:description\" content=\"Gorenje, d.d. se zavezuje k varovanju zaupnosti, dostopnosti in celovitosti osebnih podatkov uporabnikov spletnega mesta. Zbrane osebne podatke, bo dru\u017eba Gorenje, d.d. zbirala in obdelovala skladno z dolo\u010denim namenom in okvirom obdelave, podatke pa ustrezno fizi\u010dno in logi\u010dno varovala. Osebne podatke, ki jih posamezniki posredujejo na podlagi osebnega soglasja, dru\u017eba Gorenje, d.d. obdeluje do posameznikovega...\" \/>\n<meta property=\"og:url\" content=\"https:\/\/lifesimplified.gorenje.com\/sl\/varovanje-osebnih-podatkov\/\" \/>\n<meta property=\"og:site_name\" content=\"Life Simplified\" \/>\n<meta property=\"article:publisher\" content=\"https:\/\/www.facebook.com\/gorenje.SLO\/\" \/>\n<meta property=\"og:image\" content=\"https:\/\/lifesimplified.gorenje.com\/wp-content\/uploads\/2019\/12\/gorenje-life-simplified-blog-life-simplified-logo.jpg\" \/>\n\t<meta property=\"og:image:width\" content=\"2169\" \/>\n\t<meta property=\"og:image:height\" content=\"1223\" \/>\n\t<meta property=\"og:image:type\" content=\"image\/jpeg\" \/>\n<meta name=\"twitter:card\" content=\"summary_large_image\" \/>\n<meta name=\"twitter:label1\" content=\"Est. reading time\" \/>\n\t<meta name=\"twitter:data1\" content=\"1 minuta\" \/>\n<script type=\"application\/ld+json\" class=\"yoast-schema-graph\">{\"@context\":\"https:\/\/schema.org\",\"@graph\":[{\"@type\":\"WebPage\",\"@id\":\"https:\/\/lifesimplified.gorenje.com\/sl\/varovanje-osebnih-podatkov\/\",\"url\":\"https:\/\/lifesimplified.gorenje.com\/sl\/varovanje-osebnih-podatkov\/\",\"name\":\"Varovanje osebnih podatkov | Life Simplified\",\"isPartOf\":{\"@id\":\"https:\/\/lifesimplified.gorenje.com\/sl\/#website\"},\"datePublished\":\"2018-10-11T07:54:17+00:00\",\"breadcrumb\":{\"@id\":\"https:\/\/lifesimplified.gorenje.com\/sl\/varovanje-osebnih-podatkov\/#breadcrumb\"},\"inLanguage\":\"sl-SI\",\"potentialAction\":[{\"@type\":\"ReadAction\",\"target\":[\"https:\/\/lifesimplified.gorenje.com\/sl\/varovanje-osebnih-podatkov\/\"]}]},{\"@type\":\"BreadcrumbList\",\"@id\":\"https:\/\/lifesimplified.gorenje.com\/sl\/varovanje-osebnih-podatkov\/#breadcrumb\",\"itemListElement\":[{\"@type\":\"ListItem\",\"position\":1,\"name\":\"Home\",\"item\":\"https:\/\/lifesimplified.gorenje.com\/sl\/home\/\"},{\"@type\":\"ListItem\",\"position\":2,\"name\":\"Varovanje osebnih podatkov\"}]},{\"@type\":\"WebSite\",\"@id\":\"https:\/\/lifesimplified.gorenje.com\/sl\/#website\",\"url\":\"https:\/\/lifesimplified.gorenje.com\/sl\/\",\"name\":\"Life Simplified\",\"description\":\"Life Simplified\",\"publisher\":{\"@id\":\"https:\/\/lifesimplified.gorenje.com\/sl\/#organization\"},\"potentialAction\":[{\"@type\":\"SearchAction\",\"target\":{\"@type\":\"EntryPoint\",\"urlTemplate\":\"https:\/\/lifesimplified.gorenje.com\/sl\/?s={search_term_string}\"},\"query-input\":{\"@type\":\"PropertyValueSpecification\",\"valueRequired\":true,\"valueName\":\"search_term_string\"}}],\"inLanguage\":\"sl-SI\"},{\"@type\":\"Organization\",\"@id\":\"https:\/\/lifesimplified.gorenje.com\/sl\/#organization\",\"name\":\"Gorenje\",\"url\":\"https:\/\/lifesimplified.gorenje.com\/sl\/\",\"logo\":{\"@type\":\"ImageObject\",\"inLanguage\":\"sl-SI\",\"@id\":\"https:\/\/lifesimplified.gorenje.com\/sl\/#\/schema\/logo\/image\/\",\"url\":\"https:\/\/lifesimplified.gorenje.com\/wp-content\/uploads\/2019\/12\/gorenje-life-simplified-blog-life-simplified-logo.jpg\",\"contentUrl\":\"https:\/\/lifesimplified.gorenje.com\/wp-content\/uploads\/2019\/12\/gorenje-life-simplified-blog-life-simplified-logo.jpg\",\"width\":2169,\"height\":1223,\"caption\":\"Gorenje\"},\"image\":{\"@id\":\"https:\/\/lifesimplified.gorenje.com\/sl\/#\/schema\/logo\/image\/\"},\"sameAs\":[\"https:\/\/www.facebook.com\/gorenje.SLO\/\",\"https:\/\/www.instagram.com\/gorenje_slovenija\/\",\"https:\/\/www.youtube.com\/user\/gorenjesi\"]}]}<\/script>\n<!-- \/ Yoast SEO plugin. -->","yoast_head_json":{"title":"Varovanje osebnih podatkov | Life Simplified","robots":{"index":"index","follow":"follow","max-snippet":"max-snippet:-1","max-image-preview":"max-image-preview:large","max-video-preview":"max-video-preview:-1"},"canonical":"https:\/\/lifesimplified.gorenje.com\/sl\/varovanje-osebnih-podatkov\/","og_locale":"sl_SI","og_type":"article","og_title":"Varovanje osebnih podatkov | Life Simplified","og_description":"Gorenje, d.d. se zavezuje k varovanju zaupnosti, dostopnosti in celovitosti osebnih podatkov uporabnikov spletnega mesta. Zbrane osebne podatke, bo dru\u017eba Gorenje, d.d. zbirala in obdelovala skladno z dolo\u010denim namenom in okvirom obdelave, podatke pa ustrezno fizi\u010dno in logi\u010dno varovala. Osebne podatke, ki jih posamezniki posredujejo na podlagi osebnega soglasja, dru\u017eba Gorenje, d.d. obdeluje do posameznikovega...","og_url":"https:\/\/lifesimplified.gorenje.com\/sl\/varovanje-osebnih-podatkov\/","og_site_name":"Life Simplified","article_publisher":"https:\/\/www.facebook.com\/gorenje.SLO\/","og_image":[{"width":2169,"height":1223,"url":"https:\/\/lifesimplified.gorenje.com\/wp-content\/uploads\/2019\/12\/gorenje-life-simplified-blog-life-simplified-logo.jpg","type":"image\/jpeg"}],"twitter_card":"summary_large_image","twitter_misc":{"Est. reading time":"1 minuta"},"schema":{"@context":"https:\/\/schema.org","@graph":[{"@type":"WebPage","@id":"https:\/\/lifesimplified.gorenje.com\/sl\/varovanje-osebnih-podatkov\/","url":"https:\/\/lifesimplified.gorenje.com\/sl\/varovanje-osebnih-podatkov\/","name":"Varovanje osebnih podatkov | Life Simplified","isPartOf":{"@id":"https:\/\/lifesimplified.gorenje.com\/sl\/#website"},"datePublished":"2018-10-11T07:54:17+00:00","breadcrumb":{"@id":"https:\/\/lifesimplified.gorenje.com\/sl\/varovanje-osebnih-podatkov\/#breadcrumb"},"inLanguage":"sl-SI","potentialAction":[{"@type":"ReadAction","target":["https:\/\/lifesimplified.gorenje.com\/sl\/varovanje-osebnih-podatkov\/"]}]},{"@type":"BreadcrumbList","@id":"https:\/\/lifesimplified.gorenje.com\/sl\/varovanje-osebnih-podatkov\/#breadcrumb","itemListElement":[{"@type":"ListItem","position":1,"name":"Home","item":"https:\/\/lifesimplified.gorenje.com\/sl\/home\/"},{"@type":"ListItem","position":2,"name":"Varovanje osebnih podatkov"}]},{"@type":"WebSite","@id":"https:\/\/lifesimplified.gorenje.com\/sl\/#website","url":"https:\/\/lifesimplified.gorenje.com\/sl\/","name":"Life Simplified","description":"Life Simplified","publisher":{"@id":"https:\/\/lifesimplified.gorenje.com\/sl\/#organization"},"potentialAction":[{"@type":"SearchAction","target":{"@type":"EntryPoint","urlTemplate":"https:\/\/lifesimplified.gorenje.com\/sl\/?s={search_term_string}"},"query-input":{"@type":"PropertyValueSpecification","valueRequired":true,"valueName":"search_term_string"}}],"inLanguage":"sl-SI"},{"@type":"Organization","@id":"https:\/\/lifesimplified.gorenje.com\/sl\/#organization","name":"Gorenje","url":"https:\/\/lifesimplified.gorenje.com\/sl\/","logo":{"@type":"ImageObject","inLanguage":"sl-SI","@id":"https:\/\/lifesimplified.gorenje.com\/sl\/#\/schema\/logo\/image\/","url":"https:\/\/lifesimplified.gorenje.com\/wp-content\/uploads\/2019\/12\/gorenje-life-simplified-blog-life-simplified-logo.jpg","contentUrl":"https:\/\/lifesimplified.gorenje.com\/wp-content\/uploads\/2019\/12\/gorenje-life-simplified-blog-life-simplified-logo.jpg","width":2169,"height":1223,"caption":"Gorenje"},"image":{"@id":"https:\/\/lifesimplified.gorenje.com\/sl\/#\/schema\/logo\/image\/"},"sameAs":["https:\/\/www.facebook.com\/gorenje.SLO\/","https:\/\/www.instagram.com\/gorenje_slovenija\/","https:\/\/www.youtube.com\/user\/gorenjesi"]}]}},"_links":{"self":[{"href":"https:\/\/lifesimplified.gorenje.com\/sl\/wp-json\/wp\/v2\/pages\/625","targetHints":{"allow":["GET"]}}],"collection":[{"href":"https:\/\/lifesimplified.gorenje.com\/sl\/wp-json\/wp\/v2\/pages"}],"about":[{"href":"https:\/\/lifesimplified.gorenje.com\/sl\/wp-json\/wp\/v2\/types\/page"}],"author":[{"embeddable":true,"href":"https:\/\/lifesimplified.gorenje.com\/sl\/wp-json\/wp\/v2\/users\/1"}],"replies":[{"embeddable":true,"href":"https:\/\/lifesimplified.gorenje.com\/sl\/wp-json\/wp\/v2\/comments?post=625"}],"version-history":[{"count":1,"href":"https:\/\/lifesimplified.gorenje.com\/sl\/wp-json\/wp\/v2\/pages\/625\/revisions"}],"predecessor-version":[{"id":626,"href":"https:\/\/lifesimplified.gorenje.com\/sl\/wp-json\/wp\/v2\/pages\/625\/revisions\/626"}],"wp:attachment":[{"href":"https:\/\/lifesimplified.gorenje.com\/sl\/wp-json\/wp\/v2\/media?parent=625"}],"curies":[{"name":"wp","href":"https:\/\/api.w.org\/{rel}","templated":true}]}}