{"id":1377,"date":"2018-11-04T18:51:54","date_gmt":"2018-11-04T18:51:54","guid":{"rendered":"https:\/\/lifesimplified.gorenje.com\/about-life-simplified-blog\/"},"modified":"2019-04-04T14:59:16","modified_gmt":"2019-04-04T14:59:16","slug":"about-life-simplified-blog","status":"publish","type":"page","link":"https:\/\/lifesimplified.gorenje.com\/sl\/about-life-simplified-blog\/","title":{"rendered":"Life simplified blog"},"content":{"rendered":"<p>Gorenje je ve\u010d kot le gospodinjski aparati. Kot blagovna znamka \u017eivimo v osr\u010dju doma in vsakdanjega \u017eivljenja. Zato je na\u0161e poslanstvo poenostavljati opravila, da bi va\u0161e \u017eivljenje bilo manj zapleteno in prijetnej\u0161e. Verjamemo, da mora vsaka inovacija, ki prihaja iz Gorenja poenostaviti \u017eivljenje ob pomembnih \u017eivljenjskih mejnikih kot tudi v drobnih trenutkih slehernega dne.<\/p>\n<p>Blog Life Simplified prina\u0161a nasvete, recepte in navdih za notranjo opremo vsem, ki si \u017eelijo poenostaviti svoje \u017eivljenje. \u010ce i\u0161\u010dete na\u010dine, kako bi v svojem dnevu na\u0161li ve\u010d \u010dasa zase in za svoje najbli\u017eje, ste na pravem mestu. Zavedamo se, da je manj pogosto ve\u010d, vendar nismo zagovorniki strogega minimalizma. Namesto tega v \u017eivljenju raje lovimo ravnote\u017eje in i\u0161\u010demo tiste majhne spremembe, ki prina\u0161ajo najve\u010dji u\u010dinek: okusno ve\u010derjo, sve\u017ee zlikano srajco, udoben dom in sre\u010dno dru\u017eino.<\/p>\n<p><strong>Poenostavite \u017eivljenje. U\u017eivajte na polno.<\/strong><\/p>\n","protected":false},"excerpt":{"rendered":"<p>Gorenje je ve\u010d kot le gospodinjski aparati. Kot blagovna znamka \u017eivimo v osr\u010dju doma in vsakdanjega \u017eivljenja. Zato je na\u0161e poslanstvo poenostavljati opravila, da bi va\u0161e \u017eivljenje bilo manj zapleteno in prijetnej\u0161e. Verjamemo, da mora vsaka inovacija, ki prihaja iz Gorenja poenostaviti \u017eivljenje ob pomembnih \u017eivljenjskih mejnikih kot tudi v drobnih trenutkih slehernega dne. Blog&#8230;<\/p>\n","protected":false},"author":1,"featured_media":0,"parent":0,"menu_order":0,"comment_status":"closed","ping_status":"closed","template":"","meta":{"footnotes":""},"class_list":["post-1377","page","type-page","status-publish","hentry"],"yoast_head":"<!-- This site is optimized with the Yoast SEO plugin v27.1.1 - https:\/\/yoast.com\/product\/yoast-seo-wordpress\/ -->\n<title>Life simplified blog | Life Simplified<\/title>\n<meta name=\"robots\" content=\"index, follow, max-snippet:-1, max-image-preview:large, max-video-preview:-1\" \/>\n<link rel=\"canonical\" href=\"https:\/\/lifesimplified.gorenje.com\/sl\/about-life-simplified-blog\/\" \/>\n<meta property=\"og:locale\" content=\"sl_SI\" \/>\n<meta property=\"og:type\" content=\"article\" \/>\n<meta property=\"og:title\" content=\"Life simplified blog | Life Simplified\" \/>\n<meta property=\"og:description\" content=\"Gorenje je ve\u010d kot le gospodinjski aparati. Kot blagovna znamka \u017eivimo v osr\u010dju doma in vsakdanjega \u017eivljenja. Zato je na\u0161e poslanstvo poenostavljati opravila, da bi va\u0161e \u017eivljenje bilo manj zapleteno in prijetnej\u0161e. Verjamemo, da mora vsaka inovacija, ki prihaja iz Gorenja poenostaviti \u017eivljenje ob pomembnih \u017eivljenjskih mejnikih kot tudi v drobnih trenutkih slehernega dne. Blog...\" \/>\n<meta property=\"og:url\" content=\"https:\/\/lifesimplified.gorenje.com\/sl\/about-life-simplified-blog\/\" \/>\n<meta property=\"og:site_name\" content=\"Life Simplified\" \/>\n<meta property=\"article:publisher\" content=\"https:\/\/www.facebook.com\/gorenje.SLO\/\" \/>\n<meta property=\"article:modified_time\" content=\"2019-04-04T14:59:16+00:00\" \/>\n<meta property=\"og:image\" content=\"https:\/\/lifesimplified.gorenje.com\/wp-content\/uploads\/2019\/12\/gorenje-life-simplified-blog-life-simplified-logo.jpg\" \/>\n\t<meta property=\"og:image:width\" content=\"2169\" \/>\n\t<meta property=\"og:image:height\" content=\"1223\" \/>\n\t<meta property=\"og:image:type\" content=\"image\/jpeg\" \/>\n<meta name=\"twitter:card\" content=\"summary_large_image\" \/>\n<meta name=\"twitter:label1\" content=\"Est. reading time\" \/>\n\t<meta name=\"twitter:data1\" content=\"1 minuta\" \/>\n<script type=\"application\/ld+json\" class=\"yoast-schema-graph\">{\"@context\":\"https:\/\/schema.org\",\"@graph\":[{\"@type\":\"WebPage\",\"@id\":\"https:\/\/lifesimplified.gorenje.com\/sl\/about-life-simplified-blog\/\",\"url\":\"https:\/\/lifesimplified.gorenje.com\/sl\/about-life-simplified-blog\/\",\"name\":\"Life simplified blog | Life Simplified\",\"isPartOf\":{\"@id\":\"https:\/\/lifesimplified.gorenje.com\/sl\/#website\"},\"datePublished\":\"2018-11-04T18:51:54+00:00\",\"dateModified\":\"2019-04-04T14:59:16+00:00\",\"breadcrumb\":{\"@id\":\"https:\/\/lifesimplified.gorenje.com\/sl\/about-life-simplified-blog\/#breadcrumb\"},\"inLanguage\":\"sl-SI\",\"potentialAction\":[{\"@type\":\"ReadAction\",\"target\":[\"https:\/\/lifesimplified.gorenje.com\/sl\/about-life-simplified-blog\/\"]}]},{\"@type\":\"BreadcrumbList\",\"@id\":\"https:\/\/lifesimplified.gorenje.com\/sl\/about-life-simplified-blog\/#breadcrumb\",\"itemListElement\":[{\"@type\":\"ListItem\",\"position\":1,\"name\":\"Home\",\"item\":\"https:\/\/lifesimplified.gorenje.com\/sl\/home\/\"},{\"@type\":\"ListItem\",\"position\":2,\"name\":\"Life simplified blog\"}]},{\"@type\":\"WebSite\",\"@id\":\"https:\/\/lifesimplified.gorenje.com\/sl\/#website\",\"url\":\"https:\/\/lifesimplified.gorenje.com\/sl\/\",\"name\":\"Life Simplified\",\"description\":\"Life Simplified\",\"publisher\":{\"@id\":\"https:\/\/lifesimplified.gorenje.com\/sl\/#organization\"},\"potentialAction\":[{\"@type\":\"SearchAction\",\"target\":{\"@type\":\"EntryPoint\",\"urlTemplate\":\"https:\/\/lifesimplified.gorenje.com\/sl\/?s={search_term_string}\"},\"query-input\":{\"@type\":\"PropertyValueSpecification\",\"valueRequired\":true,\"valueName\":\"search_term_string\"}}],\"inLanguage\":\"sl-SI\"},{\"@type\":\"Organization\",\"@id\":\"https:\/\/lifesimplified.gorenje.com\/sl\/#organization\",\"name\":\"Gorenje\",\"url\":\"https:\/\/lifesimplified.gorenje.com\/sl\/\",\"logo\":{\"@type\":\"ImageObject\",\"inLanguage\":\"sl-SI\",\"@id\":\"https:\/\/lifesimplified.gorenje.com\/sl\/#\/schema\/logo\/image\/\",\"url\":\"https:\/\/lifesimplified.gorenje.com\/wp-content\/uploads\/2019\/12\/gorenje-life-simplified-blog-life-simplified-logo.jpg\",\"contentUrl\":\"https:\/\/lifesimplified.gorenje.com\/wp-content\/uploads\/2019\/12\/gorenje-life-simplified-blog-life-simplified-logo.jpg\",\"width\":2169,\"height\":1223,\"caption\":\"Gorenje\"},\"image\":{\"@id\":\"https:\/\/lifesimplified.gorenje.com\/sl\/#\/schema\/logo\/image\/\"},\"sameAs\":[\"https:\/\/www.facebook.com\/gorenje.SLO\/\",\"https:\/\/www.instagram.com\/gorenje_slovenija\/\",\"https:\/\/www.youtube.com\/user\/gorenjesi\"]}]}<\/script>\n<!-- \/ Yoast SEO plugin. -->","yoast_head_json":{"title":"Life simplified blog | Life Simplified","robots":{"index":"index","follow":"follow","max-snippet":"max-snippet:-1","max-image-preview":"max-image-preview:large","max-video-preview":"max-video-preview:-1"},"canonical":"https:\/\/lifesimplified.gorenje.com\/sl\/about-life-simplified-blog\/","og_locale":"sl_SI","og_type":"article","og_title":"Life simplified blog | Life Simplified","og_description":"Gorenje je ve\u010d kot le gospodinjski aparati. Kot blagovna znamka \u017eivimo v osr\u010dju doma in vsakdanjega \u017eivljenja. Zato je na\u0161e poslanstvo poenostavljati opravila, da bi va\u0161e \u017eivljenje bilo manj zapleteno in prijetnej\u0161e. Verjamemo, da mora vsaka inovacija, ki prihaja iz Gorenja poenostaviti \u017eivljenje ob pomembnih \u017eivljenjskih mejnikih kot tudi v drobnih trenutkih slehernega dne. Blog...","og_url":"https:\/\/lifesimplified.gorenje.com\/sl\/about-life-simplified-blog\/","og_site_name":"Life Simplified","article_publisher":"https:\/\/www.facebook.com\/gorenje.SLO\/","article_modified_time":"2019-04-04T14:59:16+00:00","og_image":[{"width":2169,"height":1223,"url":"https:\/\/lifesimplified.gorenje.com\/wp-content\/uploads\/2019\/12\/gorenje-life-simplified-blog-life-simplified-logo.jpg","type":"image\/jpeg"}],"twitter_card":"summary_large_image","twitter_misc":{"Est. reading time":"1 minuta"},"schema":{"@context":"https:\/\/schema.org","@graph":[{"@type":"WebPage","@id":"https:\/\/lifesimplified.gorenje.com\/sl\/about-life-simplified-blog\/","url":"https:\/\/lifesimplified.gorenje.com\/sl\/about-life-simplified-blog\/","name":"Life simplified blog | Life Simplified","isPartOf":{"@id":"https:\/\/lifesimplified.gorenje.com\/sl\/#website"},"datePublished":"2018-11-04T18:51:54+00:00","dateModified":"2019-04-04T14:59:16+00:00","breadcrumb":{"@id":"https:\/\/lifesimplified.gorenje.com\/sl\/about-life-simplified-blog\/#breadcrumb"},"inLanguage":"sl-SI","potentialAction":[{"@type":"ReadAction","target":["https:\/\/lifesimplified.gorenje.com\/sl\/about-life-simplified-blog\/"]}]},{"@type":"BreadcrumbList","@id":"https:\/\/lifesimplified.gorenje.com\/sl\/about-life-simplified-blog\/#breadcrumb","itemListElement":[{"@type":"ListItem","position":1,"name":"Home","item":"https:\/\/lifesimplified.gorenje.com\/sl\/home\/"},{"@type":"ListItem","position":2,"name":"Life simplified blog"}]},{"@type":"WebSite","@id":"https:\/\/lifesimplified.gorenje.com\/sl\/#website","url":"https:\/\/lifesimplified.gorenje.com\/sl\/","name":"Life Simplified","description":"Life Simplified","publisher":{"@id":"https:\/\/lifesimplified.gorenje.com\/sl\/#organization"},"potentialAction":[{"@type":"SearchAction","target":{"@type":"EntryPoint","urlTemplate":"https:\/\/lifesimplified.gorenje.com\/sl\/?s={search_term_string}"},"query-input":{"@type":"PropertyValueSpecification","valueRequired":true,"valueName":"search_term_string"}}],"inLanguage":"sl-SI"},{"@type":"Organization","@id":"https:\/\/lifesimplified.gorenje.com\/sl\/#organization","name":"Gorenje","url":"https:\/\/lifesimplified.gorenje.com\/sl\/","logo":{"@type":"ImageObject","inLanguage":"sl-SI","@id":"https:\/\/lifesimplified.gorenje.com\/sl\/#\/schema\/logo\/image\/","url":"https:\/\/lifesimplified.gorenje.com\/wp-content\/uploads\/2019\/12\/gorenje-life-simplified-blog-life-simplified-logo.jpg","contentUrl":"https:\/\/lifesimplified.gorenje.com\/wp-content\/uploads\/2019\/12\/gorenje-life-simplified-blog-life-simplified-logo.jpg","width":2169,"height":1223,"caption":"Gorenje"},"image":{"@id":"https:\/\/lifesimplified.gorenje.com\/sl\/#\/schema\/logo\/image\/"},"sameAs":["https:\/\/www.facebook.com\/gorenje.SLO\/","https:\/\/www.instagram.com\/gorenje_slovenija\/","https:\/\/www.youtube.com\/user\/gorenjesi"]}]}},"_links":{"self":[{"href":"https:\/\/lifesimplified.gorenje.com\/sl\/wp-json\/wp\/v2\/pages\/1377","targetHints":{"allow":["GET"]}}],"collection":[{"href":"https:\/\/lifesimplified.gorenje.com\/sl\/wp-json\/wp\/v2\/pages"}],"about":[{"href":"https:\/\/lifesimplified.gorenje.com\/sl\/wp-json\/wp\/v2\/types\/page"}],"author":[{"embeddable":true,"href":"https:\/\/lifesimplified.gorenje.com\/sl\/wp-json\/wp\/v2\/users\/1"}],"replies":[{"embeddable":true,"href":"https:\/\/lifesimplified.gorenje.com\/sl\/wp-json\/wp\/v2\/comments?post=1377"}],"version-history":[{"count":1,"href":"https:\/\/lifesimplified.gorenje.com\/sl\/wp-json\/wp\/v2\/pages\/1377\/revisions"}],"predecessor-version":[{"id":1378,"href":"https:\/\/lifesimplified.gorenje.com\/sl\/wp-json\/wp\/v2\/pages\/1377\/revisions\/1378"}],"wp:attachment":[{"href":"https:\/\/lifesimplified.gorenje.com\/sl\/wp-json\/wp\/v2\/media?parent=1377"}],"curies":[{"name":"wp","href":"https:\/\/api.w.org\/{rel}","templated":true}]}}