{"id":3565,"date":"2018-09-20T16:32:05","date_gmt":"2018-09-20T16:32:05","guid":{"rendered":"https:\/\/lifesimplified.gorenje.com\/story-of-life-simplified-with-gorenje-products\/"},"modified":"2020-01-12T17:02:46","modified_gmt":"2020-01-12T17:02:46","slug":"story-of-life-simplified-with-gorenje-products","status":"publish","type":"page","link":"https:\/\/lifesimplified.gorenje.com\/sk\/story-of-life-simplified-with-gorenje-products\/","title":{"rendered":"Pocta zjednodu\u0161en\u00e9mu \u017eivotu"},"content":{"rendered":"<p>Sme zanieten\u00ed pre zjednodu\u0161enie \u017eivota, aby sme sa viac te\u0161ili z okamihov, ktor\u00e9 s\u00fa nefal\u0161ovan\u00e9 a zmyslupln\u00e9. Vytvoren\u00e9 komunitou nad\u0161encov jednoduchosti, ktor\u00ed prin\u00e1\u0161aj\u00fa kreat\u00edvne n\u00e1pady, in\u0161piruj\u00face my\u0161lienky a u\u017eito\u010dn\u00e9 n\u00e1stroje, aby sa stali jednotkou, ktor\u00e1 v\u00e1m pom\u00f4\u017ee \u201eNavrhn\u00fa\u0165 si \u017eivot, ktor\u00fd chcete \u017ei\u0165\u201c.<\/p>\n<p><strong>Priv\u00edtajte jednoduchos\u0165. Priv\u00edtajte \u017eivot.<\/strong><\/p>\n","protected":false},"excerpt":{"rendered":"<p>Sme zanieten\u00ed pre zjednodu\u0161enie \u017eivota, aby sme sa viac te\u0161ili z okamihov, ktor\u00e9 s\u00fa nefal\u0161ovan\u00e9 a zmyslupln\u00e9. Vytvoren\u00e9 komunitou nad\u0161encov jednoduchosti, ktor\u00ed prin\u00e1\u0161aj\u00fa kreat\u00edvne n\u00e1pady, in\u0161piruj\u00face my\u0161lienky a u\u017eito\u010dn\u00e9 n\u00e1stroje, aby sa stali jednotkou, ktor\u00e1 v\u00e1m pom\u00f4\u017ee \u201eNavrhn\u00fa\u0165 si \u017eivot, ktor\u00fd chcete \u017ei\u0165\u201c. Priv\u00edtajte jednoduchos\u0165. Priv\u00edtajte \u017eivot.<\/p>\n","protected":false},"author":1,"featured_media":3567,"parent":0,"menu_order":0,"comment_status":"closed","ping_status":"closed","template":"","meta":{"footnotes":""},"class_list":["post-3565","page","type-page","status-publish","has-post-thumbnail","hentry","has-post-video"],"yoast_head":"<!-- This site is optimized with the Yoast SEO plugin v27.1.1 - https:\/\/yoast.com\/product\/yoast-seo-wordpress\/ -->\n<title>Pocta zjednodu\u0161en\u00e9mu \u017eivotu | Life Simplified<\/title>\n<meta name=\"robots\" content=\"index, follow, max-snippet:-1, max-image-preview:large, max-video-preview:-1\" \/>\n<link rel=\"canonical\" href=\"https:\/\/lifesimplified.gorenje.com\/sk\/story-of-life-simplified-with-gorenje-products\/\" \/>\n<meta property=\"og:locale\" content=\"sk_SK\" \/>\n<meta property=\"og:type\" content=\"article\" \/>\n<meta property=\"og:title\" content=\"Pocta zjednodu\u0161en\u00e9mu \u017eivotu | Life Simplified\" \/>\n<meta property=\"og:description\" content=\"Sme zanieten\u00ed pre zjednodu\u0161enie \u017eivota, aby sme sa viac te\u0161ili z okamihov, ktor\u00e9 s\u00fa nefal\u0161ovan\u00e9 a zmyslupln\u00e9. Vytvoren\u00e9 komunitou nad\u0161encov jednoduchosti, ktor\u00ed prin\u00e1\u0161aj\u00fa kreat\u00edvne n\u00e1pady, in\u0161piruj\u00face my\u0161lienky a u\u017eito\u010dn\u00e9 n\u00e1stroje, aby sa stali jednotkou, ktor\u00e1 v\u00e1m pom\u00f4\u017ee \u201eNavrhn\u00fa\u0165 si \u017eivot, ktor\u00fd chcete \u017ei\u0165\u201c. Priv\u00edtajte jednoduchos\u0165. Priv\u00edtajte \u017eivot.\" \/>\n<meta property=\"og:url\" content=\"https:\/\/lifesimplified.gorenje.com\/sk\/story-of-life-simplified-with-gorenje-products\/\" \/>\n<meta property=\"og:site_name\" content=\"Life Simplified\" \/>\n<meta property=\"article:publisher\" content=\"https:\/\/www.facebook.com\/gorenje.SLO\/\" \/>\n<meta property=\"article:modified_time\" content=\"2020-01-12T17:02:46+00:00\" \/>\n<meta property=\"og:image\" content=\"https:\/\/lifesimplified.gorenje.com\/wp-content\/uploads\/2019\/04\/gorenje_life_simplified_smartflex_motherdaughter_making_bubbles.jpg\" \/>\n\t<meta property=\"og:image:width\" content=\"1800\" \/>\n\t<meta property=\"og:image:height\" content=\"1200\" \/>\n\t<meta property=\"og:image:type\" content=\"image\/jpeg\" \/>\n<meta name=\"twitter:card\" content=\"summary_large_image\" \/>\n<script type=\"application\/ld+json\" class=\"yoast-schema-graph\">{\"@context\":\"https:\/\/schema.org\",\"@graph\":[{\"@type\":\"WebPage\",\"@id\":\"https:\/\/lifesimplified.gorenje.com\/sk\/story-of-life-simplified-with-gorenje-products\/\",\"url\":\"https:\/\/lifesimplified.gorenje.com\/sk\/story-of-life-simplified-with-gorenje-products\/\",\"name\":\"Pocta zjednodu\u0161en\u00e9mu \u017eivotu | Life Simplified\",\"isPartOf\":{\"@id\":\"https:\/\/lifesimplified.gorenje.com\/sk\/#website\"},\"primaryImageOfPage\":{\"@id\":\"https:\/\/lifesimplified.gorenje.com\/sk\/story-of-life-simplified-with-gorenje-products\/#primaryimage\"},\"image\":{\"@id\":\"https:\/\/lifesimplified.gorenje.com\/sk\/story-of-life-simplified-with-gorenje-products\/#primaryimage\"},\"thumbnailUrl\":\"https:\/\/lifesimplified.gorenje.com\/wp-content\/uploads\/2019\/04\/gorenje_life_simplified_smartflex_motherdaughter_making_bubbles.jpg\",\"datePublished\":\"2018-09-20T16:32:05+00:00\",\"dateModified\":\"2020-01-12T17:02:46+00:00\",\"breadcrumb\":{\"@id\":\"https:\/\/lifesimplified.gorenje.com\/sk\/story-of-life-simplified-with-gorenje-products\/#breadcrumb\"},\"inLanguage\":\"sk-SK\",\"potentialAction\":[{\"@type\":\"ReadAction\",\"target\":[\"https:\/\/lifesimplified.gorenje.com\/sk\/story-of-life-simplified-with-gorenje-products\/\"]}]},{\"@type\":\"ImageObject\",\"inLanguage\":\"sk-SK\",\"@id\":\"https:\/\/lifesimplified.gorenje.com\/sk\/story-of-life-simplified-with-gorenje-products\/#primaryimage\",\"url\":\"https:\/\/lifesimplified.gorenje.com\/wp-content\/uploads\/2019\/04\/gorenje_life_simplified_smartflex_motherdaughter_making_bubbles.jpg\",\"contentUrl\":\"https:\/\/lifesimplified.gorenje.com\/wp-content\/uploads\/2019\/04\/gorenje_life_simplified_smartflex_motherdaughter_making_bubbles.jpg\",\"width\":1800,\"height\":1200},{\"@type\":\"BreadcrumbList\",\"@id\":\"https:\/\/lifesimplified.gorenje.com\/sk\/story-of-life-simplified-with-gorenje-products\/#breadcrumb\",\"itemListElement\":[{\"@type\":\"ListItem\",\"position\":1,\"name\":\"Home\",\"item\":\"https:\/\/lifesimplified.gorenje.com\/sk\/home\/\"},{\"@type\":\"ListItem\",\"position\":2,\"name\":\"Pocta zjednodu\u0161en\u00e9mu \u017eivotu\"}]},{\"@type\":\"WebSite\",\"@id\":\"https:\/\/lifesimplified.gorenje.com\/sk\/#website\",\"url\":\"https:\/\/lifesimplified.gorenje.com\/sk\/\",\"name\":\"Life Simplified\",\"description\":\"Prijmite jednoduchos\u0165\",\"publisher\":{\"@id\":\"https:\/\/lifesimplified.gorenje.com\/sk\/#organization\"},\"potentialAction\":[{\"@type\":\"SearchAction\",\"target\":{\"@type\":\"EntryPoint\",\"urlTemplate\":\"https:\/\/lifesimplified.gorenje.com\/sk\/?s={search_term_string}\"},\"query-input\":{\"@type\":\"PropertyValueSpecification\",\"valueRequired\":true,\"valueName\":\"search_term_string\"}}],\"inLanguage\":\"sk-SK\"},{\"@type\":\"Organization\",\"@id\":\"https:\/\/lifesimplified.gorenje.com\/sk\/#organization\",\"name\":\"Gorenje\",\"url\":\"https:\/\/lifesimplified.gorenje.com\/sk\/\",\"logo\":{\"@type\":\"ImageObject\",\"inLanguage\":\"sk-SK\",\"@id\":\"https:\/\/lifesimplified.gorenje.com\/sk\/#\/schema\/logo\/image\/\",\"url\":\"https:\/\/lifesimplified.gorenje.com\/wp-content\/uploads\/2019\/12\/gorenje-life-simplified-blog-life-simplified-logo.jpg\",\"contentUrl\":\"https:\/\/lifesimplified.gorenje.com\/wp-content\/uploads\/2019\/12\/gorenje-life-simplified-blog-life-simplified-logo.jpg\",\"width\":2169,\"height\":1223,\"caption\":\"Gorenje\"},\"image\":{\"@id\":\"https:\/\/lifesimplified.gorenje.com\/sk\/#\/schema\/logo\/image\/\"},\"sameAs\":[\"https:\/\/www.facebook.com\/gorenje.SLO\/\",\"https:\/\/www.instagram.com\/gorenje_slovenija\/\",\"https:\/\/www.youtube.com\/user\/gorenjesi\"]}]}<\/script>\n<!-- \/ Yoast SEO plugin. -->","yoast_head_json":{"title":"Pocta zjednodu\u0161en\u00e9mu \u017eivotu | Life Simplified","robots":{"index":"index","follow":"follow","max-snippet":"max-snippet:-1","max-image-preview":"max-image-preview:large","max-video-preview":"max-video-preview:-1"},"canonical":"https:\/\/lifesimplified.gorenje.com\/sk\/story-of-life-simplified-with-gorenje-products\/","og_locale":"sk_SK","og_type":"article","og_title":"Pocta zjednodu\u0161en\u00e9mu \u017eivotu | Life Simplified","og_description":"Sme zanieten\u00ed pre zjednodu\u0161enie \u017eivota, aby sme sa viac te\u0161ili z okamihov, ktor\u00e9 s\u00fa nefal\u0161ovan\u00e9 a zmyslupln\u00e9. Vytvoren\u00e9 komunitou nad\u0161encov jednoduchosti, ktor\u00ed prin\u00e1\u0161aj\u00fa kreat\u00edvne n\u00e1pady, in\u0161piruj\u00face my\u0161lienky a u\u017eito\u010dn\u00e9 n\u00e1stroje, aby sa stali jednotkou, ktor\u00e1 v\u00e1m pom\u00f4\u017ee \u201eNavrhn\u00fa\u0165 si \u017eivot, ktor\u00fd chcete \u017ei\u0165\u201c. Priv\u00edtajte jednoduchos\u0165. Priv\u00edtajte \u017eivot.","og_url":"https:\/\/lifesimplified.gorenje.com\/sk\/story-of-life-simplified-with-gorenje-products\/","og_site_name":"Life Simplified","article_publisher":"https:\/\/www.facebook.com\/gorenje.SLO\/","article_modified_time":"2020-01-12T17:02:46+00:00","og_image":[{"width":1800,"height":1200,"url":"https:\/\/lifesimplified.gorenje.com\/wp-content\/uploads\/2019\/04\/gorenje_life_simplified_smartflex_motherdaughter_making_bubbles.jpg","type":"image\/jpeg"}],"twitter_card":"summary_large_image","schema":{"@context":"https:\/\/schema.org","@graph":[{"@type":"WebPage","@id":"https:\/\/lifesimplified.gorenje.com\/sk\/story-of-life-simplified-with-gorenje-products\/","url":"https:\/\/lifesimplified.gorenje.com\/sk\/story-of-life-simplified-with-gorenje-products\/","name":"Pocta zjednodu\u0161en\u00e9mu \u017eivotu | Life Simplified","isPartOf":{"@id":"https:\/\/lifesimplified.gorenje.com\/sk\/#website"},"primaryImageOfPage":{"@id":"https:\/\/lifesimplified.gorenje.com\/sk\/story-of-life-simplified-with-gorenje-products\/#primaryimage"},"image":{"@id":"https:\/\/lifesimplified.gorenje.com\/sk\/story-of-life-simplified-with-gorenje-products\/#primaryimage"},"thumbnailUrl":"https:\/\/lifesimplified.gorenje.com\/wp-content\/uploads\/2019\/04\/gorenje_life_simplified_smartflex_motherdaughter_making_bubbles.jpg","datePublished":"2018-09-20T16:32:05+00:00","dateModified":"2020-01-12T17:02:46+00:00","breadcrumb":{"@id":"https:\/\/lifesimplified.gorenje.com\/sk\/story-of-life-simplified-with-gorenje-products\/#breadcrumb"},"inLanguage":"sk-SK","potentialAction":[{"@type":"ReadAction","target":["https:\/\/lifesimplified.gorenje.com\/sk\/story-of-life-simplified-with-gorenje-products\/"]}]},{"@type":"ImageObject","inLanguage":"sk-SK","@id":"https:\/\/lifesimplified.gorenje.com\/sk\/story-of-life-simplified-with-gorenje-products\/#primaryimage","url":"https:\/\/lifesimplified.gorenje.com\/wp-content\/uploads\/2019\/04\/gorenje_life_simplified_smartflex_motherdaughter_making_bubbles.jpg","contentUrl":"https:\/\/lifesimplified.gorenje.com\/wp-content\/uploads\/2019\/04\/gorenje_life_simplified_smartflex_motherdaughter_making_bubbles.jpg","width":1800,"height":1200},{"@type":"BreadcrumbList","@id":"https:\/\/lifesimplified.gorenje.com\/sk\/story-of-life-simplified-with-gorenje-products\/#breadcrumb","itemListElement":[{"@type":"ListItem","position":1,"name":"Home","item":"https:\/\/lifesimplified.gorenje.com\/sk\/home\/"},{"@type":"ListItem","position":2,"name":"Pocta zjednodu\u0161en\u00e9mu \u017eivotu"}]},{"@type":"WebSite","@id":"https:\/\/lifesimplified.gorenje.com\/sk\/#website","url":"https:\/\/lifesimplified.gorenje.com\/sk\/","name":"Life Simplified","description":"Prijmite jednoduchos\u0165","publisher":{"@id":"https:\/\/lifesimplified.gorenje.com\/sk\/#organization"},"potentialAction":[{"@type":"SearchAction","target":{"@type":"EntryPoint","urlTemplate":"https:\/\/lifesimplified.gorenje.com\/sk\/?s={search_term_string}"},"query-input":{"@type":"PropertyValueSpecification","valueRequired":true,"valueName":"search_term_string"}}],"inLanguage":"sk-SK"},{"@type":"Organization","@id":"https:\/\/lifesimplified.gorenje.com\/sk\/#organization","name":"Gorenje","url":"https:\/\/lifesimplified.gorenje.com\/sk\/","logo":{"@type":"ImageObject","inLanguage":"sk-SK","@id":"https:\/\/lifesimplified.gorenje.com\/sk\/#\/schema\/logo\/image\/","url":"https:\/\/lifesimplified.gorenje.com\/wp-content\/uploads\/2019\/12\/gorenje-life-simplified-blog-life-simplified-logo.jpg","contentUrl":"https:\/\/lifesimplified.gorenje.com\/wp-content\/uploads\/2019\/12\/gorenje-life-simplified-blog-life-simplified-logo.jpg","width":2169,"height":1223,"caption":"Gorenje"},"image":{"@id":"https:\/\/lifesimplified.gorenje.com\/sk\/#\/schema\/logo\/image\/"},"sameAs":["https:\/\/www.facebook.com\/gorenje.SLO\/","https:\/\/www.instagram.com\/gorenje_slovenija\/","https:\/\/www.youtube.com\/user\/gorenjesi"]}]}},"_links":{"self":[{"href":"https:\/\/lifesimplified.gorenje.com\/sk\/wp-json\/wp\/v2\/pages\/3565","targetHints":{"allow":["GET"]}}],"collection":[{"href":"https:\/\/lifesimplified.gorenje.com\/sk\/wp-json\/wp\/v2\/pages"}],"about":[{"href":"https:\/\/lifesimplified.gorenje.com\/sk\/wp-json\/wp\/v2\/types\/page"}],"author":[{"embeddable":true,"href":"https:\/\/lifesimplified.gorenje.com\/sk\/wp-json\/wp\/v2\/users\/1"}],"replies":[{"embeddable":true,"href":"https:\/\/lifesimplified.gorenje.com\/sk\/wp-json\/wp\/v2\/comments?post=3565"}],"version-history":[{"count":1,"href":"https:\/\/lifesimplified.gorenje.com\/sk\/wp-json\/wp\/v2\/pages\/3565\/revisions"}],"predecessor-version":[{"id":3568,"href":"https:\/\/lifesimplified.gorenje.com\/sk\/wp-json\/wp\/v2\/pages\/3565\/revisions\/3568"}],"wp:featuredmedia":[{"embeddable":true,"href":"https:\/\/lifesimplified.gorenje.com\/sk\/wp-json\/wp\/v2\/media\/3567"}],"wp:attachment":[{"href":"https:\/\/lifesimplified.gorenje.com\/sk\/wp-json\/wp\/v2\/media?parent=3565"}],"curies":[{"name":"wp","href":"https:\/\/api.w.org\/{rel}","templated":true}]}}