{"id":3563,"date":"2020-01-12T17:00:56","date_gmt":"2020-01-12T17:00:56","guid":{"rendered":"https:\/\/lifesimplified.gorenje.com\/?page_id=3563"},"modified":"2020-01-12T17:00:56","modified_gmt":"2020-01-12T17:00:56","slug":"blog-life-simplified","status":"publish","type":"page","link":"https:\/\/lifesimplified.gorenje.com\/sk\/blog-life-simplified\/","title":{"rendered":"Blog Life Simplified"},"content":{"rendered":"<p>Gorenje predstavuje viac ako len dom\u00e1ce spotrebi\u010de. Ako zna\u010dka \u017eijeme v srdci v\u00e1\u0161ho domova a ka\u017edodenn\u00e9ho \u017eivota. Preto je na\u0161ou z\u00e1sadnou \u00falohou urobi\u0165 v\u00e1\u0161 ka\u017edodenn\u00fd \u017eivot a s n\u00edm spojen\u00e9 dom\u00e1ce pr\u00e1ce o \u010dosi jednoduch\u0161ie, menej komplikovan\u00e9 a pr\u00edjemnej\u0161ie. Ver\u00edme, \u017ee ka\u017ed\u00e1 inov\u00e1cia, ktor\u00fa poskytujeme, v\u00e1m u\u013eah\u010d\u00ed \u017eivot, aby v\u0161etky v\u00fdznamn\u00e9 pr\u00edle\u017eitosti \u010di ka\u017edodenn\u00e9 okamihy prebiehali hladko.<\/p>\n<p>Blog Life Simplified prin\u00e1\u0161a tipy a triky, recepty a in\u0161pir\u00e1cie pre interi\u00e9rov\u00fd dizajn ka\u017ed\u00e9mu, kto potrebuje vo svojom \u017eivote dotyk jednoduchosti. Ak sa sna\u017e\u00edte vo svojom dni z\u00edska\u0165 viac \u010dasu a oddychu, ste na spr\u00e1vnom mieste. Vieme, \u017ee menej m\u00f4\u017ee by\u0165 viac, hoci n\u00e1m nejde o minimalizmus. Ide n\u00e1m o rovnov\u00e1hu. O mal\u00e9 zmeny, ktor\u00e9 prin\u00e1\u0161aj\u00fa najlep\u0161ie v\u00fdsledky: chutn\u00e1 ve\u010dera, svie\u017ea ko\u0161e\u013ea, \u00fatuln\u00fd domov, \u0161\u0165astn\u00e1 rodina.<\/p>\n<p><strong>Priv\u00edtajte jednoduchos\u0165. Priv\u00edtajte \u017eivot.<\/strong><\/p>\n","protected":false},"excerpt":{"rendered":"<p>Gorenje predstavuje viac ako len dom\u00e1ce spotrebi\u010de. Ako zna\u010dka \u017eijeme v srdci v\u00e1\u0161ho domova a ka\u017edodenn\u00e9ho \u017eivota. Preto je na\u0161ou z\u00e1sadnou \u00falohou urobi\u0165 v\u00e1\u0161 ka\u017edodenn\u00fd \u017eivot a s n\u00edm spojen\u00e9 dom\u00e1ce pr\u00e1ce o \u010dosi jednoduch\u0161ie, menej komplikovan\u00e9 a pr\u00edjemnej\u0161ie. Ver\u00edme, \u017ee ka\u017ed\u00e1 inov\u00e1cia, ktor\u00fa poskytujeme, v\u00e1m u\u013eah\u010d\u00ed \u017eivot, aby v\u0161etky v\u00fdznamn\u00e9 pr\u00edle\u017eitosti \u010di ka\u017edodenn\u00e9 okamihy&#8230;<\/p>\n","protected":false},"author":1,"featured_media":0,"parent":0,"menu_order":0,"comment_status":"closed","ping_status":"closed","template":"","meta":{"footnotes":""},"class_list":["post-3563","page","type-page","status-publish","hentry"],"yoast_head":"<!-- This site is optimized with the Yoast SEO plugin v27.1.1 - https:\/\/yoast.com\/product\/yoast-seo-wordpress\/ -->\n<title>Blog Life Simplified | Life Simplified<\/title>\n<meta name=\"robots\" content=\"index, follow, max-snippet:-1, max-image-preview:large, max-video-preview:-1\" \/>\n<link rel=\"canonical\" href=\"https:\/\/lifesimplified.gorenje.com\/sk\/blog-life-simplified\/\" \/>\n<meta property=\"og:locale\" content=\"sk_SK\" \/>\n<meta property=\"og:type\" content=\"article\" \/>\n<meta property=\"og:title\" content=\"Blog Life Simplified | Life Simplified\" \/>\n<meta property=\"og:description\" content=\"Gorenje predstavuje viac ako len dom\u00e1ce spotrebi\u010de. Ako zna\u010dka \u017eijeme v srdci v\u00e1\u0161ho domova a ka\u017edodenn\u00e9ho \u017eivota. Preto je na\u0161ou z\u00e1sadnou \u00falohou urobi\u0165 v\u00e1\u0161 ka\u017edodenn\u00fd \u017eivot a s n\u00edm spojen\u00e9 dom\u00e1ce pr\u00e1ce o \u010dosi jednoduch\u0161ie, menej komplikovan\u00e9 a pr\u00edjemnej\u0161ie. Ver\u00edme, \u017ee ka\u017ed\u00e1 inov\u00e1cia, ktor\u00fa poskytujeme, v\u00e1m u\u013eah\u010d\u00ed \u017eivot, aby v\u0161etky v\u00fdznamn\u00e9 pr\u00edle\u017eitosti \u010di ka\u017edodenn\u00e9 okamihy...\" \/>\n<meta property=\"og:url\" content=\"https:\/\/lifesimplified.gorenje.com\/sk\/blog-life-simplified\/\" \/>\n<meta property=\"og:site_name\" content=\"Life Simplified\" \/>\n<meta property=\"article:publisher\" content=\"https:\/\/www.facebook.com\/gorenje.SLO\/\" \/>\n<meta property=\"og:image\" content=\"https:\/\/lifesimplified.gorenje.com\/wp-content\/uploads\/2019\/12\/gorenje-life-simplified-blog-life-simplified-logo.jpg\" \/>\n\t<meta property=\"og:image:width\" content=\"2169\" \/>\n\t<meta property=\"og:image:height\" content=\"1223\" \/>\n\t<meta property=\"og:image:type\" content=\"image\/jpeg\" \/>\n<meta name=\"twitter:card\" content=\"summary_large_image\" \/>\n<meta name=\"twitter:label1\" content=\"Predpokladan\u00fd \u010das \u010d\u00edtania\" \/>\n\t<meta name=\"twitter:data1\" content=\"1 min\u00fata\" \/>\n<script type=\"application\/ld+json\" class=\"yoast-schema-graph\">{\"@context\":\"https:\/\/schema.org\",\"@graph\":[{\"@type\":\"WebPage\",\"@id\":\"https:\/\/lifesimplified.gorenje.com\/sk\/blog-life-simplified\/\",\"url\":\"https:\/\/lifesimplified.gorenje.com\/sk\/blog-life-simplified\/\",\"name\":\"Blog Life Simplified | Life Simplified\",\"isPartOf\":{\"@id\":\"https:\/\/lifesimplified.gorenje.com\/sk\/#website\"},\"datePublished\":\"2020-01-12T17:00:56+00:00\",\"breadcrumb\":{\"@id\":\"https:\/\/lifesimplified.gorenje.com\/sk\/blog-life-simplified\/#breadcrumb\"},\"inLanguage\":\"sk-SK\",\"potentialAction\":[{\"@type\":\"ReadAction\",\"target\":[\"https:\/\/lifesimplified.gorenje.com\/sk\/blog-life-simplified\/\"]}]},{\"@type\":\"BreadcrumbList\",\"@id\":\"https:\/\/lifesimplified.gorenje.com\/sk\/blog-life-simplified\/#breadcrumb\",\"itemListElement\":[{\"@type\":\"ListItem\",\"position\":1,\"name\":\"Home\",\"item\":\"https:\/\/lifesimplified.gorenje.com\/sk\/home\/\"},{\"@type\":\"ListItem\",\"position\":2,\"name\":\"Blog Life Simplified\"}]},{\"@type\":\"WebSite\",\"@id\":\"https:\/\/lifesimplified.gorenje.com\/sk\/#website\",\"url\":\"https:\/\/lifesimplified.gorenje.com\/sk\/\",\"name\":\"Life Simplified\",\"description\":\"Prijmite jednoduchos\u0165\",\"publisher\":{\"@id\":\"https:\/\/lifesimplified.gorenje.com\/sk\/#organization\"},\"potentialAction\":[{\"@type\":\"SearchAction\",\"target\":{\"@type\":\"EntryPoint\",\"urlTemplate\":\"https:\/\/lifesimplified.gorenje.com\/sk\/?s={search_term_string}\"},\"query-input\":{\"@type\":\"PropertyValueSpecification\",\"valueRequired\":true,\"valueName\":\"search_term_string\"}}],\"inLanguage\":\"sk-SK\"},{\"@type\":\"Organization\",\"@id\":\"https:\/\/lifesimplified.gorenje.com\/sk\/#organization\",\"name\":\"Gorenje\",\"url\":\"https:\/\/lifesimplified.gorenje.com\/sk\/\",\"logo\":{\"@type\":\"ImageObject\",\"inLanguage\":\"sk-SK\",\"@id\":\"https:\/\/lifesimplified.gorenje.com\/sk\/#\/schema\/logo\/image\/\",\"url\":\"https:\/\/lifesimplified.gorenje.com\/wp-content\/uploads\/2019\/12\/gorenje-life-simplified-blog-life-simplified-logo.jpg\",\"contentUrl\":\"https:\/\/lifesimplified.gorenje.com\/wp-content\/uploads\/2019\/12\/gorenje-life-simplified-blog-life-simplified-logo.jpg\",\"width\":2169,\"height\":1223,\"caption\":\"Gorenje\"},\"image\":{\"@id\":\"https:\/\/lifesimplified.gorenje.com\/sk\/#\/schema\/logo\/image\/\"},\"sameAs\":[\"https:\/\/www.facebook.com\/gorenje.SLO\/\",\"https:\/\/www.instagram.com\/gorenje_slovenija\/\",\"https:\/\/www.youtube.com\/user\/gorenjesi\"]}]}<\/script>\n<!-- \/ Yoast SEO plugin. -->","yoast_head_json":{"title":"Blog Life Simplified | Life Simplified","robots":{"index":"index","follow":"follow","max-snippet":"max-snippet:-1","max-image-preview":"max-image-preview:large","max-video-preview":"max-video-preview:-1"},"canonical":"https:\/\/lifesimplified.gorenje.com\/sk\/blog-life-simplified\/","og_locale":"sk_SK","og_type":"article","og_title":"Blog Life Simplified | Life Simplified","og_description":"Gorenje predstavuje viac ako len dom\u00e1ce spotrebi\u010de. Ako zna\u010dka \u017eijeme v srdci v\u00e1\u0161ho domova a ka\u017edodenn\u00e9ho \u017eivota. Preto je na\u0161ou z\u00e1sadnou \u00falohou urobi\u0165 v\u00e1\u0161 ka\u017edodenn\u00fd \u017eivot a s n\u00edm spojen\u00e9 dom\u00e1ce pr\u00e1ce o \u010dosi jednoduch\u0161ie, menej komplikovan\u00e9 a pr\u00edjemnej\u0161ie. Ver\u00edme, \u017ee ka\u017ed\u00e1 inov\u00e1cia, ktor\u00fa poskytujeme, v\u00e1m u\u013eah\u010d\u00ed \u017eivot, aby v\u0161etky v\u00fdznamn\u00e9 pr\u00edle\u017eitosti \u010di ka\u017edodenn\u00e9 okamihy...","og_url":"https:\/\/lifesimplified.gorenje.com\/sk\/blog-life-simplified\/","og_site_name":"Life Simplified","article_publisher":"https:\/\/www.facebook.com\/gorenje.SLO\/","og_image":[{"width":2169,"height":1223,"url":"https:\/\/lifesimplified.gorenje.com\/wp-content\/uploads\/2019\/12\/gorenje-life-simplified-blog-life-simplified-logo.jpg","type":"image\/jpeg"}],"twitter_card":"summary_large_image","twitter_misc":{"Predpokladan\u00fd \u010das \u010d\u00edtania":"1 min\u00fata"},"schema":{"@context":"https:\/\/schema.org","@graph":[{"@type":"WebPage","@id":"https:\/\/lifesimplified.gorenje.com\/sk\/blog-life-simplified\/","url":"https:\/\/lifesimplified.gorenje.com\/sk\/blog-life-simplified\/","name":"Blog Life Simplified | Life Simplified","isPartOf":{"@id":"https:\/\/lifesimplified.gorenje.com\/sk\/#website"},"datePublished":"2020-01-12T17:00:56+00:00","breadcrumb":{"@id":"https:\/\/lifesimplified.gorenje.com\/sk\/blog-life-simplified\/#breadcrumb"},"inLanguage":"sk-SK","potentialAction":[{"@type":"ReadAction","target":["https:\/\/lifesimplified.gorenje.com\/sk\/blog-life-simplified\/"]}]},{"@type":"BreadcrumbList","@id":"https:\/\/lifesimplified.gorenje.com\/sk\/blog-life-simplified\/#breadcrumb","itemListElement":[{"@type":"ListItem","position":1,"name":"Home","item":"https:\/\/lifesimplified.gorenje.com\/sk\/home\/"},{"@type":"ListItem","position":2,"name":"Blog Life Simplified"}]},{"@type":"WebSite","@id":"https:\/\/lifesimplified.gorenje.com\/sk\/#website","url":"https:\/\/lifesimplified.gorenje.com\/sk\/","name":"Life Simplified","description":"Prijmite jednoduchos\u0165","publisher":{"@id":"https:\/\/lifesimplified.gorenje.com\/sk\/#organization"},"potentialAction":[{"@type":"SearchAction","target":{"@type":"EntryPoint","urlTemplate":"https:\/\/lifesimplified.gorenje.com\/sk\/?s={search_term_string}"},"query-input":{"@type":"PropertyValueSpecification","valueRequired":true,"valueName":"search_term_string"}}],"inLanguage":"sk-SK"},{"@type":"Organization","@id":"https:\/\/lifesimplified.gorenje.com\/sk\/#organization","name":"Gorenje","url":"https:\/\/lifesimplified.gorenje.com\/sk\/","logo":{"@type":"ImageObject","inLanguage":"sk-SK","@id":"https:\/\/lifesimplified.gorenje.com\/sk\/#\/schema\/logo\/image\/","url":"https:\/\/lifesimplified.gorenje.com\/wp-content\/uploads\/2019\/12\/gorenje-life-simplified-blog-life-simplified-logo.jpg","contentUrl":"https:\/\/lifesimplified.gorenje.com\/wp-content\/uploads\/2019\/12\/gorenje-life-simplified-blog-life-simplified-logo.jpg","width":2169,"height":1223,"caption":"Gorenje"},"image":{"@id":"https:\/\/lifesimplified.gorenje.com\/sk\/#\/schema\/logo\/image\/"},"sameAs":["https:\/\/www.facebook.com\/gorenje.SLO\/","https:\/\/www.instagram.com\/gorenje_slovenija\/","https:\/\/www.youtube.com\/user\/gorenjesi"]}]}},"_links":{"self":[{"href":"https:\/\/lifesimplified.gorenje.com\/sk\/wp-json\/wp\/v2\/pages\/3563","targetHints":{"allow":["GET"]}}],"collection":[{"href":"https:\/\/lifesimplified.gorenje.com\/sk\/wp-json\/wp\/v2\/pages"}],"about":[{"href":"https:\/\/lifesimplified.gorenje.com\/sk\/wp-json\/wp\/v2\/types\/page"}],"author":[{"embeddable":true,"href":"https:\/\/lifesimplified.gorenje.com\/sk\/wp-json\/wp\/v2\/users\/1"}],"replies":[{"embeddable":true,"href":"https:\/\/lifesimplified.gorenje.com\/sk\/wp-json\/wp\/v2\/comments?post=3563"}],"version-history":[{"count":1,"href":"https:\/\/lifesimplified.gorenje.com\/sk\/wp-json\/wp\/v2\/pages\/3563\/revisions"}],"predecessor-version":[{"id":3564,"href":"https:\/\/lifesimplified.gorenje.com\/sk\/wp-json\/wp\/v2\/pages\/3563\/revisions\/3564"}],"wp:attachment":[{"href":"https:\/\/lifesimplified.gorenje.com\/sk\/wp-json\/wp\/v2\/media?parent=3563"}],"curies":[{"name":"wp","href":"https:\/\/api.w.org\/{rel}","templated":true}]}}