{"id":33978,"date":"2018-09-20T16:32:05","date_gmt":"2018-09-20T16:32:05","guid":{"rendered":"https:\/\/lifesimplified.gorenje.com\/story-of-life-simplified-with-gorenje-products\/"},"modified":"2022-03-15T08:20:45","modified_gmt":"2022-03-15T08:20:45","slug":"story-of-life-simplified-with-gorenje-products","status":"publish","type":"page","link":"https:\/\/lifesimplified.gorenje.com\/se\/story-of-life-simplified-with-gorenje-products\/","title":{"rendered":"En hyllning till ett f\u00f6renklat liv"},"content":{"rendered":"<p>Vi brinner f\u00f6r att minska komplexiteten i livet, s\u00e5 att du har mer tid \u00f6ver till det du verkligen bryr dig om. Skapat av enkelhetsentusiaster som levererar kreativa id\u00e9er, inspirerande tankar och anv\u00e4ndbara verktyg f\u00f6r att bli din f\u00f6redragna plats f\u00f6r att samla inspiration till att &quot;Designa det liv du vill leva&quot;. <strong>Omfamna enkelheten. Omfamna livet.<\/strong><\/p>\n","protected":false},"excerpt":{"rendered":"<p>Vi brinner f\u00f6r att minska komplexiteten i livet, s\u00e5 att du har mer tid \u00f6ver till det du verkligen bryr dig om. Skapat av enkelhetsentusiaster som levererar kreativa id\u00e9er, inspirerande tankar och anv\u00e4ndbara verktyg f\u00f6r att bli din f\u00f6redragna plats f\u00f6r att samla inspiration till att &quot;Designa det liv du vill leva&quot;. Omfamna enkelheten. Omfamna&#8230;<\/p>\n","protected":false},"author":1,"featured_media":33980,"parent":0,"menu_order":0,"comment_status":"closed","ping_status":"closed","template":"","meta":{"footnotes":""},"class_list":["post-33978","page","type-page","status-publish","has-post-thumbnail","hentry","has-post-video"],"yoast_head":"<!-- This site is optimized with the Yoast SEO plugin v27.1.1 - https:\/\/yoast.com\/product\/yoast-seo-wordpress\/ -->\n<title>En hyllning till ett f\u00f6renklat liv | Life Simplified<\/title>\n<meta name=\"robots\" content=\"index, follow, max-snippet:-1, max-image-preview:large, max-video-preview:-1\" \/>\n<link rel=\"canonical\" href=\"https:\/\/lifesimplified.gorenje.com\/se\/story-of-life-simplified-with-gorenje-products\/\" \/>\n<meta property=\"og:locale\" content=\"en_US\" \/>\n<meta property=\"og:type\" content=\"article\" \/>\n<meta property=\"og:title\" content=\"En hyllning till ett f\u00f6renklat liv | Life Simplified\" \/>\n<meta property=\"og:description\" content=\"Vi brinner f\u00f6r att minska komplexiteten i livet, s\u00e5 att du har mer tid \u00f6ver till det du verkligen bryr dig om. Skapat av enkelhetsentusiaster som levererar kreativa id\u00e9er, inspirerande tankar och anv\u00e4ndbara verktyg f\u00f6r att bli din f\u00f6redragna plats f\u00f6r att samla inspiration till att &quot;Designa det liv du vill leva&quot;. Omfamna enkelheten. Omfamna...\" \/>\n<meta property=\"og:url\" content=\"https:\/\/lifesimplified.gorenje.com\/se\/story-of-life-simplified-with-gorenje-products\/\" \/>\n<meta property=\"og:site_name\" content=\"Life Simplified\" \/>\n<meta property=\"article:publisher\" content=\"https:\/\/www.facebook.com\/gorenje.SLO\/\" \/>\n<meta property=\"article:modified_time\" content=\"2022-03-15T08:20:45+00:00\" \/>\n<meta property=\"og:image\" content=\"https:\/\/lifesimplified.gorenje.com\/wp-content\/uploads\/2019\/04\/gorenje_life_simplified_smartflex_motherdaughter_making_bubbles.jpg\" \/>\n\t<meta property=\"og:image:width\" content=\"1800\" \/>\n\t<meta property=\"og:image:height\" content=\"1200\" \/>\n\t<meta property=\"og:image:type\" content=\"image\/jpeg\" \/>\n<meta name=\"twitter:card\" content=\"summary_large_image\" \/>\n<script type=\"application\/ld+json\" class=\"yoast-schema-graph\">{\"@context\":\"https:\/\/schema.org\",\"@graph\":[{\"@type\":\"WebPage\",\"@id\":\"https:\/\/lifesimplified.gorenje.com\/se\/story-of-life-simplified-with-gorenje-products\/\",\"url\":\"https:\/\/lifesimplified.gorenje.com\/se\/story-of-life-simplified-with-gorenje-products\/\",\"name\":\"En hyllning till ett f\u00f6renklat liv | Life Simplified\",\"isPartOf\":{\"@id\":\"https:\/\/lifesimplified.gorenje.com\/se\/#website\"},\"primaryImageOfPage\":{\"@id\":\"https:\/\/lifesimplified.gorenje.com\/se\/story-of-life-simplified-with-gorenje-products\/#primaryimage\"},\"image\":{\"@id\":\"https:\/\/lifesimplified.gorenje.com\/se\/story-of-life-simplified-with-gorenje-products\/#primaryimage\"},\"thumbnailUrl\":\"https:\/\/lifesimplified.gorenje.com\/wp-content\/uploads\/2019\/04\/gorenje_life_simplified_smartflex_motherdaughter_making_bubbles.jpg\",\"datePublished\":\"2018-09-20T16:32:05+00:00\",\"dateModified\":\"2022-03-15T08:20:45+00:00\",\"breadcrumb\":{\"@id\":\"https:\/\/lifesimplified.gorenje.com\/se\/story-of-life-simplified-with-gorenje-products\/#breadcrumb\"},\"inLanguage\":\"sv\",\"potentialAction\":[{\"@type\":\"ReadAction\",\"target\":[\"https:\/\/lifesimplified.gorenje.com\/se\/story-of-life-simplified-with-gorenje-products\/\"]}]},{\"@type\":\"ImageObject\",\"inLanguage\":\"sv\",\"@id\":\"https:\/\/lifesimplified.gorenje.com\/se\/story-of-life-simplified-with-gorenje-products\/#primaryimage\",\"url\":\"https:\/\/lifesimplified.gorenje.com\/wp-content\/uploads\/2019\/04\/gorenje_life_simplified_smartflex_motherdaughter_making_bubbles.jpg\",\"contentUrl\":\"https:\/\/lifesimplified.gorenje.com\/wp-content\/uploads\/2019\/04\/gorenje_life_simplified_smartflex_motherdaughter_making_bubbles.jpg\",\"width\":1800,\"height\":1200},{\"@type\":\"BreadcrumbList\",\"@id\":\"https:\/\/lifesimplified.gorenje.com\/se\/story-of-life-simplified-with-gorenje-products\/#breadcrumb\",\"itemListElement\":[{\"@type\":\"ListItem\",\"position\":1,\"name\":\"Home\",\"item\":\"https:\/\/lifesimplified.gorenje.com\/se\/home\/\"},{\"@type\":\"ListItem\",\"position\":2,\"name\":\"En hyllning till ett f\u00f6renklat liv\"}]},{\"@type\":\"WebSite\",\"@id\":\"https:\/\/lifesimplified.gorenje.com\/se\/#website\",\"url\":\"https:\/\/lifesimplified.gorenje.com\/se\/\",\"name\":\"Life Simplified\",\"description\":\"Life Simplified\",\"publisher\":{\"@id\":\"https:\/\/lifesimplified.gorenje.com\/se\/#organization\"},\"potentialAction\":[{\"@type\":\"SearchAction\",\"target\":{\"@type\":\"EntryPoint\",\"urlTemplate\":\"https:\/\/lifesimplified.gorenje.com\/se\/?s={search_term_string}\"},\"query-input\":{\"@type\":\"PropertyValueSpecification\",\"valueRequired\":true,\"valueName\":\"search_term_string\"}}],\"inLanguage\":\"sv\"},{\"@type\":\"Organization\",\"@id\":\"https:\/\/lifesimplified.gorenje.com\/se\/#organization\",\"name\":\"Gorenje\",\"url\":\"https:\/\/lifesimplified.gorenje.com\/se\/\",\"logo\":{\"@type\":\"ImageObject\",\"inLanguage\":\"sv\",\"@id\":\"https:\/\/lifesimplified.gorenje.com\/se\/#\/schema\/logo\/image\/\",\"url\":\"https:\/\/lifesimplified.gorenje.com\/wp-content\/uploads\/2019\/12\/gorenje-life-simplified-blog-life-simplified-logo.jpg\",\"contentUrl\":\"https:\/\/lifesimplified.gorenje.com\/wp-content\/uploads\/2019\/12\/gorenje-life-simplified-blog-life-simplified-logo.jpg\",\"width\":2169,\"height\":1223,\"caption\":\"Gorenje\"},\"image\":{\"@id\":\"https:\/\/lifesimplified.gorenje.com\/se\/#\/schema\/logo\/image\/\"},\"sameAs\":[\"https:\/\/www.facebook.com\/gorenje.SLO\/\",\"https:\/\/www.instagram.com\/gorenje_slovenija\/\",\"https:\/\/www.youtube.com\/user\/gorenjesi\"]}]}<\/script>\n<!-- \/ Yoast SEO plugin. -->","yoast_head_json":{"title":"En hyllning till ett f\u00f6renklat liv | Life Simplified","robots":{"index":"index","follow":"follow","max-snippet":"max-snippet:-1","max-image-preview":"max-image-preview:large","max-video-preview":"max-video-preview:-1"},"canonical":"https:\/\/lifesimplified.gorenje.com\/se\/story-of-life-simplified-with-gorenje-products\/","og_locale":"en_US","og_type":"article","og_title":"En hyllning till ett f\u00f6renklat liv | Life Simplified","og_description":"Vi brinner f\u00f6r att minska komplexiteten i livet, s\u00e5 att du har mer tid \u00f6ver till det du verkligen bryr dig om. Skapat av enkelhetsentusiaster som levererar kreativa id\u00e9er, inspirerande tankar och anv\u00e4ndbara verktyg f\u00f6r att bli din f\u00f6redragna plats f\u00f6r att samla inspiration till att &quot;Designa det liv du vill leva&quot;. Omfamna enkelheten. Omfamna...","og_url":"https:\/\/lifesimplified.gorenje.com\/se\/story-of-life-simplified-with-gorenje-products\/","og_site_name":"Life Simplified","article_publisher":"https:\/\/www.facebook.com\/gorenje.SLO\/","article_modified_time":"2022-03-15T08:20:45+00:00","og_image":[{"width":1800,"height":1200,"url":"https:\/\/lifesimplified.gorenje.com\/wp-content\/uploads\/2019\/04\/gorenje_life_simplified_smartflex_motherdaughter_making_bubbles.jpg","type":"image\/jpeg"}],"twitter_card":"summary_large_image","schema":{"@context":"https:\/\/schema.org","@graph":[{"@type":"WebPage","@id":"https:\/\/lifesimplified.gorenje.com\/se\/story-of-life-simplified-with-gorenje-products\/","url":"https:\/\/lifesimplified.gorenje.com\/se\/story-of-life-simplified-with-gorenje-products\/","name":"En hyllning till ett f\u00f6renklat liv | Life Simplified","isPartOf":{"@id":"https:\/\/lifesimplified.gorenje.com\/se\/#website"},"primaryImageOfPage":{"@id":"https:\/\/lifesimplified.gorenje.com\/se\/story-of-life-simplified-with-gorenje-products\/#primaryimage"},"image":{"@id":"https:\/\/lifesimplified.gorenje.com\/se\/story-of-life-simplified-with-gorenje-products\/#primaryimage"},"thumbnailUrl":"https:\/\/lifesimplified.gorenje.com\/wp-content\/uploads\/2019\/04\/gorenje_life_simplified_smartflex_motherdaughter_making_bubbles.jpg","datePublished":"2018-09-20T16:32:05+00:00","dateModified":"2022-03-15T08:20:45+00:00","breadcrumb":{"@id":"https:\/\/lifesimplified.gorenje.com\/se\/story-of-life-simplified-with-gorenje-products\/#breadcrumb"},"inLanguage":"sv","potentialAction":[{"@type":"ReadAction","target":["https:\/\/lifesimplified.gorenje.com\/se\/story-of-life-simplified-with-gorenje-products\/"]}]},{"@type":"ImageObject","inLanguage":"sv","@id":"https:\/\/lifesimplified.gorenje.com\/se\/story-of-life-simplified-with-gorenje-products\/#primaryimage","url":"https:\/\/lifesimplified.gorenje.com\/wp-content\/uploads\/2019\/04\/gorenje_life_simplified_smartflex_motherdaughter_making_bubbles.jpg","contentUrl":"https:\/\/lifesimplified.gorenje.com\/wp-content\/uploads\/2019\/04\/gorenje_life_simplified_smartflex_motherdaughter_making_bubbles.jpg","width":1800,"height":1200},{"@type":"BreadcrumbList","@id":"https:\/\/lifesimplified.gorenje.com\/se\/story-of-life-simplified-with-gorenje-products\/#breadcrumb","itemListElement":[{"@type":"ListItem","position":1,"name":"Home","item":"https:\/\/lifesimplified.gorenje.com\/se\/home\/"},{"@type":"ListItem","position":2,"name":"En hyllning till ett f\u00f6renklat liv"}]},{"@type":"WebSite","@id":"https:\/\/lifesimplified.gorenje.com\/se\/#website","url":"https:\/\/lifesimplified.gorenje.com\/se\/","name":"Life Simplified","description":"Life Simplified","publisher":{"@id":"https:\/\/lifesimplified.gorenje.com\/se\/#organization"},"potentialAction":[{"@type":"SearchAction","target":{"@type":"EntryPoint","urlTemplate":"https:\/\/lifesimplified.gorenje.com\/se\/?s={search_term_string}"},"query-input":{"@type":"PropertyValueSpecification","valueRequired":true,"valueName":"search_term_string"}}],"inLanguage":"sv"},{"@type":"Organization","@id":"https:\/\/lifesimplified.gorenje.com\/se\/#organization","name":"Gorenje","url":"https:\/\/lifesimplified.gorenje.com\/se\/","logo":{"@type":"ImageObject","inLanguage":"sv","@id":"https:\/\/lifesimplified.gorenje.com\/se\/#\/schema\/logo\/image\/","url":"https:\/\/lifesimplified.gorenje.com\/wp-content\/uploads\/2019\/12\/gorenje-life-simplified-blog-life-simplified-logo.jpg","contentUrl":"https:\/\/lifesimplified.gorenje.com\/wp-content\/uploads\/2019\/12\/gorenje-life-simplified-blog-life-simplified-logo.jpg","width":2169,"height":1223,"caption":"Gorenje"},"image":{"@id":"https:\/\/lifesimplified.gorenje.com\/se\/#\/schema\/logo\/image\/"},"sameAs":["https:\/\/www.facebook.com\/gorenje.SLO\/","https:\/\/www.instagram.com\/gorenje_slovenija\/","https:\/\/www.youtube.com\/user\/gorenjesi"]}]}},"_links":{"self":[{"href":"https:\/\/lifesimplified.gorenje.com\/se\/wp-json\/wp\/v2\/pages\/33978","targetHints":{"allow":["GET"]}}],"collection":[{"href":"https:\/\/lifesimplified.gorenje.com\/se\/wp-json\/wp\/v2\/pages"}],"about":[{"href":"https:\/\/lifesimplified.gorenje.com\/se\/wp-json\/wp\/v2\/types\/page"}],"author":[{"embeddable":true,"href":"https:\/\/lifesimplified.gorenje.com\/se\/wp-json\/wp\/v2\/users\/1"}],"replies":[{"embeddable":true,"href":"https:\/\/lifesimplified.gorenje.com\/se\/wp-json\/wp\/v2\/comments?post=33978"}],"version-history":[{"count":2,"href":"https:\/\/lifesimplified.gorenje.com\/se\/wp-json\/wp\/v2\/pages\/33978\/revisions"}],"predecessor-version":[{"id":33982,"href":"https:\/\/lifesimplified.gorenje.com\/se\/wp-json\/wp\/v2\/pages\/33978\/revisions\/33982"}],"wp:featuredmedia":[{"embeddable":true,"href":"https:\/\/lifesimplified.gorenje.com\/se\/wp-json\/wp\/v2\/media\/33980"}],"wp:attachment":[{"href":"https:\/\/lifesimplified.gorenje.com\/se\/wp-json\/wp\/v2\/media?parent=33978"}],"curies":[{"name":"wp","href":"https:\/\/api.w.org\/{rel}","templated":true}]}}