{"id":33975,"date":"2018-11-04T18:51:54","date_gmt":"2018-11-04T18:51:54","guid":{"rendered":"https:\/\/lifesimplified.gorenje.com\/about-life-simplified-blog\/"},"modified":"2022-03-15T08:19:36","modified_gmt":"2022-03-15T08:19:36","slug":"life-simplified-blogg","status":"publish","type":"page","link":"https:\/\/lifesimplified.gorenje.com\/se\/life-simplified-blogg\/","title":{"rendered":"Life simplified blogg"},"content":{"rendered":"<p>Gorenje \u00e4r mer \u00e4n vitvaror. V\u00e5r plats \u00e4r i hj\u00e4rtat av hemmet och det dagliga vardagslivet. Det \u00e4r d\u00e4rf\u00f6r v\u00e5rt uppdrag \u00e4r att spela en viktig roll n\u00e4r det kommer till att g\u00f6ra vardagslivet och alla dess sysslor b\u00e5de enklare och trevligare. Vi anser att varje innovation vi kommer med m\u00e5ste ha ett f\u00f6renklande syfte. Vi \u00f6nskar g\u00f6ra b\u00e5de livets stora \u00f6gonblick och de sm\u00e5 vardags\u00f6gonblicken smidigare.<\/p>\n<p>Life Simplified-bloggen tillhandah\u00e5ller tips, recept och inredningsinspiration till alla som beh\u00f6ver mer enkelhet i sitt liv. Om du vill skapa mer tid och andrum i vardagen, har du kommit till r\u00e4tt plats. Vi vet att mindre ofta kan vara mer, men Gorenje handlar inte om minimalism. V\u00e5rt fokus \u00e4r balans. Vi fokuserar p\u00e5 de sm\u00e5 f\u00f6r\u00e4ndringarna som ger b\u00e4st resultat: en v\u00e4lsmakande middag, en skrynkelfri skjorta, ett mysigt hem, en lycklig familj.<\/p>\n<p><strong>Omfamna enkelheten. Omfamna livet.<\/strong><\/p>\n","protected":false},"excerpt":{"rendered":"<p>Gorenje \u00e4r mer \u00e4n vitvaror. V\u00e5r plats \u00e4r i hj\u00e4rtat av hemmet och det dagliga vardagslivet. Det \u00e4r d\u00e4rf\u00f6r v\u00e5rt uppdrag \u00e4r att spela en viktig roll n\u00e4r det kommer till att g\u00f6ra vardagslivet och alla dess sysslor b\u00e5de enklare och trevligare. Vi anser att varje innovation vi kommer med m\u00e5ste ha ett f\u00f6renklande syfte&#8230;.<\/p>\n","protected":false},"author":1,"featured_media":0,"parent":0,"menu_order":0,"comment_status":"closed","ping_status":"closed","template":"","meta":{"footnotes":""},"class_list":["post-33975","page","type-page","status-publish","hentry"],"yoast_head":"<!-- This site is optimized with the Yoast SEO plugin v27.1.1 - https:\/\/yoast.com\/product\/yoast-seo-wordpress\/ -->\n<title>Life simplified blogg | Life Simplified<\/title>\n<meta name=\"robots\" content=\"index, follow, max-snippet:-1, max-image-preview:large, max-video-preview:-1\" \/>\n<link rel=\"canonical\" href=\"https:\/\/lifesimplified.gorenje.com\/se\/life-simplified-blogg\/\" \/>\n<meta property=\"og:locale\" content=\"en_US\" \/>\n<meta property=\"og:type\" content=\"article\" \/>\n<meta property=\"og:title\" content=\"Life simplified blogg | Life Simplified\" \/>\n<meta property=\"og:description\" content=\"Gorenje \u00e4r mer \u00e4n vitvaror. V\u00e5r plats \u00e4r i hj\u00e4rtat av hemmet och det dagliga vardagslivet. Det \u00e4r d\u00e4rf\u00f6r v\u00e5rt uppdrag \u00e4r att spela en viktig roll n\u00e4r det kommer till att g\u00f6ra vardagslivet och alla dess sysslor b\u00e5de enklare och trevligare. Vi anser att varje innovation vi kommer med m\u00e5ste ha ett f\u00f6renklande syfte....\" \/>\n<meta property=\"og:url\" content=\"https:\/\/lifesimplified.gorenje.com\/se\/life-simplified-blogg\/\" \/>\n<meta property=\"og:site_name\" content=\"Life Simplified\" \/>\n<meta property=\"article:publisher\" content=\"https:\/\/www.facebook.com\/gorenje.SLO\/\" \/>\n<meta property=\"article:modified_time\" content=\"2022-03-15T08:19:36+00:00\" \/>\n<meta property=\"og:image\" content=\"https:\/\/lifesimplified.gorenje.com\/wp-content\/uploads\/2019\/12\/gorenje-life-simplified-blog-life-simplified-logo.jpg\" \/>\n\t<meta property=\"og:image:width\" content=\"2169\" \/>\n\t<meta property=\"og:image:height\" content=\"1223\" \/>\n\t<meta property=\"og:image:type\" content=\"image\/jpeg\" \/>\n<meta name=\"twitter:card\" content=\"summary_large_image\" \/>\n<meta name=\"twitter:label1\" content=\"Est. reading time\" \/>\n\t<meta name=\"twitter:data1\" content=\"1 minute\" \/>\n<script type=\"application\/ld+json\" class=\"yoast-schema-graph\">{\"@context\":\"https:\/\/schema.org\",\"@graph\":[{\"@type\":\"WebPage\",\"@id\":\"https:\/\/lifesimplified.gorenje.com\/se\/life-simplified-blogg\/\",\"url\":\"https:\/\/lifesimplified.gorenje.com\/se\/life-simplified-blogg\/\",\"name\":\"Life simplified blogg | Life Simplified\",\"isPartOf\":{\"@id\":\"https:\/\/lifesimplified.gorenje.com\/se\/#website\"},\"datePublished\":\"2018-11-04T18:51:54+00:00\",\"dateModified\":\"2022-03-15T08:19:36+00:00\",\"breadcrumb\":{\"@id\":\"https:\/\/lifesimplified.gorenje.com\/se\/life-simplified-blogg\/#breadcrumb\"},\"inLanguage\":\"sv\",\"potentialAction\":[{\"@type\":\"ReadAction\",\"target\":[\"https:\/\/lifesimplified.gorenje.com\/se\/life-simplified-blogg\/\"]}]},{\"@type\":\"BreadcrumbList\",\"@id\":\"https:\/\/lifesimplified.gorenje.com\/se\/life-simplified-blogg\/#breadcrumb\",\"itemListElement\":[{\"@type\":\"ListItem\",\"position\":1,\"name\":\"Home\",\"item\":\"https:\/\/lifesimplified.gorenje.com\/se\/home\/\"},{\"@type\":\"ListItem\",\"position\":2,\"name\":\"Life simplified blogg\"}]},{\"@type\":\"WebSite\",\"@id\":\"https:\/\/lifesimplified.gorenje.com\/se\/#website\",\"url\":\"https:\/\/lifesimplified.gorenje.com\/se\/\",\"name\":\"Life Simplified\",\"description\":\"Life Simplified\",\"publisher\":{\"@id\":\"https:\/\/lifesimplified.gorenje.com\/se\/#organization\"},\"potentialAction\":[{\"@type\":\"SearchAction\",\"target\":{\"@type\":\"EntryPoint\",\"urlTemplate\":\"https:\/\/lifesimplified.gorenje.com\/se\/?s={search_term_string}\"},\"query-input\":{\"@type\":\"PropertyValueSpecification\",\"valueRequired\":true,\"valueName\":\"search_term_string\"}}],\"inLanguage\":\"sv\"},{\"@type\":\"Organization\",\"@id\":\"https:\/\/lifesimplified.gorenje.com\/se\/#organization\",\"name\":\"Gorenje\",\"url\":\"https:\/\/lifesimplified.gorenje.com\/se\/\",\"logo\":{\"@type\":\"ImageObject\",\"inLanguage\":\"sv\",\"@id\":\"https:\/\/lifesimplified.gorenje.com\/se\/#\/schema\/logo\/image\/\",\"url\":\"https:\/\/lifesimplified.gorenje.com\/wp-content\/uploads\/2019\/12\/gorenje-life-simplified-blog-life-simplified-logo.jpg\",\"contentUrl\":\"https:\/\/lifesimplified.gorenje.com\/wp-content\/uploads\/2019\/12\/gorenje-life-simplified-blog-life-simplified-logo.jpg\",\"width\":2169,\"height\":1223,\"caption\":\"Gorenje\"},\"image\":{\"@id\":\"https:\/\/lifesimplified.gorenje.com\/se\/#\/schema\/logo\/image\/\"},\"sameAs\":[\"https:\/\/www.facebook.com\/gorenje.SLO\/\",\"https:\/\/www.instagram.com\/gorenje_slovenija\/\",\"https:\/\/www.youtube.com\/user\/gorenjesi\"]}]}<\/script>\n<!-- \/ Yoast SEO plugin. -->","yoast_head_json":{"title":"Life simplified blogg | Life Simplified","robots":{"index":"index","follow":"follow","max-snippet":"max-snippet:-1","max-image-preview":"max-image-preview:large","max-video-preview":"max-video-preview:-1"},"canonical":"https:\/\/lifesimplified.gorenje.com\/se\/life-simplified-blogg\/","og_locale":"en_US","og_type":"article","og_title":"Life simplified blogg | Life Simplified","og_description":"Gorenje \u00e4r mer \u00e4n vitvaror. V\u00e5r plats \u00e4r i hj\u00e4rtat av hemmet och det dagliga vardagslivet. Det \u00e4r d\u00e4rf\u00f6r v\u00e5rt uppdrag \u00e4r att spela en viktig roll n\u00e4r det kommer till att g\u00f6ra vardagslivet och alla dess sysslor b\u00e5de enklare och trevligare. Vi anser att varje innovation vi kommer med m\u00e5ste ha ett f\u00f6renklande syfte....","og_url":"https:\/\/lifesimplified.gorenje.com\/se\/life-simplified-blogg\/","og_site_name":"Life Simplified","article_publisher":"https:\/\/www.facebook.com\/gorenje.SLO\/","article_modified_time":"2022-03-15T08:19:36+00:00","og_image":[{"width":2169,"height":1223,"url":"https:\/\/lifesimplified.gorenje.com\/wp-content\/uploads\/2019\/12\/gorenje-life-simplified-blog-life-simplified-logo.jpg","type":"image\/jpeg"}],"twitter_card":"summary_large_image","twitter_misc":{"Est. reading time":"1 minute"},"schema":{"@context":"https:\/\/schema.org","@graph":[{"@type":"WebPage","@id":"https:\/\/lifesimplified.gorenje.com\/se\/life-simplified-blogg\/","url":"https:\/\/lifesimplified.gorenje.com\/se\/life-simplified-blogg\/","name":"Life simplified blogg | Life Simplified","isPartOf":{"@id":"https:\/\/lifesimplified.gorenje.com\/se\/#website"},"datePublished":"2018-11-04T18:51:54+00:00","dateModified":"2022-03-15T08:19:36+00:00","breadcrumb":{"@id":"https:\/\/lifesimplified.gorenje.com\/se\/life-simplified-blogg\/#breadcrumb"},"inLanguage":"sv","potentialAction":[{"@type":"ReadAction","target":["https:\/\/lifesimplified.gorenje.com\/se\/life-simplified-blogg\/"]}]},{"@type":"BreadcrumbList","@id":"https:\/\/lifesimplified.gorenje.com\/se\/life-simplified-blogg\/#breadcrumb","itemListElement":[{"@type":"ListItem","position":1,"name":"Home","item":"https:\/\/lifesimplified.gorenje.com\/se\/home\/"},{"@type":"ListItem","position":2,"name":"Life simplified blogg"}]},{"@type":"WebSite","@id":"https:\/\/lifesimplified.gorenje.com\/se\/#website","url":"https:\/\/lifesimplified.gorenje.com\/se\/","name":"Life Simplified","description":"Life Simplified","publisher":{"@id":"https:\/\/lifesimplified.gorenje.com\/se\/#organization"},"potentialAction":[{"@type":"SearchAction","target":{"@type":"EntryPoint","urlTemplate":"https:\/\/lifesimplified.gorenje.com\/se\/?s={search_term_string}"},"query-input":{"@type":"PropertyValueSpecification","valueRequired":true,"valueName":"search_term_string"}}],"inLanguage":"sv"},{"@type":"Organization","@id":"https:\/\/lifesimplified.gorenje.com\/se\/#organization","name":"Gorenje","url":"https:\/\/lifesimplified.gorenje.com\/se\/","logo":{"@type":"ImageObject","inLanguage":"sv","@id":"https:\/\/lifesimplified.gorenje.com\/se\/#\/schema\/logo\/image\/","url":"https:\/\/lifesimplified.gorenje.com\/wp-content\/uploads\/2019\/12\/gorenje-life-simplified-blog-life-simplified-logo.jpg","contentUrl":"https:\/\/lifesimplified.gorenje.com\/wp-content\/uploads\/2019\/12\/gorenje-life-simplified-blog-life-simplified-logo.jpg","width":2169,"height":1223,"caption":"Gorenje"},"image":{"@id":"https:\/\/lifesimplified.gorenje.com\/se\/#\/schema\/logo\/image\/"},"sameAs":["https:\/\/www.facebook.com\/gorenje.SLO\/","https:\/\/www.instagram.com\/gorenje_slovenija\/","https:\/\/www.youtube.com\/user\/gorenjesi"]}]}},"_links":{"self":[{"href":"https:\/\/lifesimplified.gorenje.com\/se\/wp-json\/wp\/v2\/pages\/33975","targetHints":{"allow":["GET"]}}],"collection":[{"href":"https:\/\/lifesimplified.gorenje.com\/se\/wp-json\/wp\/v2\/pages"}],"about":[{"href":"https:\/\/lifesimplified.gorenje.com\/se\/wp-json\/wp\/v2\/types\/page"}],"author":[{"embeddable":true,"href":"https:\/\/lifesimplified.gorenje.com\/se\/wp-json\/wp\/v2\/users\/1"}],"replies":[{"embeddable":true,"href":"https:\/\/lifesimplified.gorenje.com\/se\/wp-json\/wp\/v2\/comments?post=33975"}],"version-history":[{"count":2,"href":"https:\/\/lifesimplified.gorenje.com\/se\/wp-json\/wp\/v2\/pages\/33975\/revisions"}],"predecessor-version":[{"id":33977,"href":"https:\/\/lifesimplified.gorenje.com\/se\/wp-json\/wp\/v2\/pages\/33975\/revisions\/33977"}],"wp:attachment":[{"href":"https:\/\/lifesimplified.gorenje.com\/se\/wp-json\/wp\/v2\/media?parent=33975"}],"curies":[{"name":"wp","href":"https:\/\/api.w.org\/{rel}","templated":true}]}}