{"id":5869,"date":"2018-09-20T14:13:13","date_gmt":"2018-09-20T14:13:13","guid":{"rendered":"https:\/\/lifesimplified.gorenje.com\/story-of-life-simplified-with-gorenje-products\/"},"modified":"2020-12-02T08:46:43","modified_gmt":"2020-12-02T08:46:43","slug":"story-of-life-simplified-with-gorenje-products","status":"publish","type":"page","link":"https:\/\/lifesimplified.gorenje.com\/rs\/story-of-life-simplified-with-gorenje-products\/","title":{"rendered":"Oma\u017e jednostavnijem \u017eivotu"},"content":{"rendered":"<p>Veoma smo strastveni u te\u017enji ka manjoj kompleksnosti \u017eivljenja kako bismo u\u017eivali u vi\u0161e toplih momenata koji su autenti\u010dni i koji nam zna\u010de. Osmi\u0161ljena od strane zajednice entuzijasta po pitanju jednostavnosti, koja pru\u017ea kreativne ideje, inspirativne misli i korisne alate kako bismo postali mesto koje biste prvo posetili u va\u0161oj te\u017enji da sami \u2018projektujete \u017eivot koji \u017eelite da \u017eivite\u2019.<br \/>\n<strong>Prigrli jednostavnost. Prigrli \u017eivot.<\/strong><\/p>\n<p><strong>\u00a0<\/strong><\/p>\n","protected":false},"excerpt":{"rendered":"<p>Veoma smo strastveni u te\u017enji ka manjoj kompleksnosti \u017eivljenja kako bismo u\u017eivali u vi\u0161e toplih momenata koji su autenti\u010dni i koji nam zna\u010de. Osmi\u0161ljena od strane zajednice entuzijasta po pitanju jednostavnosti, koja pru\u017ea kreativne ideje, inspirativne misli i korisne alate kako bismo postali mesto koje biste prvo posetili u va\u0161oj te\u017enji da sami \u2018projektujete \u017eivot&#8230;<\/p>\n","protected":false},"author":1,"featured_media":5871,"parent":0,"menu_order":0,"comment_status":"closed","ping_status":"closed","template":"","meta":{"footnotes":""},"class_list":["post-5869","page","type-page","status-publish","has-post-thumbnail","hentry","has-post-video"],"yoast_head":"<!-- This site is optimized with the Yoast SEO plugin v27.1.1 - https:\/\/yoast.com\/product\/yoast-seo-wordpress\/ -->\n<title>Oma\u017e jednostavnijem \u017eivotu | Life Simplified<\/title>\n<meta name=\"robots\" content=\"index, follow, max-snippet:-1, max-image-preview:large, max-video-preview:-1\" \/>\n<link rel=\"canonical\" href=\"https:\/\/lifesimplified.gorenje.com\/rs\/story-of-life-simplified-with-gorenje-products\/\" \/>\n<meta property=\"og:locale\" content=\"en_US\" \/>\n<meta property=\"og:type\" content=\"article\" \/>\n<meta property=\"og:title\" content=\"Oma\u017e jednostavnijem \u017eivotu | Life Simplified\" \/>\n<meta property=\"og:description\" content=\"Veoma smo strastveni u te\u017enji ka manjoj kompleksnosti \u017eivljenja kako bismo u\u017eivali u vi\u0161e toplih momenata koji su autenti\u010dni i koji nam zna\u010de. Osmi\u0161ljena od strane zajednice entuzijasta po pitanju jednostavnosti, koja pru\u017ea kreativne ideje, inspirativne misli i korisne alate kako bismo postali mesto koje biste prvo posetili u va\u0161oj te\u017enji da sami \u2018projektujete \u017eivot...\" \/>\n<meta property=\"og:url\" content=\"https:\/\/lifesimplified.gorenje.com\/rs\/story-of-life-simplified-with-gorenje-products\/\" \/>\n<meta property=\"og:site_name\" content=\"Life Simplified\" \/>\n<meta property=\"article:publisher\" content=\"https:\/\/www.facebook.com\/gorenje.SLO\/\" \/>\n<meta property=\"article:modified_time\" content=\"2020-12-02T08:46:43+00:00\" \/>\n<meta property=\"og:image\" content=\"https:\/\/lifesimplified.gorenje.com\/wp-content\/uploads\/2019\/04\/gorenje_life_simplified_smartflex_motherdaughter_making_bubbles.jpg\" \/>\n\t<meta property=\"og:image:width\" content=\"1800\" \/>\n\t<meta property=\"og:image:height\" content=\"1200\" \/>\n\t<meta property=\"og:image:type\" content=\"image\/jpeg\" \/>\n<meta name=\"twitter:card\" content=\"summary_large_image\" \/>\n<script type=\"application\/ld+json\" class=\"yoast-schema-graph\">{\"@context\":\"https:\/\/schema.org\",\"@graph\":[{\"@type\":\"WebPage\",\"@id\":\"https:\/\/lifesimplified.gorenje.com\/rs\/story-of-life-simplified-with-gorenje-products\/\",\"url\":\"https:\/\/lifesimplified.gorenje.com\/rs\/story-of-life-simplified-with-gorenje-products\/\",\"name\":\"Oma\u017e jednostavnijem \u017eivotu | Life Simplified\",\"isPartOf\":{\"@id\":\"https:\/\/lifesimplified.gorenje.com\/rs\/#website\"},\"primaryImageOfPage\":{\"@id\":\"https:\/\/lifesimplified.gorenje.com\/rs\/story-of-life-simplified-with-gorenje-products\/#primaryimage\"},\"image\":{\"@id\":\"https:\/\/lifesimplified.gorenje.com\/rs\/story-of-life-simplified-with-gorenje-products\/#primaryimage\"},\"thumbnailUrl\":\"https:\/\/lifesimplified.gorenje.com\/wp-content\/uploads\/2019\/04\/gorenje_life_simplified_smartflex_motherdaughter_making_bubbles.jpg\",\"datePublished\":\"2018-09-20T14:13:13+00:00\",\"dateModified\":\"2020-12-02T08:46:43+00:00\",\"breadcrumb\":{\"@id\":\"https:\/\/lifesimplified.gorenje.com\/rs\/story-of-life-simplified-with-gorenje-products\/#breadcrumb\"},\"inLanguage\":\"rs\",\"potentialAction\":[{\"@type\":\"ReadAction\",\"target\":[\"https:\/\/lifesimplified.gorenje.com\/rs\/story-of-life-simplified-with-gorenje-products\/\"]}]},{\"@type\":\"ImageObject\",\"inLanguage\":\"rs\",\"@id\":\"https:\/\/lifesimplified.gorenje.com\/rs\/story-of-life-simplified-with-gorenje-products\/#primaryimage\",\"url\":\"https:\/\/lifesimplified.gorenje.com\/wp-content\/uploads\/2019\/04\/gorenje_life_simplified_smartflex_motherdaughter_making_bubbles.jpg\",\"contentUrl\":\"https:\/\/lifesimplified.gorenje.com\/wp-content\/uploads\/2019\/04\/gorenje_life_simplified_smartflex_motherdaughter_making_bubbles.jpg\",\"width\":1800,\"height\":1200},{\"@type\":\"BreadcrumbList\",\"@id\":\"https:\/\/lifesimplified.gorenje.com\/rs\/story-of-life-simplified-with-gorenje-products\/#breadcrumb\",\"itemListElement\":[{\"@type\":\"ListItem\",\"position\":1,\"name\":\"Home\",\"item\":\"https:\/\/lifesimplified.gorenje.com\/rs\/home\/\"},{\"@type\":\"ListItem\",\"position\":2,\"name\":\"Oma\u017e jednostavnijem \u017eivotu\"}]},{\"@type\":\"WebSite\",\"@id\":\"https:\/\/lifesimplified.gorenje.com\/rs\/#website\",\"url\":\"https:\/\/lifesimplified.gorenje.com\/rs\/\",\"name\":\"Life Simplified\",\"description\":\"Prigrli jednostavnost\",\"publisher\":{\"@id\":\"https:\/\/lifesimplified.gorenje.com\/rs\/#organization\"},\"potentialAction\":[{\"@type\":\"SearchAction\",\"target\":{\"@type\":\"EntryPoint\",\"urlTemplate\":\"https:\/\/lifesimplified.gorenje.com\/rs\/?s={search_term_string}\"},\"query-input\":{\"@type\":\"PropertyValueSpecification\",\"valueRequired\":true,\"valueName\":\"search_term_string\"}}],\"inLanguage\":\"rs\"},{\"@type\":\"Organization\",\"@id\":\"https:\/\/lifesimplified.gorenje.com\/rs\/#organization\",\"name\":\"Gorenje\",\"url\":\"https:\/\/lifesimplified.gorenje.com\/rs\/\",\"logo\":{\"@type\":\"ImageObject\",\"inLanguage\":\"rs\",\"@id\":\"https:\/\/lifesimplified.gorenje.com\/rs\/#\/schema\/logo\/image\/\",\"url\":\"https:\/\/lifesimplified.gorenje.com\/wp-content\/uploads\/2019\/12\/gorenje-life-simplified-blog-life-simplified-logo.jpg\",\"contentUrl\":\"https:\/\/lifesimplified.gorenje.com\/wp-content\/uploads\/2019\/12\/gorenje-life-simplified-blog-life-simplified-logo.jpg\",\"width\":2169,\"height\":1223,\"caption\":\"Gorenje\"},\"image\":{\"@id\":\"https:\/\/lifesimplified.gorenje.com\/rs\/#\/schema\/logo\/image\/\"},\"sameAs\":[\"https:\/\/www.facebook.com\/gorenje.SLO\/\",\"https:\/\/www.instagram.com\/gorenje_slovenija\/\",\"https:\/\/www.youtube.com\/user\/gorenjesi\"]}]}<\/script>\n<!-- \/ Yoast SEO plugin. -->","yoast_head_json":{"title":"Oma\u017e jednostavnijem \u017eivotu | Life Simplified","robots":{"index":"index","follow":"follow","max-snippet":"max-snippet:-1","max-image-preview":"max-image-preview:large","max-video-preview":"max-video-preview:-1"},"canonical":"https:\/\/lifesimplified.gorenje.com\/rs\/story-of-life-simplified-with-gorenje-products\/","og_locale":"en_US","og_type":"article","og_title":"Oma\u017e jednostavnijem \u017eivotu | Life Simplified","og_description":"Veoma smo strastveni u te\u017enji ka manjoj kompleksnosti \u017eivljenja kako bismo u\u017eivali u vi\u0161e toplih momenata koji su autenti\u010dni i koji nam zna\u010de. Osmi\u0161ljena od strane zajednice entuzijasta po pitanju jednostavnosti, koja pru\u017ea kreativne ideje, inspirativne misli i korisne alate kako bismo postali mesto koje biste prvo posetili u va\u0161oj te\u017enji da sami \u2018projektujete \u017eivot...","og_url":"https:\/\/lifesimplified.gorenje.com\/rs\/story-of-life-simplified-with-gorenje-products\/","og_site_name":"Life Simplified","article_publisher":"https:\/\/www.facebook.com\/gorenje.SLO\/","article_modified_time":"2020-12-02T08:46:43+00:00","og_image":[{"width":1800,"height":1200,"url":"https:\/\/lifesimplified.gorenje.com\/wp-content\/uploads\/2019\/04\/gorenje_life_simplified_smartflex_motherdaughter_making_bubbles.jpg","type":"image\/jpeg"}],"twitter_card":"summary_large_image","schema":{"@context":"https:\/\/schema.org","@graph":[{"@type":"WebPage","@id":"https:\/\/lifesimplified.gorenje.com\/rs\/story-of-life-simplified-with-gorenje-products\/","url":"https:\/\/lifesimplified.gorenje.com\/rs\/story-of-life-simplified-with-gorenje-products\/","name":"Oma\u017e jednostavnijem \u017eivotu | Life Simplified","isPartOf":{"@id":"https:\/\/lifesimplified.gorenje.com\/rs\/#website"},"primaryImageOfPage":{"@id":"https:\/\/lifesimplified.gorenje.com\/rs\/story-of-life-simplified-with-gorenje-products\/#primaryimage"},"image":{"@id":"https:\/\/lifesimplified.gorenje.com\/rs\/story-of-life-simplified-with-gorenje-products\/#primaryimage"},"thumbnailUrl":"https:\/\/lifesimplified.gorenje.com\/wp-content\/uploads\/2019\/04\/gorenje_life_simplified_smartflex_motherdaughter_making_bubbles.jpg","datePublished":"2018-09-20T14:13:13+00:00","dateModified":"2020-12-02T08:46:43+00:00","breadcrumb":{"@id":"https:\/\/lifesimplified.gorenje.com\/rs\/story-of-life-simplified-with-gorenje-products\/#breadcrumb"},"inLanguage":"rs","potentialAction":[{"@type":"ReadAction","target":["https:\/\/lifesimplified.gorenje.com\/rs\/story-of-life-simplified-with-gorenje-products\/"]}]},{"@type":"ImageObject","inLanguage":"rs","@id":"https:\/\/lifesimplified.gorenje.com\/rs\/story-of-life-simplified-with-gorenje-products\/#primaryimage","url":"https:\/\/lifesimplified.gorenje.com\/wp-content\/uploads\/2019\/04\/gorenje_life_simplified_smartflex_motherdaughter_making_bubbles.jpg","contentUrl":"https:\/\/lifesimplified.gorenje.com\/wp-content\/uploads\/2019\/04\/gorenje_life_simplified_smartflex_motherdaughter_making_bubbles.jpg","width":1800,"height":1200},{"@type":"BreadcrumbList","@id":"https:\/\/lifesimplified.gorenje.com\/rs\/story-of-life-simplified-with-gorenje-products\/#breadcrumb","itemListElement":[{"@type":"ListItem","position":1,"name":"Home","item":"https:\/\/lifesimplified.gorenje.com\/rs\/home\/"},{"@type":"ListItem","position":2,"name":"Oma\u017e jednostavnijem \u017eivotu"}]},{"@type":"WebSite","@id":"https:\/\/lifesimplified.gorenje.com\/rs\/#website","url":"https:\/\/lifesimplified.gorenje.com\/rs\/","name":"Life Simplified","description":"Prigrli jednostavnost","publisher":{"@id":"https:\/\/lifesimplified.gorenje.com\/rs\/#organization"},"potentialAction":[{"@type":"SearchAction","target":{"@type":"EntryPoint","urlTemplate":"https:\/\/lifesimplified.gorenje.com\/rs\/?s={search_term_string}"},"query-input":{"@type":"PropertyValueSpecification","valueRequired":true,"valueName":"search_term_string"}}],"inLanguage":"rs"},{"@type":"Organization","@id":"https:\/\/lifesimplified.gorenje.com\/rs\/#organization","name":"Gorenje","url":"https:\/\/lifesimplified.gorenje.com\/rs\/","logo":{"@type":"ImageObject","inLanguage":"rs","@id":"https:\/\/lifesimplified.gorenje.com\/rs\/#\/schema\/logo\/image\/","url":"https:\/\/lifesimplified.gorenje.com\/wp-content\/uploads\/2019\/12\/gorenje-life-simplified-blog-life-simplified-logo.jpg","contentUrl":"https:\/\/lifesimplified.gorenje.com\/wp-content\/uploads\/2019\/12\/gorenje-life-simplified-blog-life-simplified-logo.jpg","width":2169,"height":1223,"caption":"Gorenje"},"image":{"@id":"https:\/\/lifesimplified.gorenje.com\/rs\/#\/schema\/logo\/image\/"},"sameAs":["https:\/\/www.facebook.com\/gorenje.SLO\/","https:\/\/www.instagram.com\/gorenje_slovenija\/","https:\/\/www.youtube.com\/user\/gorenjesi"]}]}},"_links":{"self":[{"href":"https:\/\/lifesimplified.gorenje.com\/rs\/wp-json\/wp\/v2\/pages\/5869","targetHints":{"allow":["GET"]}}],"collection":[{"href":"https:\/\/lifesimplified.gorenje.com\/rs\/wp-json\/wp\/v2\/pages"}],"about":[{"href":"https:\/\/lifesimplified.gorenje.com\/rs\/wp-json\/wp\/v2\/types\/page"}],"author":[{"embeddable":true,"href":"https:\/\/lifesimplified.gorenje.com\/rs\/wp-json\/wp\/v2\/users\/1"}],"replies":[{"embeddable":true,"href":"https:\/\/lifesimplified.gorenje.com\/rs\/wp-json\/wp\/v2\/comments?post=5869"}],"version-history":[{"count":1,"href":"https:\/\/lifesimplified.gorenje.com\/rs\/wp-json\/wp\/v2\/pages\/5869\/revisions"}],"predecessor-version":[{"id":5872,"href":"https:\/\/lifesimplified.gorenje.com\/rs\/wp-json\/wp\/v2\/pages\/5869\/revisions\/5872"}],"wp:featuredmedia":[{"embeddable":true,"href":"https:\/\/lifesimplified.gorenje.com\/rs\/wp-json\/wp\/v2\/media\/5871"}],"wp:attachment":[{"href":"https:\/\/lifesimplified.gorenje.com\/rs\/wp-json\/wp\/v2\/media?parent=5869"}],"curies":[{"name":"wp","href":"https:\/\/api.w.org\/{rel}","templated":true}]}}