{"id":5866,"date":"2018-11-04T17:56:32","date_gmt":"2018-11-04T17:56:32","guid":{"rendered":"https:\/\/lifesimplified.gorenje.com\/o-piskotkih\/"},"modified":"2024-01-29T10:58:37","modified_gmt":"2024-01-29T10:58:37","slug":"o-piskotkih","status":"publish","type":"page","link":"https:\/\/lifesimplified.gorenje.com\/rs\/o-piskotkih\/","title":{"rendered":"O kola\u010di\u0107ima"},"content":{"rendered":"<h3>\u0160ta su to kola\u010di\u0107i?<\/h3>\n<p>Kola\u010di\u0107i su mali tekstualni fajlovi koji sadr\u017ee informacije o va\u0161oj poseti internet stranici.<\/p>\n<p>Kola\u010di\u0107i olak\u0161avaju i pojednostavljuju interakciju izme\u0111u korisnika i internet stranice. Omogu\u0107uju internet stranici da zapamti preferencije i aktivnosti pojedinca, time \u0161tede\u0107i vreme i doprinose\u0107i efikasnijoj i prakti\u010dnoj pretrazi.<\/p>\n<p>Prvi od mnogo razloga za upotrebu kola\u010di\u0107a je njihova sposobnost \u010duvanja informacija na pojedina\u010dnim internet stranicama (odabrani jezik, broj preuzimanja fajlova, veli\u010dina fonta, itd.). Pored toga, oni tako\u0111e omogu\u0107uju lak\u0161u implementaciju internet servisa (registraciju, sadr\u017eaj korpi pri kupovini, pretplate na e-vesti, reprodukciju video snimaka, itd.) i prikupljanje informacija o navikama internet korisnika (broj poseta, sadr\u017eaj interesantan za korisnike, itd.). Sve ovo nam poma\u017ee da unapredimo korisni\u010dko iskustvo kao i da procenimo efikasnost dizajna internet stranice.<\/p>\n<p>Nijedan od kola\u010di\u0107a koji se koriste na na\u0161oj internet stranici ne prikuplja informacije koje bi otkrile va\u0161 identitet.<\/p>\n<p>U svrhu transparentnosti, napravili smo listu svih kola\u010di\u0107a koje koristimo i njihovih svrha. Molimo vas imajte na umu da daljim kori\u0161\u0107enjem ove internet stranice pristajete na upotrebu navedenih kola\u010di\u0107a.<\/p>\n<h3>Koje kola\u010di\u0107e koristi ova internet stranica?<\/h3>\n<h4>Neophodno kola\u010di\u0107i<\/h4>\n<p>Kola\u010di\u0107i omogu\u0107uju prikaz sadr\u017eaja, formulara za kontakt, korpi za kupovinu i ostalih va\u017enih elemenata internet stranice. Ovi kola\u010di\u0107i su aktivni samo tokom sesije. Primer kola\u010di\u0107a: ASP.NET_SessionId.<\/p>\n<h4>Google<\/h4>\n<p>Google koristi kola\u010di\u0107e, na primer, kako bi zapamtio va\u0161e sa\u010duvane preferencije za pretragu, kako bi vam prikazao oglase koji su relevantniji za vas, kako bi prebrojao broj posetilaca stranice, kako bi vam pomogao da se prijavite na na\u0161e servise i da za\u0161titite va\u0161e podatke. <a href=\"https:\/\/www.google.com\/policies\/technologies\/cookies\/\">Vi\u0161e<\/a><\/p>\n<h4>Google analitika<\/h4>\n<p>Google Analytics (analitika) je servis koji nudi Google koji generi\u0161e detaljne statisti\u010dke podatke o prometu podataka i internet stranici i o izvorima prometa i meri konverzije i prodaje. Prikupljene informacije se ne mogu povezati sa pojedincem. Ti kola\u010di\u0107i se \u010duvaju 2 godine. Primer kola\u010di\u0107a: _ga, __utma, __utmb,__utmc, __utmz in __utmv. <a href=\"https:\/\/developers.google.com\/analytics\/devguides\/collection\/gajs\/cookie-usage?hl=en\">Vi\u0161e<\/a><\/p>\n<h4>YouTube<\/h4>\n<p>Ugra\u0111ujemo video snimke sa na\u0161eg zvani\u010dnog YouTube kanala koriste\u0107i re\u017eim napredne privatnosti koji nudi YouTube. Ovaj re\u017eim mo\u017ee podesiti kola\u010di\u0107e na va\u0161em ra\u010dunaru kada kliknete na YouTube video plejer, ali YouTube ne\u0107e sa\u010duvati va\u0161e li\u010dne informacije prilikom reprodukovanje ugra\u0111enih video snimaka zbog toga \u0161to se koristi re\u017eim napredne privatnosti. Ti kola\u010di\u0107i se \u010duvaju 10 godine. Primer kola\u010di\u0107a: Visitor_info1_Live, Use_Hitbox, SID, LOGIN_INFO, use_hotbox, PREF, SSID, HSID, watched_video_id_list, __utma, __utmz, demographics, VISITOR_INFO1_LIVE. <a href=\"https:\/\/www.google.si\/policies\/technologies\/cookies\/\">Vi\u0161e<\/a><\/p>\n<h4>Google Maps<\/h4>\n<p>Kola\u010di\u0107i povezani sa Google mapama se koriste za prikaz prakti\u010dne mape i obele\u017eenih lokacija. Ti kola\u010di\u0107i se \u010duvaju 10 godine. Primer kola\u010di\u0107a: SID, SAPISID, APISID, SSID, HSID, NID, PREF. <a href=\"https:\/\/www.google.si\/policies\/technologies\/cookies\/\">Vi\u0161e<\/a><\/p>\n<h4>AddThis<\/h4>\n<p>Kola\u010di\u0107i personalizuju iskustvo deljenja i interakcije sa dru\u0161tvenim mre\u017eama i bele\u017ee broj deljenja, lajkova i komentara. Ti kola\u010di\u0107i se \u010duvaju 10 godina. <a href=\"https:\/\/www.addthis.com\/privacy#.UbcaUqzDCZc\">Vi\u0161e<\/a><\/p>\n<h4>Facebook<\/h4>\n<p>Koristimo kola\u010di\u0107e za personalizovanje va\u0161e interakcije sa dru\u0161tvenom mre\u017eom Facebook. Ti kola\u010di\u0107i se \u010duvaju 5 godina. Primer kola\u010di\u0107a: act,locale, lu, datr, csm. <a href=\"https:\/\/www.facebook.com\/about\/privacy\/\">Vi\u0161e<\/a><\/p>\n<h4>Twitter<\/h4>\n<p>Koristimo kola\u010di\u0107e za personalizovanje va\u0161e interakcije sa dru\u0161tvenom mre\u017eom Twitter. Ti kola\u010di\u0107i se \u010duvaju 5 godina. Primer kola\u010di\u0107a: k, guest_id, auth_token_session, secure_session, twll, twitter_sess. <a href=\"https:\/\/twitter.com\/privacy\">Vi\u0161e<\/a><\/p>\n<h4>Pinterest<\/h4>\n<p>Koristimo kola\u010di\u0107e za personalizovanje va\u0161e interakcije sa dru\u0161tvenom mre\u017eom Pinterest. Ti kola\u010di\u0107i se \u010duvaju 45 godina. Primer kola\u010di\u0107a: component, _pinterest_sess_, viewParameter, element, csrftoken, viewType. <a href=\"https:\/\/about.pinterest.com\/privacy\/\">Vi\u0161e<\/a><\/p>\n<h4>Gemius<\/h4>\n<p>Implementacija tehni\u010dkog merenja rada MOSS i napredne mre\u017ene statistike. Vremenski neograni\u010den kola\u010di\u0107. Primer kola\u010di\u0107a: Gdyn. <a href=\"https:\/\/gemius.com\/privacy-policy\/\">Vi\u0161e<\/a><\/p>\n<h4>Double Click<\/h4>\n<p>DoubleClick koristi kola\u010di\u0107e za pobolj\u0161anje reklamiranja. Neke uobi\u010dajene primene su ciljano reklamiranje na osnovu onoga \u0161to je relevantno za korisnika, bolje izve\u0161tavanje o performansama kampanje i izbegavanje prikazivanja oglasa koje je korisnik ve\u0107 video. Ti kola\u010di\u0107i se \u010duvaju 10 godina. Primer kola\u010di\u0107a: _drt_, id. <a href=\"https:\/\/support.google.com\/adsense\/answer\/2839090?hl=en\">Vi\u0161e<\/a><\/p>\n<h3>Kako omogu\u0107iti ili onemogu\u0107iti kola\u010di\u0107e?<\/h3>\n<p>Ve\u0107ina savremenih pretra\u017eiva\u010da vam omogu\u0107uje da prihvatite ili odbijete sve kola\u010di\u0107e, da prihvatite ili odbijete pojedine vrste kola\u010di\u0107a ili da dobijete upozorenje kada internet stranica \u017eeli da sa\u010duva kola\u010di\u0107 na va\u0161em ure\u0111aju. Pored toga, mo\u017eete tako\u0111e obrisati kola\u010di\u0107e koje je pretra\u017eiva\u010d ve\u0107 sa\u010duvao na va\u0161em ure\u0111aju.<\/p>\n<p>Imajte na umu da ukoliko onemogu\u0107ite kola\u010di\u0107e, to mo\u017ee onemogu\u0107iti funkcionalnosti na internet stranici a svaki put kada posetite tu internet stranicu pojavi\u0107e se poruka o upotrebi kola\u010di\u0107a, \u0161to \u0107e na du\u017ei rok uticati na va\u0161 korisni\u010dki do\u017eivljaj.<\/p>\n<p>Promena pode\u0161avanja kola\u010di\u0107a se razlikuje kod svakog pretra\u017eiva\u010da. Mo\u017eete prona\u0107i detaljne informacije pritiskom na taster \u201cPomo\u0107\u201d, posetom stranice <a href=\"https:\/\/www.aboutcookies.org\/\">www.aboutcookies.org<\/a>, koja pru\u017ea podatke o izmeni pode\u0161avanja kola\u010di\u0107a kod svih savremenim pretra\u017eiva\u010da, ili nas kontaktirajte putem <a href=\"mailto:cookies@av-studio.si\">email<\/a>-a.<\/p>\n<h3>Obrada podataka o li\u010dnosti koje unesete u formulare na internet stranici i pretplata na e-novosti<\/h3>\n<p>Podaci koje unesete u formulare na internet stranici se koriste isklju\u010divo za preno\u0161enje poruke (upitnik, rezervacija, kupovina, itd.) ili pru\u017eanje usluge. Va\u0161i podaci su za\u0161ti\u0107eni i ne obelodanjuju se tre\u0107im stranama niti se koriste u bilo koje druge svrhe osim opisanih iznad.<br \/>\nPretplatom na e-novosti, saglasni ste sa tim da se va\u0161u email adresa mo\u017eemo koristiti da vas obavestimo o novim uslugama\/proizvodima. Mo\u017eete otkazati pretplatu u bilo kom trenutku pritiskom na link za otkazivanje pretplate (unsubscribe) u email-u.<\/p>\n<p>Google Analytics, DoubleClick i AddThis kola\u010di\u0107i se mogu onemogu\u0107iti pra\u0107enjem smernica datih u nastavku:<\/p>\n<p><a href=\"https:\/\/tools.google.com\/dlpage\/gaoptout?hl=en\">Google Analytics<\/a><br \/>\n<a href=\"https:\/\/www.google.com\/policies\/technologies\/ads\/\">Double Click<\/a><br \/>\n<a href=\"https:\/\/www.addthis.com\/privacy\/opt-out-saved#.UbmBr6zDCZd\">AddThis<\/a><\/p>\n<p>Za vi\u0161e informacija o kola\u010di\u0107ima, pogledati <a href=\"https:\/\/www.ico.org.uk\/\">Smernice poverenika za informacije<\/a>.<\/p>\n","protected":false},"excerpt":{"rendered":"<p>\u0160ta su to kola\u010di\u0107i? Kola\u010di\u0107i su mali tekstualni fajlovi koji sadr\u017ee informacije o va\u0161oj poseti internet stranici. Kola\u010di\u0107i olak\u0161avaju i pojednostavljuju interakciju izme\u0111u korisnika i internet stranice. Omogu\u0107uju internet stranici da zapamti preferencije i aktivnosti pojedinca, time \u0161tede\u0107i vreme i doprinose\u0107i efikasnijoj i prakti\u010dnoj pretrazi. Prvi od mnogo razloga za upotrebu kola\u010di\u0107a je njihova sposobnost&#8230;<\/p>\n","protected":false},"author":1,"featured_media":0,"parent":0,"menu_order":0,"comment_status":"closed","ping_status":"closed","template":"","meta":{"footnotes":""},"class_list":["post-5866","page","type-page","status-publish","hentry"],"yoast_head":"<!-- This site is optimized with the Yoast SEO plugin v27.1.1 - https:\/\/yoast.com\/product\/yoast-seo-wordpress\/ -->\n<title>O kola\u010di\u0107ima | Life Simplified<\/title>\n<meta name=\"robots\" content=\"index, follow, max-snippet:-1, max-image-preview:large, max-video-preview:-1\" \/>\n<link rel=\"canonical\" href=\"https:\/\/lifesimplified.gorenje.com\/rs\/o-piskotkih\/\" \/>\n<meta property=\"og:locale\" content=\"en_US\" \/>\n<meta property=\"og:type\" content=\"article\" \/>\n<meta property=\"og:title\" content=\"O kola\u010di\u0107ima | Life Simplified\" \/>\n<meta property=\"og:description\" content=\"\u0160ta su to kola\u010di\u0107i? Kola\u010di\u0107i su mali tekstualni fajlovi koji sadr\u017ee informacije o va\u0161oj poseti internet stranici. Kola\u010di\u0107i olak\u0161avaju i pojednostavljuju interakciju izme\u0111u korisnika i internet stranice. Omogu\u0107uju internet stranici da zapamti preferencije i aktivnosti pojedinca, time \u0161tede\u0107i vreme i doprinose\u0107i efikasnijoj i prakti\u010dnoj pretrazi. Prvi od mnogo razloga za upotrebu kola\u010di\u0107a je njihova sposobnost...\" \/>\n<meta property=\"og:url\" content=\"https:\/\/lifesimplified.gorenje.com\/rs\/o-piskotkih\/\" \/>\n<meta property=\"og:site_name\" content=\"Life Simplified\" \/>\n<meta property=\"article:publisher\" content=\"https:\/\/www.facebook.com\/gorenje.SLO\/\" \/>\n<meta property=\"article:modified_time\" content=\"2024-01-29T10:58:37+00:00\" \/>\n<meta property=\"og:image\" content=\"https:\/\/lifesimplified.gorenje.com\/wp-content\/uploads\/2019\/12\/gorenje-life-simplified-blog-life-simplified-logo.jpg\" \/>\n\t<meta property=\"og:image:width\" content=\"2169\" \/>\n\t<meta property=\"og:image:height\" content=\"1223\" \/>\n\t<meta property=\"og:image:type\" content=\"image\/jpeg\" \/>\n<meta name=\"twitter:card\" content=\"summary_large_image\" \/>\n<meta name=\"twitter:label1\" content=\"Est. reading time\" \/>\n\t<meta name=\"twitter:data1\" content=\"5 minutes\" \/>\n<script type=\"application\/ld+json\" class=\"yoast-schema-graph\">{\"@context\":\"https:\/\/schema.org\",\"@graph\":[{\"@type\":\"WebPage\",\"@id\":\"https:\/\/lifesimplified.gorenje.com\/rs\/o-piskotkih\/\",\"url\":\"https:\/\/lifesimplified.gorenje.com\/rs\/o-piskotkih\/\",\"name\":\"O kola\u010di\u0107ima | Life Simplified\",\"isPartOf\":{\"@id\":\"https:\/\/lifesimplified.gorenje.com\/rs\/#website\"},\"datePublished\":\"2018-11-04T17:56:32+00:00\",\"dateModified\":\"2024-01-29T10:58:37+00:00\",\"breadcrumb\":{\"@id\":\"https:\/\/lifesimplified.gorenje.com\/rs\/o-piskotkih\/#breadcrumb\"},\"inLanguage\":\"rs\",\"potentialAction\":[{\"@type\":\"ReadAction\",\"target\":[\"https:\/\/lifesimplified.gorenje.com\/rs\/o-piskotkih\/\"]}]},{\"@type\":\"BreadcrumbList\",\"@id\":\"https:\/\/lifesimplified.gorenje.com\/rs\/o-piskotkih\/#breadcrumb\",\"itemListElement\":[{\"@type\":\"ListItem\",\"position\":1,\"name\":\"Home\",\"item\":\"https:\/\/lifesimplified.gorenje.com\/rs\/home\/\"},{\"@type\":\"ListItem\",\"position\":2,\"name\":\"O kola\u010di\u0107ima\"}]},{\"@type\":\"WebSite\",\"@id\":\"https:\/\/lifesimplified.gorenje.com\/rs\/#website\",\"url\":\"https:\/\/lifesimplified.gorenje.com\/rs\/\",\"name\":\"Life Simplified\",\"description\":\"Prigrli jednostavnost\",\"publisher\":{\"@id\":\"https:\/\/lifesimplified.gorenje.com\/rs\/#organization\"},\"potentialAction\":[{\"@type\":\"SearchAction\",\"target\":{\"@type\":\"EntryPoint\",\"urlTemplate\":\"https:\/\/lifesimplified.gorenje.com\/rs\/?s={search_term_string}\"},\"query-input\":{\"@type\":\"PropertyValueSpecification\",\"valueRequired\":true,\"valueName\":\"search_term_string\"}}],\"inLanguage\":\"rs\"},{\"@type\":\"Organization\",\"@id\":\"https:\/\/lifesimplified.gorenje.com\/rs\/#organization\",\"name\":\"Gorenje\",\"url\":\"https:\/\/lifesimplified.gorenje.com\/rs\/\",\"logo\":{\"@type\":\"ImageObject\",\"inLanguage\":\"rs\",\"@id\":\"https:\/\/lifesimplified.gorenje.com\/rs\/#\/schema\/logo\/image\/\",\"url\":\"https:\/\/lifesimplified.gorenje.com\/wp-content\/uploads\/2019\/12\/gorenje-life-simplified-blog-life-simplified-logo.jpg\",\"contentUrl\":\"https:\/\/lifesimplified.gorenje.com\/wp-content\/uploads\/2019\/12\/gorenje-life-simplified-blog-life-simplified-logo.jpg\",\"width\":2169,\"height\":1223,\"caption\":\"Gorenje\"},\"image\":{\"@id\":\"https:\/\/lifesimplified.gorenje.com\/rs\/#\/schema\/logo\/image\/\"},\"sameAs\":[\"https:\/\/www.facebook.com\/gorenje.SLO\/\",\"https:\/\/www.instagram.com\/gorenje_slovenija\/\",\"https:\/\/www.youtube.com\/user\/gorenjesi\"]}]}<\/script>\n<!-- \/ Yoast SEO plugin. -->","yoast_head_json":{"title":"O kola\u010di\u0107ima | Life Simplified","robots":{"index":"index","follow":"follow","max-snippet":"max-snippet:-1","max-image-preview":"max-image-preview:large","max-video-preview":"max-video-preview:-1"},"canonical":"https:\/\/lifesimplified.gorenje.com\/rs\/o-piskotkih\/","og_locale":"en_US","og_type":"article","og_title":"O kola\u010di\u0107ima | Life Simplified","og_description":"\u0160ta su to kola\u010di\u0107i? Kola\u010di\u0107i su mali tekstualni fajlovi koji sadr\u017ee informacije o va\u0161oj poseti internet stranici. Kola\u010di\u0107i olak\u0161avaju i pojednostavljuju interakciju izme\u0111u korisnika i internet stranice. Omogu\u0107uju internet stranici da zapamti preferencije i aktivnosti pojedinca, time \u0161tede\u0107i vreme i doprinose\u0107i efikasnijoj i prakti\u010dnoj pretrazi. Prvi od mnogo razloga za upotrebu kola\u010di\u0107a je njihova sposobnost...","og_url":"https:\/\/lifesimplified.gorenje.com\/rs\/o-piskotkih\/","og_site_name":"Life Simplified","article_publisher":"https:\/\/www.facebook.com\/gorenje.SLO\/","article_modified_time":"2024-01-29T10:58:37+00:00","og_image":[{"width":2169,"height":1223,"url":"https:\/\/lifesimplified.gorenje.com\/wp-content\/uploads\/2019\/12\/gorenje-life-simplified-blog-life-simplified-logo.jpg","type":"image\/jpeg"}],"twitter_card":"summary_large_image","twitter_misc":{"Est. reading time":"5 minutes"},"schema":{"@context":"https:\/\/schema.org","@graph":[{"@type":"WebPage","@id":"https:\/\/lifesimplified.gorenje.com\/rs\/o-piskotkih\/","url":"https:\/\/lifesimplified.gorenje.com\/rs\/o-piskotkih\/","name":"O kola\u010di\u0107ima | Life Simplified","isPartOf":{"@id":"https:\/\/lifesimplified.gorenje.com\/rs\/#website"},"datePublished":"2018-11-04T17:56:32+00:00","dateModified":"2024-01-29T10:58:37+00:00","breadcrumb":{"@id":"https:\/\/lifesimplified.gorenje.com\/rs\/o-piskotkih\/#breadcrumb"},"inLanguage":"rs","potentialAction":[{"@type":"ReadAction","target":["https:\/\/lifesimplified.gorenje.com\/rs\/o-piskotkih\/"]}]},{"@type":"BreadcrumbList","@id":"https:\/\/lifesimplified.gorenje.com\/rs\/o-piskotkih\/#breadcrumb","itemListElement":[{"@type":"ListItem","position":1,"name":"Home","item":"https:\/\/lifesimplified.gorenje.com\/rs\/home\/"},{"@type":"ListItem","position":2,"name":"O kola\u010di\u0107ima"}]},{"@type":"WebSite","@id":"https:\/\/lifesimplified.gorenje.com\/rs\/#website","url":"https:\/\/lifesimplified.gorenje.com\/rs\/","name":"Life Simplified","description":"Prigrli jednostavnost","publisher":{"@id":"https:\/\/lifesimplified.gorenje.com\/rs\/#organization"},"potentialAction":[{"@type":"SearchAction","target":{"@type":"EntryPoint","urlTemplate":"https:\/\/lifesimplified.gorenje.com\/rs\/?s={search_term_string}"},"query-input":{"@type":"PropertyValueSpecification","valueRequired":true,"valueName":"search_term_string"}}],"inLanguage":"rs"},{"@type":"Organization","@id":"https:\/\/lifesimplified.gorenje.com\/rs\/#organization","name":"Gorenje","url":"https:\/\/lifesimplified.gorenje.com\/rs\/","logo":{"@type":"ImageObject","inLanguage":"rs","@id":"https:\/\/lifesimplified.gorenje.com\/rs\/#\/schema\/logo\/image\/","url":"https:\/\/lifesimplified.gorenje.com\/wp-content\/uploads\/2019\/12\/gorenje-life-simplified-blog-life-simplified-logo.jpg","contentUrl":"https:\/\/lifesimplified.gorenje.com\/wp-content\/uploads\/2019\/12\/gorenje-life-simplified-blog-life-simplified-logo.jpg","width":2169,"height":1223,"caption":"Gorenje"},"image":{"@id":"https:\/\/lifesimplified.gorenje.com\/rs\/#\/schema\/logo\/image\/"},"sameAs":["https:\/\/www.facebook.com\/gorenje.SLO\/","https:\/\/www.instagram.com\/gorenje_slovenija\/","https:\/\/www.youtube.com\/user\/gorenjesi"]}]}},"_links":{"self":[{"href":"https:\/\/lifesimplified.gorenje.com\/rs\/wp-json\/wp\/v2\/pages\/5866","targetHints":{"allow":["GET"]}}],"collection":[{"href":"https:\/\/lifesimplified.gorenje.com\/rs\/wp-json\/wp\/v2\/pages"}],"about":[{"href":"https:\/\/lifesimplified.gorenje.com\/rs\/wp-json\/wp\/v2\/types\/page"}],"author":[{"embeddable":true,"href":"https:\/\/lifesimplified.gorenje.com\/rs\/wp-json\/wp\/v2\/users\/1"}],"replies":[{"embeddable":true,"href":"https:\/\/lifesimplified.gorenje.com\/rs\/wp-json\/wp\/v2\/comments?post=5866"}],"version-history":[{"count":2,"href":"https:\/\/lifesimplified.gorenje.com\/rs\/wp-json\/wp\/v2\/pages\/5866\/revisions"}],"predecessor-version":[{"id":69324,"href":"https:\/\/lifesimplified.gorenje.com\/rs\/wp-json\/wp\/v2\/pages\/5866\/revisions\/69324"}],"wp:attachment":[{"href":"https:\/\/lifesimplified.gorenje.com\/rs\/wp-json\/wp\/v2\/media?parent=5866"}],"curies":[{"name":"wp","href":"https:\/\/api.w.org\/{rel}","templated":true}]}}