{"id":5863,"date":"2018-11-04T18:51:54","date_gmt":"2018-11-04T18:51:54","guid":{"rendered":"https:\/\/lifesimplified.gorenje.com\/about-life-simplified-blog\/"},"modified":"2020-12-02T08:45:29","modified_gmt":"2020-12-02T08:45:29","slug":"about-life-simplified-blog","status":"publish","type":"page","link":"https:\/\/lifesimplified.gorenje.com\/rs\/about-life-simplified-blog\/","title":{"rendered":"Blog &#8220;Jednostavniji \u017eivot&#8221;"},"content":{"rendered":"<p>Gorenje je vi\u0161e od ku\u0107nih aparata. Kao brend mi smo u srcu svakog doma i u svakodnevnom ku\u0107nom \u017eivotu. Zbog toga je na\u0161a misija da igramo va\u017enu ulogu da svakodnevni \u017eivot i sve one sitne poslove koje on nosi, u\u010dinimo malo lak\u0161im, manje komplikovanim i prijatnijim. Verujemo da svaka na\u0161a inovacija mora biti usmerena na pojednostavljivanje stvari, na to da sve one najve\u0107e prekretnice kao i najmanje svakodnevne trenutke, u\u010dini lak\u0161im.<\/p>\n<p>Blog o jednostavnijem \u017eivotu nudi savete i trikove, recepte i inspiraciju za dizajn enterijera svima kojima je potreban dodir jednostavnosti u njihovom \u017eivotu. Ukoliko tra\u017eite na\u010din da u\u0161tedite vreme i do\u0111ete do predaha u svakodnevnom \u017eivotu, na pravom ste mestu. Znamo da manje \u010desto mo\u017ee biti vi\u0161e, ali ne bavimo se minimalizmom. Mi se bavimo balansom. Malim stvarima koje pru\u017eaju velike rezultate: ukusna ve\u010dera, u\u0161tirkana ko\u0161ulja, prijatan dom, sre\u0107na porodica.<\/p>\n<p><strong>Prigrli jednostavnost. Prigrli \u017eivot.<\/strong><\/p>\n","protected":false},"excerpt":{"rendered":"<p>Gorenje je vi\u0161e od ku\u0107nih aparata. Kao brend mi smo u srcu svakog doma i u svakodnevnom ku\u0107nom \u017eivotu. Zbog toga je na\u0161a misija da igramo va\u017enu ulogu da svakodnevni \u017eivot i sve one sitne poslove koje on nosi, u\u010dinimo malo lak\u0161im, manje komplikovanim i prijatnijim. Verujemo da svaka na\u0161a inovacija mora biti usmerena na&#8230;<\/p>\n","protected":false},"author":1,"featured_media":0,"parent":0,"menu_order":0,"comment_status":"closed","ping_status":"closed","template":"","meta":{"footnotes":""},"class_list":["post-5863","page","type-page","status-publish","hentry"],"yoast_head":"<!-- This site is optimized with the Yoast SEO plugin v27.1.1 - https:\/\/yoast.com\/product\/yoast-seo-wordpress\/ -->\n<title>Blog &quot;Jednostavniji \u017eivot&quot; | Life Simplified<\/title>\n<meta name=\"robots\" content=\"index, follow, max-snippet:-1, max-image-preview:large, max-video-preview:-1\" \/>\n<link rel=\"canonical\" href=\"https:\/\/lifesimplified.gorenje.com\/rs\/about-life-simplified-blog\/\" \/>\n<meta property=\"og:locale\" content=\"en_US\" \/>\n<meta property=\"og:type\" content=\"article\" \/>\n<meta property=\"og:title\" content=\"Blog &quot;Jednostavniji \u017eivot&quot; | Life Simplified\" \/>\n<meta property=\"og:description\" content=\"Gorenje je vi\u0161e od ku\u0107nih aparata. Kao brend mi smo u srcu svakog doma i u svakodnevnom ku\u0107nom \u017eivotu. Zbog toga je na\u0161a misija da igramo va\u017enu ulogu da svakodnevni \u017eivot i sve one sitne poslove koje on nosi, u\u010dinimo malo lak\u0161im, manje komplikovanim i prijatnijim. Verujemo da svaka na\u0161a inovacija mora biti usmerena na...\" \/>\n<meta property=\"og:url\" content=\"https:\/\/lifesimplified.gorenje.com\/rs\/about-life-simplified-blog\/\" \/>\n<meta property=\"og:site_name\" content=\"Life Simplified\" \/>\n<meta property=\"article:publisher\" content=\"https:\/\/www.facebook.com\/gorenje.SLO\/\" \/>\n<meta property=\"article:modified_time\" content=\"2020-12-02T08:45:29+00:00\" \/>\n<meta property=\"og:image\" content=\"https:\/\/lifesimplified.gorenje.com\/wp-content\/uploads\/2019\/12\/gorenje-life-simplified-blog-life-simplified-logo.jpg\" \/>\n\t<meta property=\"og:image:width\" content=\"2169\" \/>\n\t<meta property=\"og:image:height\" content=\"1223\" \/>\n\t<meta property=\"og:image:type\" content=\"image\/jpeg\" \/>\n<meta name=\"twitter:card\" content=\"summary_large_image\" \/>\n<meta name=\"twitter:label1\" content=\"Est. reading time\" \/>\n\t<meta name=\"twitter:data1\" content=\"1 minute\" \/>\n<script type=\"application\/ld+json\" class=\"yoast-schema-graph\">{\"@context\":\"https:\/\/schema.org\",\"@graph\":[{\"@type\":\"WebPage\",\"@id\":\"https:\/\/lifesimplified.gorenje.com\/rs\/about-life-simplified-blog\/\",\"url\":\"https:\/\/lifesimplified.gorenje.com\/rs\/about-life-simplified-blog\/\",\"name\":\"Blog \\\"Jednostavniji \u017eivot\\\" | Life Simplified\",\"isPartOf\":{\"@id\":\"https:\/\/lifesimplified.gorenje.com\/rs\/#website\"},\"datePublished\":\"2018-11-04T18:51:54+00:00\",\"dateModified\":\"2020-12-02T08:45:29+00:00\",\"breadcrumb\":{\"@id\":\"https:\/\/lifesimplified.gorenje.com\/rs\/about-life-simplified-blog\/#breadcrumb\"},\"inLanguage\":\"rs\",\"potentialAction\":[{\"@type\":\"ReadAction\",\"target\":[\"https:\/\/lifesimplified.gorenje.com\/rs\/about-life-simplified-blog\/\"]}]},{\"@type\":\"BreadcrumbList\",\"@id\":\"https:\/\/lifesimplified.gorenje.com\/rs\/about-life-simplified-blog\/#breadcrumb\",\"itemListElement\":[{\"@type\":\"ListItem\",\"position\":1,\"name\":\"Home\",\"item\":\"https:\/\/lifesimplified.gorenje.com\/rs\/home\/\"},{\"@type\":\"ListItem\",\"position\":2,\"name\":\"Blog &#8220;Jednostavniji \u017eivot&#8221;\"}]},{\"@type\":\"WebSite\",\"@id\":\"https:\/\/lifesimplified.gorenje.com\/rs\/#website\",\"url\":\"https:\/\/lifesimplified.gorenje.com\/rs\/\",\"name\":\"Life Simplified\",\"description\":\"Prigrli jednostavnost\",\"publisher\":{\"@id\":\"https:\/\/lifesimplified.gorenje.com\/rs\/#organization\"},\"potentialAction\":[{\"@type\":\"SearchAction\",\"target\":{\"@type\":\"EntryPoint\",\"urlTemplate\":\"https:\/\/lifesimplified.gorenje.com\/rs\/?s={search_term_string}\"},\"query-input\":{\"@type\":\"PropertyValueSpecification\",\"valueRequired\":true,\"valueName\":\"search_term_string\"}}],\"inLanguage\":\"rs\"},{\"@type\":\"Organization\",\"@id\":\"https:\/\/lifesimplified.gorenje.com\/rs\/#organization\",\"name\":\"Gorenje\",\"url\":\"https:\/\/lifesimplified.gorenje.com\/rs\/\",\"logo\":{\"@type\":\"ImageObject\",\"inLanguage\":\"rs\",\"@id\":\"https:\/\/lifesimplified.gorenje.com\/rs\/#\/schema\/logo\/image\/\",\"url\":\"https:\/\/lifesimplified.gorenje.com\/wp-content\/uploads\/2019\/12\/gorenje-life-simplified-blog-life-simplified-logo.jpg\",\"contentUrl\":\"https:\/\/lifesimplified.gorenje.com\/wp-content\/uploads\/2019\/12\/gorenje-life-simplified-blog-life-simplified-logo.jpg\",\"width\":2169,\"height\":1223,\"caption\":\"Gorenje\"},\"image\":{\"@id\":\"https:\/\/lifesimplified.gorenje.com\/rs\/#\/schema\/logo\/image\/\"},\"sameAs\":[\"https:\/\/www.facebook.com\/gorenje.SLO\/\",\"https:\/\/www.instagram.com\/gorenje_slovenija\/\",\"https:\/\/www.youtube.com\/user\/gorenjesi\"]}]}<\/script>\n<!-- \/ Yoast SEO plugin. -->","yoast_head_json":{"title":"Blog \"Jednostavniji \u017eivot\" | Life Simplified","robots":{"index":"index","follow":"follow","max-snippet":"max-snippet:-1","max-image-preview":"max-image-preview:large","max-video-preview":"max-video-preview:-1"},"canonical":"https:\/\/lifesimplified.gorenje.com\/rs\/about-life-simplified-blog\/","og_locale":"en_US","og_type":"article","og_title":"Blog \"Jednostavniji \u017eivot\" | Life Simplified","og_description":"Gorenje je vi\u0161e od ku\u0107nih aparata. Kao brend mi smo u srcu svakog doma i u svakodnevnom ku\u0107nom \u017eivotu. Zbog toga je na\u0161a misija da igramo va\u017enu ulogu da svakodnevni \u017eivot i sve one sitne poslove koje on nosi, u\u010dinimo malo lak\u0161im, manje komplikovanim i prijatnijim. Verujemo da svaka na\u0161a inovacija mora biti usmerena na...","og_url":"https:\/\/lifesimplified.gorenje.com\/rs\/about-life-simplified-blog\/","og_site_name":"Life Simplified","article_publisher":"https:\/\/www.facebook.com\/gorenje.SLO\/","article_modified_time":"2020-12-02T08:45:29+00:00","og_image":[{"width":2169,"height":1223,"url":"https:\/\/lifesimplified.gorenje.com\/wp-content\/uploads\/2019\/12\/gorenje-life-simplified-blog-life-simplified-logo.jpg","type":"image\/jpeg"}],"twitter_card":"summary_large_image","twitter_misc":{"Est. reading time":"1 minute"},"schema":{"@context":"https:\/\/schema.org","@graph":[{"@type":"WebPage","@id":"https:\/\/lifesimplified.gorenje.com\/rs\/about-life-simplified-blog\/","url":"https:\/\/lifesimplified.gorenje.com\/rs\/about-life-simplified-blog\/","name":"Blog \"Jednostavniji \u017eivot\" | Life Simplified","isPartOf":{"@id":"https:\/\/lifesimplified.gorenje.com\/rs\/#website"},"datePublished":"2018-11-04T18:51:54+00:00","dateModified":"2020-12-02T08:45:29+00:00","breadcrumb":{"@id":"https:\/\/lifesimplified.gorenje.com\/rs\/about-life-simplified-blog\/#breadcrumb"},"inLanguage":"rs","potentialAction":[{"@type":"ReadAction","target":["https:\/\/lifesimplified.gorenje.com\/rs\/about-life-simplified-blog\/"]}]},{"@type":"BreadcrumbList","@id":"https:\/\/lifesimplified.gorenje.com\/rs\/about-life-simplified-blog\/#breadcrumb","itemListElement":[{"@type":"ListItem","position":1,"name":"Home","item":"https:\/\/lifesimplified.gorenje.com\/rs\/home\/"},{"@type":"ListItem","position":2,"name":"Blog &#8220;Jednostavniji \u017eivot&#8221;"}]},{"@type":"WebSite","@id":"https:\/\/lifesimplified.gorenje.com\/rs\/#website","url":"https:\/\/lifesimplified.gorenje.com\/rs\/","name":"Life Simplified","description":"Prigrli jednostavnost","publisher":{"@id":"https:\/\/lifesimplified.gorenje.com\/rs\/#organization"},"potentialAction":[{"@type":"SearchAction","target":{"@type":"EntryPoint","urlTemplate":"https:\/\/lifesimplified.gorenje.com\/rs\/?s={search_term_string}"},"query-input":{"@type":"PropertyValueSpecification","valueRequired":true,"valueName":"search_term_string"}}],"inLanguage":"rs"},{"@type":"Organization","@id":"https:\/\/lifesimplified.gorenje.com\/rs\/#organization","name":"Gorenje","url":"https:\/\/lifesimplified.gorenje.com\/rs\/","logo":{"@type":"ImageObject","inLanguage":"rs","@id":"https:\/\/lifesimplified.gorenje.com\/rs\/#\/schema\/logo\/image\/","url":"https:\/\/lifesimplified.gorenje.com\/wp-content\/uploads\/2019\/12\/gorenje-life-simplified-blog-life-simplified-logo.jpg","contentUrl":"https:\/\/lifesimplified.gorenje.com\/wp-content\/uploads\/2019\/12\/gorenje-life-simplified-blog-life-simplified-logo.jpg","width":2169,"height":1223,"caption":"Gorenje"},"image":{"@id":"https:\/\/lifesimplified.gorenje.com\/rs\/#\/schema\/logo\/image\/"},"sameAs":["https:\/\/www.facebook.com\/gorenje.SLO\/","https:\/\/www.instagram.com\/gorenje_slovenija\/","https:\/\/www.youtube.com\/user\/gorenjesi"]}]}},"_links":{"self":[{"href":"https:\/\/lifesimplified.gorenje.com\/rs\/wp-json\/wp\/v2\/pages\/5863","targetHints":{"allow":["GET"]}}],"collection":[{"href":"https:\/\/lifesimplified.gorenje.com\/rs\/wp-json\/wp\/v2\/pages"}],"about":[{"href":"https:\/\/lifesimplified.gorenje.com\/rs\/wp-json\/wp\/v2\/types\/page"}],"author":[{"embeddable":true,"href":"https:\/\/lifesimplified.gorenje.com\/rs\/wp-json\/wp\/v2\/users\/1"}],"replies":[{"embeddable":true,"href":"https:\/\/lifesimplified.gorenje.com\/rs\/wp-json\/wp\/v2\/comments?post=5863"}],"version-history":[{"count":1,"href":"https:\/\/lifesimplified.gorenje.com\/rs\/wp-json\/wp\/v2\/pages\/5863\/revisions"}],"predecessor-version":[{"id":5864,"href":"https:\/\/lifesimplified.gorenje.com\/rs\/wp-json\/wp\/v2\/pages\/5863\/revisions\/5864"}],"wp:attachment":[{"href":"https:\/\/lifesimplified.gorenje.com\/rs\/wp-json\/wp\/v2\/media?parent=5863"}],"curies":[{"name":"wp","href":"https:\/\/api.w.org\/{rel}","templated":true}]}}