{"id":57140,"date":"2018-10-11T07:47:12","date_gmt":"2018-10-11T07:47:12","guid":{"rendered":"https:\/\/lifesimplified.gorenje.com\/privacy\/"},"modified":"2023-03-23T07:34:32","modified_gmt":"2023-03-23T07:34:32","slug":"confidentialitate","status":"publish","type":"page","link":"https:\/\/lifesimplified.gorenje.com\/ro_md\/confidentialitate\/","title":{"rendered":"Confiden\u021bialitate"},"content":{"rendered":"<p>Gorenje d.d. se angajeaz\u0103 s\u0103 ofere un nivel adecvat de confiden\u021bialitate, disponibilitate \u0219i integritate a datelor cu caracter personal ale oric\u0103rei persoane vizate, utiliz\u00e2nd serviciile \u0219i solu\u021biile internet ale societ\u0103\u021bii.<\/p>\n<p>Colectarea datelor cu caracter personal \u0219i prelucrarea datelor cu caracter personal se vor efectua utiliz\u00e2nd m\u0103suri de securitate fizice \u0219i logice adecvate. \u00cen cazul \u00een care datele cu caracter personal sunt colectate \u0219i prelucrate pe baza consim\u021b\u0103m\u00e2ntului, datele sunt prelucrate p\u00e2n\u0103 c\u00e2nd persoana vizat\u0103 notific\u0103 societatea revoc\u00e2nd \u00een mod clar consim\u021b\u0103m\u00e2ntul din partea persoanei vizate.<br \/>\nDatele cu caracter personal colectate nu sunt transferate c\u0103tre nicio \u021bar\u0103 ter\u021b\u0103.<\/p>\n<p>Accesul la datele cu caracter personal este aprobat de societatea Gorenje d.d. \u0219i este acordat numai personalului autorizat. Nu se efectueaz\u0103 prelucr\u0103ri automatizate ale sau nu se creeaz\u0103 profiluri pe baza datelor cu caracter personal stocate.<\/p>\n<p>\u00cen cazul oric\u0103ror \u00eentreb\u0103ri suplimentare legate de operarea \u0219i prelucrarea datelor cu caracter personal, ne pute\u021bi trimite un e-mail la urm\u0103toarea adres\u0103 <a href=\"mailto:gdpr@gorenje.com\">gdpr@gorenje.com<\/a>.<\/p>\n<p>Pentru toate abuzurile legate de prelucrarea datelor cu caracter personal \u00een leg\u0103tur\u0103 cu prelucrarea \u0219i operarea datelor cu caracter personal de c\u0103tre Gorenje d.d., pute\u021bi contacta autoritatea competent\u0103 de protec\u021bie a datelor cu caracter personal:<\/p>\n<p>Republika Slovenija<br \/>\nInformacijski poobla\u0161\u010denec<br \/>\nZalo\u0161ka 59<br \/>\n1000 Ljubljana<\/p>\n<p>Phone: 01 230 97 30<br \/>\nFax: 01 230 97 78<br \/>\nE-mail: gp.ip(at)ip-rs.si<\/p>\n<p>Coordonator: Mojca Prelesnik, univ. dipl. prav., Comisar pentru informa\u021bii<\/p>\n","protected":false},"excerpt":{"rendered":"<p>Gorenje d.d. se angajeaz\u0103 s\u0103 ofere un nivel adecvat de confiden\u021bialitate, disponibilitate \u0219i integritate a datelor cu caracter personal ale oric\u0103rei persoane vizate, utiliz\u00e2nd serviciile \u0219i solu\u021biile internet ale societ\u0103\u021bii. Colectarea datelor cu caracter personal \u0219i prelucrarea datelor cu caracter personal se vor efectua utiliz\u00e2nd m\u0103suri de securitate fizice \u0219i logice adecvate. \u00cen cazul \u00een&#8230;<\/p>\n","protected":false},"author":1,"featured_media":0,"parent":0,"menu_order":0,"comment_status":"closed","ping_status":"closed","template":"","meta":{"footnotes":""},"class_list":["post-57140","page","type-page","status-publish","hentry"],"yoast_head":"<!-- This site is optimized with the Yoast SEO plugin v27.1.1 - https:\/\/yoast.com\/product\/yoast-seo-wordpress\/ -->\n<title>Confiden\u021bialitate | Life Simplified<\/title>\n<meta name=\"robots\" content=\"index, follow, max-snippet:-1, max-image-preview:large, max-video-preview:-1\" \/>\n<link rel=\"canonical\" href=\"https:\/\/lifesimplified.gorenje.com\/ro_md\/confidentialitate\/\" \/>\n<meta property=\"og:locale\" content=\"ro_RO\" \/>\n<meta property=\"og:type\" content=\"article\" \/>\n<meta property=\"og:title\" content=\"Confiden\u021bialitate | Life Simplified\" \/>\n<meta property=\"og:description\" content=\"Gorenje d.d. se angajeaz\u0103 s\u0103 ofere un nivel adecvat de confiden\u021bialitate, disponibilitate \u0219i integritate a datelor cu caracter personal ale oric\u0103rei persoane vizate, utiliz\u00e2nd serviciile \u0219i solu\u021biile internet ale societ\u0103\u021bii. Colectarea datelor cu caracter personal \u0219i prelucrarea datelor cu caracter personal se vor efectua utiliz\u00e2nd m\u0103suri de securitate fizice \u0219i logice adecvate. \u00cen cazul \u00een...\" \/>\n<meta property=\"og:url\" content=\"https:\/\/lifesimplified.gorenje.com\/ro_md\/confidentialitate\/\" \/>\n<meta property=\"og:site_name\" content=\"Life Simplified\" \/>\n<meta property=\"article:publisher\" content=\"https:\/\/www.facebook.com\/gorenje.SLO\/\" \/>\n<meta property=\"article:modified_time\" content=\"2023-03-23T07:34:32+00:00\" \/>\n<meta property=\"og:image\" content=\"https:\/\/lifesimplified.gorenje.com\/wp-content\/uploads\/2019\/12\/gorenje-life-simplified-blog-life-simplified-logo.jpg\" \/>\n\t<meta property=\"og:image:width\" content=\"2169\" \/>\n\t<meta property=\"og:image:height\" content=\"1223\" \/>\n\t<meta property=\"og:image:type\" content=\"image\/jpeg\" \/>\n<meta name=\"twitter:card\" content=\"summary_large_image\" \/>\n<meta name=\"twitter:label1\" content=\"Est. reading time\" \/>\n\t<meta name=\"twitter:data1\" content=\"1 minute\" \/>\n<script type=\"application\/ld+json\" class=\"yoast-schema-graph\">{\"@context\":\"https:\/\/schema.org\",\"@graph\":[{\"@type\":\"WebPage\",\"@id\":\"https:\/\/lifesimplified.gorenje.com\/ro_md\/confidentialitate\/\",\"url\":\"https:\/\/lifesimplified.gorenje.com\/ro_md\/confidentialitate\/\",\"name\":\"Confiden\u021bialitate | Life Simplified\",\"isPartOf\":{\"@id\":\"https:\/\/lifesimplified.gorenje.com\/ro_md\/#website\"},\"datePublished\":\"2018-10-11T07:47:12+00:00\",\"dateModified\":\"2023-03-23T07:34:32+00:00\",\"breadcrumb\":{\"@id\":\"https:\/\/lifesimplified.gorenje.com\/ro_md\/confidentialitate\/#breadcrumb\"},\"inLanguage\":\"ro-MD\",\"potentialAction\":[{\"@type\":\"ReadAction\",\"target\":[\"https:\/\/lifesimplified.gorenje.com\/ro_md\/confidentialitate\/\"]}]},{\"@type\":\"BreadcrumbList\",\"@id\":\"https:\/\/lifesimplified.gorenje.com\/ro_md\/confidentialitate\/#breadcrumb\",\"itemListElement\":[{\"@type\":\"ListItem\",\"position\":1,\"name\":\"Home\",\"item\":\"https:\/\/lifesimplified.gorenje.com\/ro_md\/home\/\"},{\"@type\":\"ListItem\",\"position\":2,\"name\":\"Confiden\u021bialitate\"}]},{\"@type\":\"WebSite\",\"@id\":\"https:\/\/lifesimplified.gorenje.com\/ro_md\/#website\",\"url\":\"https:\/\/lifesimplified.gorenje.com\/ro_md\/\",\"name\":\"Life Simplified\",\"description\":\"\u00cembr\u0103\u021bi\u0219a\u021bi simplitatea\",\"publisher\":{\"@id\":\"https:\/\/lifesimplified.gorenje.com\/ro_md\/#organization\"},\"potentialAction\":[{\"@type\":\"SearchAction\",\"target\":{\"@type\":\"EntryPoint\",\"urlTemplate\":\"https:\/\/lifesimplified.gorenje.com\/ro_md\/?s={search_term_string}\"},\"query-input\":{\"@type\":\"PropertyValueSpecification\",\"valueRequired\":true,\"valueName\":\"search_term_string\"}}],\"inLanguage\":\"ro-MD\"},{\"@type\":\"Organization\",\"@id\":\"https:\/\/lifesimplified.gorenje.com\/ro_md\/#organization\",\"name\":\"Gorenje\",\"url\":\"https:\/\/lifesimplified.gorenje.com\/ro_md\/\",\"logo\":{\"@type\":\"ImageObject\",\"inLanguage\":\"ro-MD\",\"@id\":\"https:\/\/lifesimplified.gorenje.com\/ro_md\/#\/schema\/logo\/image\/\",\"url\":\"https:\/\/lifesimplified.gorenje.com\/wp-content\/uploads\/2019\/12\/gorenje-life-simplified-blog-life-simplified-logo.jpg\",\"contentUrl\":\"https:\/\/lifesimplified.gorenje.com\/wp-content\/uploads\/2019\/12\/gorenje-life-simplified-blog-life-simplified-logo.jpg\",\"width\":2169,\"height\":1223,\"caption\":\"Gorenje\"},\"image\":{\"@id\":\"https:\/\/lifesimplified.gorenje.com\/ro_md\/#\/schema\/logo\/image\/\"},\"sameAs\":[\"https:\/\/www.facebook.com\/gorenje.SLO\/\",\"https:\/\/www.instagram.com\/gorenje_slovenija\/\",\"https:\/\/www.youtube.com\/user\/gorenjesi\"]}]}<\/script>\n<!-- \/ Yoast SEO plugin. -->","yoast_head_json":{"title":"Confiden\u021bialitate | Life Simplified","robots":{"index":"index","follow":"follow","max-snippet":"max-snippet:-1","max-image-preview":"max-image-preview:large","max-video-preview":"max-video-preview:-1"},"canonical":"https:\/\/lifesimplified.gorenje.com\/ro_md\/confidentialitate\/","og_locale":"ro_RO","og_type":"article","og_title":"Confiden\u021bialitate | Life Simplified","og_description":"Gorenje d.d. se angajeaz\u0103 s\u0103 ofere un nivel adecvat de confiden\u021bialitate, disponibilitate \u0219i integritate a datelor cu caracter personal ale oric\u0103rei persoane vizate, utiliz\u00e2nd serviciile \u0219i solu\u021biile internet ale societ\u0103\u021bii. Colectarea datelor cu caracter personal \u0219i prelucrarea datelor cu caracter personal se vor efectua utiliz\u00e2nd m\u0103suri de securitate fizice \u0219i logice adecvate. \u00cen cazul \u00een...","og_url":"https:\/\/lifesimplified.gorenje.com\/ro_md\/confidentialitate\/","og_site_name":"Life Simplified","article_publisher":"https:\/\/www.facebook.com\/gorenje.SLO\/","article_modified_time":"2023-03-23T07:34:32+00:00","og_image":[{"width":2169,"height":1223,"url":"https:\/\/lifesimplified.gorenje.com\/wp-content\/uploads\/2019\/12\/gorenje-life-simplified-blog-life-simplified-logo.jpg","type":"image\/jpeg"}],"twitter_card":"summary_large_image","twitter_misc":{"Est. reading time":"1 minute"},"schema":{"@context":"https:\/\/schema.org","@graph":[{"@type":"WebPage","@id":"https:\/\/lifesimplified.gorenje.com\/ro_md\/confidentialitate\/","url":"https:\/\/lifesimplified.gorenje.com\/ro_md\/confidentialitate\/","name":"Confiden\u021bialitate | Life Simplified","isPartOf":{"@id":"https:\/\/lifesimplified.gorenje.com\/ro_md\/#website"},"datePublished":"2018-10-11T07:47:12+00:00","dateModified":"2023-03-23T07:34:32+00:00","breadcrumb":{"@id":"https:\/\/lifesimplified.gorenje.com\/ro_md\/confidentialitate\/#breadcrumb"},"inLanguage":"ro-MD","potentialAction":[{"@type":"ReadAction","target":["https:\/\/lifesimplified.gorenje.com\/ro_md\/confidentialitate\/"]}]},{"@type":"BreadcrumbList","@id":"https:\/\/lifesimplified.gorenje.com\/ro_md\/confidentialitate\/#breadcrumb","itemListElement":[{"@type":"ListItem","position":1,"name":"Home","item":"https:\/\/lifesimplified.gorenje.com\/ro_md\/home\/"},{"@type":"ListItem","position":2,"name":"Confiden\u021bialitate"}]},{"@type":"WebSite","@id":"https:\/\/lifesimplified.gorenje.com\/ro_md\/#website","url":"https:\/\/lifesimplified.gorenje.com\/ro_md\/","name":"Life Simplified","description":"\u00cembr\u0103\u021bi\u0219a\u021bi simplitatea","publisher":{"@id":"https:\/\/lifesimplified.gorenje.com\/ro_md\/#organization"},"potentialAction":[{"@type":"SearchAction","target":{"@type":"EntryPoint","urlTemplate":"https:\/\/lifesimplified.gorenje.com\/ro_md\/?s={search_term_string}"},"query-input":{"@type":"PropertyValueSpecification","valueRequired":true,"valueName":"search_term_string"}}],"inLanguage":"ro-MD"},{"@type":"Organization","@id":"https:\/\/lifesimplified.gorenje.com\/ro_md\/#organization","name":"Gorenje","url":"https:\/\/lifesimplified.gorenje.com\/ro_md\/","logo":{"@type":"ImageObject","inLanguage":"ro-MD","@id":"https:\/\/lifesimplified.gorenje.com\/ro_md\/#\/schema\/logo\/image\/","url":"https:\/\/lifesimplified.gorenje.com\/wp-content\/uploads\/2019\/12\/gorenje-life-simplified-blog-life-simplified-logo.jpg","contentUrl":"https:\/\/lifesimplified.gorenje.com\/wp-content\/uploads\/2019\/12\/gorenje-life-simplified-blog-life-simplified-logo.jpg","width":2169,"height":1223,"caption":"Gorenje"},"image":{"@id":"https:\/\/lifesimplified.gorenje.com\/ro_md\/#\/schema\/logo\/image\/"},"sameAs":["https:\/\/www.facebook.com\/gorenje.SLO\/","https:\/\/www.instagram.com\/gorenje_slovenija\/","https:\/\/www.youtube.com\/user\/gorenjesi"]}]}},"_links":{"self":[{"href":"https:\/\/lifesimplified.gorenje.com\/ro_md\/wp-json\/wp\/v2\/pages\/57140","targetHints":{"allow":["GET"]}}],"collection":[{"href":"https:\/\/lifesimplified.gorenje.com\/ro_md\/wp-json\/wp\/v2\/pages"}],"about":[{"href":"https:\/\/lifesimplified.gorenje.com\/ro_md\/wp-json\/wp\/v2\/types\/page"}],"author":[{"embeddable":true,"href":"https:\/\/lifesimplified.gorenje.com\/ro_md\/wp-json\/wp\/v2\/users\/1"}],"replies":[{"embeddable":true,"href":"https:\/\/lifesimplified.gorenje.com\/ro_md\/wp-json\/wp\/v2\/comments?post=57140"}],"version-history":[{"count":2,"href":"https:\/\/lifesimplified.gorenje.com\/ro_md\/wp-json\/wp\/v2\/pages\/57140\/revisions"}],"predecessor-version":[{"id":57455,"href":"https:\/\/lifesimplified.gorenje.com\/ro_md\/wp-json\/wp\/v2\/pages\/57140\/revisions\/57455"}],"wp:attachment":[{"href":"https:\/\/lifesimplified.gorenje.com\/ro_md\/wp-json\/wp\/v2\/media?parent=57140"}],"curies":[{"name":"wp","href":"https:\/\/api.w.org\/{rel}","templated":true}]}}