{"id":57128,"date":"2018-10-24T17:46:26","date_gmt":"2018-10-24T17:46:26","guid":{"rendered":"https:\/\/lifesimplified.gorenje.com\/about-cookies\/"},"modified":"2023-03-23T07:35:24","modified_gmt":"2023-03-23T07:35:24","slug":"despre-modulele-cookie","status":"publish","type":"page","link":"https:\/\/lifesimplified.gorenje.com\/ro_md\/despre-modulele-cookie\/","title":{"rendered":"Despre modulele cookie"},"content":{"rendered":"<h3>Ce sunt modulele cookie?<\/h3>\n<p>Modulele cookie sunt mici fi\u0219iere text care con\u021bin informa\u021bii ob\u021binute din vizita dvs. pe site.<\/p>\n<p>Modulele cookie faciliteaz\u0103 \u0219i simplific\u0103 interac\u021biunea dintre utilizator \u0219i site-ul internet. Acestea permit site-ului internet s\u0103-\u0219i aminteasc\u0103 preferin\u021bele \u0219i activitatea persoanelor, economisind astfel timp \u0219i contribuind la o navigare mai eficient\u0103 \u0219i mai u\u0219oar\u0103.<\/p>\n<p>Primul dintre numeroasele motive pentru utilizarea modulelor cookie este capacitatea lor de a stoca informa\u021bii pe site-ul internet individual (selectarea limbii, num\u0103rul de acces\u0103ri, dimensiunea fontului etc.). \u00cen plus, acestea faciliteaz\u0103 implementarea serviciilor internet (\u00eenregistrare, con\u021binutul co\u0219ului de cump\u0103r\u0103turi, abonamente la buletine de \u0219tiri electronice, vizionarea clipurilor video etc.) \u0219i colectarea de informa\u021bii despre obiceiurile utilizatorilor internet (num\u0103r de vizite, con\u021binut interesant pentru utilizatori etc.). Toate acestea ne ajut\u0103 s\u0103 \u00eembun\u0103t\u0103\u021bim experien\u021ba utilizatorilor, precum \u0219i s\u0103 estim\u0103m eficien\u021ba proiect\u0103rii site-ului internet.<\/p>\n<p>Niciunul dintre modulele cookie utilizate pe site-urile noastre internet nu colecteaz\u0103 informa\u021bii care ar putea dezv\u0103lui identitatea dvs. personal\u0103.<\/p>\n<p>Pentru transparen\u021b\u0103, am alc\u0103tuit o list\u0103 cu toate modulele cookie pe care le folosim \u0219i cu scopurile acestora. Re\u021bine\u021bi c\u0103 prin utilizarea \u00een continuare a acestui site internet v\u0103 ar\u0103ta\u021bi acordul pentru utilizarea modulelor cookie enumerate.<\/p>\n<h3>Ce module cookie sunt utilizate de acest site internet?<\/h3>\n<h4>Module cookie strict necesare<\/h4>\n<p>Modulele cookie ne ajut\u0103 s\u0103 afi\u0219\u0103m con\u021binutul, formularele de contact, co\u0219urile de cump\u0103r\u0103turi \u0219i alte elemente esen\u021biale ale site-ului internet. Aceste module cookie sunt valabile numai \u00een timpul sesiunii. Un exemplu de module cookie: ASP.NET_SessionId.<\/p>\n<h4>Google<\/h4>\n<p>Google utilizeaz\u0103 module cookie, de exemplu pentru memora preferin\u021bele de c\u0103utare salvate, pentru a face mai relevante anun\u021burile pe care le vede\u021bi, pentru a num\u0103ra c\u00e2\u021bi vizitatori acceseaz\u0103 o pagin\u0103, pentru a v\u0103 ajuta s\u0103 v\u0103 \u00eenscrie\u021bi pentru serviciile noastre \u0219i pentru a v\u0103 proteja datele. <a href=\"https:\/\/www.google.com\/policies\/technologies\/cookies\/\">Afla\u021bi mai multe<\/a><\/p>\n<h4>Google Analytics<\/h4>\n<p>Google Analytics este un serviciu oferit de Google care genereaz\u0103 statistici detaliate despre traficul \u0219i sursele de trafic ale unui site internet \u0219i m\u0103soar\u0103 conversiile \u0219i v\u00e2nz\u0103rile. Informa\u021biile colectate nu permit identificarea personal\u0103. Aceste module cookie au o valabilitate de 2 ani. Un exemplu de module cookie: _ga, __utma, __utmb,__utmc, __utmz in __utmv. <a href=\"https:\/\/developers.google.com\/analytics\/devguides\/collection\/gajs\/cookie-usage?hl=en\">Afla\u021bi mai multe<\/a><\/p>\n<h4>YouTube<\/h4>\n<p>\u00cencorpor\u0103m clipuri video de pe canalul nostru oficial YouTube utiliz\u00e2nd modul \u00eembun\u0103t\u0103\u021bit de confiden\u021bialitate YouTube. Acest mod poate seta module cookie pe computerul dvs. dup\u0103 ce face\u021bi clic pe playerul video YouTube, dar YouTube nu va stoca informa\u021bii de module cookie care permit identificarea personal\u0103 pentru redarea videoclipurilor \u00eencorporate utiliz\u00e2nd modul \u00eembun\u0103t\u0103\u021bit de confiden\u021bialitate. Aceste module cookie au o valabilitate de 10 ani. Un exemplu de module cookie: Visitor_info1_Live, Use_Hitbox, SID, LOGIN_INFO, use_hotbox, PREF, SSID, HSID, watched_video_id_list, __utma, __utmz, demographics, VISITOR_INFO1_LIVE. <a href=\"https:\/\/www.google.si\/policies\/technologies\/cookies\/\">Afla\u021bi mai multe<\/a><\/p>\n<h4>Google Maps<\/h4>\n<p>Modulele cookie asociate Google Maps sunt utilizate pentru a afi\u0219a o hart\u0103 u\u0219or de utilizat \u0219i denumiri ale loca\u021biilor. Aceste module cookie au o valabilitate de 10 ani. Un exemplu de module cookie: SID, SAPISID, APISID, SSID, HSID, NID, PREF. <a href=\"https:\/\/www.google.si\/policies\/technologies\/cookies\/\">Afla\u021bi mai multe<\/a><\/p>\n<h4>AddThis<\/h4>\n<p>Modulele cookie personalizeaz\u0103 experien\u021ba de partajare \u0219i interac\u021biune cu re\u021belele sociale \u0219i \u00eenregistreaz\u0103 num\u0103rul de distribuiri, aprecieri \u0219i comentarii. Aceste module cookie au o valabilitate de 10 ani. <a href=\"https:\/\/www.addthis.com\/privacy#.UbcaUqzDCZc\">Afla\u021bi mai multe<\/a><\/p>\n<h4>Facebook<\/h4>\n<p>Folosim module cookie pentru a personaliza interac\u021biunea dvs. cu re\u021beaua social\u0103 Facebook. Aceste module cookie au o valabilitate de 5 ani. Un exemplu de module cookie: act, locale, lu, datr, csm. <a href=\"https:\/\/www.facebook.com\/about\/privacy\/\">Afla\u021bi mai multe<\/a><\/p>\n<h4>Twitter<\/h4>\n<p>Folosim module cookie pentru a personaliza interac\u021biunea dvs. cu re\u021beaua social\u0103 Twitter. Aceste module cookie au o valabilitate de 5 ani. Un exemplu de module cookie: k, guest_id, auth_token_session, secure_session, twll, twitter_sess. <a href=\"https:\/\/twitter.com\/privacy\">Afla\u021bi mai multe<\/a><\/p>\n<h4>Pinterest<\/h4>\n<p>Folosim module cookie pentru a personaliza interac\u021biunea dvs. cu re\u021beaua social\u0103 Pinterest. Aceste module cookie au o valabilitate de 45 ani. Un exemplu de module cookie: component, _pinterest_sess_, viewParameter, element, csrftoken, viewType. <a href=\"https:\/\/about.pinterest.com\/privacy\/\">Afla\u021bi mai multe<\/a><\/p>\n<h4>Gemius<\/h4>\n<p>Implementarea m\u0103sur\u0103rii lucr\u0103rilor tehnice MOSS \u0219i statistici internet avansate. Module cookie f\u0103r\u0103 limit\u0103 de timp. Un exemplu de module cookie: Gdyn. <a href=\"https:\/\/gemius.com\/pl\/privacy_policy\">Afla\u021bi mai multe<\/a><\/p>\n<h4>Double Click<\/h4>\n<p>DoubleClick folose\u0219te module cookie pentru a \u00eembun\u0103t\u0103\u021bi publicitatea. Printre utiliz\u0103rile obi\u0219nuite se num\u0103r\u0103 adaptarea con\u021binutului publicitar \u00een func\u021bie de ceea ce este relevant pentru un utilizator, \u00eembun\u0103t\u0103\u021birea raport\u0103rii privind performan\u021ba campaniei \u0219i evitarea afi\u0219\u0103rii de reclame pe care utilizatorul le-a v\u0103zut deja. Aceste module cookie au o valabilitate de 10 ani. Un exemplu de module cookie: _drt_, id. <a href=\"https:\/\/support.google.com\/adsense\/answer\/2839090?hl=en\">Afla\u021bi mai multe<\/a><\/p>\n<h3>Cum se activeaz\u0103 sau se dezactiveaz\u0103 modulele cookie?<\/h3>\n<p>Majoritatea browserelor moderne v\u0103 permit s\u0103 accepta\u021bi sau s\u0103 refuza\u021bi toate modulele cookie, s\u0103 accepta\u021bi sau s\u0103 refuza\u021bi anumite tipuri de module cookie sau s\u0103 fi\u021bi avertiza\u021bi c\u00e2nd un site internet dore\u0219te s\u0103 stocheze un modul cookie al dispozitivului dvs. \u00cen plus, pute\u021bi \u0219terge modulele cookie pe care browserul le-a stocat deja pe dispozitivul dvs.<\/p>\n<p>Re\u021bine\u021bi c\u0103, \u00een cazul \u00een care dezactiva\u021bi modulele cookie, func\u021bionalit\u0103\u021bile site-ului internet pot fi afectate, iar mesajul privind utilizarea modulelor cookie se va afi\u0219a la fiecare vizit\u0103, ceea ce va afecta pe termen lung experien\u021ba dvs. ca utilizator.<\/p>\n<p>Modificarea set\u0103rilor modulelor cookie difer\u0103 \u00een func\u021bie de browser. Pute\u021bi g\u0103si informa\u021bii detaliate f\u0103c\u00e2nd clic pe \u201eAjutor\u201d, vizit\u00e2nd <a href=\"https:\/\/www.aboutcookies.org\/\">www.aboutcookies.org<\/a>, care ofer\u0103 detalii despre modificarea set\u0103rilor modulelor cookie \u00een toate browserele moderne sau contact\u00e2ndu-ne prin <a href=\"mailto:cookies@av-studio.si\">e-mail<\/a>.<\/p>\n<h3>Prelucrarea datelor cu caracter personal pe care le introduce\u021bi \u00een formularele de pe site \u0219i abonamentul la buletinul de \u0219tiri electronic<\/h3>\n<p>Datele pe care le introduce\u021bi \u00een formularele de pe site-ul internet sunt utilizate exclusiv pentru a livra mesajul (solicitare de informa\u021bii, rezervare, cump\u0103rare etc.) sau a presta serviciul solicitat. Datele dvs. sunt protejate \u0219i nu sunt divulgate ter\u021bilor \u0219i nici nu sunt utilizate \u00een alte scopuri dec\u00e2t cele descrise mai sus.<\/p>\n<p>Abon\u00e2ndu-v\u0103 la buletinul de \u0219tiri electronic, sunte\u021bi de acord cu utilizarea adresei dvs. de e-mail pentru a v\u0103 informa despre noi servicii\/produse. V\u0103 pute\u021bi dezabona \u00een orice moment f\u0103c\u00e2nd clic pe linkul de dezabonare din e-mail.<\/p>\n<p>Modulele cookie Google Analytics, DoubleClick \u0219i AddThis pot fi dezactivate urm\u00e2nd instruc\u021biunile de mai jos:<br \/>\n<a href=\"https:\/\/tools.google.com\/dlpage\/gaoptout?hl=en\">Google Analytics<\/a><br \/>\n<a href=\"https:\/\/www.google.com\/policies\/technologies\/ads\/\">Double Click<\/a><br \/>\n<a href=\"https:\/\/www.addthis.com\/privacy\/opt-out-saved#.UbmBr6zDCZd\">AddThis<\/a><br \/>\nPentru mai multe informa\u021bii despre modulele cookie, consulta\u021bi <a href=\"https:\/\/www.ico.org.uk\/\">Ghidul comisarului pentru informa\u021bii<\/a>.<\/p>\n","protected":false},"excerpt":{"rendered":"<p>Ce sunt modulele cookie? Modulele cookie sunt mici fi\u0219iere text care con\u021bin informa\u021bii ob\u021binute din vizita dvs. pe site. Modulele cookie faciliteaz\u0103 \u0219i simplific\u0103 interac\u021biunea dintre utilizator \u0219i site-ul internet. Acestea permit site-ului internet s\u0103-\u0219i aminteasc\u0103 preferin\u021bele \u0219i activitatea persoanelor, economisind astfel timp \u0219i contribuind la o navigare mai eficient\u0103 \u0219i mai u\u0219oar\u0103. Primul dintre&#8230;<\/p>\n","protected":false},"author":1,"featured_media":0,"parent":0,"menu_order":0,"comment_status":"closed","ping_status":"closed","template":"","meta":{"footnotes":""},"class_list":["post-57128","page","type-page","status-publish","hentry"],"yoast_head":"<!-- This site is optimized with the Yoast SEO plugin v27.1.1 - https:\/\/yoast.com\/product\/yoast-seo-wordpress\/ -->\n<title>Despre modulele cookie | Life Simplified<\/title>\n<meta name=\"robots\" content=\"index, follow, max-snippet:-1, max-image-preview:large, max-video-preview:-1\" \/>\n<link rel=\"canonical\" href=\"https:\/\/lifesimplified.gorenje.com\/ro_md\/despre-modulele-cookie\/\" \/>\n<meta property=\"og:locale\" content=\"ro_RO\" \/>\n<meta property=\"og:type\" content=\"article\" \/>\n<meta property=\"og:title\" content=\"Despre modulele cookie | Life Simplified\" \/>\n<meta property=\"og:description\" content=\"Ce sunt modulele cookie? Modulele cookie sunt mici fi\u0219iere text care con\u021bin informa\u021bii ob\u021binute din vizita dvs. pe site. Modulele cookie faciliteaz\u0103 \u0219i simplific\u0103 interac\u021biunea dintre utilizator \u0219i site-ul internet. Acestea permit site-ului internet s\u0103-\u0219i aminteasc\u0103 preferin\u021bele \u0219i activitatea persoanelor, economisind astfel timp \u0219i contribuind la o navigare mai eficient\u0103 \u0219i mai u\u0219oar\u0103. Primul dintre...\" \/>\n<meta property=\"og:url\" content=\"https:\/\/lifesimplified.gorenje.com\/ro_md\/despre-modulele-cookie\/\" \/>\n<meta property=\"og:site_name\" content=\"Life Simplified\" \/>\n<meta property=\"article:publisher\" content=\"https:\/\/www.facebook.com\/gorenje.SLO\/\" \/>\n<meta property=\"article:modified_time\" content=\"2023-03-23T07:35:24+00:00\" \/>\n<meta property=\"og:image\" content=\"https:\/\/lifesimplified.gorenje.com\/wp-content\/uploads\/2019\/12\/gorenje-life-simplified-blog-life-simplified-logo.jpg\" \/>\n\t<meta property=\"og:image:width\" content=\"2169\" \/>\n\t<meta property=\"og:image:height\" content=\"1223\" \/>\n\t<meta property=\"og:image:type\" content=\"image\/jpeg\" \/>\n<meta name=\"twitter:card\" content=\"summary_large_image\" \/>\n<meta name=\"twitter:label1\" content=\"Est. reading time\" \/>\n\t<meta name=\"twitter:data1\" content=\"4 minutes\" \/>\n<script type=\"application\/ld+json\" class=\"yoast-schema-graph\">{\"@context\":\"https:\/\/schema.org\",\"@graph\":[{\"@type\":\"WebPage\",\"@id\":\"https:\/\/lifesimplified.gorenje.com\/ro_md\/despre-modulele-cookie\/\",\"url\":\"https:\/\/lifesimplified.gorenje.com\/ro_md\/despre-modulele-cookie\/\",\"name\":\"Despre modulele cookie | Life Simplified\",\"isPartOf\":{\"@id\":\"https:\/\/lifesimplified.gorenje.com\/ro_md\/#website\"},\"datePublished\":\"2018-10-24T17:46:26+00:00\",\"dateModified\":\"2023-03-23T07:35:24+00:00\",\"breadcrumb\":{\"@id\":\"https:\/\/lifesimplified.gorenje.com\/ro_md\/despre-modulele-cookie\/#breadcrumb\"},\"inLanguage\":\"ro-MD\",\"potentialAction\":[{\"@type\":\"ReadAction\",\"target\":[\"https:\/\/lifesimplified.gorenje.com\/ro_md\/despre-modulele-cookie\/\"]}]},{\"@type\":\"BreadcrumbList\",\"@id\":\"https:\/\/lifesimplified.gorenje.com\/ro_md\/despre-modulele-cookie\/#breadcrumb\",\"itemListElement\":[{\"@type\":\"ListItem\",\"position\":1,\"name\":\"Home\",\"item\":\"https:\/\/lifesimplified.gorenje.com\/ro_md\/home\/\"},{\"@type\":\"ListItem\",\"position\":2,\"name\":\"Despre modulele cookie\"}]},{\"@type\":\"WebSite\",\"@id\":\"https:\/\/lifesimplified.gorenje.com\/ro_md\/#website\",\"url\":\"https:\/\/lifesimplified.gorenje.com\/ro_md\/\",\"name\":\"Life Simplified\",\"description\":\"\u00cembr\u0103\u021bi\u0219a\u021bi simplitatea\",\"publisher\":{\"@id\":\"https:\/\/lifesimplified.gorenje.com\/ro_md\/#organization\"},\"potentialAction\":[{\"@type\":\"SearchAction\",\"target\":{\"@type\":\"EntryPoint\",\"urlTemplate\":\"https:\/\/lifesimplified.gorenje.com\/ro_md\/?s={search_term_string}\"},\"query-input\":{\"@type\":\"PropertyValueSpecification\",\"valueRequired\":true,\"valueName\":\"search_term_string\"}}],\"inLanguage\":\"ro-MD\"},{\"@type\":\"Organization\",\"@id\":\"https:\/\/lifesimplified.gorenje.com\/ro_md\/#organization\",\"name\":\"Gorenje\",\"url\":\"https:\/\/lifesimplified.gorenje.com\/ro_md\/\",\"logo\":{\"@type\":\"ImageObject\",\"inLanguage\":\"ro-MD\",\"@id\":\"https:\/\/lifesimplified.gorenje.com\/ro_md\/#\/schema\/logo\/image\/\",\"url\":\"https:\/\/lifesimplified.gorenje.com\/wp-content\/uploads\/2019\/12\/gorenje-life-simplified-blog-life-simplified-logo.jpg\",\"contentUrl\":\"https:\/\/lifesimplified.gorenje.com\/wp-content\/uploads\/2019\/12\/gorenje-life-simplified-blog-life-simplified-logo.jpg\",\"width\":2169,\"height\":1223,\"caption\":\"Gorenje\"},\"image\":{\"@id\":\"https:\/\/lifesimplified.gorenje.com\/ro_md\/#\/schema\/logo\/image\/\"},\"sameAs\":[\"https:\/\/www.facebook.com\/gorenje.SLO\/\",\"https:\/\/www.instagram.com\/gorenje_slovenija\/\",\"https:\/\/www.youtube.com\/user\/gorenjesi\"]}]}<\/script>\n<!-- \/ Yoast SEO plugin. -->","yoast_head_json":{"title":"Despre modulele cookie | Life Simplified","robots":{"index":"index","follow":"follow","max-snippet":"max-snippet:-1","max-image-preview":"max-image-preview:large","max-video-preview":"max-video-preview:-1"},"canonical":"https:\/\/lifesimplified.gorenje.com\/ro_md\/despre-modulele-cookie\/","og_locale":"ro_RO","og_type":"article","og_title":"Despre modulele cookie | Life Simplified","og_description":"Ce sunt modulele cookie? Modulele cookie sunt mici fi\u0219iere text care con\u021bin informa\u021bii ob\u021binute din vizita dvs. pe site. Modulele cookie faciliteaz\u0103 \u0219i simplific\u0103 interac\u021biunea dintre utilizator \u0219i site-ul internet. Acestea permit site-ului internet s\u0103-\u0219i aminteasc\u0103 preferin\u021bele \u0219i activitatea persoanelor, economisind astfel timp \u0219i contribuind la o navigare mai eficient\u0103 \u0219i mai u\u0219oar\u0103. Primul dintre...","og_url":"https:\/\/lifesimplified.gorenje.com\/ro_md\/despre-modulele-cookie\/","og_site_name":"Life Simplified","article_publisher":"https:\/\/www.facebook.com\/gorenje.SLO\/","article_modified_time":"2023-03-23T07:35:24+00:00","og_image":[{"width":2169,"height":1223,"url":"https:\/\/lifesimplified.gorenje.com\/wp-content\/uploads\/2019\/12\/gorenje-life-simplified-blog-life-simplified-logo.jpg","type":"image\/jpeg"}],"twitter_card":"summary_large_image","twitter_misc":{"Est. reading time":"4 minutes"},"schema":{"@context":"https:\/\/schema.org","@graph":[{"@type":"WebPage","@id":"https:\/\/lifesimplified.gorenje.com\/ro_md\/despre-modulele-cookie\/","url":"https:\/\/lifesimplified.gorenje.com\/ro_md\/despre-modulele-cookie\/","name":"Despre modulele cookie | Life Simplified","isPartOf":{"@id":"https:\/\/lifesimplified.gorenje.com\/ro_md\/#website"},"datePublished":"2018-10-24T17:46:26+00:00","dateModified":"2023-03-23T07:35:24+00:00","breadcrumb":{"@id":"https:\/\/lifesimplified.gorenje.com\/ro_md\/despre-modulele-cookie\/#breadcrumb"},"inLanguage":"ro-MD","potentialAction":[{"@type":"ReadAction","target":["https:\/\/lifesimplified.gorenje.com\/ro_md\/despre-modulele-cookie\/"]}]},{"@type":"BreadcrumbList","@id":"https:\/\/lifesimplified.gorenje.com\/ro_md\/despre-modulele-cookie\/#breadcrumb","itemListElement":[{"@type":"ListItem","position":1,"name":"Home","item":"https:\/\/lifesimplified.gorenje.com\/ro_md\/home\/"},{"@type":"ListItem","position":2,"name":"Despre modulele cookie"}]},{"@type":"WebSite","@id":"https:\/\/lifesimplified.gorenje.com\/ro_md\/#website","url":"https:\/\/lifesimplified.gorenje.com\/ro_md\/","name":"Life Simplified","description":"\u00cembr\u0103\u021bi\u0219a\u021bi simplitatea","publisher":{"@id":"https:\/\/lifesimplified.gorenje.com\/ro_md\/#organization"},"potentialAction":[{"@type":"SearchAction","target":{"@type":"EntryPoint","urlTemplate":"https:\/\/lifesimplified.gorenje.com\/ro_md\/?s={search_term_string}"},"query-input":{"@type":"PropertyValueSpecification","valueRequired":true,"valueName":"search_term_string"}}],"inLanguage":"ro-MD"},{"@type":"Organization","@id":"https:\/\/lifesimplified.gorenje.com\/ro_md\/#organization","name":"Gorenje","url":"https:\/\/lifesimplified.gorenje.com\/ro_md\/","logo":{"@type":"ImageObject","inLanguage":"ro-MD","@id":"https:\/\/lifesimplified.gorenje.com\/ro_md\/#\/schema\/logo\/image\/","url":"https:\/\/lifesimplified.gorenje.com\/wp-content\/uploads\/2019\/12\/gorenje-life-simplified-blog-life-simplified-logo.jpg","contentUrl":"https:\/\/lifesimplified.gorenje.com\/wp-content\/uploads\/2019\/12\/gorenje-life-simplified-blog-life-simplified-logo.jpg","width":2169,"height":1223,"caption":"Gorenje"},"image":{"@id":"https:\/\/lifesimplified.gorenje.com\/ro_md\/#\/schema\/logo\/image\/"},"sameAs":["https:\/\/www.facebook.com\/gorenje.SLO\/","https:\/\/www.instagram.com\/gorenje_slovenija\/","https:\/\/www.youtube.com\/user\/gorenjesi"]}]}},"_links":{"self":[{"href":"https:\/\/lifesimplified.gorenje.com\/ro_md\/wp-json\/wp\/v2\/pages\/57128","targetHints":{"allow":["GET"]}}],"collection":[{"href":"https:\/\/lifesimplified.gorenje.com\/ro_md\/wp-json\/wp\/v2\/pages"}],"about":[{"href":"https:\/\/lifesimplified.gorenje.com\/ro_md\/wp-json\/wp\/v2\/types\/page"}],"author":[{"embeddable":true,"href":"https:\/\/lifesimplified.gorenje.com\/ro_md\/wp-json\/wp\/v2\/users\/1"}],"replies":[{"embeddable":true,"href":"https:\/\/lifesimplified.gorenje.com\/ro_md\/wp-json\/wp\/v2\/comments?post=57128"}],"version-history":[{"count":2,"href":"https:\/\/lifesimplified.gorenje.com\/ro_md\/wp-json\/wp\/v2\/pages\/57128\/revisions"}],"predecessor-version":[{"id":57456,"href":"https:\/\/lifesimplified.gorenje.com\/ro_md\/wp-json\/wp\/v2\/pages\/57128\/revisions\/57456"}],"wp:attachment":[{"href":"https:\/\/lifesimplified.gorenje.com\/ro_md\/wp-json\/wp\/v2\/media?parent=57128"}],"curies":[{"name":"wp","href":"https:\/\/api.w.org\/{rel}","templated":true}]}}