{"id":14441,"date":"2018-09-20T14:13:13","date_gmt":"2018-09-20T14:13:13","guid":{"rendered":"https:\/\/lifesimplified.gorenje.com\/story-of-life-simplified-with-gorenje-products\/"},"modified":"2021-07-06T06:51:09","modified_gmt":"2021-07-06T06:51:09","slug":"un-omagiu-adus-unei-vieti-simplificate","status":"publish","type":"page","link":"https:\/\/lifesimplified.gorenje.com\/ro\/un-omagiu-adus-unei-vieti-simplificate\/","title":{"rendered":"Un omagiu adus unei vie\u021bi simplificate"},"content":{"rendered":"<p>Suntem pasiona\u021bi de reducerea complexit\u0103\u021bii vie\u021bii pentru a ne bucura de momente mai agreabile, autentice \u0219i semnificative. Creat de o comunitate de persoane pasionate de simplitate, care ofer\u0103 idei creative, g\u00e2nduri inspiratoare \u0219i instrumente utile pentru a deveni locul preferat care v\u0103 ajut\u0103 s\u0103 \u201eProiecta\u021bi via\u021ba pe care dori\u021bi s\u0103 o tr\u0103i\u021bi\u201d.<br \/>\n<strong>\u00cembr\u0103\u021bi\u0219a\u021bi simplitatea. \u00cembr\u0103\u021bi\u0219a\u021bi via\u021ba.<\/strong><\/p>\n","protected":false},"excerpt":{"rendered":"<p>Suntem pasiona\u021bi de reducerea complexit\u0103\u021bii vie\u021bii pentru a ne bucura de momente mai agreabile, autentice \u0219i semnificative. Creat de o comunitate de persoane pasionate de simplitate, care ofer\u0103 idei creative, g\u00e2nduri inspiratoare \u0219i instrumente utile pentru a deveni locul preferat care v\u0103 ajut\u0103 s\u0103 \u201eProiecta\u021bi via\u021ba pe care dori\u021bi s\u0103 o tr\u0103i\u021bi\u201d. \u00cembr\u0103\u021bi\u0219a\u021bi simplitatea. \u00cembr\u0103\u021bi\u0219a\u021bi&#8230;<\/p>\n","protected":false},"author":1,"featured_media":14443,"parent":0,"menu_order":0,"comment_status":"closed","ping_status":"closed","template":"","meta":{"footnotes":""},"class_list":["post-14441","page","type-page","status-publish","has-post-thumbnail","hentry","has-post-video"],"yoast_head":"<!-- This site is optimized with the Yoast SEO plugin v27.1.1 - https:\/\/yoast.com\/product\/yoast-seo-wordpress\/ -->\n<title>Un omagiu adus unei vie\u021bi simplificate | Life Simplified<\/title>\n<meta name=\"robots\" content=\"index, follow, max-snippet:-1, max-image-preview:large, max-video-preview:-1\" \/>\n<link rel=\"canonical\" href=\"https:\/\/lifesimplified.gorenje.com\/ro\/un-omagiu-adus-unei-vieti-simplificate\/\" \/>\n<meta property=\"og:locale\" content=\"ro_RO\" \/>\n<meta property=\"og:type\" content=\"article\" \/>\n<meta property=\"og:title\" content=\"Un omagiu adus unei vie\u021bi simplificate | Life Simplified\" \/>\n<meta property=\"og:description\" content=\"Suntem pasiona\u021bi de reducerea complexit\u0103\u021bii vie\u021bii pentru a ne bucura de momente mai agreabile, autentice \u0219i semnificative. Creat de o comunitate de persoane pasionate de simplitate, care ofer\u0103 idei creative, g\u00e2nduri inspiratoare \u0219i instrumente utile pentru a deveni locul preferat care v\u0103 ajut\u0103 s\u0103 \u201eProiecta\u021bi via\u021ba pe care dori\u021bi s\u0103 o tr\u0103i\u021bi\u201d. \u00cembr\u0103\u021bi\u0219a\u021bi simplitatea. \u00cembr\u0103\u021bi\u0219a\u021bi...\" \/>\n<meta property=\"og:url\" content=\"https:\/\/lifesimplified.gorenje.com\/ro\/un-omagiu-adus-unei-vieti-simplificate\/\" \/>\n<meta property=\"og:site_name\" content=\"Life Simplified\" \/>\n<meta property=\"article:publisher\" content=\"https:\/\/www.facebook.com\/gorenje.SLO\/\" \/>\n<meta property=\"article:modified_time\" content=\"2021-07-06T06:51:09+00:00\" \/>\n<meta property=\"og:image\" content=\"https:\/\/lifesimplified.gorenje.com\/wp-content\/uploads\/2019\/04\/gorenje_life_simplified_smartflex_motherdaughter_making_bubbles.jpg\" \/>\n\t<meta property=\"og:image:width\" content=\"1800\" \/>\n\t<meta property=\"og:image:height\" content=\"1200\" \/>\n\t<meta property=\"og:image:type\" content=\"image\/jpeg\" \/>\n<meta name=\"twitter:card\" content=\"summary_large_image\" \/>\n<script type=\"application\/ld+json\" class=\"yoast-schema-graph\">{\"@context\":\"https:\/\/schema.org\",\"@graph\":[{\"@type\":\"WebPage\",\"@id\":\"https:\/\/lifesimplified.gorenje.com\/ro\/un-omagiu-adus-unei-vieti-simplificate\/\",\"url\":\"https:\/\/lifesimplified.gorenje.com\/ro\/un-omagiu-adus-unei-vieti-simplificate\/\",\"name\":\"Un omagiu adus unei vie\u021bi simplificate | Life Simplified\",\"isPartOf\":{\"@id\":\"https:\/\/lifesimplified.gorenje.com\/ro\/#website\"},\"primaryImageOfPage\":{\"@id\":\"https:\/\/lifesimplified.gorenje.com\/ro\/un-omagiu-adus-unei-vieti-simplificate\/#primaryimage\"},\"image\":{\"@id\":\"https:\/\/lifesimplified.gorenje.com\/ro\/un-omagiu-adus-unei-vieti-simplificate\/#primaryimage\"},\"thumbnailUrl\":\"https:\/\/lifesimplified.gorenje.com\/wp-content\/uploads\/2019\/04\/gorenje_life_simplified_smartflex_motherdaughter_making_bubbles.jpg\",\"datePublished\":\"2018-09-20T14:13:13+00:00\",\"dateModified\":\"2021-07-06T06:51:09+00:00\",\"breadcrumb\":{\"@id\":\"https:\/\/lifesimplified.gorenje.com\/ro\/un-omagiu-adus-unei-vieti-simplificate\/#breadcrumb\"},\"inLanguage\":\"ro-RO\",\"potentialAction\":[{\"@type\":\"ReadAction\",\"target\":[\"https:\/\/lifesimplified.gorenje.com\/ro\/un-omagiu-adus-unei-vieti-simplificate\/\"]}]},{\"@type\":\"ImageObject\",\"inLanguage\":\"ro-RO\",\"@id\":\"https:\/\/lifesimplified.gorenje.com\/ro\/un-omagiu-adus-unei-vieti-simplificate\/#primaryimage\",\"url\":\"https:\/\/lifesimplified.gorenje.com\/wp-content\/uploads\/2019\/04\/gorenje_life_simplified_smartflex_motherdaughter_making_bubbles.jpg\",\"contentUrl\":\"https:\/\/lifesimplified.gorenje.com\/wp-content\/uploads\/2019\/04\/gorenje_life_simplified_smartflex_motherdaughter_making_bubbles.jpg\",\"width\":1800,\"height\":1200},{\"@type\":\"BreadcrumbList\",\"@id\":\"https:\/\/lifesimplified.gorenje.com\/ro\/un-omagiu-adus-unei-vieti-simplificate\/#breadcrumb\",\"itemListElement\":[{\"@type\":\"ListItem\",\"position\":1,\"name\":\"Home\",\"item\":\"https:\/\/lifesimplified.gorenje.com\/ro\/home\/\"},{\"@type\":\"ListItem\",\"position\":2,\"name\":\"Un omagiu adus unei vie\u021bi simplificate\"}]},{\"@type\":\"WebSite\",\"@id\":\"https:\/\/lifesimplified.gorenje.com\/ro\/#website\",\"url\":\"https:\/\/lifesimplified.gorenje.com\/ro\/\",\"name\":\"Life Simplified\",\"description\":\"\u00cembr\u0103\u021bi\u0219a\u021bi simplitatea\",\"publisher\":{\"@id\":\"https:\/\/lifesimplified.gorenje.com\/ro\/#organization\"},\"potentialAction\":[{\"@type\":\"SearchAction\",\"target\":{\"@type\":\"EntryPoint\",\"urlTemplate\":\"https:\/\/lifesimplified.gorenje.com\/ro\/?s={search_term_string}\"},\"query-input\":{\"@type\":\"PropertyValueSpecification\",\"valueRequired\":true,\"valueName\":\"search_term_string\"}}],\"inLanguage\":\"ro-RO\"},{\"@type\":\"Organization\",\"@id\":\"https:\/\/lifesimplified.gorenje.com\/ro\/#organization\",\"name\":\"Gorenje\",\"url\":\"https:\/\/lifesimplified.gorenje.com\/ro\/\",\"logo\":{\"@type\":\"ImageObject\",\"inLanguage\":\"ro-RO\",\"@id\":\"https:\/\/lifesimplified.gorenje.com\/ro\/#\/schema\/logo\/image\/\",\"url\":\"https:\/\/lifesimplified.gorenje.com\/wp-content\/uploads\/2019\/12\/gorenje-life-simplified-blog-life-simplified-logo.jpg\",\"contentUrl\":\"https:\/\/lifesimplified.gorenje.com\/wp-content\/uploads\/2019\/12\/gorenje-life-simplified-blog-life-simplified-logo.jpg\",\"width\":2169,\"height\":1223,\"caption\":\"Gorenje\"},\"image\":{\"@id\":\"https:\/\/lifesimplified.gorenje.com\/ro\/#\/schema\/logo\/image\/\"},\"sameAs\":[\"https:\/\/www.facebook.com\/gorenje.SLO\/\",\"https:\/\/www.instagram.com\/gorenje_slovenija\/\",\"https:\/\/www.youtube.com\/user\/gorenjesi\"]}]}<\/script>\n<!-- \/ Yoast SEO plugin. -->","yoast_head_json":{"title":"Un omagiu adus unei vie\u021bi simplificate | Life Simplified","robots":{"index":"index","follow":"follow","max-snippet":"max-snippet:-1","max-image-preview":"max-image-preview:large","max-video-preview":"max-video-preview:-1"},"canonical":"https:\/\/lifesimplified.gorenje.com\/ro\/un-omagiu-adus-unei-vieti-simplificate\/","og_locale":"ro_RO","og_type":"article","og_title":"Un omagiu adus unei vie\u021bi simplificate | Life Simplified","og_description":"Suntem pasiona\u021bi de reducerea complexit\u0103\u021bii vie\u021bii pentru a ne bucura de momente mai agreabile, autentice \u0219i semnificative. Creat de o comunitate de persoane pasionate de simplitate, care ofer\u0103 idei creative, g\u00e2nduri inspiratoare \u0219i instrumente utile pentru a deveni locul preferat care v\u0103 ajut\u0103 s\u0103 \u201eProiecta\u021bi via\u021ba pe care dori\u021bi s\u0103 o tr\u0103i\u021bi\u201d. \u00cembr\u0103\u021bi\u0219a\u021bi simplitatea. \u00cembr\u0103\u021bi\u0219a\u021bi...","og_url":"https:\/\/lifesimplified.gorenje.com\/ro\/un-omagiu-adus-unei-vieti-simplificate\/","og_site_name":"Life Simplified","article_publisher":"https:\/\/www.facebook.com\/gorenje.SLO\/","article_modified_time":"2021-07-06T06:51:09+00:00","og_image":[{"width":1800,"height":1200,"url":"https:\/\/lifesimplified.gorenje.com\/wp-content\/uploads\/2019\/04\/gorenje_life_simplified_smartflex_motherdaughter_making_bubbles.jpg","type":"image\/jpeg"}],"twitter_card":"summary_large_image","schema":{"@context":"https:\/\/schema.org","@graph":[{"@type":"WebPage","@id":"https:\/\/lifesimplified.gorenje.com\/ro\/un-omagiu-adus-unei-vieti-simplificate\/","url":"https:\/\/lifesimplified.gorenje.com\/ro\/un-omagiu-adus-unei-vieti-simplificate\/","name":"Un omagiu adus unei vie\u021bi simplificate | Life Simplified","isPartOf":{"@id":"https:\/\/lifesimplified.gorenje.com\/ro\/#website"},"primaryImageOfPage":{"@id":"https:\/\/lifesimplified.gorenje.com\/ro\/un-omagiu-adus-unei-vieti-simplificate\/#primaryimage"},"image":{"@id":"https:\/\/lifesimplified.gorenje.com\/ro\/un-omagiu-adus-unei-vieti-simplificate\/#primaryimage"},"thumbnailUrl":"https:\/\/lifesimplified.gorenje.com\/wp-content\/uploads\/2019\/04\/gorenje_life_simplified_smartflex_motherdaughter_making_bubbles.jpg","datePublished":"2018-09-20T14:13:13+00:00","dateModified":"2021-07-06T06:51:09+00:00","breadcrumb":{"@id":"https:\/\/lifesimplified.gorenje.com\/ro\/un-omagiu-adus-unei-vieti-simplificate\/#breadcrumb"},"inLanguage":"ro-RO","potentialAction":[{"@type":"ReadAction","target":["https:\/\/lifesimplified.gorenje.com\/ro\/un-omagiu-adus-unei-vieti-simplificate\/"]}]},{"@type":"ImageObject","inLanguage":"ro-RO","@id":"https:\/\/lifesimplified.gorenje.com\/ro\/un-omagiu-adus-unei-vieti-simplificate\/#primaryimage","url":"https:\/\/lifesimplified.gorenje.com\/wp-content\/uploads\/2019\/04\/gorenje_life_simplified_smartflex_motherdaughter_making_bubbles.jpg","contentUrl":"https:\/\/lifesimplified.gorenje.com\/wp-content\/uploads\/2019\/04\/gorenje_life_simplified_smartflex_motherdaughter_making_bubbles.jpg","width":1800,"height":1200},{"@type":"BreadcrumbList","@id":"https:\/\/lifesimplified.gorenje.com\/ro\/un-omagiu-adus-unei-vieti-simplificate\/#breadcrumb","itemListElement":[{"@type":"ListItem","position":1,"name":"Home","item":"https:\/\/lifesimplified.gorenje.com\/ro\/home\/"},{"@type":"ListItem","position":2,"name":"Un omagiu adus unei vie\u021bi simplificate"}]},{"@type":"WebSite","@id":"https:\/\/lifesimplified.gorenje.com\/ro\/#website","url":"https:\/\/lifesimplified.gorenje.com\/ro\/","name":"Life Simplified","description":"\u00cembr\u0103\u021bi\u0219a\u021bi simplitatea","publisher":{"@id":"https:\/\/lifesimplified.gorenje.com\/ro\/#organization"},"potentialAction":[{"@type":"SearchAction","target":{"@type":"EntryPoint","urlTemplate":"https:\/\/lifesimplified.gorenje.com\/ro\/?s={search_term_string}"},"query-input":{"@type":"PropertyValueSpecification","valueRequired":true,"valueName":"search_term_string"}}],"inLanguage":"ro-RO"},{"@type":"Organization","@id":"https:\/\/lifesimplified.gorenje.com\/ro\/#organization","name":"Gorenje","url":"https:\/\/lifesimplified.gorenje.com\/ro\/","logo":{"@type":"ImageObject","inLanguage":"ro-RO","@id":"https:\/\/lifesimplified.gorenje.com\/ro\/#\/schema\/logo\/image\/","url":"https:\/\/lifesimplified.gorenje.com\/wp-content\/uploads\/2019\/12\/gorenje-life-simplified-blog-life-simplified-logo.jpg","contentUrl":"https:\/\/lifesimplified.gorenje.com\/wp-content\/uploads\/2019\/12\/gorenje-life-simplified-blog-life-simplified-logo.jpg","width":2169,"height":1223,"caption":"Gorenje"},"image":{"@id":"https:\/\/lifesimplified.gorenje.com\/ro\/#\/schema\/logo\/image\/"},"sameAs":["https:\/\/www.facebook.com\/gorenje.SLO\/","https:\/\/www.instagram.com\/gorenje_slovenija\/","https:\/\/www.youtube.com\/user\/gorenjesi"]}]}},"_links":{"self":[{"href":"https:\/\/lifesimplified.gorenje.com\/ro\/wp-json\/wp\/v2\/pages\/14441","targetHints":{"allow":["GET"]}}],"collection":[{"href":"https:\/\/lifesimplified.gorenje.com\/ro\/wp-json\/wp\/v2\/pages"}],"about":[{"href":"https:\/\/lifesimplified.gorenje.com\/ro\/wp-json\/wp\/v2\/types\/page"}],"author":[{"embeddable":true,"href":"https:\/\/lifesimplified.gorenje.com\/ro\/wp-json\/wp\/v2\/users\/1"}],"replies":[{"embeddable":true,"href":"https:\/\/lifesimplified.gorenje.com\/ro\/wp-json\/wp\/v2\/comments?post=14441"}],"version-history":[{"count":1,"href":"https:\/\/lifesimplified.gorenje.com\/ro\/wp-json\/wp\/v2\/pages\/14441\/revisions"}],"predecessor-version":[{"id":14444,"href":"https:\/\/lifesimplified.gorenje.com\/ro\/wp-json\/wp\/v2\/pages\/14441\/revisions\/14444"}],"wp:featuredmedia":[{"embeddable":true,"href":"https:\/\/lifesimplified.gorenje.com\/ro\/wp-json\/wp\/v2\/media\/14443"}],"wp:attachment":[{"href":"https:\/\/lifesimplified.gorenje.com\/ro\/wp-json\/wp\/v2\/media?parent=14441"}],"curies":[{"name":"wp","href":"https:\/\/api.w.org\/{rel}","templated":true}]}}