{"id":14435,"date":"2018-11-04T18:51:54","date_gmt":"2018-11-04T18:51:54","guid":{"rendered":"https:\/\/lifesimplified.gorenje.com\/about-life-simplified-blog\/"},"modified":"2021-07-06T06:42:38","modified_gmt":"2021-07-06T06:42:38","slug":"blogul-life-simplified","status":"publish","type":"page","link":"https:\/\/lifesimplified.gorenje.com\/ro\/blogul-life-simplified\/","title":{"rendered":"Blogul Life simplified"},"content":{"rendered":"<p>Gorenje \u00eenseamn\u0103 mai mult dec\u00e2t electrocasnice. Ca brand, tr\u0103im \u00een inima casei \u0219i a vie\u021bii de zi cu zi. De aceea, misiunea noastr\u0103 este de a juca un rol vital \u00een a u\u0219ura, simplifica \u0219i a face mai pl\u0103cut\u0103 via\u021ba de zi cu zi \u0219i treburile pe care aceasta le implic\u0103. Credem c\u0103 fiecare inova\u021bie pe care o oferim trebuie s\u0103 aib\u0103 un scop de a simplifica, de a face mai line cele mai importante etape ale vie\u021bii sau cele mai mici momente de zi cu zi.<\/p>\n<p>Blogul Life Simplified ofer\u0103 sfaturi \u0219i trucuri, re\u021bete \u0219i inspira\u021bie pentru amenajarea spa\u021biilor interioare tuturor celor care au nevoie de o not\u0103 de simplitate \u00een via\u021ba lor. Dac\u0103 dori\u021bi s\u0103 crea\u021bi mai mult timp \u0219i spa\u021biu pentru relaxare \u00een ziua dvs., a\u021bi ajuns la locul potrivit. \u0218tim c\u0103 mai pu\u021bin poate fi adesea mai mult, dar nu ne intereseaz\u0103 minimalismul. Ne intereseaz\u0103 echilibrul. Micile schimb\u0103ri care ofer\u0103 cele mai bune rezultate: o cin\u0103 gustoas\u0103, o c\u0103ma\u0219\u0103 f\u0103r\u0103 cute, o cas\u0103 confortabil\u0103, o familie fericit\u0103.<\/p>\n<h4>\u00cembr\u0103\u021bi\u0219a\u021bi simplitatea. \u00cembr\u0103\u021bi\u0219a\u021bi via\u021ba.<\/h4>\n","protected":false},"excerpt":{"rendered":"<p>Gorenje \u00eenseamn\u0103 mai mult dec\u00e2t electrocasnice. Ca brand, tr\u0103im \u00een inima casei \u0219i a vie\u021bii de zi cu zi. De aceea, misiunea noastr\u0103 este de a juca un rol vital \u00een a u\u0219ura, simplifica \u0219i a face mai pl\u0103cut\u0103 via\u021ba de zi cu zi \u0219i treburile pe care aceasta le implic\u0103. Credem c\u0103 fiecare inova\u021bie&#8230;<\/p>\n","protected":false},"author":1,"featured_media":0,"parent":0,"menu_order":0,"comment_status":"closed","ping_status":"closed","template":"","meta":{"footnotes":""},"class_list":["post-14435","page","type-page","status-publish","hentry"],"yoast_head":"<!-- This site is optimized with the Yoast SEO plugin v27.1.1 - https:\/\/yoast.com\/product\/yoast-seo-wordpress\/ -->\n<title>Blogul Life simplified | Life Simplified<\/title>\n<meta name=\"robots\" content=\"index, follow, max-snippet:-1, max-image-preview:large, max-video-preview:-1\" \/>\n<link rel=\"canonical\" href=\"https:\/\/lifesimplified.gorenje.com\/ro\/blogul-life-simplified\/\" \/>\n<meta property=\"og:locale\" content=\"ro_RO\" \/>\n<meta property=\"og:type\" content=\"article\" \/>\n<meta property=\"og:title\" content=\"Blogul Life simplified | Life Simplified\" \/>\n<meta property=\"og:description\" content=\"Gorenje \u00eenseamn\u0103 mai mult dec\u00e2t electrocasnice. Ca brand, tr\u0103im \u00een inima casei \u0219i a vie\u021bii de zi cu zi. De aceea, misiunea noastr\u0103 este de a juca un rol vital \u00een a u\u0219ura, simplifica \u0219i a face mai pl\u0103cut\u0103 via\u021ba de zi cu zi \u0219i treburile pe care aceasta le implic\u0103. Credem c\u0103 fiecare inova\u021bie...\" \/>\n<meta property=\"og:url\" content=\"https:\/\/lifesimplified.gorenje.com\/ro\/blogul-life-simplified\/\" \/>\n<meta property=\"og:site_name\" content=\"Life Simplified\" \/>\n<meta property=\"article:publisher\" content=\"https:\/\/www.facebook.com\/gorenje.SLO\/\" \/>\n<meta property=\"article:modified_time\" content=\"2021-07-06T06:42:38+00:00\" \/>\n<meta property=\"og:image\" content=\"https:\/\/lifesimplified.gorenje.com\/wp-content\/uploads\/2019\/12\/gorenje-life-simplified-blog-life-simplified-logo.jpg\" \/>\n\t<meta property=\"og:image:width\" content=\"2169\" \/>\n\t<meta property=\"og:image:height\" content=\"1223\" \/>\n\t<meta property=\"og:image:type\" content=\"image\/jpeg\" \/>\n<meta name=\"twitter:card\" content=\"summary_large_image\" \/>\n<meta name=\"twitter:label1\" content=\"Timp estimat pentru citire\" \/>\n\t<meta name=\"twitter:data1\" content=\"1 minut\" \/>\n<script type=\"application\/ld+json\" class=\"yoast-schema-graph\">{\"@context\":\"https:\/\/schema.org\",\"@graph\":[{\"@type\":\"WebPage\",\"@id\":\"https:\/\/lifesimplified.gorenje.com\/ro\/blogul-life-simplified\/\",\"url\":\"https:\/\/lifesimplified.gorenje.com\/ro\/blogul-life-simplified\/\",\"name\":\"Blogul Life simplified | Life Simplified\",\"isPartOf\":{\"@id\":\"https:\/\/lifesimplified.gorenje.com\/ro\/#website\"},\"datePublished\":\"2018-11-04T18:51:54+00:00\",\"dateModified\":\"2021-07-06T06:42:38+00:00\",\"breadcrumb\":{\"@id\":\"https:\/\/lifesimplified.gorenje.com\/ro\/blogul-life-simplified\/#breadcrumb\"},\"inLanguage\":\"ro-RO\",\"potentialAction\":[{\"@type\":\"ReadAction\",\"target\":[\"https:\/\/lifesimplified.gorenje.com\/ro\/blogul-life-simplified\/\"]}]},{\"@type\":\"BreadcrumbList\",\"@id\":\"https:\/\/lifesimplified.gorenje.com\/ro\/blogul-life-simplified\/#breadcrumb\",\"itemListElement\":[{\"@type\":\"ListItem\",\"position\":1,\"name\":\"Home\",\"item\":\"https:\/\/lifesimplified.gorenje.com\/ro\/home\/\"},{\"@type\":\"ListItem\",\"position\":2,\"name\":\"Blogul Life simplified\"}]},{\"@type\":\"WebSite\",\"@id\":\"https:\/\/lifesimplified.gorenje.com\/ro\/#website\",\"url\":\"https:\/\/lifesimplified.gorenje.com\/ro\/\",\"name\":\"Life Simplified\",\"description\":\"\u00cembr\u0103\u021bi\u0219a\u021bi simplitatea\",\"publisher\":{\"@id\":\"https:\/\/lifesimplified.gorenje.com\/ro\/#organization\"},\"potentialAction\":[{\"@type\":\"SearchAction\",\"target\":{\"@type\":\"EntryPoint\",\"urlTemplate\":\"https:\/\/lifesimplified.gorenje.com\/ro\/?s={search_term_string}\"},\"query-input\":{\"@type\":\"PropertyValueSpecification\",\"valueRequired\":true,\"valueName\":\"search_term_string\"}}],\"inLanguage\":\"ro-RO\"},{\"@type\":\"Organization\",\"@id\":\"https:\/\/lifesimplified.gorenje.com\/ro\/#organization\",\"name\":\"Gorenje\",\"url\":\"https:\/\/lifesimplified.gorenje.com\/ro\/\",\"logo\":{\"@type\":\"ImageObject\",\"inLanguage\":\"ro-RO\",\"@id\":\"https:\/\/lifesimplified.gorenje.com\/ro\/#\/schema\/logo\/image\/\",\"url\":\"https:\/\/lifesimplified.gorenje.com\/wp-content\/uploads\/2019\/12\/gorenje-life-simplified-blog-life-simplified-logo.jpg\",\"contentUrl\":\"https:\/\/lifesimplified.gorenje.com\/wp-content\/uploads\/2019\/12\/gorenje-life-simplified-blog-life-simplified-logo.jpg\",\"width\":2169,\"height\":1223,\"caption\":\"Gorenje\"},\"image\":{\"@id\":\"https:\/\/lifesimplified.gorenje.com\/ro\/#\/schema\/logo\/image\/\"},\"sameAs\":[\"https:\/\/www.facebook.com\/gorenje.SLO\/\",\"https:\/\/www.instagram.com\/gorenje_slovenija\/\",\"https:\/\/www.youtube.com\/user\/gorenjesi\"]}]}<\/script>\n<!-- \/ Yoast SEO plugin. -->","yoast_head_json":{"title":"Blogul Life simplified | Life Simplified","robots":{"index":"index","follow":"follow","max-snippet":"max-snippet:-1","max-image-preview":"max-image-preview:large","max-video-preview":"max-video-preview:-1"},"canonical":"https:\/\/lifesimplified.gorenje.com\/ro\/blogul-life-simplified\/","og_locale":"ro_RO","og_type":"article","og_title":"Blogul Life simplified | Life Simplified","og_description":"Gorenje \u00eenseamn\u0103 mai mult dec\u00e2t electrocasnice. Ca brand, tr\u0103im \u00een inima casei \u0219i a vie\u021bii de zi cu zi. De aceea, misiunea noastr\u0103 este de a juca un rol vital \u00een a u\u0219ura, simplifica \u0219i a face mai pl\u0103cut\u0103 via\u021ba de zi cu zi \u0219i treburile pe care aceasta le implic\u0103. Credem c\u0103 fiecare inova\u021bie...","og_url":"https:\/\/lifesimplified.gorenje.com\/ro\/blogul-life-simplified\/","og_site_name":"Life Simplified","article_publisher":"https:\/\/www.facebook.com\/gorenje.SLO\/","article_modified_time":"2021-07-06T06:42:38+00:00","og_image":[{"width":2169,"height":1223,"url":"https:\/\/lifesimplified.gorenje.com\/wp-content\/uploads\/2019\/12\/gorenje-life-simplified-blog-life-simplified-logo.jpg","type":"image\/jpeg"}],"twitter_card":"summary_large_image","twitter_misc":{"Timp estimat pentru citire":"1 minut"},"schema":{"@context":"https:\/\/schema.org","@graph":[{"@type":"WebPage","@id":"https:\/\/lifesimplified.gorenje.com\/ro\/blogul-life-simplified\/","url":"https:\/\/lifesimplified.gorenje.com\/ro\/blogul-life-simplified\/","name":"Blogul Life simplified | Life Simplified","isPartOf":{"@id":"https:\/\/lifesimplified.gorenje.com\/ro\/#website"},"datePublished":"2018-11-04T18:51:54+00:00","dateModified":"2021-07-06T06:42:38+00:00","breadcrumb":{"@id":"https:\/\/lifesimplified.gorenje.com\/ro\/blogul-life-simplified\/#breadcrumb"},"inLanguage":"ro-RO","potentialAction":[{"@type":"ReadAction","target":["https:\/\/lifesimplified.gorenje.com\/ro\/blogul-life-simplified\/"]}]},{"@type":"BreadcrumbList","@id":"https:\/\/lifesimplified.gorenje.com\/ro\/blogul-life-simplified\/#breadcrumb","itemListElement":[{"@type":"ListItem","position":1,"name":"Home","item":"https:\/\/lifesimplified.gorenje.com\/ro\/home\/"},{"@type":"ListItem","position":2,"name":"Blogul Life simplified"}]},{"@type":"WebSite","@id":"https:\/\/lifesimplified.gorenje.com\/ro\/#website","url":"https:\/\/lifesimplified.gorenje.com\/ro\/","name":"Life Simplified","description":"\u00cembr\u0103\u021bi\u0219a\u021bi simplitatea","publisher":{"@id":"https:\/\/lifesimplified.gorenje.com\/ro\/#organization"},"potentialAction":[{"@type":"SearchAction","target":{"@type":"EntryPoint","urlTemplate":"https:\/\/lifesimplified.gorenje.com\/ro\/?s={search_term_string}"},"query-input":{"@type":"PropertyValueSpecification","valueRequired":true,"valueName":"search_term_string"}}],"inLanguage":"ro-RO"},{"@type":"Organization","@id":"https:\/\/lifesimplified.gorenje.com\/ro\/#organization","name":"Gorenje","url":"https:\/\/lifesimplified.gorenje.com\/ro\/","logo":{"@type":"ImageObject","inLanguage":"ro-RO","@id":"https:\/\/lifesimplified.gorenje.com\/ro\/#\/schema\/logo\/image\/","url":"https:\/\/lifesimplified.gorenje.com\/wp-content\/uploads\/2019\/12\/gorenje-life-simplified-blog-life-simplified-logo.jpg","contentUrl":"https:\/\/lifesimplified.gorenje.com\/wp-content\/uploads\/2019\/12\/gorenje-life-simplified-blog-life-simplified-logo.jpg","width":2169,"height":1223,"caption":"Gorenje"},"image":{"@id":"https:\/\/lifesimplified.gorenje.com\/ro\/#\/schema\/logo\/image\/"},"sameAs":["https:\/\/www.facebook.com\/gorenje.SLO\/","https:\/\/www.instagram.com\/gorenje_slovenija\/","https:\/\/www.youtube.com\/user\/gorenjesi"]}]}},"_links":{"self":[{"href":"https:\/\/lifesimplified.gorenje.com\/ro\/wp-json\/wp\/v2\/pages\/14435","targetHints":{"allow":["GET"]}}],"collection":[{"href":"https:\/\/lifesimplified.gorenje.com\/ro\/wp-json\/wp\/v2\/pages"}],"about":[{"href":"https:\/\/lifesimplified.gorenje.com\/ro\/wp-json\/wp\/v2\/types\/page"}],"author":[{"embeddable":true,"href":"https:\/\/lifesimplified.gorenje.com\/ro\/wp-json\/wp\/v2\/users\/1"}],"replies":[{"embeddable":true,"href":"https:\/\/lifesimplified.gorenje.com\/ro\/wp-json\/wp\/v2\/comments?post=14435"}],"version-history":[{"count":1,"href":"https:\/\/lifesimplified.gorenje.com\/ro\/wp-json\/wp\/v2\/pages\/14435\/revisions"}],"predecessor-version":[{"id":14436,"href":"https:\/\/lifesimplified.gorenje.com\/ro\/wp-json\/wp\/v2\/pages\/14435\/revisions\/14436"}],"wp:attachment":[{"href":"https:\/\/lifesimplified.gorenje.com\/ro\/wp-json\/wp\/v2\/media?parent=14435"}],"curies":[{"name":"wp","href":"https:\/\/api.w.org\/{rel}","templated":true}]}}