{"id":6405,"date":"2018-11-04T17:56:32","date_gmt":"2018-11-04T17:56:32","guid":{"rendered":"https:\/\/lifesimplified.gorenje.com\/o-piskotkih\/"},"modified":"2024-01-29T10:58:39","modified_gmt":"2024-01-29T10:58:39","slug":"about-cookies","status":"publish","type":"page","link":"https:\/\/lifesimplified.gorenje.com\/pl\/about-cookies\/","title":{"rendered":"About cookies"},"content":{"rendered":"<h3>Czym s\u0105 ciasteczka?<\/h3>\n<p>Cookies to ma\u0142e pliki tekstowe zawieraj\u0105ce informacje z Pa\u0144stwa wizyty na stronie internetowej.<\/p>\n<p>Cookies u\u0142atwiaj\u0105 i upraszczaj\u0105 interakcj\u0119 pomi\u0119dzy u\u017cytkownikiem a stron\u0105 internetow\u0105. Pozwalaj\u0105 one stronie internetowej zapami\u0119ta\u0107 preferencje i aktywno\u015b\u0107 danej osoby, oszcz\u0119dzaj\u0105c w ten spos\u00f3b czas i przyczyniaj\u0105c si\u0119 do bardziej efektywnego i przyjaznego dla u\u017cytkownika przegl\u0105dania strony.<\/p>\n<p>Pierwszym z wielu powod\u00f3w stosowania plik\u00f3w cookie jest ich zdolno\u015b\u0107 do przechowywania informacji na temat poszczeg\u00f3lnych stron internetowych (wyb\u00f3r j\u0119zyka, liczba wej\u015b\u0107, rozmiar czcionki itp.). Ponadto, u\u0142atwiaj\u0105 one r\u00f3wnie\u017c realizacj\u0119 us\u0142ug internetowych (rejestracja, zawarto\u015b\u0107 koszyka, subskrypcja e-news\u00f3w, ogl\u0105danie film\u00f3w, itp.) oraz gromadzenie informacji o zwyczajach u\u017cytkownik\u00f3w sieci (liczba wizyt, tre\u015bci interesuj\u0105ce u\u017cytkownik\u00f3w, itp.) ) oraz zbieranie informacji o zwyczajach u\u017cytkownik\u00f3w sieci (liczba odwiedzin, tre\u015bci interesuj\u0105ce u\u017cytkownik\u00f3w itp.). Wszystkie te<br \/>\nelementy pomagaj\u0105 nam w poprawieniu komfortu u\u017cytkowania, jak r\u00f3wnie\u017c w oszacowaniu efektywno\u015bci projektu strony internetowej.<\/p>\n<p>\u017baden z plik\u00f3w cookie u\u017cywanych na naszych stronach internetowych nie zbiera informacji, kt\u00f3re mog\u0142yby ujawni\u0107 Twoj\u0105 to\u017csamo\u015b\u0107 osobist\u0105.<\/p>\n<p>Dla przejrzysto\u015bci sporz\u0105dzili\u015bmy list\u0119 wszystkich plik\u00f3w cookie, kt\u00f3rych u\u017cywamy i ich cel\u00f3w. Prosimy pami\u0119ta\u0107, \u017ce poprzez dalsze korzystanie z niniejszej strony internetowej wyra\u017caj\u0105 Pa\u0144stwo zgod\u0119 na stosowanie wymienionych plik\u00f3w cookie.<\/p>\n<h3>Jakie pliki cookie s\u0105 u\u017cywane przez t\u0119 stron\u0119?<\/h3>\n<h4>\u015aci\u015ble niezb\u0119dne pliki cookie<\/h4>\n<p>Pliki cookie pomagaj\u0105 nam w wy\u015bwietlaniu tre\u015bci, formularzy kontaktowych, koszyk\u00f3w na zakupy i innych istotnych element\u00f3w strony. Te pliki cookie s\u0105 wa\u017cne tylko w czasie trwania sesji. Przyk\u0142ad plik\u00f3w cookie: ASP.NET_SessionId.<\/p>\n<h4>Google<\/h4>\n<p>Google u\u017cywa plik\u00f3w cookie, na przyk\u0142ad, aby zapami\u0119ta\u0107 zapisane preferencje wyszukiwania, aby reklamy, kt\u00f3re widzisz by\u0142y bardziej odpowiednie, aby policzy\u0107, ilu u\u017cytkownik\u00f3w odwiedza dan\u0105 stron\u0119, aby pom\u00f3c Ci zarejestrowa\u0107 si\u0119 w naszych us\u0142ugach oraz aby chroni\u0107 Twoje dane. <a href=\"https:\/\/www.google.com\/policies\/technologies\/cookies\/\" target=\"_blank\" rel=\"noopener noreferrer\">Wi\u0119cej<\/a><\/p>\n<h4>Google Analytics<\/h4>\n<p>Google Analytics to us\u0142uga oferowana przez Google, kt\u00f3ra generuje szczeg\u00f3\u0142owe statystyki dotycz\u0105ce ruchu na stronie internetowej i \u017ar\u00f3de\u0142 ruchu oraz mierzy konwersje i sprzeda\u017c. Zebrane informacje nie pozwalaj\u0105 na identyfikacj\u0119 os\u00f3b. Okres wa\u017cno\u015bci tych plik\u00f3w cookie wynosi 2 lata. Przyk\u0142ad plik\u00f3w cookie: _ga, __utma, __utmb,__utmc, __utmz w __utmv. <a href=\"https:\/\/developers.google.com\/analytics\/devguides\/collection\/gajs\/cookie-usage?hl=en\" target=\"_blank\" rel=\"noopener noreferrer\">Wi\u0119cej<\/a><\/p>\n<h4>YouTube<\/h4>\n<p>Zamieszczamy filmy z naszego oficjalnego kana\u0142u YouTube u\u017cywaj\u0105c trybu prywatno\u015bci YouTube. Ten tryb mo\u017ce ustawi\u0107 ciasteczka na Twoim komputerze po klikni\u0119ciu na odtwarzacz wideo YouTube. YouTube nie b\u0119dzie przechowywa\u0107 informacji cookie umo\u017cliwiaj\u0105cych identyfikacj\u0119 osoby w przypadku odtwarzania osadzonych film\u00f3w w trybie prywatno\u015bci. Okres wa\u017cno\u015bci tych plik\u00f3w cookie wynosi 10 lat. Przyk\u0142ad plik\u00f3w cookie: Visitor_info1_Live, Use_Hitbox, SID, LOGIN_INFO, use_hotbox, PREF, SSID, HSID, watched_video_id_list, __utma, __utmz, demographics, VISITOR_INFO1_LIVE. <a href=\"https:\/\/www.google.si\/policies\/technologies\/cookies\/\" target=\"_blank\" rel=\"noopener noreferrer\">Wi\u0119cej<\/a><\/p>\n<h4>Mapy Google<\/h4>\n<p>Pliki cookie zwi\u0105zane z mapami Google s\u0105 u\u017cywane do wy\u015bwietlania przyjaznej dla u\u017cytkownika mapy i oznacze\u0144 lokalizacji. Okres wa\u017cno\u015bci tych plik\u00f3w cookie wynosi 10 lat. Przyk\u0142ad plik\u00f3w cookie: SID, SAPISID, APISID, SSID, HSID, NID, PREF. <a href=\"https:\/\/www.google.si\/policies\/technologies\/cookies\/\" target=\"_blank\" rel=\"noopener noreferrer\">Wi\u0119cej<\/a><\/p>\n<h4>AddThis<\/h4>\n<p>Pliki cookie personalizuj\u0105 do\u015bwiadczenie udost\u0119pniania i interakcji z sieciami spo\u0142eczno\u015bciowymi i rejestruj\u0105 liczb\u0119 akcji, polubie\u0144 i komentarzy. Okres wa\u017cno\u015bci tych plik\u00f3w cookie wynosi 10 lat. <a href=\"https:\/\/www.addthis.com\/privacy#.UbcaUqzDCZc\" target=\"_blank\" rel=\"noopener noreferrer\">Wi\u0119cej<\/a><\/p>\n<h4>Facebook<\/h4>\n<p>U\u017cywamy plik\u00f3w cookie do personalizacji interakcji z sieci\u0105 spo\u0142eczno\u015bciow\u0105 Facebook. Okres wa\u017cno\u015bci tych plik\u00f3w cookie wynosi 5 lat. Przyk\u0142ady plik\u00f3w cookie: act, locale, lu, datr, csm. <a href=\"https:\/\/www.facebook.com\/about\/privacy\/\" target=\"_blank\" rel=\"noopener noreferrer\">Wi\u0119cej<\/a><\/p>\n<h4>Twitter<\/h4>\n<p>U\u017cywamy plik\u00f3w cookie, aby spersonalizowa\u0107 Twoj\u0105 interakcj\u0119 z serwisem spo\u0142eczno\u015bciowym Twitter. Okres wa\u017cno\u015bci tych plik\u00f3w cookie wynosi 5 lat. Przyk\u0142adowe pliki cookie: k, guest_id, auth_token_session, secure_session, twll, twitter_sess. <a href=\"https:\/\/twitter.com\/privacy\" target=\"_blank\" rel=\"noopener noreferrer\">Wi\u0119cej<\/a><\/p>\n<h4>Pinterest<\/h4>\n<p>U\u017cywamy plik\u00f3w cookie do personalizacji interakcji z sieci\u0105 spo\u0142eczno\u015bciow\u0105 Pinterest. Okres wa\u017cno\u015bci tych plik\u00f3w cookie wynosi 45 lat. Przyk\u0142ad plik\u00f3w cookie: component, _pinterest_sess_, viewParameter, element, csrftoken, viewType. <a href=\"https:\/\/about.pinterest.com\/privacy\/\" target=\"_blank\" rel=\"noopener noreferrer\">Wi\u0119cej<\/a><\/p>\n<h4>Gemius<\/h4>\n<p>Realizacja technicznego pomiaru pracy MOSS oraz zaawansowanych statystyk internetowych. Cookie nielimitowane czasowo. Przyk\u0142ad plik\u00f3w cookies: Gdyn. <a href=\"https:\/\/gemius.com\/privacy-policy\/\" target=\"_blank\" rel=\"noopener noreferrer\">Wi\u0119cej<\/a><\/p>\n<h4>Double Click<\/h4>\n<p>DoubleClick wykorzystuje pliki cookie do ulepszania reklam. Niekt\u00f3re popularne zastosowania to kierowanie reklam na podstawie tego, co jest istotne dla u\u017cytkownika, poprawa raportowania wydajno\u015bci kampanii oraz unikanie wy\u015bwietlania reklam, kt\u00f3re u\u017cytkownik ju\u017c widzia\u0142. Okres wa\u017cno\u015bci tych plik\u00f3w cookie wynosi 10 lat. Przyk\u0142ad plik\u00f3w cookie: _drt_, id. <a href=\"https:\/\/support.google.com\/adsense\/answer\/2839090?hl=en\" target=\"_blank\" rel=\"noopener noreferrer\">Wi\u0119cej<\/a><\/p>\n<h3>Jak w\u0142\u0105czy\u0107 lub wy\u0142\u0105czy\u0107 obs\u0142ug\u0119 plik\u00f3w cookie?<\/h3>\n<p>Wi\u0119kszo\u015b\u0107 nowoczesnych przegl\u0105darek pozwala na akceptowanie lub odrzucanie wszystkich plik\u00f3w cookie, akceptowanie lub odrzucanie okre\u015blonych typ\u00f3w plik\u00f3w cookie lub otrzymywanie ostrze\u017cenia, gdy strona internetowa chce zapisa\u0107 pliki cookie na urz\u0105dzeniu u\u017cytkownika. Ponadto, mo\u017cna r\u00f3wnie\u017c usun\u0105\u0107 pliki cookie, kt\u00f3re przegl\u0105darka ju\u017c przechowuje na urz\u0105dzeniu.<\/p>\n<p>Nale\u017cy pami\u0119ta\u0107, \u017ce w przypadku wy\u0142\u0105czenia plik\u00f3w cookies, funkcjonalno\u015bci stron internetowych mog\u0105 by\u0107 ograniczone, a komunikat o wykorzystywaniu plik\u00f3w cookies b\u0119dzie si\u0119 pojawia\u0142 przy ka\u017cdej wizycie, co w d\u0142u\u017cszej perspektywie wp\u0142ynie na komfort korzystania ze stron internetowych.<\/p>\n<p>Zmiana ustawie\u0144 dotycz\u0105cych plik\u00f3w cookies przebiega inaczej w ka\u017cdej przegl\u0105darce. Szczeg\u00f3\u0142owe informacje mo\u017cna znale\u017a\u0107 klikaj\u0105c w przycisk &#8222;Pomoc&#8221;, odwiedzaj\u0105c stron\u0119 <a href=\"https:\/\/www.aboutcookies.org\/\" target=\"_blank\" rel=\"noopener noreferrer\">www.aboutcookies.org<\/a>, kt\u00f3ra zawiera szczeg\u00f3\u0142owe informacje na temat zmiany ustawie\u0144 plik\u00f3w cookies we wszystkich nowoczesnych przegl\u0105darkach lub kontaktuj\u0105c si\u0119 z nami drog\u0105 <a href=\"mailto:piskotki@av-studio.si\">mailow\u0105<\/a>.<\/p>\n<h3>Przetwarzanie danych osobowych wprowadzonych przez u\u017cytkownika w formularzach na stronie internetowej i subskrypcja e-news\u00f3w?<\/h3>\n<p>Dane, kt\u00f3re wprowadzasz w formularzach na stronie internetowej s\u0105 wykorzystywane wy\u0142\u0105cznie w celu dostarczenia wiadomo\u015bci (zapytanie, rezerwacja, zakup itp.) lub zam\u00f3wionej us\u0142ugi. Pa\u0144stwa dane s\u0105 chronione i nie s\u0105 udost\u0119pniane osobom trzecim ani wykorzystywane do innych cel\u00f3w ni\u017c opisane powy\u017cej.<\/p>\n<p>Zapisuj\u0105c si\u0119 do e-news\u00f3w, zgadzasz si\u0119, aby Tw\u00f3j adres e-mail by\u0142 wykorzystywany do informowania Ci\u0119 o nowych us\u0142ugach\/produktach. Mo\u017cesz zrezygnowa\u0107 z subskrypcji w dowolnym momencie, klikaj\u0105c na link rezygnacji z subskrypcji znajduj\u0105cy si\u0119 w e-mailu.<\/p>\n<p>Pliki cookie Google Analytics, DoubleClick i AddThis mo\u017cna wy\u0142\u0105czy\u0107, post\u0119puj\u0105c zgodnie z poni\u017cszymi instrukcjami:<\/p>\n<p><a href=\"https:\/\/tools.google.com\/dlpage\/gaoptout?hl=en\" target=\"_blank\" rel=\"noopener noreferrer\">Google Analytics<\/a><br \/>\n<a href=\"https:\/\/www.google.com\/policies\/technologies\/ads\/\" target=\"_blank\" rel=\"noopener noreferrer\">Double Click<\/a><br \/>\n<a href=\"https:\/\/www.addthis.com\/privacy\/opt-out-saved#.UbmBr6zDCZd\" target=\"_blank\" rel=\"noopener noreferrer\">AddThis<\/a><\/p>\n<p>Wi\u0119cej informacji na temat plik\u00f3w cookie mo\u017cna znale\u017a\u0107 na stronie <a href=\"https:\/\/www.ico.org.uk\/\" target=\"_blank\" rel=\"noopener noreferrer\">Information Commissioner\u2019s Guidelines<\/a>.<\/p>\n","protected":false},"excerpt":{"rendered":"<p>Czym s\u0105 ciasteczka? Cookies to ma\u0142e pliki tekstowe zawieraj\u0105ce informacje z Pa\u0144stwa wizyty na stronie internetowej. Cookies u\u0142atwiaj\u0105 i upraszczaj\u0105 interakcj\u0119 pomi\u0119dzy u\u017cytkownikiem a stron\u0105 internetow\u0105. Pozwalaj\u0105 one stronie internetowej zapami\u0119ta\u0107 preferencje i aktywno\u015b\u0107 danej osoby, oszcz\u0119dzaj\u0105c w ten spos\u00f3b czas i przyczyniaj\u0105c si\u0119 do bardziej efektywnego i przyjaznego dla u\u017cytkownika przegl\u0105dania strony. Pierwszym z&#8230;<\/p>\n","protected":false},"author":1,"featured_media":0,"parent":0,"menu_order":0,"comment_status":"closed","ping_status":"closed","template":"","meta":{"footnotes":""},"class_list":["post-6405","page","type-page","status-publish","hentry"],"yoast_head":"<!-- This site is optimized with the Yoast SEO plugin v27.1.1 - https:\/\/yoast.com\/product\/yoast-seo-wordpress\/ -->\n<title>About cookies | Life Simplified<\/title>\n<meta name=\"robots\" content=\"index, follow, max-snippet:-1, max-image-preview:large, max-video-preview:-1\" \/>\n<link rel=\"canonical\" href=\"https:\/\/lifesimplified.gorenje.com\/pl\/about-cookies\/\" \/>\n<meta property=\"og:locale\" content=\"pl_PL\" \/>\n<meta property=\"og:type\" content=\"article\" \/>\n<meta property=\"og:title\" content=\"About cookies | Life Simplified\" \/>\n<meta property=\"og:description\" content=\"Czym s\u0105 ciasteczka? Cookies to ma\u0142e pliki tekstowe zawieraj\u0105ce informacje z Pa\u0144stwa wizyty na stronie internetowej. Cookies u\u0142atwiaj\u0105 i upraszczaj\u0105 interakcj\u0119 pomi\u0119dzy u\u017cytkownikiem a stron\u0105 internetow\u0105. Pozwalaj\u0105 one stronie internetowej zapami\u0119ta\u0107 preferencje i aktywno\u015b\u0107 danej osoby, oszcz\u0119dzaj\u0105c w ten spos\u00f3b czas i przyczyniaj\u0105c si\u0119 do bardziej efektywnego i przyjaznego dla u\u017cytkownika przegl\u0105dania strony. Pierwszym z...\" \/>\n<meta property=\"og:url\" content=\"https:\/\/lifesimplified.gorenje.com\/pl\/about-cookies\/\" \/>\n<meta property=\"og:site_name\" content=\"Life Simplified\" \/>\n<meta property=\"article:publisher\" content=\"https:\/\/www.facebook.com\/gorenje.SLO\/\" \/>\n<meta property=\"article:modified_time\" content=\"2024-01-29T10:58:39+00:00\" \/>\n<meta property=\"og:image\" content=\"https:\/\/lifesimplified.gorenje.com\/wp-content\/uploads\/2019\/12\/gorenje-life-simplified-blog-life-simplified-logo.jpg\" \/>\n\t<meta property=\"og:image:width\" content=\"2169\" \/>\n\t<meta property=\"og:image:height\" content=\"1223\" \/>\n\t<meta property=\"og:image:type\" content=\"image\/jpeg\" \/>\n<meta name=\"twitter:card\" content=\"summary_large_image\" \/>\n<meta name=\"twitter:label1\" content=\"Szacowany czas czytania\" \/>\n\t<meta name=\"twitter:data1\" content=\"6 minut\" \/>\n<script type=\"application\/ld+json\" class=\"yoast-schema-graph\">{\"@context\":\"https:\/\/schema.org\",\"@graph\":[{\"@type\":\"WebPage\",\"@id\":\"https:\/\/lifesimplified.gorenje.com\/pl\/about-cookies\/\",\"url\":\"https:\/\/lifesimplified.gorenje.com\/pl\/about-cookies\/\",\"name\":\"About cookies | Life Simplified\",\"isPartOf\":{\"@id\":\"https:\/\/lifesimplified.gorenje.com\/pl\/#website\"},\"datePublished\":\"2018-11-04T17:56:32+00:00\",\"dateModified\":\"2024-01-29T10:58:39+00:00\",\"breadcrumb\":{\"@id\":\"https:\/\/lifesimplified.gorenje.com\/pl\/about-cookies\/#breadcrumb\"},\"inLanguage\":\"pl-PL\",\"potentialAction\":[{\"@type\":\"ReadAction\",\"target\":[\"https:\/\/lifesimplified.gorenje.com\/pl\/about-cookies\/\"]}]},{\"@type\":\"BreadcrumbList\",\"@id\":\"https:\/\/lifesimplified.gorenje.com\/pl\/about-cookies\/#breadcrumb\",\"itemListElement\":[{\"@type\":\"ListItem\",\"position\":1,\"name\":\"Home\",\"item\":\"https:\/\/lifesimplified.gorenje.com\/pl\/home\/\"},{\"@type\":\"ListItem\",\"position\":2,\"name\":\"About cookies\"}]},{\"@type\":\"WebSite\",\"@id\":\"https:\/\/lifesimplified.gorenje.com\/pl\/#website\",\"url\":\"https:\/\/lifesimplified.gorenje.com\/pl\/\",\"name\":\"Life Simplified\",\"description\":\"Ujarzmij prostot\u0119\",\"publisher\":{\"@id\":\"https:\/\/lifesimplified.gorenje.com\/pl\/#organization\"},\"potentialAction\":[{\"@type\":\"SearchAction\",\"target\":{\"@type\":\"EntryPoint\",\"urlTemplate\":\"https:\/\/lifesimplified.gorenje.com\/pl\/?s={search_term_string}\"},\"query-input\":{\"@type\":\"PropertyValueSpecification\",\"valueRequired\":true,\"valueName\":\"search_term_string\"}}],\"inLanguage\":\"pl-PL\"},{\"@type\":\"Organization\",\"@id\":\"https:\/\/lifesimplified.gorenje.com\/pl\/#organization\",\"name\":\"Gorenje\",\"url\":\"https:\/\/lifesimplified.gorenje.com\/pl\/\",\"logo\":{\"@type\":\"ImageObject\",\"inLanguage\":\"pl-PL\",\"@id\":\"https:\/\/lifesimplified.gorenje.com\/pl\/#\/schema\/logo\/image\/\",\"url\":\"https:\/\/lifesimplified.gorenje.com\/wp-content\/uploads\/2019\/12\/gorenje-life-simplified-blog-life-simplified-logo.jpg\",\"contentUrl\":\"https:\/\/lifesimplified.gorenje.com\/wp-content\/uploads\/2019\/12\/gorenje-life-simplified-blog-life-simplified-logo.jpg\",\"width\":2169,\"height\":1223,\"caption\":\"Gorenje\"},\"image\":{\"@id\":\"https:\/\/lifesimplified.gorenje.com\/pl\/#\/schema\/logo\/image\/\"},\"sameAs\":[\"https:\/\/www.facebook.com\/gorenje.SLO\/\",\"https:\/\/www.instagram.com\/gorenje_slovenija\/\",\"https:\/\/www.youtube.com\/user\/gorenjesi\"]}]}<\/script>\n<!-- \/ Yoast SEO plugin. -->","yoast_head_json":{"title":"About cookies | Life Simplified","robots":{"index":"index","follow":"follow","max-snippet":"max-snippet:-1","max-image-preview":"max-image-preview:large","max-video-preview":"max-video-preview:-1"},"canonical":"https:\/\/lifesimplified.gorenje.com\/pl\/about-cookies\/","og_locale":"pl_PL","og_type":"article","og_title":"About cookies | Life Simplified","og_description":"Czym s\u0105 ciasteczka? Cookies to ma\u0142e pliki tekstowe zawieraj\u0105ce informacje z Pa\u0144stwa wizyty na stronie internetowej. Cookies u\u0142atwiaj\u0105 i upraszczaj\u0105 interakcj\u0119 pomi\u0119dzy u\u017cytkownikiem a stron\u0105 internetow\u0105. Pozwalaj\u0105 one stronie internetowej zapami\u0119ta\u0107 preferencje i aktywno\u015b\u0107 danej osoby, oszcz\u0119dzaj\u0105c w ten spos\u00f3b czas i przyczyniaj\u0105c si\u0119 do bardziej efektywnego i przyjaznego dla u\u017cytkownika przegl\u0105dania strony. Pierwszym z...","og_url":"https:\/\/lifesimplified.gorenje.com\/pl\/about-cookies\/","og_site_name":"Life Simplified","article_publisher":"https:\/\/www.facebook.com\/gorenje.SLO\/","article_modified_time":"2024-01-29T10:58:39+00:00","og_image":[{"width":2169,"height":1223,"url":"https:\/\/lifesimplified.gorenje.com\/wp-content\/uploads\/2019\/12\/gorenje-life-simplified-blog-life-simplified-logo.jpg","type":"image\/jpeg"}],"twitter_card":"summary_large_image","twitter_misc":{"Szacowany czas czytania":"6 minut"},"schema":{"@context":"https:\/\/schema.org","@graph":[{"@type":"WebPage","@id":"https:\/\/lifesimplified.gorenje.com\/pl\/about-cookies\/","url":"https:\/\/lifesimplified.gorenje.com\/pl\/about-cookies\/","name":"About cookies | Life Simplified","isPartOf":{"@id":"https:\/\/lifesimplified.gorenje.com\/pl\/#website"},"datePublished":"2018-11-04T17:56:32+00:00","dateModified":"2024-01-29T10:58:39+00:00","breadcrumb":{"@id":"https:\/\/lifesimplified.gorenje.com\/pl\/about-cookies\/#breadcrumb"},"inLanguage":"pl-PL","potentialAction":[{"@type":"ReadAction","target":["https:\/\/lifesimplified.gorenje.com\/pl\/about-cookies\/"]}]},{"@type":"BreadcrumbList","@id":"https:\/\/lifesimplified.gorenje.com\/pl\/about-cookies\/#breadcrumb","itemListElement":[{"@type":"ListItem","position":1,"name":"Home","item":"https:\/\/lifesimplified.gorenje.com\/pl\/home\/"},{"@type":"ListItem","position":2,"name":"About cookies"}]},{"@type":"WebSite","@id":"https:\/\/lifesimplified.gorenje.com\/pl\/#website","url":"https:\/\/lifesimplified.gorenje.com\/pl\/","name":"Life Simplified","description":"Ujarzmij prostot\u0119","publisher":{"@id":"https:\/\/lifesimplified.gorenje.com\/pl\/#organization"},"potentialAction":[{"@type":"SearchAction","target":{"@type":"EntryPoint","urlTemplate":"https:\/\/lifesimplified.gorenje.com\/pl\/?s={search_term_string}"},"query-input":{"@type":"PropertyValueSpecification","valueRequired":true,"valueName":"search_term_string"}}],"inLanguage":"pl-PL"},{"@type":"Organization","@id":"https:\/\/lifesimplified.gorenje.com\/pl\/#organization","name":"Gorenje","url":"https:\/\/lifesimplified.gorenje.com\/pl\/","logo":{"@type":"ImageObject","inLanguage":"pl-PL","@id":"https:\/\/lifesimplified.gorenje.com\/pl\/#\/schema\/logo\/image\/","url":"https:\/\/lifesimplified.gorenje.com\/wp-content\/uploads\/2019\/12\/gorenje-life-simplified-blog-life-simplified-logo.jpg","contentUrl":"https:\/\/lifesimplified.gorenje.com\/wp-content\/uploads\/2019\/12\/gorenje-life-simplified-blog-life-simplified-logo.jpg","width":2169,"height":1223,"caption":"Gorenje"},"image":{"@id":"https:\/\/lifesimplified.gorenje.com\/pl\/#\/schema\/logo\/image\/"},"sameAs":["https:\/\/www.facebook.com\/gorenje.SLO\/","https:\/\/www.instagram.com\/gorenje_slovenija\/","https:\/\/www.youtube.com\/user\/gorenjesi"]}]}},"_links":{"self":[{"href":"https:\/\/lifesimplified.gorenje.com\/pl\/wp-json\/wp\/v2\/pages\/6405","targetHints":{"allow":["GET"]}}],"collection":[{"href":"https:\/\/lifesimplified.gorenje.com\/pl\/wp-json\/wp\/v2\/pages"}],"about":[{"href":"https:\/\/lifesimplified.gorenje.com\/pl\/wp-json\/wp\/v2\/types\/page"}],"author":[{"embeddable":true,"href":"https:\/\/lifesimplified.gorenje.com\/pl\/wp-json\/wp\/v2\/users\/1"}],"replies":[{"embeddable":true,"href":"https:\/\/lifesimplified.gorenje.com\/pl\/wp-json\/wp\/v2\/comments?post=6405"}],"version-history":[{"count":3,"href":"https:\/\/lifesimplified.gorenje.com\/pl\/wp-json\/wp\/v2\/pages\/6405\/revisions"}],"predecessor-version":[{"id":69325,"href":"https:\/\/lifesimplified.gorenje.com\/pl\/wp-json\/wp\/v2\/pages\/6405\/revisions\/69325"}],"wp:attachment":[{"href":"https:\/\/lifesimplified.gorenje.com\/pl\/wp-json\/wp\/v2\/media?parent=6405"}],"curies":[{"name":"wp","href":"https:\/\/api.w.org\/{rel}","templated":true}]}}