{"id":6402,"date":"2018-10-11T07:54:17","date_gmt":"2018-10-11T07:54:17","guid":{"rendered":"https:\/\/lifesimplified.gorenje.com\/varovanje-osebnih-podatkov\/"},"modified":"2021-02-12T12:18:14","modified_gmt":"2021-02-12T12:18:14","slug":"prywatnosc","status":"publish","type":"page","link":"https:\/\/lifesimplified.gorenje.com\/pl\/prywatnosc\/","title":{"rendered":"Prywatno\u015b\u0107"},"content":{"rendered":"<p>Firma Gorenje, zobowi\u0105zuje si\u0119 do zapewnienia odpowiedniego poziomu poufno\u015bci, dost\u0119pno\u015bci i integralno\u015bci danych osobowych ka\u017cdej osoby, kt\u00f3rej dane dotycz\u0105, korzystaj\u0105cej z us\u0142ug i rozwi\u0105za\u0144 internetowych firmy. Gromadzenie i przetwarzanie danych osobowych odbywa si\u0119 z zachowaniem odpowiednich fizycznych i logicznych \u015brodk\u00f3w bezpiecze\u0144stwa. Je\u017celi dane osobowe s\u0105 gromadzone i przetwarzane na podstawie zgody, dane te s\u0105 przetwarzane do czasu, gdy osoba, kt\u00f3rej dane dotycz\u0105, powiadomi firm\u0119 o wyra\u017anym odwo\u0142aniu zgody ze strony osoby, kt\u00f3rej dane dotycz\u0105.<\/p>\n<p>\u017badne z zebranych danych osobowych nie s\u0105 przekazywane do pa\u0144stw trzecich.<\/p>\n<p>Wszelki dost\u0119p do danych osobowych jest zatwierdzony przez firm\u0119 Gorenje i mo\u017cliwy wy\u0142\u0105cznie dla upowa\u017cnionych pracownik\u00f3w. Na zapisanych danych osobowych nie dokonuje si\u0119 \u017cadnego zautomatyzowanego przetwarzania ani profilowania.<\/p>\n<p>W przypadku dodatkowych pyta\u0144 zwi\u0105zanych z kontrol\u0105 i przetwarzaniem danych osobowych mo\u017cna wys\u0142a\u0107 do nas e-mail na adres <a href=\"mailto:gdpr@gorenje.com\">gdpr@gorenje.com<\/a>.<\/p>\n<p>W przypadku jakichkolwiek nadu\u017cy\u0107 w przetwarzaniu danych osobowych w zwi\u0105zku z przetwarzaniem i kontrol\u0105 danych osobowych przez Gorenje mo\u017cna zwr\u00f3ci\u0107 si\u0119 do upowa\u017cnionego organu nadzoruj\u0105cego dane osobowe:<\/p>\n<p>Republika S\u0142owenii<br \/>\nInformacijski poobla\u0161\u010denec<br \/>\nZalo\u0161ka 59<br \/>\n1000 Ljubljana<\/p>\n<p>Telefon: 01 230 97 30<br \/>\nFaks: 01 230 97 78<br \/>\nE-mail: gp.ip(at)ip-rs.si<\/p>\n<p>Kierownik: Mojca Prelesnik, univ. dipl. prav., komisarz ds. informacji<\/p>\n","protected":false},"excerpt":{"rendered":"<p>Firma Gorenje, zobowi\u0105zuje si\u0119 do zapewnienia odpowiedniego poziomu poufno\u015bci, dost\u0119pno\u015bci i integralno\u015bci danych osobowych ka\u017cdej osoby, kt\u00f3rej dane dotycz\u0105, korzystaj\u0105cej z us\u0142ug i rozwi\u0105za\u0144 internetowych firmy. Gromadzenie i przetwarzanie danych osobowych odbywa si\u0119 z zachowaniem odpowiednich fizycznych i logicznych \u015brodk\u00f3w bezpiecze\u0144stwa. Je\u017celi dane osobowe s\u0105 gromadzone i przetwarzane na podstawie zgody, dane te s\u0105 przetwarzane&#8230;<\/p>\n","protected":false},"author":1,"featured_media":0,"parent":0,"menu_order":0,"comment_status":"closed","ping_status":"closed","template":"","meta":{"footnotes":""},"class_list":["post-6402","page","type-page","status-publish","hentry"],"yoast_head":"<!-- This site is optimized with the Yoast SEO plugin v27.1.1 - https:\/\/yoast.com\/product\/yoast-seo-wordpress\/ -->\n<title>Prywatno\u015b\u0107 | Life Simplified<\/title>\n<meta name=\"robots\" content=\"index, follow, max-snippet:-1, max-image-preview:large, max-video-preview:-1\" \/>\n<link rel=\"canonical\" href=\"https:\/\/lifesimplified.gorenje.com\/pl\/prywatnosc\/\" \/>\n<meta property=\"og:locale\" content=\"pl_PL\" \/>\n<meta property=\"og:type\" content=\"article\" \/>\n<meta property=\"og:title\" content=\"Prywatno\u015b\u0107 | Life Simplified\" \/>\n<meta property=\"og:description\" content=\"Firma Gorenje, zobowi\u0105zuje si\u0119 do zapewnienia odpowiedniego poziomu poufno\u015bci, dost\u0119pno\u015bci i integralno\u015bci danych osobowych ka\u017cdej osoby, kt\u00f3rej dane dotycz\u0105, korzystaj\u0105cej z us\u0142ug i rozwi\u0105za\u0144 internetowych firmy. Gromadzenie i przetwarzanie danych osobowych odbywa si\u0119 z zachowaniem odpowiednich fizycznych i logicznych \u015brodk\u00f3w bezpiecze\u0144stwa. Je\u017celi dane osobowe s\u0105 gromadzone i przetwarzane na podstawie zgody, dane te s\u0105 przetwarzane...\" \/>\n<meta property=\"og:url\" content=\"https:\/\/lifesimplified.gorenje.com\/pl\/prywatnosc\/\" \/>\n<meta property=\"og:site_name\" content=\"Life Simplified\" \/>\n<meta property=\"article:publisher\" content=\"https:\/\/www.facebook.com\/gorenje.SLO\/\" \/>\n<meta property=\"article:modified_time\" content=\"2021-02-12T12:18:14+00:00\" \/>\n<meta property=\"og:image\" content=\"https:\/\/lifesimplified.gorenje.com\/wp-content\/uploads\/2019\/12\/gorenje-life-simplified-blog-life-simplified-logo.jpg\" \/>\n\t<meta property=\"og:image:width\" content=\"2169\" \/>\n\t<meta property=\"og:image:height\" content=\"1223\" \/>\n\t<meta property=\"og:image:type\" content=\"image\/jpeg\" \/>\n<meta name=\"twitter:card\" content=\"summary_large_image\" \/>\n<meta name=\"twitter:label1\" content=\"Szacowany czas czytania\" \/>\n\t<meta name=\"twitter:data1\" content=\"1 minuta\" \/>\n<script type=\"application\/ld+json\" class=\"yoast-schema-graph\">{\"@context\":\"https:\/\/schema.org\",\"@graph\":[{\"@type\":\"WebPage\",\"@id\":\"https:\/\/lifesimplified.gorenje.com\/pl\/prywatnosc\/\",\"url\":\"https:\/\/lifesimplified.gorenje.com\/pl\/prywatnosc\/\",\"name\":\"Prywatno\u015b\u0107 | Life Simplified\",\"isPartOf\":{\"@id\":\"https:\/\/lifesimplified.gorenje.com\/pl\/#website\"},\"datePublished\":\"2018-10-11T07:54:17+00:00\",\"dateModified\":\"2021-02-12T12:18:14+00:00\",\"breadcrumb\":{\"@id\":\"https:\/\/lifesimplified.gorenje.com\/pl\/prywatnosc\/#breadcrumb\"},\"inLanguage\":\"pl-PL\",\"potentialAction\":[{\"@type\":\"ReadAction\",\"target\":[\"https:\/\/lifesimplified.gorenje.com\/pl\/prywatnosc\/\"]}]},{\"@type\":\"BreadcrumbList\",\"@id\":\"https:\/\/lifesimplified.gorenje.com\/pl\/prywatnosc\/#breadcrumb\",\"itemListElement\":[{\"@type\":\"ListItem\",\"position\":1,\"name\":\"Home\",\"item\":\"https:\/\/lifesimplified.gorenje.com\/pl\/home\/\"},{\"@type\":\"ListItem\",\"position\":2,\"name\":\"Prywatno\u015b\u0107\"}]},{\"@type\":\"WebSite\",\"@id\":\"https:\/\/lifesimplified.gorenje.com\/pl\/#website\",\"url\":\"https:\/\/lifesimplified.gorenje.com\/pl\/\",\"name\":\"Life Simplified\",\"description\":\"Ujarzmij prostot\u0119\",\"publisher\":{\"@id\":\"https:\/\/lifesimplified.gorenje.com\/pl\/#organization\"},\"potentialAction\":[{\"@type\":\"SearchAction\",\"target\":{\"@type\":\"EntryPoint\",\"urlTemplate\":\"https:\/\/lifesimplified.gorenje.com\/pl\/?s={search_term_string}\"},\"query-input\":{\"@type\":\"PropertyValueSpecification\",\"valueRequired\":true,\"valueName\":\"search_term_string\"}}],\"inLanguage\":\"pl-PL\"},{\"@type\":\"Organization\",\"@id\":\"https:\/\/lifesimplified.gorenje.com\/pl\/#organization\",\"name\":\"Gorenje\",\"url\":\"https:\/\/lifesimplified.gorenje.com\/pl\/\",\"logo\":{\"@type\":\"ImageObject\",\"inLanguage\":\"pl-PL\",\"@id\":\"https:\/\/lifesimplified.gorenje.com\/pl\/#\/schema\/logo\/image\/\",\"url\":\"https:\/\/lifesimplified.gorenje.com\/wp-content\/uploads\/2019\/12\/gorenje-life-simplified-blog-life-simplified-logo.jpg\",\"contentUrl\":\"https:\/\/lifesimplified.gorenje.com\/wp-content\/uploads\/2019\/12\/gorenje-life-simplified-blog-life-simplified-logo.jpg\",\"width\":2169,\"height\":1223,\"caption\":\"Gorenje\"},\"image\":{\"@id\":\"https:\/\/lifesimplified.gorenje.com\/pl\/#\/schema\/logo\/image\/\"},\"sameAs\":[\"https:\/\/www.facebook.com\/gorenje.SLO\/\",\"https:\/\/www.instagram.com\/gorenje_slovenija\/\",\"https:\/\/www.youtube.com\/user\/gorenjesi\"]}]}<\/script>\n<!-- \/ Yoast SEO plugin. -->","yoast_head_json":{"title":"Prywatno\u015b\u0107 | Life Simplified","robots":{"index":"index","follow":"follow","max-snippet":"max-snippet:-1","max-image-preview":"max-image-preview:large","max-video-preview":"max-video-preview:-1"},"canonical":"https:\/\/lifesimplified.gorenje.com\/pl\/prywatnosc\/","og_locale":"pl_PL","og_type":"article","og_title":"Prywatno\u015b\u0107 | Life Simplified","og_description":"Firma Gorenje, zobowi\u0105zuje si\u0119 do zapewnienia odpowiedniego poziomu poufno\u015bci, dost\u0119pno\u015bci i integralno\u015bci danych osobowych ka\u017cdej osoby, kt\u00f3rej dane dotycz\u0105, korzystaj\u0105cej z us\u0142ug i rozwi\u0105za\u0144 internetowych firmy. Gromadzenie i przetwarzanie danych osobowych odbywa si\u0119 z zachowaniem odpowiednich fizycznych i logicznych \u015brodk\u00f3w bezpiecze\u0144stwa. Je\u017celi dane osobowe s\u0105 gromadzone i przetwarzane na podstawie zgody, dane te s\u0105 przetwarzane...","og_url":"https:\/\/lifesimplified.gorenje.com\/pl\/prywatnosc\/","og_site_name":"Life Simplified","article_publisher":"https:\/\/www.facebook.com\/gorenje.SLO\/","article_modified_time":"2021-02-12T12:18:14+00:00","og_image":[{"width":2169,"height":1223,"url":"https:\/\/lifesimplified.gorenje.com\/wp-content\/uploads\/2019\/12\/gorenje-life-simplified-blog-life-simplified-logo.jpg","type":"image\/jpeg"}],"twitter_card":"summary_large_image","twitter_misc":{"Szacowany czas czytania":"1 minuta"},"schema":{"@context":"https:\/\/schema.org","@graph":[{"@type":"WebPage","@id":"https:\/\/lifesimplified.gorenje.com\/pl\/prywatnosc\/","url":"https:\/\/lifesimplified.gorenje.com\/pl\/prywatnosc\/","name":"Prywatno\u015b\u0107 | Life Simplified","isPartOf":{"@id":"https:\/\/lifesimplified.gorenje.com\/pl\/#website"},"datePublished":"2018-10-11T07:54:17+00:00","dateModified":"2021-02-12T12:18:14+00:00","breadcrumb":{"@id":"https:\/\/lifesimplified.gorenje.com\/pl\/prywatnosc\/#breadcrumb"},"inLanguage":"pl-PL","potentialAction":[{"@type":"ReadAction","target":["https:\/\/lifesimplified.gorenje.com\/pl\/prywatnosc\/"]}]},{"@type":"BreadcrumbList","@id":"https:\/\/lifesimplified.gorenje.com\/pl\/prywatnosc\/#breadcrumb","itemListElement":[{"@type":"ListItem","position":1,"name":"Home","item":"https:\/\/lifesimplified.gorenje.com\/pl\/home\/"},{"@type":"ListItem","position":2,"name":"Prywatno\u015b\u0107"}]},{"@type":"WebSite","@id":"https:\/\/lifesimplified.gorenje.com\/pl\/#website","url":"https:\/\/lifesimplified.gorenje.com\/pl\/","name":"Life Simplified","description":"Ujarzmij prostot\u0119","publisher":{"@id":"https:\/\/lifesimplified.gorenje.com\/pl\/#organization"},"potentialAction":[{"@type":"SearchAction","target":{"@type":"EntryPoint","urlTemplate":"https:\/\/lifesimplified.gorenje.com\/pl\/?s={search_term_string}"},"query-input":{"@type":"PropertyValueSpecification","valueRequired":true,"valueName":"search_term_string"}}],"inLanguage":"pl-PL"},{"@type":"Organization","@id":"https:\/\/lifesimplified.gorenje.com\/pl\/#organization","name":"Gorenje","url":"https:\/\/lifesimplified.gorenje.com\/pl\/","logo":{"@type":"ImageObject","inLanguage":"pl-PL","@id":"https:\/\/lifesimplified.gorenje.com\/pl\/#\/schema\/logo\/image\/","url":"https:\/\/lifesimplified.gorenje.com\/wp-content\/uploads\/2019\/12\/gorenje-life-simplified-blog-life-simplified-logo.jpg","contentUrl":"https:\/\/lifesimplified.gorenje.com\/wp-content\/uploads\/2019\/12\/gorenje-life-simplified-blog-life-simplified-logo.jpg","width":2169,"height":1223,"caption":"Gorenje"},"image":{"@id":"https:\/\/lifesimplified.gorenje.com\/pl\/#\/schema\/logo\/image\/"},"sameAs":["https:\/\/www.facebook.com\/gorenje.SLO\/","https:\/\/www.instagram.com\/gorenje_slovenija\/","https:\/\/www.youtube.com\/user\/gorenjesi"]}]}},"_links":{"self":[{"href":"https:\/\/lifesimplified.gorenje.com\/pl\/wp-json\/wp\/v2\/pages\/6402","targetHints":{"allow":["GET"]}}],"collection":[{"href":"https:\/\/lifesimplified.gorenje.com\/pl\/wp-json\/wp\/v2\/pages"}],"about":[{"href":"https:\/\/lifesimplified.gorenje.com\/pl\/wp-json\/wp\/v2\/types\/page"}],"author":[{"embeddable":true,"href":"https:\/\/lifesimplified.gorenje.com\/pl\/wp-json\/wp\/v2\/users\/1"}],"replies":[{"embeddable":true,"href":"https:\/\/lifesimplified.gorenje.com\/pl\/wp-json\/wp\/v2\/comments?post=6402"}],"version-history":[{"count":2,"href":"https:\/\/lifesimplified.gorenje.com\/pl\/wp-json\/wp\/v2\/pages\/6402\/revisions"}],"predecessor-version":[{"id":6404,"href":"https:\/\/lifesimplified.gorenje.com\/pl\/wp-json\/wp\/v2\/pages\/6402\/revisions\/6404"}],"wp:attachment":[{"href":"https:\/\/lifesimplified.gorenje.com\/pl\/wp-json\/wp\/v2\/media?parent=6402"}],"curies":[{"name":"wp","href":"https:\/\/api.w.org\/{rel}","templated":true}]}}