{"id":42869,"date":"2018-10-11T07:47:12","date_gmt":"2018-10-11T07:47:12","guid":{"rendered":"https:\/\/lifesimplified.gorenje.com\/privacy\/"},"modified":"2022-09-16T08:07:21","modified_gmt":"2022-09-16T08:07:21","slug":"personvernerklaering","status":"publish","type":"page","link":"https:\/\/lifesimplified.gorenje.com\/no\/personvernerklaering\/","title":{"rendered":"Personvernerkl\u00e6ring"},"content":{"rendered":"<div class=\"container\">\n<div class=\"row\">\n<div class=\"col-xs-12 generic\">\n<p>Ved registrering av ditt produkt p\u00e5 hjemmesiden samtykker du til at vi innsamler personopplysninger om deg.<\/p>\n<p>I denne forbindelse skal vi i henhold til personvernforordningens1 artikkel 13 gi deg f\u00f8lgende informasjon.<\/p>\n<p><strong>1. Den behandlingsansvarliges identitet og kontaktinformasjon<\/strong><\/p>\n<p>Gorenje Group Nordic A\/S er behandlingsansvarlig for behandlingen av personopplysningene vi har registrert om deg. V\u00e5r kontaktinformasjon er oppgitt nedenfor:<\/p>\n<p>Gorenje Group Nordic A\/S<br \/>\nJulie Steiner<br \/>\nSydvestvej 15, 3.<br \/>\n2600 Glostrup, Danmark<br \/>\nDansk CVR-nr. (foretaksnr.): 56216111<br \/>\nTelefon: +45 36 72 11 44<br \/>\nE-post: <u><a href=\"mailto:marketing@gorenjegroup.com\">marketing@gorenjegroup.com<\/a><\/u><\/p>\n<p>Vi har utnevnt et personvernombud. Kontaktinformasjonen til personvernombudet er oppgitt nedenfor:<\/p>\n<p>Mitja Kozar<br \/>\nGorenje Group<br \/>\nTelefon: +386 3 899 1093<br \/>\nE-post: <u><a href=\"mailto:Mitja.Kozar@gorenje.com\">Mitja.Kozar@gorenje.com<\/a><\/u><\/p>\n<p><strong>2. Form\u00e5l og rettslig grunnlag for behandlingen av personopplysningene<\/strong><\/p>\n<p>Vi behandler disse personopplysninger med det form\u00e5l \u00e5 yte kundeservice i form av levering av goder og fordeler, herunder utstedelse av personlige garantibeviser samt levering av kampanjevarer. Det rettslige grunnlaget for denne behandlingen er personvernforordningens artikkel 6, pkt. 1, bokst. b, som fastsetter at behandling av personopplysninger er lovlig hvis den er n\u00f8dvendig for \u00e5 kunne oppfylle en kontrakt.<\/p>\n<p>Vi behandler ogs\u00e5 disse personopplysningene for \u00e5 kunne oppfordre deg til \u00e5 legge inn en anmeldelse av Gorenje p\u00e5 Trustpilot. Det rettslige grunnlaget for denne behandlingen f\u00f8lger av interesseavveiningsregelen i personvernforordningens artikkel 6, pkt. 1, bokst. f, som fastsetter at behandling av personopplysninger er lovlig hvis den er n\u00f8dvendig for at den behandlingsansvarlige skal kunne forf\u00f8lge en berettiget interesse, med mindre den registrertes interesser eller rettigheter som krever vern av personopplysninger, g\u00e5r foran.<\/p>\n<p>De berettigede interessene som legitimerer behandlingen, er hensynet til forbrukerinformasjon samt Gorenjes mulighet til \u00e5 evaluere og videreutvikle sine produkter og tjenester.<\/p>\n<p><strong>3. Mottakere av personopplysningene<\/strong><\/p>\n<p>Vi gir personopplysningene dine videre til f\u00f8lgende databehandler:<\/p>\n<p>AV studio d.o.o.<br \/>\nVojkova 52<br \/>\nLjubliana<br \/>\nSlovenia<br \/>\nTelefon: +386 1 530 78 34<\/p>\n<p><strong>4. Lagringstid for opplysningene<\/strong><\/p>\n<p>Vi oppbevarer dine opplysninger, s\u00e5 lenge det er n\u00f8dvendig for \u00e5 kunne ivareta det form\u00e5l, hvortil dine opplysninger er knyttet. N\u00e5r vi skal vurdere, hvor lang tid det er n\u00f8dvendig at oppbevare dine personoppplysninger, legger vi blant annet vekt p\u00e5 utl\u00f8pet av henholdsvis garantibeviser og kampanjetilbud samt v\u00e5r mulighet for \u00e5 dokumentere leveringen av en ytelse i tilfelle av f.eks. en efter-f\u00f8lgende reklamasjonsak. Hvis du p\u00e5 dette tidspunktet er tilmeldt Gorenjes nyhetsbrev, vil dine oplysninger bli slettet ved avmelding av nyhetsbrevet.<\/p>\n<p><strong>5. Plikt til \u00e5 oppgi personopplysninger<\/strong><\/p>\n<p>Det har ikke v\u00e6rt plikt til \u00e5 avgi de p\u00e5geldende personopplysninger. Det har imidlertid v\u00e6rt ett krav for \u00e5 motta goder og fordeler fra Gorenje, herunder mottagelse av kampanjegoder og\/eller garantibeviser.<\/p>\n<p><strong>6. Den registrertes rettigheter<\/strong><\/p>\n<p>I henhold til personvernforordningen har den registrerte en rekke rettigheter i forhold til v\u00e5r behandling av opplysninger om den registrerte.<\/p>\n<p>Hvis du \u00f8nsker \u00e5 ut\u00f8ve dine rettigheter, vennligst kontakt oss. Du har f\u00f8lgende rettigheter:<\/p>\n<ul>\n<li>Rett til \u00e5 f\u00e5 se opplysninger (innsynsrett). Du har rett til \u00e5 f\u00e5 innsyn i opplysningene vi behandler om deg, samt til en rekke andre opplysninger.<\/li>\n<li>Rett til korrigering (rettelse) Du har rett til at uriktige eller mangelfulle opplysninger om deg blir korrigert.<\/li>\n<li>Rett til sletting. I enkelte tilfeller har du rett til at personopplysninger om deg slettes f\u00f8r det tidspunktet vi vanligvis ville slettet dem.<\/li>\n<li>Rett til begrensning av behandling I visse tilfeller har du rett til at behandlingen av personopplysningene dine begrenses. Hvis du har rett til at behandlingen begrenses, kan vi i fremtiden kun behandle opplysningene \u2013 unntatt n\u00e5r det gjelder lagring \u2013 med ditt samtykke, eller for at rettskrav skal kunne etableres, gj\u00f8res gjeldende eller forsvares, eller for \u00e5 beskytte en person eller viktige samfunnsinteresser.<\/li>\n<li>Retten til \u00e5 protestere (innsigelsesrett) I visse tilfeller har du rett til \u00e5 protestere mot v\u00e5r ellers lovlige behandling av personopplysningene dine.<\/li>\n<li>Rett til \u00e5 overf\u00f8re opplysninger (dataportabilitet) I visse tilfeller har du rett til \u00e5 motta personopplysningene om deg selv i et strukturert, alminnelig anvendt og maskinleselig format, samt til at disse personopplysningene overf\u00f8res fra en behandlingsansvarlig til en annen uten hindringer.<\/li>\n<\/ul>\n<p><strong>7. Retten til \u00e5 klage til en tilsynsmyndighet<\/strong><\/p>\n<p>Du har rett til \u00e5 klage inn saker til Datatilsynet hvis du ikke er forn\u00f8yd med m\u00e5ten vi behandler personopplysningene dine p\u00e5. Du finner Datatilsynets kontaktopplysninger p\u00e5 <u><a href=\"http:\/\/www.datatilsynet.no\" target=\"_blank\" rel=\"noopener\">www.datatilsynet.no<\/a><\/u>.<\/p>\n<p><sup>1<\/sup>Europaparlaments- og r\u00e5dsforordning (EU) 2016\/679 av 27. april 2016 om vern av fysiske personer i forbindelse med behandling av personopplysninger, om fri utveksling av slike opplysninger og om opphevelse av direktiv 95\/46\/EF. Artikkel 13, pkt. 1 fastsetter at den behandlingsansvarlige skal gi den registrerte parten en rekke opplysninger n\u00e5r personopplysninger om den registrerte samles inn.<\/p>\n<p>Gorenje skal s\u00f8rge for at personopplysninger om alle som bruker bedriftens nettjenester og l\u00f8sninger, blir behandlet konfidensielt.<\/p>\n<p>Innsamling og behandling av personopplysninger skal beskyttes av tilstrekkelige fysiske og logiske sikkerhetstiltak. N\u00e5r personopplysninger samles inn og behandles som f\u00f8lge av samtykke, vil opplysningene behandles til den registrerte gir bedriften beskjed om at samtykket ikke lenger gjelder.<\/p>\n<p>Innsamlede personopplysninger overf\u00f8res ikke til andre land.<\/p>\n<p>All tilgang til personopplysningene skal godkjennes av Gorenje og gis kun til autoriserte personer. Lagrede personopplysninger blir ikke behandlet automatisk, og de brukes ikke til profilering.<\/p>\n<p>Hvis du har flere sp\u00f8rsm\u00e5l om bruk av personopplysninger og behandling av dem, kan du kontakte oss p\u00e5 <u><a href=\"mailto:gdpr@gorenje.com\">gdpr@gorenje.com<\/a><\/u>.<\/p>\n<p><strong>Barn<\/strong><\/p>\n<p>Gorenjes informasjon og kampanjer henvender seg ikke til barn under 18 \u00e5r, og ingen opplysninger eller kampanjemeldinger skal sendes til Gorenje av bes\u00f8kende under 18 \u00e5r uten tillatelse av foreldre eller andre foresatte.<\/p>\n<p><strong>Betingelser for endring av registreringspolitikk<\/strong><\/p>\n<p>Gorenje kan n\u00e5r som helst endre denne personvernpolitikken ved \u00e5 oppdatere denne teksten.<\/p>\n<p><strong>Cookies<\/strong><\/p>\n<p>Som mange andre kommersielle hjemmesider bruker www.gorenje.no en standardteknologi som kalles &laquo;cookie&raquo; eller informasjonskapsel (kvittering for transaksjon) til \u00e5 samle informasjon om hvordan du bruker denne siden. \u201dInformasjonskapsler\u201d ble opprinnelig laget for \u00e5 hjelpe en hjemmeside til \u00e5 finne ut om en brukers nettleser har bes\u00f8kt siden f\u00f8r og p\u00e5 den m\u00e5te lagre og huske eventuelle preferanser som ha blitt identifisert mens brukeren surfet p\u00e5 siden. En \u201dinformasjonskapsel\u201d er en liten tekststreng som en hjemmeside kan sende til nettleseren din. En \u201dinformasjonskapsel\u201d kan ikke hente andre data fra harddisken din, sende videre datavirus eller fange opp e-postadressen din. For tiden bruker Gorenje \u201cinformasjonskapsler \u201d til \u00e5 forbedre brukerens bes\u00f8k, til sikker lagring av en brukers ID og passord, til personlig tilpasning av hjemmesider, til \u00e5 finne ut hvilke deler av en side som er bes\u00f8kt og til \u00e5 v\u00e6re oppdatert n\u00e5r det gjelder valgene i en \u201dhandlevogn\u201d. Du kan stille inn nettleseren din slik at den varsler deg n\u00e5r en \u201dinformasjonskapsel \u201d er blitt plassert (for veiledning, se hjelpefunksjonene p\u00e5 nettleseren). P\u00e5 denne m\u00e5ten kan du selv bestemme om du vil godta informasjonskapselen.<\/p>\n<p>Gorenje (Gorenje D.D. og alle firmaene i det samme konsernet) betrakter privatlivets fred som sv\u00e6rt viktig i forbindelse med bruken av Internett. Gorenje fors\u00f8ker derfor \u00e5 ha fornuftige regler for \u00e5 sikre anonymiteten til dem som bes\u00f8ker Gorejnes hjemmeside. Gorenje f\u00f8ler seg forpliktet til \u00e5 gj\u00f8re bes\u00f8kende oppmerksom p\u00e5 hvilke opplysninger som registreres via v\u00e5r hjemmeside.<\/p>\n<p>For \u00e5 opprettholde og forbedre hjemmesidens kvalitet og integritet logges IP-adresser (datamaskinens Internettprotokolladresse). Denne loggen er en standardmetode for statistisk rapportering, av f.eks. hvilke deler av hjemmesiden v\u00e5r som bes\u00f8kes og hvor lang tid den bes\u00f8kende er der. Vi logger ogs\u00e5 den nettlesertypen og det operativsystemet du bruker. Vi kobler ikke IP-adresser til personlig identifiserbar informasjon.<\/p>\n<h3>Datatilsynet<\/h3>\n<p>Postboks 8177 Dep.<\/p>\n<p>0034 Oslo<\/p>\n<p><strong>Telefon:<\/strong> 22 39 69 00<\/p>\n<p><strong>E-post:<\/strong> <u><a href=\"mailto:postkasse@datatilsynet.no\">postkasse@datatilsynet.no<\/a><\/u><\/p>\n<\/div>\n<\/div>\n<\/div>\n","protected":false},"excerpt":{"rendered":"<p>Ved registrering av ditt produkt p\u00e5 hjemmesiden samtykker du til at vi innsamler personopplysninger om deg. I denne forbindelse skal vi i henhold til personvernforordningens1 artikkel 13 gi deg f\u00f8lgende informasjon. 1. Den behandlingsansvarliges identitet og kontaktinformasjon Gorenje Group Nordic A\/S er behandlingsansvarlig for behandlingen av personopplysningene vi har registrert om deg. V\u00e5r kontaktinformasjon er&#8230;<\/p>\n","protected":false},"author":1,"featured_media":0,"parent":0,"menu_order":0,"comment_status":"closed","ping_status":"closed","template":"","meta":{"footnotes":""},"class_list":["post-42869","page","type-page","status-publish","hentry"],"yoast_head":"<!-- This site is optimized with the Yoast SEO plugin v27.1.1 - https:\/\/yoast.com\/product\/yoast-seo-wordpress\/ -->\n<title>Personvernerkl\u00e6ring | Life Simplified<\/title>\n<meta name=\"robots\" content=\"index, follow, max-snippet:-1, max-image-preview:large, max-video-preview:-1\" \/>\n<link rel=\"canonical\" href=\"https:\/\/lifesimplified.gorenje.com\/no\/personvernerklaering\/\" \/>\n<meta property=\"og:locale\" content=\"nb_NO\" \/>\n<meta property=\"og:type\" content=\"article\" \/>\n<meta property=\"og:title\" content=\"Personvernerkl\u00e6ring | Life Simplified\" \/>\n<meta property=\"og:description\" content=\"Ved registrering av ditt produkt p\u00e5 hjemmesiden samtykker du til at vi innsamler personopplysninger om deg. I denne forbindelse skal vi i henhold til personvernforordningens1 artikkel 13 gi deg f\u00f8lgende informasjon. 1. Den behandlingsansvarliges identitet og kontaktinformasjon Gorenje Group Nordic A\/S er behandlingsansvarlig for behandlingen av personopplysningene vi har registrert om deg. V\u00e5r kontaktinformasjon er...\" \/>\n<meta property=\"og:url\" content=\"https:\/\/lifesimplified.gorenje.com\/no\/personvernerklaering\/\" \/>\n<meta property=\"og:site_name\" content=\"Life Simplified\" \/>\n<meta property=\"article:publisher\" content=\"https:\/\/www.facebook.com\/gorenje.SLO\/\" \/>\n<meta property=\"article:modified_time\" content=\"2022-09-16T08:07:21+00:00\" \/>\n<meta property=\"og:image\" content=\"https:\/\/lifesimplified.gorenje.com\/wp-content\/uploads\/2019\/12\/gorenje-life-simplified-blog-life-simplified-logo.jpg\" \/>\n\t<meta property=\"og:image:width\" content=\"2169\" \/>\n\t<meta property=\"og:image:height\" content=\"1223\" \/>\n\t<meta property=\"og:image:type\" content=\"image\/jpeg\" \/>\n<meta name=\"twitter:card\" content=\"summary_large_image\" \/>\n<meta name=\"twitter:label1\" content=\"Ansl. lesetid\" \/>\n\t<meta name=\"twitter:data1\" content=\"6 minutter\" \/>\n<script type=\"application\/ld+json\" class=\"yoast-schema-graph\">{\"@context\":\"https:\/\/schema.org\",\"@graph\":[{\"@type\":\"WebPage\",\"@id\":\"https:\/\/lifesimplified.gorenje.com\/no\/personvernerklaering\/\",\"url\":\"https:\/\/lifesimplified.gorenje.com\/no\/personvernerklaering\/\",\"name\":\"Personvernerkl\u00e6ring | Life Simplified\",\"isPartOf\":{\"@id\":\"https:\/\/lifesimplified.gorenje.com\/no\/#website\"},\"datePublished\":\"2018-10-11T07:47:12+00:00\",\"dateModified\":\"2022-09-16T08:07:21+00:00\",\"breadcrumb\":{\"@id\":\"https:\/\/lifesimplified.gorenje.com\/no\/personvernerklaering\/#breadcrumb\"},\"inLanguage\":\"nb-NO\",\"potentialAction\":[{\"@type\":\"ReadAction\",\"target\":[\"https:\/\/lifesimplified.gorenje.com\/no\/personvernerklaering\/\"]}]},{\"@type\":\"BreadcrumbList\",\"@id\":\"https:\/\/lifesimplified.gorenje.com\/no\/personvernerklaering\/#breadcrumb\",\"itemListElement\":[{\"@type\":\"ListItem\",\"position\":1,\"name\":\"Home\",\"item\":\"https:\/\/lifesimplified.gorenje.com\/no\/home\/\"},{\"@type\":\"ListItem\",\"position\":2,\"name\":\"Personvernerkl\u00e6ring\"}]},{\"@type\":\"WebSite\",\"@id\":\"https:\/\/lifesimplified.gorenje.com\/no\/#website\",\"url\":\"https:\/\/lifesimplified.gorenje.com\/no\/\",\"name\":\"Life Simplified\",\"description\":\"Life Simplified\",\"publisher\":{\"@id\":\"https:\/\/lifesimplified.gorenje.com\/no\/#organization\"},\"potentialAction\":[{\"@type\":\"SearchAction\",\"target\":{\"@type\":\"EntryPoint\",\"urlTemplate\":\"https:\/\/lifesimplified.gorenje.com\/no\/?s={search_term_string}\"},\"query-input\":{\"@type\":\"PropertyValueSpecification\",\"valueRequired\":true,\"valueName\":\"search_term_string\"}}],\"inLanguage\":\"nb-NO\"},{\"@type\":\"Organization\",\"@id\":\"https:\/\/lifesimplified.gorenje.com\/no\/#organization\",\"name\":\"Gorenje\",\"url\":\"https:\/\/lifesimplified.gorenje.com\/no\/\",\"logo\":{\"@type\":\"ImageObject\",\"inLanguage\":\"nb-NO\",\"@id\":\"https:\/\/lifesimplified.gorenje.com\/no\/#\/schema\/logo\/image\/\",\"url\":\"https:\/\/lifesimplified.gorenje.com\/wp-content\/uploads\/2019\/12\/gorenje-life-simplified-blog-life-simplified-logo.jpg\",\"contentUrl\":\"https:\/\/lifesimplified.gorenje.com\/wp-content\/uploads\/2019\/12\/gorenje-life-simplified-blog-life-simplified-logo.jpg\",\"width\":2169,\"height\":1223,\"caption\":\"Gorenje\"},\"image\":{\"@id\":\"https:\/\/lifesimplified.gorenje.com\/no\/#\/schema\/logo\/image\/\"},\"sameAs\":[\"https:\/\/www.facebook.com\/gorenje.SLO\/\",\"https:\/\/www.instagram.com\/gorenje_slovenija\/\",\"https:\/\/www.youtube.com\/user\/gorenjesi\"]}]}<\/script>\n<!-- \/ Yoast SEO plugin. -->","yoast_head_json":{"title":"Personvernerkl\u00e6ring | Life Simplified","robots":{"index":"index","follow":"follow","max-snippet":"max-snippet:-1","max-image-preview":"max-image-preview:large","max-video-preview":"max-video-preview:-1"},"canonical":"https:\/\/lifesimplified.gorenje.com\/no\/personvernerklaering\/","og_locale":"nb_NO","og_type":"article","og_title":"Personvernerkl\u00e6ring | Life Simplified","og_description":"Ved registrering av ditt produkt p\u00e5 hjemmesiden samtykker du til at vi innsamler personopplysninger om deg. I denne forbindelse skal vi i henhold til personvernforordningens1 artikkel 13 gi deg f\u00f8lgende informasjon. 1. Den behandlingsansvarliges identitet og kontaktinformasjon Gorenje Group Nordic A\/S er behandlingsansvarlig for behandlingen av personopplysningene vi har registrert om deg. V\u00e5r kontaktinformasjon er...","og_url":"https:\/\/lifesimplified.gorenje.com\/no\/personvernerklaering\/","og_site_name":"Life Simplified","article_publisher":"https:\/\/www.facebook.com\/gorenje.SLO\/","article_modified_time":"2022-09-16T08:07:21+00:00","og_image":[{"width":2169,"height":1223,"url":"https:\/\/lifesimplified.gorenje.com\/wp-content\/uploads\/2019\/12\/gorenje-life-simplified-blog-life-simplified-logo.jpg","type":"image\/jpeg"}],"twitter_card":"summary_large_image","twitter_misc":{"Ansl. lesetid":"6 minutter"},"schema":{"@context":"https:\/\/schema.org","@graph":[{"@type":"WebPage","@id":"https:\/\/lifesimplified.gorenje.com\/no\/personvernerklaering\/","url":"https:\/\/lifesimplified.gorenje.com\/no\/personvernerklaering\/","name":"Personvernerkl\u00e6ring | Life Simplified","isPartOf":{"@id":"https:\/\/lifesimplified.gorenje.com\/no\/#website"},"datePublished":"2018-10-11T07:47:12+00:00","dateModified":"2022-09-16T08:07:21+00:00","breadcrumb":{"@id":"https:\/\/lifesimplified.gorenje.com\/no\/personvernerklaering\/#breadcrumb"},"inLanguage":"nb-NO","potentialAction":[{"@type":"ReadAction","target":["https:\/\/lifesimplified.gorenje.com\/no\/personvernerklaering\/"]}]},{"@type":"BreadcrumbList","@id":"https:\/\/lifesimplified.gorenje.com\/no\/personvernerklaering\/#breadcrumb","itemListElement":[{"@type":"ListItem","position":1,"name":"Home","item":"https:\/\/lifesimplified.gorenje.com\/no\/home\/"},{"@type":"ListItem","position":2,"name":"Personvernerkl\u00e6ring"}]},{"@type":"WebSite","@id":"https:\/\/lifesimplified.gorenje.com\/no\/#website","url":"https:\/\/lifesimplified.gorenje.com\/no\/","name":"Life Simplified","description":"Life Simplified","publisher":{"@id":"https:\/\/lifesimplified.gorenje.com\/no\/#organization"},"potentialAction":[{"@type":"SearchAction","target":{"@type":"EntryPoint","urlTemplate":"https:\/\/lifesimplified.gorenje.com\/no\/?s={search_term_string}"},"query-input":{"@type":"PropertyValueSpecification","valueRequired":true,"valueName":"search_term_string"}}],"inLanguage":"nb-NO"},{"@type":"Organization","@id":"https:\/\/lifesimplified.gorenje.com\/no\/#organization","name":"Gorenje","url":"https:\/\/lifesimplified.gorenje.com\/no\/","logo":{"@type":"ImageObject","inLanguage":"nb-NO","@id":"https:\/\/lifesimplified.gorenje.com\/no\/#\/schema\/logo\/image\/","url":"https:\/\/lifesimplified.gorenje.com\/wp-content\/uploads\/2019\/12\/gorenje-life-simplified-blog-life-simplified-logo.jpg","contentUrl":"https:\/\/lifesimplified.gorenje.com\/wp-content\/uploads\/2019\/12\/gorenje-life-simplified-blog-life-simplified-logo.jpg","width":2169,"height":1223,"caption":"Gorenje"},"image":{"@id":"https:\/\/lifesimplified.gorenje.com\/no\/#\/schema\/logo\/image\/"},"sameAs":["https:\/\/www.facebook.com\/gorenje.SLO\/","https:\/\/www.instagram.com\/gorenje_slovenija\/","https:\/\/www.youtube.com\/user\/gorenjesi"]}]}},"_links":{"self":[{"href":"https:\/\/lifesimplified.gorenje.com\/no\/wp-json\/wp\/v2\/pages\/42869","targetHints":{"allow":["GET"]}}],"collection":[{"href":"https:\/\/lifesimplified.gorenje.com\/no\/wp-json\/wp\/v2\/pages"}],"about":[{"href":"https:\/\/lifesimplified.gorenje.com\/no\/wp-json\/wp\/v2\/types\/page"}],"author":[{"embeddable":true,"href":"https:\/\/lifesimplified.gorenje.com\/no\/wp-json\/wp\/v2\/users\/1"}],"replies":[{"embeddable":true,"href":"https:\/\/lifesimplified.gorenje.com\/no\/wp-json\/wp\/v2\/comments?post=42869"}],"version-history":[{"count":3,"href":"https:\/\/lifesimplified.gorenje.com\/no\/wp-json\/wp\/v2\/pages\/42869\/revisions"}],"predecessor-version":[{"id":42926,"href":"https:\/\/lifesimplified.gorenje.com\/no\/wp-json\/wp\/v2\/pages\/42869\/revisions\/42926"}],"wp:attachment":[{"href":"https:\/\/lifesimplified.gorenje.com\/no\/wp-json\/wp\/v2\/media?parent=42869"}],"curies":[{"name":"wp","href":"https:\/\/api.w.org\/{rel}","templated":true}]}}