{"id":41730,"date":"2018-09-20T16:32:05","date_gmt":"2018-09-20T16:32:05","guid":{"rendered":"https:\/\/lifesimplified.gorenje.com\/story-of-life-simplified-with-gorenje-products\/"},"modified":"2022-08-19T07:34:52","modified_gmt":"2022-08-19T07:34:52","slug":"en-hyllest-til-et-enklere-liv","status":"publish","type":"page","link":"https:\/\/lifesimplified.gorenje.com\/no\/en-hyllest-til-et-enklere-liv\/","title":{"rendered":"En hyllest til et enklere liv"},"content":{"rendered":"<p>Vi er lidenskapelig opptatt av \u00e5 redusere kompleksiteten i livet slik at man kan nyte de mer sorgl\u00f8se \u00f8yeblikkene, som er autentiske og meningsfylte. Skapt av mennesker som er entusiastisk opptatt av enkelhet, som leverer kreative ideer, inspirerende tanker og nyttige verkt\u00f8y for \u00e5 skape et sted som du vender tilbake til n\u00e5r du \u00f8nsker hjelp til \u00e5 \u00abDesigne det livet du \u00f8nsker \u00e5 leve\u00bb. <strong>Omfavn enkelhet. Omfavn livet.<\/strong><\/p>\n","protected":false},"excerpt":{"rendered":"<p>Vi er lidenskapelig opptatt av \u00e5 redusere kompleksiteten i livet slik at man kan nyte de mer sorgl\u00f8se \u00f8yeblikkene, som er autentiske og meningsfylte. Skapt av mennesker som er entusiastisk opptatt av enkelhet, som leverer kreative ideer, inspirerende tanker og nyttige verkt\u00f8y for \u00e5 skape et sted som du vender tilbake til n\u00e5r du \u00f8nsker&#8230;<\/p>\n","protected":false},"author":1,"featured_media":41732,"parent":0,"menu_order":0,"comment_status":"closed","ping_status":"closed","template":"","meta":{"footnotes":""},"class_list":["post-41730","page","type-page","status-publish","has-post-thumbnail","hentry","has-post-video"],"yoast_head":"<!-- This site is optimized with the Yoast SEO plugin v27.1.1 - https:\/\/yoast.com\/product\/yoast-seo-wordpress\/ -->\n<title>En hyllest til et enklere liv | Life Simplified<\/title>\n<meta name=\"robots\" content=\"index, follow, max-snippet:-1, max-image-preview:large, max-video-preview:-1\" \/>\n<link rel=\"canonical\" href=\"https:\/\/lifesimplified.gorenje.com\/no\/en-hyllest-til-et-enklere-liv\/\" \/>\n<meta property=\"og:locale\" content=\"nb_NO\" \/>\n<meta property=\"og:type\" content=\"article\" \/>\n<meta property=\"og:title\" content=\"En hyllest til et enklere liv | Life Simplified\" \/>\n<meta property=\"og:description\" content=\"Vi er lidenskapelig opptatt av \u00e5 redusere kompleksiteten i livet slik at man kan nyte de mer sorgl\u00f8se \u00f8yeblikkene, som er autentiske og meningsfylte. Skapt av mennesker som er entusiastisk opptatt av enkelhet, som leverer kreative ideer, inspirerende tanker og nyttige verkt\u00f8y for \u00e5 skape et sted som du vender tilbake til n\u00e5r du \u00f8nsker...\" \/>\n<meta property=\"og:url\" content=\"https:\/\/lifesimplified.gorenje.com\/no\/en-hyllest-til-et-enklere-liv\/\" \/>\n<meta property=\"og:site_name\" content=\"Life Simplified\" \/>\n<meta property=\"article:publisher\" content=\"https:\/\/www.facebook.com\/gorenje.SLO\/\" \/>\n<meta property=\"article:modified_time\" content=\"2022-08-19T07:34:52+00:00\" \/>\n<meta property=\"og:image\" content=\"https:\/\/lifesimplified.gorenje.com\/wp-content\/uploads\/2019\/04\/gorenje_life_simplified_smartflex_motherdaughter_making_bubbles.jpg\" \/>\n\t<meta property=\"og:image:width\" content=\"1800\" \/>\n\t<meta property=\"og:image:height\" content=\"1200\" \/>\n\t<meta property=\"og:image:type\" content=\"image\/jpeg\" \/>\n<meta name=\"twitter:card\" content=\"summary_large_image\" \/>\n<meta name=\"twitter:label1\" content=\"Ansl. lesetid\" \/>\n\t<meta name=\"twitter:data1\" content=\"1 minutt\" \/>\n<script type=\"application\/ld+json\" class=\"yoast-schema-graph\">{\"@context\":\"https:\/\/schema.org\",\"@graph\":[{\"@type\":\"WebPage\",\"@id\":\"https:\/\/lifesimplified.gorenje.com\/no\/en-hyllest-til-et-enklere-liv\/\",\"url\":\"https:\/\/lifesimplified.gorenje.com\/no\/en-hyllest-til-et-enklere-liv\/\",\"name\":\"En hyllest til et enklere liv | Life Simplified\",\"isPartOf\":{\"@id\":\"https:\/\/lifesimplified.gorenje.com\/no\/#website\"},\"primaryImageOfPage\":{\"@id\":\"https:\/\/lifesimplified.gorenje.com\/no\/en-hyllest-til-et-enklere-liv\/#primaryimage\"},\"image\":{\"@id\":\"https:\/\/lifesimplified.gorenje.com\/no\/en-hyllest-til-et-enklere-liv\/#primaryimage\"},\"thumbnailUrl\":\"https:\/\/lifesimplified.gorenje.com\/wp-content\/uploads\/2019\/04\/gorenje_life_simplified_smartflex_motherdaughter_making_bubbles.jpg\",\"datePublished\":\"2018-09-20T16:32:05+00:00\",\"dateModified\":\"2022-08-19T07:34:52+00:00\",\"breadcrumb\":{\"@id\":\"https:\/\/lifesimplified.gorenje.com\/no\/en-hyllest-til-et-enklere-liv\/#breadcrumb\"},\"inLanguage\":\"nb-NO\",\"potentialAction\":[{\"@type\":\"ReadAction\",\"target\":[\"https:\/\/lifesimplified.gorenje.com\/no\/en-hyllest-til-et-enklere-liv\/\"]}]},{\"@type\":\"ImageObject\",\"inLanguage\":\"nb-NO\",\"@id\":\"https:\/\/lifesimplified.gorenje.com\/no\/en-hyllest-til-et-enklere-liv\/#primaryimage\",\"url\":\"https:\/\/lifesimplified.gorenje.com\/wp-content\/uploads\/2019\/04\/gorenje_life_simplified_smartflex_motherdaughter_making_bubbles.jpg\",\"contentUrl\":\"https:\/\/lifesimplified.gorenje.com\/wp-content\/uploads\/2019\/04\/gorenje_life_simplified_smartflex_motherdaughter_making_bubbles.jpg\",\"width\":1800,\"height\":1200},{\"@type\":\"BreadcrumbList\",\"@id\":\"https:\/\/lifesimplified.gorenje.com\/no\/en-hyllest-til-et-enklere-liv\/#breadcrumb\",\"itemListElement\":[{\"@type\":\"ListItem\",\"position\":1,\"name\":\"Home\",\"item\":\"https:\/\/lifesimplified.gorenje.com\/no\/home\/\"},{\"@type\":\"ListItem\",\"position\":2,\"name\":\"En hyllest til et enklere liv\"}]},{\"@type\":\"WebSite\",\"@id\":\"https:\/\/lifesimplified.gorenje.com\/no\/#website\",\"url\":\"https:\/\/lifesimplified.gorenje.com\/no\/\",\"name\":\"Life Simplified\",\"description\":\"Life Simplified\",\"publisher\":{\"@id\":\"https:\/\/lifesimplified.gorenje.com\/no\/#organization\"},\"potentialAction\":[{\"@type\":\"SearchAction\",\"target\":{\"@type\":\"EntryPoint\",\"urlTemplate\":\"https:\/\/lifesimplified.gorenje.com\/no\/?s={search_term_string}\"},\"query-input\":{\"@type\":\"PropertyValueSpecification\",\"valueRequired\":true,\"valueName\":\"search_term_string\"}}],\"inLanguage\":\"nb-NO\"},{\"@type\":\"Organization\",\"@id\":\"https:\/\/lifesimplified.gorenje.com\/no\/#organization\",\"name\":\"Gorenje\",\"url\":\"https:\/\/lifesimplified.gorenje.com\/no\/\",\"logo\":{\"@type\":\"ImageObject\",\"inLanguage\":\"nb-NO\",\"@id\":\"https:\/\/lifesimplified.gorenje.com\/no\/#\/schema\/logo\/image\/\",\"url\":\"https:\/\/lifesimplified.gorenje.com\/wp-content\/uploads\/2019\/12\/gorenje-life-simplified-blog-life-simplified-logo.jpg\",\"contentUrl\":\"https:\/\/lifesimplified.gorenje.com\/wp-content\/uploads\/2019\/12\/gorenje-life-simplified-blog-life-simplified-logo.jpg\",\"width\":2169,\"height\":1223,\"caption\":\"Gorenje\"},\"image\":{\"@id\":\"https:\/\/lifesimplified.gorenje.com\/no\/#\/schema\/logo\/image\/\"},\"sameAs\":[\"https:\/\/www.facebook.com\/gorenje.SLO\/\",\"https:\/\/www.instagram.com\/gorenje_slovenija\/\",\"https:\/\/www.youtube.com\/user\/gorenjesi\"]}]}<\/script>\n<!-- \/ Yoast SEO plugin. -->","yoast_head_json":{"title":"En hyllest til et enklere liv | Life Simplified","robots":{"index":"index","follow":"follow","max-snippet":"max-snippet:-1","max-image-preview":"max-image-preview:large","max-video-preview":"max-video-preview:-1"},"canonical":"https:\/\/lifesimplified.gorenje.com\/no\/en-hyllest-til-et-enklere-liv\/","og_locale":"nb_NO","og_type":"article","og_title":"En hyllest til et enklere liv | Life Simplified","og_description":"Vi er lidenskapelig opptatt av \u00e5 redusere kompleksiteten i livet slik at man kan nyte de mer sorgl\u00f8se \u00f8yeblikkene, som er autentiske og meningsfylte. Skapt av mennesker som er entusiastisk opptatt av enkelhet, som leverer kreative ideer, inspirerende tanker og nyttige verkt\u00f8y for \u00e5 skape et sted som du vender tilbake til n\u00e5r du \u00f8nsker...","og_url":"https:\/\/lifesimplified.gorenje.com\/no\/en-hyllest-til-et-enklere-liv\/","og_site_name":"Life Simplified","article_publisher":"https:\/\/www.facebook.com\/gorenje.SLO\/","article_modified_time":"2022-08-19T07:34:52+00:00","og_image":[{"width":1800,"height":1200,"url":"https:\/\/lifesimplified.gorenje.com\/wp-content\/uploads\/2019\/04\/gorenje_life_simplified_smartflex_motherdaughter_making_bubbles.jpg","type":"image\/jpeg"}],"twitter_card":"summary_large_image","twitter_misc":{"Ansl. lesetid":"1 minutt"},"schema":{"@context":"https:\/\/schema.org","@graph":[{"@type":"WebPage","@id":"https:\/\/lifesimplified.gorenje.com\/no\/en-hyllest-til-et-enklere-liv\/","url":"https:\/\/lifesimplified.gorenje.com\/no\/en-hyllest-til-et-enklere-liv\/","name":"En hyllest til et enklere liv | Life Simplified","isPartOf":{"@id":"https:\/\/lifesimplified.gorenje.com\/no\/#website"},"primaryImageOfPage":{"@id":"https:\/\/lifesimplified.gorenje.com\/no\/en-hyllest-til-et-enklere-liv\/#primaryimage"},"image":{"@id":"https:\/\/lifesimplified.gorenje.com\/no\/en-hyllest-til-et-enklere-liv\/#primaryimage"},"thumbnailUrl":"https:\/\/lifesimplified.gorenje.com\/wp-content\/uploads\/2019\/04\/gorenje_life_simplified_smartflex_motherdaughter_making_bubbles.jpg","datePublished":"2018-09-20T16:32:05+00:00","dateModified":"2022-08-19T07:34:52+00:00","breadcrumb":{"@id":"https:\/\/lifesimplified.gorenje.com\/no\/en-hyllest-til-et-enklere-liv\/#breadcrumb"},"inLanguage":"nb-NO","potentialAction":[{"@type":"ReadAction","target":["https:\/\/lifesimplified.gorenje.com\/no\/en-hyllest-til-et-enklere-liv\/"]}]},{"@type":"ImageObject","inLanguage":"nb-NO","@id":"https:\/\/lifesimplified.gorenje.com\/no\/en-hyllest-til-et-enklere-liv\/#primaryimage","url":"https:\/\/lifesimplified.gorenje.com\/wp-content\/uploads\/2019\/04\/gorenje_life_simplified_smartflex_motherdaughter_making_bubbles.jpg","contentUrl":"https:\/\/lifesimplified.gorenje.com\/wp-content\/uploads\/2019\/04\/gorenje_life_simplified_smartflex_motherdaughter_making_bubbles.jpg","width":1800,"height":1200},{"@type":"BreadcrumbList","@id":"https:\/\/lifesimplified.gorenje.com\/no\/en-hyllest-til-et-enklere-liv\/#breadcrumb","itemListElement":[{"@type":"ListItem","position":1,"name":"Home","item":"https:\/\/lifesimplified.gorenje.com\/no\/home\/"},{"@type":"ListItem","position":2,"name":"En hyllest til et enklere liv"}]},{"@type":"WebSite","@id":"https:\/\/lifesimplified.gorenje.com\/no\/#website","url":"https:\/\/lifesimplified.gorenje.com\/no\/","name":"Life Simplified","description":"Life Simplified","publisher":{"@id":"https:\/\/lifesimplified.gorenje.com\/no\/#organization"},"potentialAction":[{"@type":"SearchAction","target":{"@type":"EntryPoint","urlTemplate":"https:\/\/lifesimplified.gorenje.com\/no\/?s={search_term_string}"},"query-input":{"@type":"PropertyValueSpecification","valueRequired":true,"valueName":"search_term_string"}}],"inLanguage":"nb-NO"},{"@type":"Organization","@id":"https:\/\/lifesimplified.gorenje.com\/no\/#organization","name":"Gorenje","url":"https:\/\/lifesimplified.gorenje.com\/no\/","logo":{"@type":"ImageObject","inLanguage":"nb-NO","@id":"https:\/\/lifesimplified.gorenje.com\/no\/#\/schema\/logo\/image\/","url":"https:\/\/lifesimplified.gorenje.com\/wp-content\/uploads\/2019\/12\/gorenje-life-simplified-blog-life-simplified-logo.jpg","contentUrl":"https:\/\/lifesimplified.gorenje.com\/wp-content\/uploads\/2019\/12\/gorenje-life-simplified-blog-life-simplified-logo.jpg","width":2169,"height":1223,"caption":"Gorenje"},"image":{"@id":"https:\/\/lifesimplified.gorenje.com\/no\/#\/schema\/logo\/image\/"},"sameAs":["https:\/\/www.facebook.com\/gorenje.SLO\/","https:\/\/www.instagram.com\/gorenje_slovenija\/","https:\/\/www.youtube.com\/user\/gorenjesi"]}]}},"_links":{"self":[{"href":"https:\/\/lifesimplified.gorenje.com\/no\/wp-json\/wp\/v2\/pages\/41730","targetHints":{"allow":["GET"]}}],"collection":[{"href":"https:\/\/lifesimplified.gorenje.com\/no\/wp-json\/wp\/v2\/pages"}],"about":[{"href":"https:\/\/lifesimplified.gorenje.com\/no\/wp-json\/wp\/v2\/types\/page"}],"author":[{"embeddable":true,"href":"https:\/\/lifesimplified.gorenje.com\/no\/wp-json\/wp\/v2\/users\/1"}],"replies":[{"embeddable":true,"href":"https:\/\/lifesimplified.gorenje.com\/no\/wp-json\/wp\/v2\/comments?post=41730"}],"version-history":[{"count":1,"href":"https:\/\/lifesimplified.gorenje.com\/no\/wp-json\/wp\/v2\/pages\/41730\/revisions"}],"predecessor-version":[{"id":41734,"href":"https:\/\/lifesimplified.gorenje.com\/no\/wp-json\/wp\/v2\/pages\/41730\/revisions\/41734"}],"wp:featuredmedia":[{"embeddable":true,"href":"https:\/\/lifesimplified.gorenje.com\/no\/wp-json\/wp\/v2\/media\/41732"}],"wp:attachment":[{"href":"https:\/\/lifesimplified.gorenje.com\/no\/wp-json\/wp\/v2\/media?parent=41730"}],"curies":[{"name":"wp","href":"https:\/\/api.w.org\/{rel}","templated":true}]}}