{"id":57138,"date":"2018-10-11T07:47:12","date_gmt":"2018-10-11T07:47:12","guid":{"rendered":"https:\/\/lifesimplified.gorenje.com\/privacy\/"},"modified":"2023-03-29T08:43:18","modified_gmt":"2023-03-29T08:43:18","slug":"privatumo-politika","status":"publish","type":"page","link":"https:\/\/lifesimplified.gorenje.com\/lv\/privatumo-politika\/","title":{"rendered":"Privatumo politika"},"content":{"rendered":"<p>Gorenje Polska Sp. z o.o. uz\u0146\u0113mums ap\u0146emas nodro\u0161in\u0101t pien\u0101c\u012bgu Datu Subjekta personas datu konfidencialit\u0101tes, pieejam\u012bbas un integrit\u0101tes l\u012bmeni, izmantojot uz\u0146\u0113muma t\u012bmek\u013ca pakalpojumus un risin\u0101jumus.<\/p>\n<p>Sav\u0101kto Personas Datu apstr\u0101de tiek veikta, iev\u0113rojot pien\u0101c\u012bgus fiziskus un lo\u0123iskus dro\u0161\u012bbas pas\u0101kumus. Ja personas datus sav\u0101c un apstr\u0101d\u0101 p\u0113c Datu Subjekta piekri\u0161anas, datu apstr\u0101de tiek \u012bstenota tik ilgi, kam\u0113r Datu Subjekts nav inform\u0113jis uz\u0146\u0113mumu par nep\u0101rprotamu piekri\u0161anas atcel\u0161anu.<\/p>\n<p>Personas dati netiek nodoti tre\u0161aj\u0101m valst\u012bm. <\/p>\n<p>Piek\u013cuvi personas datiem apstiprina uz\u0146\u0113mums Gorenje Gorenje Polska Sp. z o.o., un dati ir pieejami tikai attiec\u012bgi pilnvarotiem darbiniekiem. Uzglab\u0101to personas datu apstr\u0101dei netiek pielietotas automatiz\u0113tas apstr\u0101des metodes un datu profil\u0113\u0161ana. <\/p>\n<p>Ja jums rodas papildu jaut\u0101jumi attiec\u012bb\u0101 uz personas datu kontroli un apstr\u0101di, j\u016bs varat nos\u016bt\u012bt mums v\u0113stuli uz sekojo\u0161o e-pasta adresi: <a href=\"mailto:gdpr@gorenje.com\">gdpr@gorenje.com<\/a>.<\/p>\n<p>Gad\u012bjum\u0101, ja konstat\u0113jat personas datu \u013caunpr\u0101t\u012bgu izmanto\u0161anu, kas ir saist\u012bta ar uz\u0146\u0113muma Gorenje Polska Sp. z o.o. \u012bstenoto personas datu apstr\u0101di un kontroli, j\u016bs varat sazin\u0101ties ar Personas Datu kompetento iest\u0101di:<\/p>\n<p>Gorenje Polska Sp. z o.o.<br \/>\nUl. Pozna\u0144ska 159<br \/>\n05-850 O\u017car\u00f3w Mazowiecki<br \/>\nPolska<br \/>\nE-mail: <a href=\"mailto:gorenje@gorenje.pl\">gorenje@gorenje.pl<\/a><\/p>\n","protected":false},"excerpt":{"rendered":"<p>Gorenje Polska Sp. z o.o. uz\u0146\u0113mums ap\u0146emas nodro\u0161in\u0101t pien\u0101c\u012bgu Datu Subjekta personas datu konfidencialit\u0101tes, pieejam\u012bbas un integrit\u0101tes l\u012bmeni, izmantojot uz\u0146\u0113muma t\u012bmek\u013ca pakalpojumus un risin\u0101jumus. Sav\u0101kto Personas Datu apstr\u0101de tiek veikta, iev\u0113rojot pien\u0101c\u012bgus fiziskus un lo\u0123iskus dro\u0161\u012bbas pas\u0101kumus. Ja personas datus sav\u0101c un apstr\u0101d\u0101 p\u0113c Datu Subjekta piekri\u0161anas, datu apstr\u0101de tiek \u012bstenota tik ilgi, kam\u0113r Datu&#8230;<\/p>\n","protected":false},"author":1,"featured_media":0,"parent":0,"menu_order":0,"comment_status":"closed","ping_status":"closed","template":"","meta":{"footnotes":""},"class_list":["post-57138","page","type-page","status-publish","hentry"],"yoast_head":"<!-- This site is optimized with the Yoast SEO plugin v27.1.1 - https:\/\/yoast.com\/product\/yoast-seo-wordpress\/ -->\n<title>Privatumo politika | Life Simplified<\/title>\n<meta name=\"robots\" content=\"index, follow, max-snippet:-1, max-image-preview:large, max-video-preview:-1\" \/>\n<link rel=\"canonical\" href=\"https:\/\/lifesimplified.gorenje.com\/lv\/privatumo-politika\/\" \/>\n<meta property=\"og:locale\" content=\"lv_LV\" \/>\n<meta property=\"og:type\" content=\"article\" \/>\n<meta property=\"og:title\" content=\"Privatumo politika | Life Simplified\" \/>\n<meta property=\"og:description\" content=\"Gorenje Polska Sp. z o.o. uz\u0146\u0113mums ap\u0146emas nodro\u0161in\u0101t pien\u0101c\u012bgu Datu Subjekta personas datu konfidencialit\u0101tes, pieejam\u012bbas un integrit\u0101tes l\u012bmeni, izmantojot uz\u0146\u0113muma t\u012bmek\u013ca pakalpojumus un risin\u0101jumus. Sav\u0101kto Personas Datu apstr\u0101de tiek veikta, iev\u0113rojot pien\u0101c\u012bgus fiziskus un lo\u0123iskus dro\u0161\u012bbas pas\u0101kumus. Ja personas datus sav\u0101c un apstr\u0101d\u0101 p\u0113c Datu Subjekta piekri\u0161anas, datu apstr\u0101de tiek \u012bstenota tik ilgi, kam\u0113r Datu...\" \/>\n<meta property=\"og:url\" content=\"https:\/\/lifesimplified.gorenje.com\/lv\/privatumo-politika\/\" \/>\n<meta property=\"og:site_name\" content=\"Life Simplified\" \/>\n<meta property=\"article:publisher\" content=\"https:\/\/www.facebook.com\/gorenje.SLO\/\" \/>\n<meta property=\"article:modified_time\" content=\"2023-03-29T08:43:18+00:00\" \/>\n<meta property=\"og:image\" content=\"https:\/\/lifesimplified.gorenje.com\/wp-content\/uploads\/2019\/12\/gorenje-life-simplified-blog-life-simplified-logo.jpg\" \/>\n\t<meta property=\"og:image:width\" content=\"2169\" \/>\n\t<meta property=\"og:image:height\" content=\"1223\" \/>\n\t<meta property=\"og:image:type\" content=\"image\/jpeg\" \/>\n<meta name=\"twitter:card\" content=\"summary_large_image\" \/>\n<meta name=\"twitter:label1\" content=\"Est. reading time\" \/>\n\t<meta name=\"twitter:data1\" content=\"1 minute\" \/>\n<script type=\"application\/ld+json\" class=\"yoast-schema-graph\">{\"@context\":\"https:\/\/schema.org\",\"@graph\":[{\"@type\":\"WebPage\",\"@id\":\"https:\/\/lifesimplified.gorenje.com\/lv\/privatumo-politika\/\",\"url\":\"https:\/\/lifesimplified.gorenje.com\/lv\/privatumo-politika\/\",\"name\":\"Privatumo politika | Life Simplified\",\"isPartOf\":{\"@id\":\"https:\/\/lifesimplified.gorenje.com\/lv\/#website\"},\"datePublished\":\"2018-10-11T07:47:12+00:00\",\"dateModified\":\"2023-03-29T08:43:18+00:00\",\"breadcrumb\":{\"@id\":\"https:\/\/lifesimplified.gorenje.com\/lv\/privatumo-politika\/#breadcrumb\"},\"inLanguage\":\"lv-LV\",\"potentialAction\":[{\"@type\":\"ReadAction\",\"target\":[\"https:\/\/lifesimplified.gorenje.com\/lv\/privatumo-politika\/\"]}]},{\"@type\":\"BreadcrumbList\",\"@id\":\"https:\/\/lifesimplified.gorenje.com\/lv\/privatumo-politika\/#breadcrumb\",\"itemListElement\":[{\"@type\":\"ListItem\",\"position\":1,\"name\":\"Home\",\"item\":\"https:\/\/lifesimplified.gorenje.com\/lv\/home\/\"},{\"@type\":\"ListItem\",\"position\":2,\"name\":\"Privatumo politika\"}]},{\"@type\":\"WebSite\",\"@id\":\"https:\/\/lifesimplified.gorenje.com\/lv\/#website\",\"url\":\"https:\/\/lifesimplified.gorenje.com\/lv\/\",\"name\":\"Life Simplified\",\"description\":\"Vienk\u0101r\u0161ota dz\u012bve\",\"publisher\":{\"@id\":\"https:\/\/lifesimplified.gorenje.com\/lv\/#organization\"},\"potentialAction\":[{\"@type\":\"SearchAction\",\"target\":{\"@type\":\"EntryPoint\",\"urlTemplate\":\"https:\/\/lifesimplified.gorenje.com\/lv\/?s={search_term_string}\"},\"query-input\":{\"@type\":\"PropertyValueSpecification\",\"valueRequired\":true,\"valueName\":\"search_term_string\"}}],\"inLanguage\":\"lv-LV\"},{\"@type\":\"Organization\",\"@id\":\"https:\/\/lifesimplified.gorenje.com\/lv\/#organization\",\"name\":\"Gorenje\",\"url\":\"https:\/\/lifesimplified.gorenje.com\/lv\/\",\"logo\":{\"@type\":\"ImageObject\",\"inLanguage\":\"lv-LV\",\"@id\":\"https:\/\/lifesimplified.gorenje.com\/lv\/#\/schema\/logo\/image\/\",\"url\":\"https:\/\/lifesimplified.gorenje.com\/wp-content\/uploads\/2019\/12\/gorenje-life-simplified-blog-life-simplified-logo.jpg\",\"contentUrl\":\"https:\/\/lifesimplified.gorenje.com\/wp-content\/uploads\/2019\/12\/gorenje-life-simplified-blog-life-simplified-logo.jpg\",\"width\":2169,\"height\":1223,\"caption\":\"Gorenje\"},\"image\":{\"@id\":\"https:\/\/lifesimplified.gorenje.com\/lv\/#\/schema\/logo\/image\/\"},\"sameAs\":[\"https:\/\/www.facebook.com\/gorenje.SLO\/\",\"https:\/\/www.instagram.com\/gorenje_slovenija\/\",\"https:\/\/www.youtube.com\/user\/gorenjesi\"]}]}<\/script>\n<!-- \/ Yoast SEO plugin. -->","yoast_head_json":{"title":"Privatumo politika | Life Simplified","robots":{"index":"index","follow":"follow","max-snippet":"max-snippet:-1","max-image-preview":"max-image-preview:large","max-video-preview":"max-video-preview:-1"},"canonical":"https:\/\/lifesimplified.gorenje.com\/lv\/privatumo-politika\/","og_locale":"lv_LV","og_type":"article","og_title":"Privatumo politika | Life Simplified","og_description":"Gorenje Polska Sp. z o.o. uz\u0146\u0113mums ap\u0146emas nodro\u0161in\u0101t pien\u0101c\u012bgu Datu Subjekta personas datu konfidencialit\u0101tes, pieejam\u012bbas un integrit\u0101tes l\u012bmeni, izmantojot uz\u0146\u0113muma t\u012bmek\u013ca pakalpojumus un risin\u0101jumus. Sav\u0101kto Personas Datu apstr\u0101de tiek veikta, iev\u0113rojot pien\u0101c\u012bgus fiziskus un lo\u0123iskus dro\u0161\u012bbas pas\u0101kumus. Ja personas datus sav\u0101c un apstr\u0101d\u0101 p\u0113c Datu Subjekta piekri\u0161anas, datu apstr\u0101de tiek \u012bstenota tik ilgi, kam\u0113r Datu...","og_url":"https:\/\/lifesimplified.gorenje.com\/lv\/privatumo-politika\/","og_site_name":"Life Simplified","article_publisher":"https:\/\/www.facebook.com\/gorenje.SLO\/","article_modified_time":"2023-03-29T08:43:18+00:00","og_image":[{"width":2169,"height":1223,"url":"https:\/\/lifesimplified.gorenje.com\/wp-content\/uploads\/2019\/12\/gorenje-life-simplified-blog-life-simplified-logo.jpg","type":"image\/jpeg"}],"twitter_card":"summary_large_image","twitter_misc":{"Est. reading time":"1 minute"},"schema":{"@context":"https:\/\/schema.org","@graph":[{"@type":"WebPage","@id":"https:\/\/lifesimplified.gorenje.com\/lv\/privatumo-politika\/","url":"https:\/\/lifesimplified.gorenje.com\/lv\/privatumo-politika\/","name":"Privatumo politika | Life Simplified","isPartOf":{"@id":"https:\/\/lifesimplified.gorenje.com\/lv\/#website"},"datePublished":"2018-10-11T07:47:12+00:00","dateModified":"2023-03-29T08:43:18+00:00","breadcrumb":{"@id":"https:\/\/lifesimplified.gorenje.com\/lv\/privatumo-politika\/#breadcrumb"},"inLanguage":"lv-LV","potentialAction":[{"@type":"ReadAction","target":["https:\/\/lifesimplified.gorenje.com\/lv\/privatumo-politika\/"]}]},{"@type":"BreadcrumbList","@id":"https:\/\/lifesimplified.gorenje.com\/lv\/privatumo-politika\/#breadcrumb","itemListElement":[{"@type":"ListItem","position":1,"name":"Home","item":"https:\/\/lifesimplified.gorenje.com\/lv\/home\/"},{"@type":"ListItem","position":2,"name":"Privatumo politika"}]},{"@type":"WebSite","@id":"https:\/\/lifesimplified.gorenje.com\/lv\/#website","url":"https:\/\/lifesimplified.gorenje.com\/lv\/","name":"Life Simplified","description":"Vienk\u0101r\u0161ota dz\u012bve","publisher":{"@id":"https:\/\/lifesimplified.gorenje.com\/lv\/#organization"},"potentialAction":[{"@type":"SearchAction","target":{"@type":"EntryPoint","urlTemplate":"https:\/\/lifesimplified.gorenje.com\/lv\/?s={search_term_string}"},"query-input":{"@type":"PropertyValueSpecification","valueRequired":true,"valueName":"search_term_string"}}],"inLanguage":"lv-LV"},{"@type":"Organization","@id":"https:\/\/lifesimplified.gorenje.com\/lv\/#organization","name":"Gorenje","url":"https:\/\/lifesimplified.gorenje.com\/lv\/","logo":{"@type":"ImageObject","inLanguage":"lv-LV","@id":"https:\/\/lifesimplified.gorenje.com\/lv\/#\/schema\/logo\/image\/","url":"https:\/\/lifesimplified.gorenje.com\/wp-content\/uploads\/2019\/12\/gorenje-life-simplified-blog-life-simplified-logo.jpg","contentUrl":"https:\/\/lifesimplified.gorenje.com\/wp-content\/uploads\/2019\/12\/gorenje-life-simplified-blog-life-simplified-logo.jpg","width":2169,"height":1223,"caption":"Gorenje"},"image":{"@id":"https:\/\/lifesimplified.gorenje.com\/lv\/#\/schema\/logo\/image\/"},"sameAs":["https:\/\/www.facebook.com\/gorenje.SLO\/","https:\/\/www.instagram.com\/gorenje_slovenija\/","https:\/\/www.youtube.com\/user\/gorenjesi"]}]}},"_links":{"self":[{"href":"https:\/\/lifesimplified.gorenje.com\/lv\/wp-json\/wp\/v2\/pages\/57138","targetHints":{"allow":["GET"]}}],"collection":[{"href":"https:\/\/lifesimplified.gorenje.com\/lv\/wp-json\/wp\/v2\/pages"}],"about":[{"href":"https:\/\/lifesimplified.gorenje.com\/lv\/wp-json\/wp\/v2\/types\/page"}],"author":[{"embeddable":true,"href":"https:\/\/lifesimplified.gorenje.com\/lv\/wp-json\/wp\/v2\/users\/1"}],"replies":[{"embeddable":true,"href":"https:\/\/lifesimplified.gorenje.com\/lv\/wp-json\/wp\/v2\/comments?post=57138"}],"version-history":[{"count":1,"href":"https:\/\/lifesimplified.gorenje.com\/lv\/wp-json\/wp\/v2\/pages\/57138\/revisions"}],"predecessor-version":[{"id":57712,"href":"https:\/\/lifesimplified.gorenje.com\/lv\/wp-json\/wp\/v2\/pages\/57138\/revisions\/57712"}],"wp:attachment":[{"href":"https:\/\/lifesimplified.gorenje.com\/lv\/wp-json\/wp\/v2\/media?parent=57138"}],"curies":[{"name":"wp","href":"https:\/\/api.w.org\/{rel}","templated":true}]}}