{"id":57134,"date":"2018-11-04T18:51:54","date_gmt":"2018-11-04T18:51:54","guid":{"rendered":"https:\/\/lifesimplified.gorenje.com\/about-life-simplified-blog\/"},"modified":"2023-03-31T11:39:24","modified_gmt":"2023-03-31T11:39:24","slug":"life-simplified-blogs","status":"publish","type":"page","link":"https:\/\/lifesimplified.gorenje.com\/lv\/life-simplified-blogs\/","title":{"rendered":"Life simplified blogs"},"content":{"rendered":"<p>&#8220;Gorenje ir kas vair\u0101k nek\u0101 vienk\u0101r\u0161a sadz\u012bves tehnika. K\u0101 z\u012bmols m\u0113s dz\u012bvojam m\u0101j\u0101s, kas ir ikviena ikdienas dz\u012bves centrs. T\u0101p\u0113c m\u016bsu svar\u012bg\u0101k\u0101 misija ir b\u016bt jums noder\u012bgiem ikdienas dz\u012bv\u0113, to padarot vienk\u0101r\u0161\u0101ku un pat\u012bkam\u0101ku. M\u0113s uzskat\u0101m, ka katrai m\u016bsu pied\u0101v\u0101tajai inov\u0101cijai ir j\u0101b\u016bt ar m\u0113r\u0137i vienk\u0101r\u0161ot j\u016bsu ikdienu, lai padar\u012btu dz\u012bves noz\u012bm\u012bg\u0101kos br\u012b\u017eus vai maz\u0101kos ikdienas mirk\u013cus viegl\u0101kus.\u201d<\/p>\n<p>M\u016bsu blogs \u201cVienk\u0101r\u0161ota dz\u012bve\u201d sniedz noder\u012bgus padomus un trikus, receptes un interjera dizaina iedvesmu ikvienam, kam dz\u012bv\u0113 ir vajadz\u012bgs vienk\u0101r\u0161\u012bbas piesk\u0101riens. Ja v\u0113laties sav\u0101 ikdien\u0101 ieg\u016bt vair\u0101k br\u012bva laika un atelpas, esi non\u0101cis \u012bstaj\u0101 viet\u0101. M\u0113s zin\u0101m, ka bie\u017ei maz\u0101k var b\u016bt vair\u0101k, ta\u010du m\u0113s nerun\u0101jam par minim\u0101lismu. M\u0113s run\u0101jam par l\u012bdzsvaru dz\u012bv\u0113. Par mazaj\u0101m p\u0101rmai\u0146\u0101m, kas sniedz vislab\u0101kos rezult\u0101tus: gar\u0161\u012bgas vakari\u0146as, perfekts krekls, omul\u012bgas m\u0101jas un laim\u012bga \u0123imene.<\/p>\n<h4>Izbaudi vienk\u0101r\u0161\u012bbu. Izbaudi Dz\u012bvi.<\/h4>\n","protected":false},"excerpt":{"rendered":"<p>&#8220;Gorenje ir kas vair\u0101k nek\u0101 vienk\u0101r\u0161a sadz\u012bves tehnika. K\u0101 z\u012bmols m\u0113s dz\u012bvojam m\u0101j\u0101s, kas ir ikviena ikdienas dz\u012bves centrs. T\u0101p\u0113c m\u016bsu svar\u012bg\u0101k\u0101 misija ir b\u016bt jums noder\u012bgiem ikdienas dz\u012bv\u0113, to padarot vienk\u0101r\u0161\u0101ku un pat\u012bkam\u0101ku. M\u0113s uzskat\u0101m, ka katrai m\u016bsu pied\u0101v\u0101tajai inov\u0101cijai ir j\u0101b\u016bt ar m\u0113r\u0137i vienk\u0101r\u0161ot j\u016bsu ikdienu, lai padar\u012btu dz\u012bves noz\u012bm\u012bg\u0101kos br\u012b\u017eus vai maz\u0101kos&#8230;<\/p>\n","protected":false},"author":1,"featured_media":0,"parent":0,"menu_order":0,"comment_status":"closed","ping_status":"closed","template":"","meta":{"footnotes":""},"class_list":["post-57134","page","type-page","status-publish","hentry"],"yoast_head":"<!-- This site is optimized with the Yoast SEO plugin v27.1.1 - https:\/\/yoast.com\/product\/yoast-seo-wordpress\/ -->\n<title>Life simplified blogs | Life Simplified<\/title>\n<meta name=\"robots\" content=\"index, follow, max-snippet:-1, max-image-preview:large, max-video-preview:-1\" \/>\n<link rel=\"canonical\" href=\"https:\/\/lifesimplified.gorenje.com\/lv\/life-simplified-blogs\/\" \/>\n<meta property=\"og:locale\" content=\"lv_LV\" \/>\n<meta property=\"og:type\" content=\"article\" \/>\n<meta property=\"og:title\" content=\"Life simplified blogs | Life Simplified\" \/>\n<meta property=\"og:description\" content=\"&#8220;Gorenje ir kas vair\u0101k nek\u0101 vienk\u0101r\u0161a sadz\u012bves tehnika. K\u0101 z\u012bmols m\u0113s dz\u012bvojam m\u0101j\u0101s, kas ir ikviena ikdienas dz\u012bves centrs. T\u0101p\u0113c m\u016bsu svar\u012bg\u0101k\u0101 misija ir b\u016bt jums noder\u012bgiem ikdienas dz\u012bv\u0113, to padarot vienk\u0101r\u0161\u0101ku un pat\u012bkam\u0101ku. M\u0113s uzskat\u0101m, ka katrai m\u016bsu pied\u0101v\u0101tajai inov\u0101cijai ir j\u0101b\u016bt ar m\u0113r\u0137i vienk\u0101r\u0161ot j\u016bsu ikdienu, lai padar\u012btu dz\u012bves noz\u012bm\u012bg\u0101kos br\u012b\u017eus vai maz\u0101kos...\" \/>\n<meta property=\"og:url\" content=\"https:\/\/lifesimplified.gorenje.com\/lv\/life-simplified-blogs\/\" \/>\n<meta property=\"og:site_name\" content=\"Life Simplified\" \/>\n<meta property=\"article:publisher\" content=\"https:\/\/www.facebook.com\/gorenje.SLO\/\" \/>\n<meta property=\"article:modified_time\" content=\"2023-03-31T11:39:24+00:00\" \/>\n<meta property=\"og:image\" content=\"https:\/\/lifesimplified.gorenje.com\/wp-content\/uploads\/2019\/12\/gorenje-life-simplified-blog-life-simplified-logo.jpg\" \/>\n\t<meta property=\"og:image:width\" content=\"2169\" \/>\n\t<meta property=\"og:image:height\" content=\"1223\" \/>\n\t<meta property=\"og:image:type\" content=\"image\/jpeg\" \/>\n<meta name=\"twitter:card\" content=\"summary_large_image\" \/>\n<meta name=\"twitter:label1\" content=\"Est. reading time\" \/>\n\t<meta name=\"twitter:data1\" content=\"1 minute\" \/>\n<script type=\"application\/ld+json\" class=\"yoast-schema-graph\">{\"@context\":\"https:\/\/schema.org\",\"@graph\":[{\"@type\":\"WebPage\",\"@id\":\"https:\/\/lifesimplified.gorenje.com\/lv\/life-simplified-blogs\/\",\"url\":\"https:\/\/lifesimplified.gorenje.com\/lv\/life-simplified-blogs\/\",\"name\":\"Life simplified blogs | Life Simplified\",\"isPartOf\":{\"@id\":\"https:\/\/lifesimplified.gorenje.com\/lv\/#website\"},\"datePublished\":\"2018-11-04T18:51:54+00:00\",\"dateModified\":\"2023-03-31T11:39:24+00:00\",\"breadcrumb\":{\"@id\":\"https:\/\/lifesimplified.gorenje.com\/lv\/life-simplified-blogs\/#breadcrumb\"},\"inLanguage\":\"lv-LV\",\"potentialAction\":[{\"@type\":\"ReadAction\",\"target\":[\"https:\/\/lifesimplified.gorenje.com\/lv\/life-simplified-blogs\/\"]}]},{\"@type\":\"BreadcrumbList\",\"@id\":\"https:\/\/lifesimplified.gorenje.com\/lv\/life-simplified-blogs\/#breadcrumb\",\"itemListElement\":[{\"@type\":\"ListItem\",\"position\":1,\"name\":\"Home\",\"item\":\"https:\/\/lifesimplified.gorenje.com\/lv\/home\/\"},{\"@type\":\"ListItem\",\"position\":2,\"name\":\"Life simplified blogs\"}]},{\"@type\":\"WebSite\",\"@id\":\"https:\/\/lifesimplified.gorenje.com\/lv\/#website\",\"url\":\"https:\/\/lifesimplified.gorenje.com\/lv\/\",\"name\":\"Life Simplified\",\"description\":\"Vienk\u0101r\u0161ota dz\u012bve\",\"publisher\":{\"@id\":\"https:\/\/lifesimplified.gorenje.com\/lv\/#organization\"},\"potentialAction\":[{\"@type\":\"SearchAction\",\"target\":{\"@type\":\"EntryPoint\",\"urlTemplate\":\"https:\/\/lifesimplified.gorenje.com\/lv\/?s={search_term_string}\"},\"query-input\":{\"@type\":\"PropertyValueSpecification\",\"valueRequired\":true,\"valueName\":\"search_term_string\"}}],\"inLanguage\":\"lv-LV\"},{\"@type\":\"Organization\",\"@id\":\"https:\/\/lifesimplified.gorenje.com\/lv\/#organization\",\"name\":\"Gorenje\",\"url\":\"https:\/\/lifesimplified.gorenje.com\/lv\/\",\"logo\":{\"@type\":\"ImageObject\",\"inLanguage\":\"lv-LV\",\"@id\":\"https:\/\/lifesimplified.gorenje.com\/lv\/#\/schema\/logo\/image\/\",\"url\":\"https:\/\/lifesimplified.gorenje.com\/wp-content\/uploads\/2019\/12\/gorenje-life-simplified-blog-life-simplified-logo.jpg\",\"contentUrl\":\"https:\/\/lifesimplified.gorenje.com\/wp-content\/uploads\/2019\/12\/gorenje-life-simplified-blog-life-simplified-logo.jpg\",\"width\":2169,\"height\":1223,\"caption\":\"Gorenje\"},\"image\":{\"@id\":\"https:\/\/lifesimplified.gorenje.com\/lv\/#\/schema\/logo\/image\/\"},\"sameAs\":[\"https:\/\/www.facebook.com\/gorenje.SLO\/\",\"https:\/\/www.instagram.com\/gorenje_slovenija\/\",\"https:\/\/www.youtube.com\/user\/gorenjesi\"]}]}<\/script>\n<!-- \/ Yoast SEO plugin. -->","yoast_head_json":{"title":"Life simplified blogs | Life Simplified","robots":{"index":"index","follow":"follow","max-snippet":"max-snippet:-1","max-image-preview":"max-image-preview:large","max-video-preview":"max-video-preview:-1"},"canonical":"https:\/\/lifesimplified.gorenje.com\/lv\/life-simplified-blogs\/","og_locale":"lv_LV","og_type":"article","og_title":"Life simplified blogs | Life Simplified","og_description":"&#8220;Gorenje ir kas vair\u0101k nek\u0101 vienk\u0101r\u0161a sadz\u012bves tehnika. K\u0101 z\u012bmols m\u0113s dz\u012bvojam m\u0101j\u0101s, kas ir ikviena ikdienas dz\u012bves centrs. T\u0101p\u0113c m\u016bsu svar\u012bg\u0101k\u0101 misija ir b\u016bt jums noder\u012bgiem ikdienas dz\u012bv\u0113, to padarot vienk\u0101r\u0161\u0101ku un pat\u012bkam\u0101ku. M\u0113s uzskat\u0101m, ka katrai m\u016bsu pied\u0101v\u0101tajai inov\u0101cijai ir j\u0101b\u016bt ar m\u0113r\u0137i vienk\u0101r\u0161ot j\u016bsu ikdienu, lai padar\u012btu dz\u012bves noz\u012bm\u012bg\u0101kos br\u012b\u017eus vai maz\u0101kos...","og_url":"https:\/\/lifesimplified.gorenje.com\/lv\/life-simplified-blogs\/","og_site_name":"Life Simplified","article_publisher":"https:\/\/www.facebook.com\/gorenje.SLO\/","article_modified_time":"2023-03-31T11:39:24+00:00","og_image":[{"width":2169,"height":1223,"url":"https:\/\/lifesimplified.gorenje.com\/wp-content\/uploads\/2019\/12\/gorenje-life-simplified-blog-life-simplified-logo.jpg","type":"image\/jpeg"}],"twitter_card":"summary_large_image","twitter_misc":{"Est. reading time":"1 minute"},"schema":{"@context":"https:\/\/schema.org","@graph":[{"@type":"WebPage","@id":"https:\/\/lifesimplified.gorenje.com\/lv\/life-simplified-blogs\/","url":"https:\/\/lifesimplified.gorenje.com\/lv\/life-simplified-blogs\/","name":"Life simplified blogs | Life Simplified","isPartOf":{"@id":"https:\/\/lifesimplified.gorenje.com\/lv\/#website"},"datePublished":"2018-11-04T18:51:54+00:00","dateModified":"2023-03-31T11:39:24+00:00","breadcrumb":{"@id":"https:\/\/lifesimplified.gorenje.com\/lv\/life-simplified-blogs\/#breadcrumb"},"inLanguage":"lv-LV","potentialAction":[{"@type":"ReadAction","target":["https:\/\/lifesimplified.gorenje.com\/lv\/life-simplified-blogs\/"]}]},{"@type":"BreadcrumbList","@id":"https:\/\/lifesimplified.gorenje.com\/lv\/life-simplified-blogs\/#breadcrumb","itemListElement":[{"@type":"ListItem","position":1,"name":"Home","item":"https:\/\/lifesimplified.gorenje.com\/lv\/home\/"},{"@type":"ListItem","position":2,"name":"Life simplified blogs"}]},{"@type":"WebSite","@id":"https:\/\/lifesimplified.gorenje.com\/lv\/#website","url":"https:\/\/lifesimplified.gorenje.com\/lv\/","name":"Life Simplified","description":"Vienk\u0101r\u0161ota dz\u012bve","publisher":{"@id":"https:\/\/lifesimplified.gorenje.com\/lv\/#organization"},"potentialAction":[{"@type":"SearchAction","target":{"@type":"EntryPoint","urlTemplate":"https:\/\/lifesimplified.gorenje.com\/lv\/?s={search_term_string}"},"query-input":{"@type":"PropertyValueSpecification","valueRequired":true,"valueName":"search_term_string"}}],"inLanguage":"lv-LV"},{"@type":"Organization","@id":"https:\/\/lifesimplified.gorenje.com\/lv\/#organization","name":"Gorenje","url":"https:\/\/lifesimplified.gorenje.com\/lv\/","logo":{"@type":"ImageObject","inLanguage":"lv-LV","@id":"https:\/\/lifesimplified.gorenje.com\/lv\/#\/schema\/logo\/image\/","url":"https:\/\/lifesimplified.gorenje.com\/wp-content\/uploads\/2019\/12\/gorenje-life-simplified-blog-life-simplified-logo.jpg","contentUrl":"https:\/\/lifesimplified.gorenje.com\/wp-content\/uploads\/2019\/12\/gorenje-life-simplified-blog-life-simplified-logo.jpg","width":2169,"height":1223,"caption":"Gorenje"},"image":{"@id":"https:\/\/lifesimplified.gorenje.com\/lv\/#\/schema\/logo\/image\/"},"sameAs":["https:\/\/www.facebook.com\/gorenje.SLO\/","https:\/\/www.instagram.com\/gorenje_slovenija\/","https:\/\/www.youtube.com\/user\/gorenjesi"]}]}},"_links":{"self":[{"href":"https:\/\/lifesimplified.gorenje.com\/lv\/wp-json\/wp\/v2\/pages\/57134","targetHints":{"allow":["GET"]}}],"collection":[{"href":"https:\/\/lifesimplified.gorenje.com\/lv\/wp-json\/wp\/v2\/pages"}],"about":[{"href":"https:\/\/lifesimplified.gorenje.com\/lv\/wp-json\/wp\/v2\/types\/page"}],"author":[{"embeddable":true,"href":"https:\/\/lifesimplified.gorenje.com\/lv\/wp-json\/wp\/v2\/users\/1"}],"replies":[{"embeddable":true,"href":"https:\/\/lifesimplified.gorenje.com\/lv\/wp-json\/wp\/v2\/comments?post=57134"}],"version-history":[{"count":2,"href":"https:\/\/lifesimplified.gorenje.com\/lv\/wp-json\/wp\/v2\/pages\/57134\/revisions"}],"predecessor-version":[{"id":59201,"href":"https:\/\/lifesimplified.gorenje.com\/lv\/wp-json\/wp\/v2\/pages\/57134\/revisions\/59201"}],"wp:attachment":[{"href":"https:\/\/lifesimplified.gorenje.com\/lv\/wp-json\/wp\/v2\/media?parent=57134"}],"curies":[{"name":"wp","href":"https:\/\/api.w.org\/{rel}","templated":true}]}}