{"id":57130,"date":"2018-09-20T14:13:13","date_gmt":"2018-09-20T14:13:13","guid":{"rendered":"https:\/\/lifesimplified.gorenje.com\/story-of-life-simplified-with-gorenje-products\/"},"modified":"2023-03-31T11:40:14","modified_gmt":"2023-03-31T11:40:14","slug":"vienkarsotas-dzives-cienisana","status":"publish","type":"page","link":"https:\/\/lifesimplified.gorenje.com\/lv\/vienkarsotas-dzives-cienisana\/","title":{"rendered":"Vienk\u0101r\u0161otas dz\u012bves cien\u012b\u0161ana"},"content":{"rendered":"<p>M\u0113s esam kaisl\u012bgi vienk\u0101r\u0161ot dz\u012bves sare\u017e\u0123\u012btos l\u012bklo\u010dus, lai priec\u0101tos un nov\u0113rt\u0113tu vienk\u0101r\u0161us, autentiskus, ta\u010du noz\u012bm\u012bgus ikdienas mirk\u013cus. To ir izveidojusi vienk\u0101r\u0161otas dz\u012bves entuziastu kopiena, kas pied\u0101v\u0101 rado\u0161as idejas, iedvesmojo\u0161as domas un noder\u012bgus r\u012bkus, lai k\u013c\u016btu par pirmajiem, kas pal\u012bdz\u0113s jums \u201cIzveidot dz\u012bvi, t\u0101du, k\u0101du v\u0113laties dz\u012bvot\u201d.                                                                     <strong>Izbaudi vienk\u0101r\u0161\u012bbu. Izbaudi Dz\u012bvi.<\/strong><\/p>\n","protected":false},"excerpt":{"rendered":"<p>M\u0113s esam kaisl\u012bgi vienk\u0101r\u0161ot dz\u012bves sare\u017e\u0123\u012btos l\u012bklo\u010dus, lai priec\u0101tos un nov\u0113rt\u0113tu vienk\u0101r\u0161us, autentiskus, ta\u010du noz\u012bm\u012bgus ikdienas mirk\u013cus. To ir izveidojusi vienk\u0101r\u0161otas dz\u012bves entuziastu kopiena, kas pied\u0101v\u0101 rado\u0161as idejas, iedvesmojo\u0161as domas un noder\u012bgus r\u012bkus, lai k\u013c\u016btu par pirmajiem, kas pal\u012bdz\u0113s jums \u201cIzveidot dz\u012bvi, t\u0101du, k\u0101du v\u0113laties dz\u012bvot\u201d. Izbaudi vienk\u0101r\u0161\u012bbu. Izbaudi Dz\u012bvi.<\/p>\n","protected":false},"author":1,"featured_media":49879,"parent":0,"menu_order":0,"comment_status":"closed","ping_status":"closed","template":"","meta":{"footnotes":""},"class_list":["post-57130","page","type-page","status-publish","has-post-thumbnail","hentry","has-post-video"],"yoast_head":"<!-- This site is optimized with the Yoast SEO plugin v27.1.1 - https:\/\/yoast.com\/product\/yoast-seo-wordpress\/ -->\n<title>Vienk\u0101r\u0161otas dz\u012bves cien\u012b\u0161ana | Life Simplified<\/title>\n<meta name=\"robots\" content=\"index, follow, max-snippet:-1, max-image-preview:large, max-video-preview:-1\" \/>\n<link rel=\"canonical\" href=\"https:\/\/lifesimplified.gorenje.com\/lv\/vienkarsotas-dzives-cienisana\/\" \/>\n<meta property=\"og:locale\" content=\"lv_LV\" \/>\n<meta property=\"og:type\" content=\"article\" \/>\n<meta property=\"og:title\" content=\"Vienk\u0101r\u0161otas dz\u012bves cien\u012b\u0161ana | Life Simplified\" \/>\n<meta property=\"og:description\" content=\"M\u0113s esam kaisl\u012bgi vienk\u0101r\u0161ot dz\u012bves sare\u017e\u0123\u012btos l\u012bklo\u010dus, lai priec\u0101tos un nov\u0113rt\u0113tu vienk\u0101r\u0161us, autentiskus, ta\u010du noz\u012bm\u012bgus ikdienas mirk\u013cus. To ir izveidojusi vienk\u0101r\u0161otas dz\u012bves entuziastu kopiena, kas pied\u0101v\u0101 rado\u0161as idejas, iedvesmojo\u0161as domas un noder\u012bgus r\u012bkus, lai k\u013c\u016btu par pirmajiem, kas pal\u012bdz\u0113s jums \u201cIzveidot dz\u012bvi, t\u0101du, k\u0101du v\u0113laties dz\u012bvot\u201d. Izbaudi vienk\u0101r\u0161\u012bbu. Izbaudi Dz\u012bvi.\" \/>\n<meta property=\"og:url\" content=\"https:\/\/lifesimplified.gorenje.com\/lv\/vienkarsotas-dzives-cienisana\/\" \/>\n<meta property=\"og:site_name\" content=\"Life Simplified\" \/>\n<meta property=\"article:publisher\" content=\"https:\/\/www.facebook.com\/gorenje.SLO\/\" \/>\n<meta property=\"article:modified_time\" content=\"2023-03-31T11:40:14+00:00\" \/>\n<meta property=\"og:image\" content=\"https:\/\/lifesimplified.gorenje.com\/wp-content\/uploads\/2019\/04\/gorenje_life_simplified_smartflex_motherdaughter_making_bubbles.jpg\" \/>\n\t<meta property=\"og:image:width\" content=\"1800\" \/>\n\t<meta property=\"og:image:height\" content=\"1200\" \/>\n\t<meta property=\"og:image:type\" content=\"image\/jpeg\" \/>\n<meta name=\"twitter:card\" content=\"summary_large_image\" \/>\n<meta name=\"twitter:label1\" content=\"Est. reading time\" \/>\n\t<meta name=\"twitter:data1\" content=\"1 minute\" \/>\n<script type=\"application\/ld+json\" class=\"yoast-schema-graph\">{\"@context\":\"https:\/\/schema.org\",\"@graph\":[{\"@type\":\"WebPage\",\"@id\":\"https:\/\/lifesimplified.gorenje.com\/lv\/vienkarsotas-dzives-cienisana\/\",\"url\":\"https:\/\/lifesimplified.gorenje.com\/lv\/vienkarsotas-dzives-cienisana\/\",\"name\":\"Vienk\u0101r\u0161otas dz\u012bves cien\u012b\u0161ana | Life Simplified\",\"isPartOf\":{\"@id\":\"https:\/\/lifesimplified.gorenje.com\/lv\/#website\"},\"primaryImageOfPage\":{\"@id\":\"https:\/\/lifesimplified.gorenje.com\/lv\/vienkarsotas-dzives-cienisana\/#primaryimage\"},\"image\":{\"@id\":\"https:\/\/lifesimplified.gorenje.com\/lv\/vienkarsotas-dzives-cienisana\/#primaryimage\"},\"thumbnailUrl\":\"https:\/\/lifesimplified.gorenje.com\/wp-content\/uploads\/2019\/04\/gorenje_life_simplified_smartflex_motherdaughter_making_bubbles.jpg\",\"datePublished\":\"2018-09-20T14:13:13+00:00\",\"dateModified\":\"2023-03-31T11:40:14+00:00\",\"breadcrumb\":{\"@id\":\"https:\/\/lifesimplified.gorenje.com\/lv\/vienkarsotas-dzives-cienisana\/#breadcrumb\"},\"inLanguage\":\"lv-LV\",\"potentialAction\":[{\"@type\":\"ReadAction\",\"target\":[\"https:\/\/lifesimplified.gorenje.com\/lv\/vienkarsotas-dzives-cienisana\/\"]}]},{\"@type\":\"ImageObject\",\"inLanguage\":\"lv-LV\",\"@id\":\"https:\/\/lifesimplified.gorenje.com\/lv\/vienkarsotas-dzives-cienisana\/#primaryimage\",\"url\":\"https:\/\/lifesimplified.gorenje.com\/wp-content\/uploads\/2019\/04\/gorenje_life_simplified_smartflex_motherdaughter_making_bubbles.jpg\",\"contentUrl\":\"https:\/\/lifesimplified.gorenje.com\/wp-content\/uploads\/2019\/04\/gorenje_life_simplified_smartflex_motherdaughter_making_bubbles.jpg\",\"width\":1800,\"height\":1200},{\"@type\":\"BreadcrumbList\",\"@id\":\"https:\/\/lifesimplified.gorenje.com\/lv\/vienkarsotas-dzives-cienisana\/#breadcrumb\",\"itemListElement\":[{\"@type\":\"ListItem\",\"position\":1,\"name\":\"Home\",\"item\":\"https:\/\/lifesimplified.gorenje.com\/lv\/home\/\"},{\"@type\":\"ListItem\",\"position\":2,\"name\":\"Vienk\u0101r\u0161otas dz\u012bves cien\u012b\u0161ana\"}]},{\"@type\":\"WebSite\",\"@id\":\"https:\/\/lifesimplified.gorenje.com\/lv\/#website\",\"url\":\"https:\/\/lifesimplified.gorenje.com\/lv\/\",\"name\":\"Life Simplified\",\"description\":\"Vienk\u0101r\u0161ota dz\u012bve\",\"publisher\":{\"@id\":\"https:\/\/lifesimplified.gorenje.com\/lv\/#organization\"},\"potentialAction\":[{\"@type\":\"SearchAction\",\"target\":{\"@type\":\"EntryPoint\",\"urlTemplate\":\"https:\/\/lifesimplified.gorenje.com\/lv\/?s={search_term_string}\"},\"query-input\":{\"@type\":\"PropertyValueSpecification\",\"valueRequired\":true,\"valueName\":\"search_term_string\"}}],\"inLanguage\":\"lv-LV\"},{\"@type\":\"Organization\",\"@id\":\"https:\/\/lifesimplified.gorenje.com\/lv\/#organization\",\"name\":\"Gorenje\",\"url\":\"https:\/\/lifesimplified.gorenje.com\/lv\/\",\"logo\":{\"@type\":\"ImageObject\",\"inLanguage\":\"lv-LV\",\"@id\":\"https:\/\/lifesimplified.gorenje.com\/lv\/#\/schema\/logo\/image\/\",\"url\":\"https:\/\/lifesimplified.gorenje.com\/wp-content\/uploads\/2019\/12\/gorenje-life-simplified-blog-life-simplified-logo.jpg\",\"contentUrl\":\"https:\/\/lifesimplified.gorenje.com\/wp-content\/uploads\/2019\/12\/gorenje-life-simplified-blog-life-simplified-logo.jpg\",\"width\":2169,\"height\":1223,\"caption\":\"Gorenje\"},\"image\":{\"@id\":\"https:\/\/lifesimplified.gorenje.com\/lv\/#\/schema\/logo\/image\/\"},\"sameAs\":[\"https:\/\/www.facebook.com\/gorenje.SLO\/\",\"https:\/\/www.instagram.com\/gorenje_slovenija\/\",\"https:\/\/www.youtube.com\/user\/gorenjesi\"]}]}<\/script>\n<!-- \/ Yoast SEO plugin. -->","yoast_head_json":{"title":"Vienk\u0101r\u0161otas dz\u012bves cien\u012b\u0161ana | Life Simplified","robots":{"index":"index","follow":"follow","max-snippet":"max-snippet:-1","max-image-preview":"max-image-preview:large","max-video-preview":"max-video-preview:-1"},"canonical":"https:\/\/lifesimplified.gorenje.com\/lv\/vienkarsotas-dzives-cienisana\/","og_locale":"lv_LV","og_type":"article","og_title":"Vienk\u0101r\u0161otas dz\u012bves cien\u012b\u0161ana | Life Simplified","og_description":"M\u0113s esam kaisl\u012bgi vienk\u0101r\u0161ot dz\u012bves sare\u017e\u0123\u012btos l\u012bklo\u010dus, lai priec\u0101tos un nov\u0113rt\u0113tu vienk\u0101r\u0161us, autentiskus, ta\u010du noz\u012bm\u012bgus ikdienas mirk\u013cus. To ir izveidojusi vienk\u0101r\u0161otas dz\u012bves entuziastu kopiena, kas pied\u0101v\u0101 rado\u0161as idejas, iedvesmojo\u0161as domas un noder\u012bgus r\u012bkus, lai k\u013c\u016btu par pirmajiem, kas pal\u012bdz\u0113s jums \u201cIzveidot dz\u012bvi, t\u0101du, k\u0101du v\u0113laties dz\u012bvot\u201d. Izbaudi vienk\u0101r\u0161\u012bbu. Izbaudi Dz\u012bvi.","og_url":"https:\/\/lifesimplified.gorenje.com\/lv\/vienkarsotas-dzives-cienisana\/","og_site_name":"Life Simplified","article_publisher":"https:\/\/www.facebook.com\/gorenje.SLO\/","article_modified_time":"2023-03-31T11:40:14+00:00","og_image":[{"width":1800,"height":1200,"url":"https:\/\/lifesimplified.gorenje.com\/wp-content\/uploads\/2019\/04\/gorenje_life_simplified_smartflex_motherdaughter_making_bubbles.jpg","type":"image\/jpeg"}],"twitter_card":"summary_large_image","twitter_misc":{"Est. reading time":"1 minute"},"schema":{"@context":"https:\/\/schema.org","@graph":[{"@type":"WebPage","@id":"https:\/\/lifesimplified.gorenje.com\/lv\/vienkarsotas-dzives-cienisana\/","url":"https:\/\/lifesimplified.gorenje.com\/lv\/vienkarsotas-dzives-cienisana\/","name":"Vienk\u0101r\u0161otas dz\u012bves cien\u012b\u0161ana | Life Simplified","isPartOf":{"@id":"https:\/\/lifesimplified.gorenje.com\/lv\/#website"},"primaryImageOfPage":{"@id":"https:\/\/lifesimplified.gorenje.com\/lv\/vienkarsotas-dzives-cienisana\/#primaryimage"},"image":{"@id":"https:\/\/lifesimplified.gorenje.com\/lv\/vienkarsotas-dzives-cienisana\/#primaryimage"},"thumbnailUrl":"https:\/\/lifesimplified.gorenje.com\/wp-content\/uploads\/2019\/04\/gorenje_life_simplified_smartflex_motherdaughter_making_bubbles.jpg","datePublished":"2018-09-20T14:13:13+00:00","dateModified":"2023-03-31T11:40:14+00:00","breadcrumb":{"@id":"https:\/\/lifesimplified.gorenje.com\/lv\/vienkarsotas-dzives-cienisana\/#breadcrumb"},"inLanguage":"lv-LV","potentialAction":[{"@type":"ReadAction","target":["https:\/\/lifesimplified.gorenje.com\/lv\/vienkarsotas-dzives-cienisana\/"]}]},{"@type":"ImageObject","inLanguage":"lv-LV","@id":"https:\/\/lifesimplified.gorenje.com\/lv\/vienkarsotas-dzives-cienisana\/#primaryimage","url":"https:\/\/lifesimplified.gorenje.com\/wp-content\/uploads\/2019\/04\/gorenje_life_simplified_smartflex_motherdaughter_making_bubbles.jpg","contentUrl":"https:\/\/lifesimplified.gorenje.com\/wp-content\/uploads\/2019\/04\/gorenje_life_simplified_smartflex_motherdaughter_making_bubbles.jpg","width":1800,"height":1200},{"@type":"BreadcrumbList","@id":"https:\/\/lifesimplified.gorenje.com\/lv\/vienkarsotas-dzives-cienisana\/#breadcrumb","itemListElement":[{"@type":"ListItem","position":1,"name":"Home","item":"https:\/\/lifesimplified.gorenje.com\/lv\/home\/"},{"@type":"ListItem","position":2,"name":"Vienk\u0101r\u0161otas dz\u012bves cien\u012b\u0161ana"}]},{"@type":"WebSite","@id":"https:\/\/lifesimplified.gorenje.com\/lv\/#website","url":"https:\/\/lifesimplified.gorenje.com\/lv\/","name":"Life Simplified","description":"Vienk\u0101r\u0161ota dz\u012bve","publisher":{"@id":"https:\/\/lifesimplified.gorenje.com\/lv\/#organization"},"potentialAction":[{"@type":"SearchAction","target":{"@type":"EntryPoint","urlTemplate":"https:\/\/lifesimplified.gorenje.com\/lv\/?s={search_term_string}"},"query-input":{"@type":"PropertyValueSpecification","valueRequired":true,"valueName":"search_term_string"}}],"inLanguage":"lv-LV"},{"@type":"Organization","@id":"https:\/\/lifesimplified.gorenje.com\/lv\/#organization","name":"Gorenje","url":"https:\/\/lifesimplified.gorenje.com\/lv\/","logo":{"@type":"ImageObject","inLanguage":"lv-LV","@id":"https:\/\/lifesimplified.gorenje.com\/lv\/#\/schema\/logo\/image\/","url":"https:\/\/lifesimplified.gorenje.com\/wp-content\/uploads\/2019\/12\/gorenje-life-simplified-blog-life-simplified-logo.jpg","contentUrl":"https:\/\/lifesimplified.gorenje.com\/wp-content\/uploads\/2019\/12\/gorenje-life-simplified-blog-life-simplified-logo.jpg","width":2169,"height":1223,"caption":"Gorenje"},"image":{"@id":"https:\/\/lifesimplified.gorenje.com\/lv\/#\/schema\/logo\/image\/"},"sameAs":["https:\/\/www.facebook.com\/gorenje.SLO\/","https:\/\/www.instagram.com\/gorenje_slovenija\/","https:\/\/www.youtube.com\/user\/gorenjesi"]}]}},"_links":{"self":[{"href":"https:\/\/lifesimplified.gorenje.com\/lv\/wp-json\/wp\/v2\/pages\/57130","targetHints":{"allow":["GET"]}}],"collection":[{"href":"https:\/\/lifesimplified.gorenje.com\/lv\/wp-json\/wp\/v2\/pages"}],"about":[{"href":"https:\/\/lifesimplified.gorenje.com\/lv\/wp-json\/wp\/v2\/types\/page"}],"author":[{"embeddable":true,"href":"https:\/\/lifesimplified.gorenje.com\/lv\/wp-json\/wp\/v2\/users\/1"}],"replies":[{"embeddable":true,"href":"https:\/\/lifesimplified.gorenje.com\/lv\/wp-json\/wp\/v2\/comments?post=57130"}],"version-history":[{"count":2,"href":"https:\/\/lifesimplified.gorenje.com\/lv\/wp-json\/wp\/v2\/pages\/57130\/revisions"}],"predecessor-version":[{"id":59202,"href":"https:\/\/lifesimplified.gorenje.com\/lv\/wp-json\/wp\/v2\/pages\/57130\/revisions\/59202"}],"wp:featuredmedia":[{"embeddable":true,"href":"https:\/\/lifesimplified.gorenje.com\/lv\/wp-json\/wp\/v2\/media\/49879"}],"wp:attachment":[{"href":"https:\/\/lifesimplified.gorenje.com\/lv\/wp-json\/wp\/v2\/media?parent=57130"}],"curies":[{"name":"wp","href":"https:\/\/api.w.org\/{rel}","templated":true}]}}