{"id":57139,"date":"2018-10-11T07:47:12","date_gmt":"2018-10-11T07:47:12","guid":{"rendered":"https:\/\/lifesimplified.gorenje.com\/privacy\/"},"modified":"2023-03-28T07:06:10","modified_gmt":"2023-03-28T07:06:10","slug":"privatuma-polityka","status":"publish","type":"page","link":"https:\/\/lifesimplified.gorenje.com\/lt\/privatuma-polityka\/","title":{"rendered":"Priv\u0101tuma polityka"},"content":{"rendered":"<p>Gorenje Polska Sp. z o.o. \u012fsipareigoja u\u017etikrinti vis\u0173 duomen\u0173 subjekt\u0173 asmens duomen\u0173 pakankam\u0105 konfidencialum\u0105, prieinamum\u0105 ir vientisum\u0105, pasitelkiant bendrov\u0117s internetines paslaugas ir sprendimus.<\/p>\n<p>Asmens duomen\u0173 rinkimas ir adporojimas bus atliekamas pasitelkiant pakankamas fizines ir logines saugumo priemones. Kai asmens duomenys yra renkami ir apdorojami gavus sutikim\u0105, duomenys yra apdorojami iki tol, kol duomen\u0173 subjektas savo iniciatyva nepateikia bendrovei ai\u0161kaus sutikimo at\u0161aukimo.<\/p>\n<p>Bet kokie surinkti asmen\u0173 duomenys neperduodami jokioms tre\u010diosioms \u0161alims.<\/p>\n<p>Vis\u0105 duomen\u0173 prieig\u0105 prie asmens duomen\u0173 patvirtina Gorenje Polska Sp. z o.o. ir gali naudotis tik \u012fgalioti darbuotojai. Automatizuotas apdorojimas ar profiliavimas saugom\u0173 asmens duomen\u0173 neatliekamas.<\/p>\n<p>Jei kilt\u0173 papildom\u0173 klausim\u0173, susijusi\u0173 su asmens duomen\u0173 tvarkymu ir apdorojimu, galite atsi\u0173sti mums el. lai\u0161k\u0105 \u0161iuo adresu <a href=\"mailto:gdpr@gorenje.com\">gdpr@gorenje.com<\/a>.<\/p>\n<p>D\u0117l vis\u0173 asmens duomen\u0173 apdorojimo piktnaud\u017eiavim\u0173, susijusi\u0173 su Gorenje Polska Sp. z o.o. asmens duomen\u0173 tvarkymu ir valdymu, galite kreiptis \u012f \u012fgaliot\u0105 asmens duomen\u0173 tvarkymo tarnyb\u0105:<\/p>\n<p><strong>Gorenje Polska Sp. z o.o.<\/strong><br \/>\nUl. Pozna\u0144ska 159<br \/>\n05-850 O\u017car\u00f3w Mazowiecki<br \/>\nPoland<br \/>\nE-mail: <a href=\"mailto:gorenje@gorenje.pl\">gorenje@gorenje.pl<\/a><\/p>\n","protected":false},"excerpt":{"rendered":"<p>Gorenje Polska Sp. z o.o. \u012fsipareigoja u\u017etikrinti vis\u0173 duomen\u0173 subjekt\u0173 asmens duomen\u0173 pakankam\u0105 konfidencialum\u0105, prieinamum\u0105 ir vientisum\u0105, pasitelkiant bendrov\u0117s internetines paslaugas ir sprendimus. Asmens duomen\u0173 rinkimas ir adporojimas bus atliekamas pasitelkiant pakankamas fizines ir logines saugumo priemones. Kai asmens duomenys yra renkami ir apdorojami gavus sutikim\u0105, duomenys yra apdorojami iki tol, kol duomen\u0173 subjektas savo&#8230;<\/p>\n","protected":false},"author":1,"featured_media":0,"parent":0,"menu_order":0,"comment_status":"closed","ping_status":"closed","template":"","meta":{"footnotes":""},"class_list":["post-57139","page","type-page","status-publish","hentry"],"yoast_head":"<!-- This site is optimized with the Yoast SEO plugin v27.1.1 - https:\/\/yoast.com\/product\/yoast-seo-wordpress\/ -->\n<title>Priv\u0101tuma polityka | Life Simplified<\/title>\n<meta name=\"robots\" content=\"index, follow, max-snippet:-1, max-image-preview:large, max-video-preview:-1\" \/>\n<link rel=\"canonical\" href=\"https:\/\/lifesimplified.gorenje.com\/lt\/privatuma-polityka\/\" \/>\n<meta property=\"og:locale\" content=\"lt_LT\" \/>\n<meta property=\"og:type\" content=\"article\" \/>\n<meta property=\"og:title\" content=\"Priv\u0101tuma polityka | Life Simplified\" \/>\n<meta property=\"og:description\" content=\"Gorenje Polska Sp. z o.o. \u012fsipareigoja u\u017etikrinti vis\u0173 duomen\u0173 subjekt\u0173 asmens duomen\u0173 pakankam\u0105 konfidencialum\u0105, prieinamum\u0105 ir vientisum\u0105, pasitelkiant bendrov\u0117s internetines paslaugas ir sprendimus. Asmens duomen\u0173 rinkimas ir adporojimas bus atliekamas pasitelkiant pakankamas fizines ir logines saugumo priemones. Kai asmens duomenys yra renkami ir apdorojami gavus sutikim\u0105, duomenys yra apdorojami iki tol, kol duomen\u0173 subjektas savo...\" \/>\n<meta property=\"og:url\" content=\"https:\/\/lifesimplified.gorenje.com\/lt\/privatuma-polityka\/\" \/>\n<meta property=\"og:site_name\" content=\"Life Simplified\" \/>\n<meta property=\"article:publisher\" content=\"https:\/\/www.facebook.com\/gorenje.SLO\/\" \/>\n<meta property=\"article:modified_time\" content=\"2023-03-28T07:06:10+00:00\" \/>\n<meta property=\"og:image\" content=\"https:\/\/lifesimplified.gorenje.com\/wp-content\/uploads\/2019\/12\/gorenje-life-simplified-blog-life-simplified-logo.jpg\" \/>\n\t<meta property=\"og:image:width\" content=\"2169\" \/>\n\t<meta property=\"og:image:height\" content=\"1223\" \/>\n\t<meta property=\"og:image:type\" content=\"image\/jpeg\" \/>\n<meta name=\"twitter:card\" content=\"summary_large_image\" \/>\n<meta name=\"twitter:label1\" content=\"Est. reading time\" \/>\n\t<meta name=\"twitter:data1\" content=\"1 minut\u0117\" \/>\n<script type=\"application\/ld+json\" class=\"yoast-schema-graph\">{\"@context\":\"https:\/\/schema.org\",\"@graph\":[{\"@type\":\"WebPage\",\"@id\":\"https:\/\/lifesimplified.gorenje.com\/lt\/privatuma-polityka\/\",\"url\":\"https:\/\/lifesimplified.gorenje.com\/lt\/privatuma-polityka\/\",\"name\":\"Priv\u0101tuma polityka | Life Simplified\",\"isPartOf\":{\"@id\":\"https:\/\/lifesimplified.gorenje.com\/lt\/#website\"},\"datePublished\":\"2018-10-11T07:47:12+00:00\",\"dateModified\":\"2023-03-28T07:06:10+00:00\",\"breadcrumb\":{\"@id\":\"https:\/\/lifesimplified.gorenje.com\/lt\/privatuma-polityka\/#breadcrumb\"},\"inLanguage\":\"lt-LT\",\"potentialAction\":[{\"@type\":\"ReadAction\",\"target\":[\"https:\/\/lifesimplified.gorenje.com\/lt\/privatuma-polityka\/\"]}]},{\"@type\":\"BreadcrumbList\",\"@id\":\"https:\/\/lifesimplified.gorenje.com\/lt\/privatuma-polityka\/#breadcrumb\",\"itemListElement\":[{\"@type\":\"ListItem\",\"position\":1,\"name\":\"Home\",\"item\":\"https:\/\/lifesimplified.gorenje.com\/lt\/home\/\"},{\"@type\":\"ListItem\",\"position\":2,\"name\":\"Priv\u0101tuma polityka\"}]},{\"@type\":\"WebSite\",\"@id\":\"https:\/\/lifesimplified.gorenje.com\/lt\/#website\",\"url\":\"https:\/\/lifesimplified.gorenje.com\/lt\/\",\"name\":\"Life Simplified\",\"description\":\"Life Simplified\",\"publisher\":{\"@id\":\"https:\/\/lifesimplified.gorenje.com\/lt\/#organization\"},\"potentialAction\":[{\"@type\":\"SearchAction\",\"target\":{\"@type\":\"EntryPoint\",\"urlTemplate\":\"https:\/\/lifesimplified.gorenje.com\/lt\/?s={search_term_string}\"},\"query-input\":{\"@type\":\"PropertyValueSpecification\",\"valueRequired\":true,\"valueName\":\"search_term_string\"}}],\"inLanguage\":\"lt-LT\"},{\"@type\":\"Organization\",\"@id\":\"https:\/\/lifesimplified.gorenje.com\/lt\/#organization\",\"name\":\"Gorenje\",\"url\":\"https:\/\/lifesimplified.gorenje.com\/lt\/\",\"logo\":{\"@type\":\"ImageObject\",\"inLanguage\":\"lt-LT\",\"@id\":\"https:\/\/lifesimplified.gorenje.com\/lt\/#\/schema\/logo\/image\/\",\"url\":\"https:\/\/lifesimplified.gorenje.com\/wp-content\/uploads\/2019\/12\/gorenje-life-simplified-blog-life-simplified-logo.jpg\",\"contentUrl\":\"https:\/\/lifesimplified.gorenje.com\/wp-content\/uploads\/2019\/12\/gorenje-life-simplified-blog-life-simplified-logo.jpg\",\"width\":2169,\"height\":1223,\"caption\":\"Gorenje\"},\"image\":{\"@id\":\"https:\/\/lifesimplified.gorenje.com\/lt\/#\/schema\/logo\/image\/\"},\"sameAs\":[\"https:\/\/www.facebook.com\/gorenje.SLO\/\",\"https:\/\/www.instagram.com\/gorenje_slovenija\/\",\"https:\/\/www.youtube.com\/user\/gorenjesi\"]}]}<\/script>\n<!-- \/ Yoast SEO plugin. -->","yoast_head_json":{"title":"Priv\u0101tuma polityka | Life Simplified","robots":{"index":"index","follow":"follow","max-snippet":"max-snippet:-1","max-image-preview":"max-image-preview:large","max-video-preview":"max-video-preview:-1"},"canonical":"https:\/\/lifesimplified.gorenje.com\/lt\/privatuma-polityka\/","og_locale":"lt_LT","og_type":"article","og_title":"Priv\u0101tuma polityka | Life Simplified","og_description":"Gorenje Polska Sp. z o.o. \u012fsipareigoja u\u017etikrinti vis\u0173 duomen\u0173 subjekt\u0173 asmens duomen\u0173 pakankam\u0105 konfidencialum\u0105, prieinamum\u0105 ir vientisum\u0105, pasitelkiant bendrov\u0117s internetines paslaugas ir sprendimus. Asmens duomen\u0173 rinkimas ir adporojimas bus atliekamas pasitelkiant pakankamas fizines ir logines saugumo priemones. Kai asmens duomenys yra renkami ir apdorojami gavus sutikim\u0105, duomenys yra apdorojami iki tol, kol duomen\u0173 subjektas savo...","og_url":"https:\/\/lifesimplified.gorenje.com\/lt\/privatuma-polityka\/","og_site_name":"Life Simplified","article_publisher":"https:\/\/www.facebook.com\/gorenje.SLO\/","article_modified_time":"2023-03-28T07:06:10+00:00","og_image":[{"width":2169,"height":1223,"url":"https:\/\/lifesimplified.gorenje.com\/wp-content\/uploads\/2019\/12\/gorenje-life-simplified-blog-life-simplified-logo.jpg","type":"image\/jpeg"}],"twitter_card":"summary_large_image","twitter_misc":{"Est. reading time":"1 minut\u0117"},"schema":{"@context":"https:\/\/schema.org","@graph":[{"@type":"WebPage","@id":"https:\/\/lifesimplified.gorenje.com\/lt\/privatuma-polityka\/","url":"https:\/\/lifesimplified.gorenje.com\/lt\/privatuma-polityka\/","name":"Priv\u0101tuma polityka | Life Simplified","isPartOf":{"@id":"https:\/\/lifesimplified.gorenje.com\/lt\/#website"},"datePublished":"2018-10-11T07:47:12+00:00","dateModified":"2023-03-28T07:06:10+00:00","breadcrumb":{"@id":"https:\/\/lifesimplified.gorenje.com\/lt\/privatuma-polityka\/#breadcrumb"},"inLanguage":"lt-LT","potentialAction":[{"@type":"ReadAction","target":["https:\/\/lifesimplified.gorenje.com\/lt\/privatuma-polityka\/"]}]},{"@type":"BreadcrumbList","@id":"https:\/\/lifesimplified.gorenje.com\/lt\/privatuma-polityka\/#breadcrumb","itemListElement":[{"@type":"ListItem","position":1,"name":"Home","item":"https:\/\/lifesimplified.gorenje.com\/lt\/home\/"},{"@type":"ListItem","position":2,"name":"Priv\u0101tuma polityka"}]},{"@type":"WebSite","@id":"https:\/\/lifesimplified.gorenje.com\/lt\/#website","url":"https:\/\/lifesimplified.gorenje.com\/lt\/","name":"Life Simplified","description":"Life Simplified","publisher":{"@id":"https:\/\/lifesimplified.gorenje.com\/lt\/#organization"},"potentialAction":[{"@type":"SearchAction","target":{"@type":"EntryPoint","urlTemplate":"https:\/\/lifesimplified.gorenje.com\/lt\/?s={search_term_string}"},"query-input":{"@type":"PropertyValueSpecification","valueRequired":true,"valueName":"search_term_string"}}],"inLanguage":"lt-LT"},{"@type":"Organization","@id":"https:\/\/lifesimplified.gorenje.com\/lt\/#organization","name":"Gorenje","url":"https:\/\/lifesimplified.gorenje.com\/lt\/","logo":{"@type":"ImageObject","inLanguage":"lt-LT","@id":"https:\/\/lifesimplified.gorenje.com\/lt\/#\/schema\/logo\/image\/","url":"https:\/\/lifesimplified.gorenje.com\/wp-content\/uploads\/2019\/12\/gorenje-life-simplified-blog-life-simplified-logo.jpg","contentUrl":"https:\/\/lifesimplified.gorenje.com\/wp-content\/uploads\/2019\/12\/gorenje-life-simplified-blog-life-simplified-logo.jpg","width":2169,"height":1223,"caption":"Gorenje"},"image":{"@id":"https:\/\/lifesimplified.gorenje.com\/lt\/#\/schema\/logo\/image\/"},"sameAs":["https:\/\/www.facebook.com\/gorenje.SLO\/","https:\/\/www.instagram.com\/gorenje_slovenija\/","https:\/\/www.youtube.com\/user\/gorenjesi"]}]}},"_links":{"self":[{"href":"https:\/\/lifesimplified.gorenje.com\/lt\/wp-json\/wp\/v2\/pages\/57139","targetHints":{"allow":["GET"]}}],"collection":[{"href":"https:\/\/lifesimplified.gorenje.com\/lt\/wp-json\/wp\/v2\/pages"}],"about":[{"href":"https:\/\/lifesimplified.gorenje.com\/lt\/wp-json\/wp\/v2\/types\/page"}],"author":[{"embeddable":true,"href":"https:\/\/lifesimplified.gorenje.com\/lt\/wp-json\/wp\/v2\/users\/1"}],"replies":[{"embeddable":true,"href":"https:\/\/lifesimplified.gorenje.com\/lt\/wp-json\/wp\/v2\/comments?post=57139"}],"version-history":[{"count":3,"href":"https:\/\/lifesimplified.gorenje.com\/lt\/wp-json\/wp\/v2\/pages\/57139\/revisions"}],"predecessor-version":[{"id":57622,"href":"https:\/\/lifesimplified.gorenje.com\/lt\/wp-json\/wp\/v2\/pages\/57139\/revisions\/57622"}],"wp:attachment":[{"href":"https:\/\/lifesimplified.gorenje.com\/lt\/wp-json\/wp\/v2\/media?parent=57139"}],"curies":[{"name":"wp","href":"https:\/\/api.w.org\/{rel}","templated":true}]}}