{"id":57135,"date":"2018-11-04T18:51:54","date_gmt":"2018-11-04T18:51:54","guid":{"rendered":"https:\/\/lifesimplified.gorenje.com\/about-life-simplified-blog\/"},"modified":"2023-04-03T08:48:29","modified_gmt":"2023-04-03T08:48:29","slug":"life-simplified-blogas","status":"publish","type":"page","link":"https:\/\/lifesimplified.gorenje.com\/lt\/life-simplified-blogas\/","title":{"rendered":"Life simplified blogas"},"content":{"rendered":"<p>\u201eGorenje\u201c yra daugiau nei buitin\u0117 technika. Tai prek\u0117s \u017eenklas, kuris gyvena nam\u0173 \u0161irdyje ir dalyvauja kasdieniame gyvenime. \u0160tai kod\u0117l m\u016bs\u0173 misija yra padaryti taip, kad kasdienis gyvenimas ir su juo susij\u0119 darbai b\u016bt\u0173 \u0161iek tiek lengvesni, ne tokie sud\u0117tingi ir labiau malon\u016bs. Manome, kad kiekviena m\u016bs\u0173 teikiama naujov\u0117 turi tur\u0117ti \u012fne\u0161ti \u012f gyvenim\u0105 paprastumo, kad did\u017eiausi gyvenimo etapai ar ma\u017eiausios kasdien\u0117s akimirkos vykt\u0173 skland\u017eiau.<br \/>\nPaprastesnio gyvenimo tinklara\u0161tyje pateikiami patarimai ir gudryb\u0117s, receptai ir \u012fkvepian\u010dios interjero dizaino id\u0117jos kiekvienam, kuriam gyvenime reikia paprastumo. Jei per dien\u0105 norite tur\u0117ti daugiau laiko ir erdv\u0117s kv\u0117puoti, at\u0117jote ten, kur reikia. \u017dinome, kad ma\u017eiau da\u017enai gali b\u016bti daugiau, bet ne minimalizmas yra m\u016bs\u0173 tikslas. Mes siekiame pusiausvyros. Ma\u017ei poky\u010diai, kurie duoda did\u017eiausi\u0173 rezultat\u0173: skani vakarien\u0117, \u0161varut\u0117liai mar\u0161kiniai, jauk\u016bs namai, laiminga \u0161eima.<\/p>\n<h4>Priimk paprastum\u0105. Priimk gyvenim\u0105.<\/h4>\n","protected":false},"excerpt":{"rendered":"<p>\u201eGorenje\u201c yra daugiau nei buitin\u0117 technika. Tai prek\u0117s \u017eenklas, kuris gyvena nam\u0173 \u0161irdyje ir dalyvauja kasdieniame gyvenime. \u0160tai kod\u0117l m\u016bs\u0173 misija yra padaryti taip, kad kasdienis gyvenimas ir su juo susij\u0119 darbai b\u016bt\u0173 \u0161iek tiek lengvesni, ne tokie sud\u0117tingi ir labiau malon\u016bs. Manome, kad kiekviena m\u016bs\u0173 teikiama naujov\u0117 turi tur\u0117ti \u012fne\u0161ti \u012f gyvenim\u0105 paprastumo, kad&#8230;<\/p>\n","protected":false},"author":1,"featured_media":0,"parent":0,"menu_order":0,"comment_status":"closed","ping_status":"closed","template":"","meta":{"footnotes":""},"class_list":["post-57135","page","type-page","status-publish","hentry"],"yoast_head":"<!-- This site is optimized with the Yoast SEO plugin v27.1.1 - https:\/\/yoast.com\/product\/yoast-seo-wordpress\/ -->\n<title>Life simplified blogas | Life Simplified<\/title>\n<meta name=\"robots\" content=\"index, follow, max-snippet:-1, max-image-preview:large, max-video-preview:-1\" \/>\n<link rel=\"canonical\" href=\"https:\/\/lifesimplified.gorenje.com\/lt\/life-simplified-blogas\/\" \/>\n<meta property=\"og:locale\" content=\"lt_LT\" \/>\n<meta property=\"og:type\" content=\"article\" \/>\n<meta property=\"og:title\" content=\"Life simplified blogas | Life Simplified\" \/>\n<meta property=\"og:description\" content=\"\u201eGorenje\u201c yra daugiau nei buitin\u0117 technika. Tai prek\u0117s \u017eenklas, kuris gyvena nam\u0173 \u0161irdyje ir dalyvauja kasdieniame gyvenime. \u0160tai kod\u0117l m\u016bs\u0173 misija yra padaryti taip, kad kasdienis gyvenimas ir su juo susij\u0119 darbai b\u016bt\u0173 \u0161iek tiek lengvesni, ne tokie sud\u0117tingi ir labiau malon\u016bs. Manome, kad kiekviena m\u016bs\u0173 teikiama naujov\u0117 turi tur\u0117ti \u012fne\u0161ti \u012f gyvenim\u0105 paprastumo, kad...\" \/>\n<meta property=\"og:url\" content=\"https:\/\/lifesimplified.gorenje.com\/lt\/life-simplified-blogas\/\" \/>\n<meta property=\"og:site_name\" content=\"Life Simplified\" \/>\n<meta property=\"article:publisher\" content=\"https:\/\/www.facebook.com\/gorenje.SLO\/\" \/>\n<meta property=\"article:modified_time\" content=\"2023-04-03T08:48:29+00:00\" \/>\n<meta property=\"og:image\" content=\"https:\/\/lifesimplified.gorenje.com\/wp-content\/uploads\/2019\/12\/gorenje-life-simplified-blog-life-simplified-logo.jpg\" \/>\n\t<meta property=\"og:image:width\" content=\"2169\" \/>\n\t<meta property=\"og:image:height\" content=\"1223\" \/>\n\t<meta property=\"og:image:type\" content=\"image\/jpeg\" \/>\n<meta name=\"twitter:card\" content=\"summary_large_image\" \/>\n<meta name=\"twitter:label1\" content=\"Est. reading time\" \/>\n\t<meta name=\"twitter:data1\" content=\"1 minut\u0117\" \/>\n<script type=\"application\/ld+json\" class=\"yoast-schema-graph\">{\"@context\":\"https:\/\/schema.org\",\"@graph\":[{\"@type\":\"WebPage\",\"@id\":\"https:\/\/lifesimplified.gorenje.com\/lt\/life-simplified-blogas\/\",\"url\":\"https:\/\/lifesimplified.gorenje.com\/lt\/life-simplified-blogas\/\",\"name\":\"Life simplified blogas | Life Simplified\",\"isPartOf\":{\"@id\":\"https:\/\/lifesimplified.gorenje.com\/lt\/#website\"},\"datePublished\":\"2018-11-04T18:51:54+00:00\",\"dateModified\":\"2023-04-03T08:48:29+00:00\",\"breadcrumb\":{\"@id\":\"https:\/\/lifesimplified.gorenje.com\/lt\/life-simplified-blogas\/#breadcrumb\"},\"inLanguage\":\"lt-LT\",\"potentialAction\":[{\"@type\":\"ReadAction\",\"target\":[\"https:\/\/lifesimplified.gorenje.com\/lt\/life-simplified-blogas\/\"]}]},{\"@type\":\"BreadcrumbList\",\"@id\":\"https:\/\/lifesimplified.gorenje.com\/lt\/life-simplified-blogas\/#breadcrumb\",\"itemListElement\":[{\"@type\":\"ListItem\",\"position\":1,\"name\":\"Home\",\"item\":\"https:\/\/lifesimplified.gorenje.com\/lt\/home\/\"},{\"@type\":\"ListItem\",\"position\":2,\"name\":\"Life simplified blogas\"}]},{\"@type\":\"WebSite\",\"@id\":\"https:\/\/lifesimplified.gorenje.com\/lt\/#website\",\"url\":\"https:\/\/lifesimplified.gorenje.com\/lt\/\",\"name\":\"Life Simplified\",\"description\":\"Life Simplified\",\"publisher\":{\"@id\":\"https:\/\/lifesimplified.gorenje.com\/lt\/#organization\"},\"potentialAction\":[{\"@type\":\"SearchAction\",\"target\":{\"@type\":\"EntryPoint\",\"urlTemplate\":\"https:\/\/lifesimplified.gorenje.com\/lt\/?s={search_term_string}\"},\"query-input\":{\"@type\":\"PropertyValueSpecification\",\"valueRequired\":true,\"valueName\":\"search_term_string\"}}],\"inLanguage\":\"lt-LT\"},{\"@type\":\"Organization\",\"@id\":\"https:\/\/lifesimplified.gorenje.com\/lt\/#organization\",\"name\":\"Gorenje\",\"url\":\"https:\/\/lifesimplified.gorenje.com\/lt\/\",\"logo\":{\"@type\":\"ImageObject\",\"inLanguage\":\"lt-LT\",\"@id\":\"https:\/\/lifesimplified.gorenje.com\/lt\/#\/schema\/logo\/image\/\",\"url\":\"https:\/\/lifesimplified.gorenje.com\/wp-content\/uploads\/2019\/12\/gorenje-life-simplified-blog-life-simplified-logo.jpg\",\"contentUrl\":\"https:\/\/lifesimplified.gorenje.com\/wp-content\/uploads\/2019\/12\/gorenje-life-simplified-blog-life-simplified-logo.jpg\",\"width\":2169,\"height\":1223,\"caption\":\"Gorenje\"},\"image\":{\"@id\":\"https:\/\/lifesimplified.gorenje.com\/lt\/#\/schema\/logo\/image\/\"},\"sameAs\":[\"https:\/\/www.facebook.com\/gorenje.SLO\/\",\"https:\/\/www.instagram.com\/gorenje_slovenija\/\",\"https:\/\/www.youtube.com\/user\/gorenjesi\"]}]}<\/script>\n<!-- \/ Yoast SEO plugin. -->","yoast_head_json":{"title":"Life simplified blogas | Life Simplified","robots":{"index":"index","follow":"follow","max-snippet":"max-snippet:-1","max-image-preview":"max-image-preview:large","max-video-preview":"max-video-preview:-1"},"canonical":"https:\/\/lifesimplified.gorenje.com\/lt\/life-simplified-blogas\/","og_locale":"lt_LT","og_type":"article","og_title":"Life simplified blogas | Life Simplified","og_description":"\u201eGorenje\u201c yra daugiau nei buitin\u0117 technika. Tai prek\u0117s \u017eenklas, kuris gyvena nam\u0173 \u0161irdyje ir dalyvauja kasdieniame gyvenime. \u0160tai kod\u0117l m\u016bs\u0173 misija yra padaryti taip, kad kasdienis gyvenimas ir su juo susij\u0119 darbai b\u016bt\u0173 \u0161iek tiek lengvesni, ne tokie sud\u0117tingi ir labiau malon\u016bs. Manome, kad kiekviena m\u016bs\u0173 teikiama naujov\u0117 turi tur\u0117ti \u012fne\u0161ti \u012f gyvenim\u0105 paprastumo, kad...","og_url":"https:\/\/lifesimplified.gorenje.com\/lt\/life-simplified-blogas\/","og_site_name":"Life Simplified","article_publisher":"https:\/\/www.facebook.com\/gorenje.SLO\/","article_modified_time":"2023-04-03T08:48:29+00:00","og_image":[{"width":2169,"height":1223,"url":"https:\/\/lifesimplified.gorenje.com\/wp-content\/uploads\/2019\/12\/gorenje-life-simplified-blog-life-simplified-logo.jpg","type":"image\/jpeg"}],"twitter_card":"summary_large_image","twitter_misc":{"Est. reading time":"1 minut\u0117"},"schema":{"@context":"https:\/\/schema.org","@graph":[{"@type":"WebPage","@id":"https:\/\/lifesimplified.gorenje.com\/lt\/life-simplified-blogas\/","url":"https:\/\/lifesimplified.gorenje.com\/lt\/life-simplified-blogas\/","name":"Life simplified blogas | Life Simplified","isPartOf":{"@id":"https:\/\/lifesimplified.gorenje.com\/lt\/#website"},"datePublished":"2018-11-04T18:51:54+00:00","dateModified":"2023-04-03T08:48:29+00:00","breadcrumb":{"@id":"https:\/\/lifesimplified.gorenje.com\/lt\/life-simplified-blogas\/#breadcrumb"},"inLanguage":"lt-LT","potentialAction":[{"@type":"ReadAction","target":["https:\/\/lifesimplified.gorenje.com\/lt\/life-simplified-blogas\/"]}]},{"@type":"BreadcrumbList","@id":"https:\/\/lifesimplified.gorenje.com\/lt\/life-simplified-blogas\/#breadcrumb","itemListElement":[{"@type":"ListItem","position":1,"name":"Home","item":"https:\/\/lifesimplified.gorenje.com\/lt\/home\/"},{"@type":"ListItem","position":2,"name":"Life simplified blogas"}]},{"@type":"WebSite","@id":"https:\/\/lifesimplified.gorenje.com\/lt\/#website","url":"https:\/\/lifesimplified.gorenje.com\/lt\/","name":"Life Simplified","description":"Life Simplified","publisher":{"@id":"https:\/\/lifesimplified.gorenje.com\/lt\/#organization"},"potentialAction":[{"@type":"SearchAction","target":{"@type":"EntryPoint","urlTemplate":"https:\/\/lifesimplified.gorenje.com\/lt\/?s={search_term_string}"},"query-input":{"@type":"PropertyValueSpecification","valueRequired":true,"valueName":"search_term_string"}}],"inLanguage":"lt-LT"},{"@type":"Organization","@id":"https:\/\/lifesimplified.gorenje.com\/lt\/#organization","name":"Gorenje","url":"https:\/\/lifesimplified.gorenje.com\/lt\/","logo":{"@type":"ImageObject","inLanguage":"lt-LT","@id":"https:\/\/lifesimplified.gorenje.com\/lt\/#\/schema\/logo\/image\/","url":"https:\/\/lifesimplified.gorenje.com\/wp-content\/uploads\/2019\/12\/gorenje-life-simplified-blog-life-simplified-logo.jpg","contentUrl":"https:\/\/lifesimplified.gorenje.com\/wp-content\/uploads\/2019\/12\/gorenje-life-simplified-blog-life-simplified-logo.jpg","width":2169,"height":1223,"caption":"Gorenje"},"image":{"@id":"https:\/\/lifesimplified.gorenje.com\/lt\/#\/schema\/logo\/image\/"},"sameAs":["https:\/\/www.facebook.com\/gorenje.SLO\/","https:\/\/www.instagram.com\/gorenje_slovenija\/","https:\/\/www.youtube.com\/user\/gorenjesi"]}]}},"_links":{"self":[{"href":"https:\/\/lifesimplified.gorenje.com\/lt\/wp-json\/wp\/v2\/pages\/57135","targetHints":{"allow":["GET"]}}],"collection":[{"href":"https:\/\/lifesimplified.gorenje.com\/lt\/wp-json\/wp\/v2\/pages"}],"about":[{"href":"https:\/\/lifesimplified.gorenje.com\/lt\/wp-json\/wp\/v2\/types\/page"}],"author":[{"embeddable":true,"href":"https:\/\/lifesimplified.gorenje.com\/lt\/wp-json\/wp\/v2\/users\/1"}],"replies":[{"embeddable":true,"href":"https:\/\/lifesimplified.gorenje.com\/lt\/wp-json\/wp\/v2\/comments?post=57135"}],"version-history":[{"count":3,"href":"https:\/\/lifesimplified.gorenje.com\/lt\/wp-json\/wp\/v2\/pages\/57135\/revisions"}],"predecessor-version":[{"id":59209,"href":"https:\/\/lifesimplified.gorenje.com\/lt\/wp-json\/wp\/v2\/pages\/57135\/revisions\/59209"}],"wp:attachment":[{"href":"https:\/\/lifesimplified.gorenje.com\/lt\/wp-json\/wp\/v2\/media?parent=57135"}],"curies":[{"name":"wp","href":"https:\/\/api.w.org\/{rel}","templated":true}]}}