{"id":57131,"date":"2018-09-20T14:13:13","date_gmt":"2018-09-20T14:13:13","guid":{"rendered":"https:\/\/lifesimplified.gorenje.com\/story-of-life-simplified-with-gorenje-products\/"},"modified":"2023-04-03T08:49:24","modified_gmt":"2023-04-03T08:49:24","slug":"megaukis-paprastumu-megaukis-gyvenimu","status":"publish","type":"page","link":"https:\/\/lifesimplified.gorenje.com\/lt\/megaukis-paprastumu-megaukis-gyvenimu\/","title":{"rendered":"M\u0117gaukis paprastumu. M\u0117gaukis gyvenimu."},"content":{"rendered":"<p>Mes \u012fnirtingai stengiam\u0117s suma\u017einti gyvenimo sud\u0117tingum\u0105, kad pasid\u017eiaugtume lengvesn\u0117mis, autenti\u0161komis ir prasmingomis akimirkomis. Sukurta paprastumo entuziast\u0173 bendruomen\u0117s, kuri pateikia k\u016brybines id\u0117jas, \u012fkvepian\u010dias mintis ir naudingus \u012frankius, kad \u0161i platforma tapt\u0173 viet\u0105, kuri pad\u0117s jums susikurti tok\u012f gyvenim\u0105, koks jums patinka.<br \/>\n<strong>M\u0117gaukis paprastumu. M\u0117gaukis gyvenimu.<\/strong><\/p>\n","protected":false},"excerpt":{"rendered":"<p>Mes \u012fnirtingai stengiam\u0117s suma\u017einti gyvenimo sud\u0117tingum\u0105, kad pasid\u017eiaugtume lengvesn\u0117mis, autenti\u0161komis ir prasmingomis akimirkomis. Sukurta paprastumo entuziast\u0173 bendruomen\u0117s, kuri pateikia k\u016brybines id\u0117jas, \u012fkvepian\u010dias mintis ir naudingus \u012frankius, kad \u0161i platforma tapt\u0173 viet\u0105, kuri pad\u0117s jums susikurti tok\u012f gyvenim\u0105, koks jums patinka. M\u0117gaukis paprastumu. M\u0117gaukis gyvenimu.<\/p>\n","protected":false},"author":1,"featured_media":49880,"parent":0,"menu_order":0,"comment_status":"closed","ping_status":"closed","template":"","meta":{"footnotes":""},"class_list":["post-57131","page","type-page","status-publish","has-post-thumbnail","hentry"],"yoast_head":"<!-- This site is optimized with the Yoast SEO plugin v27.1.1 - https:\/\/yoast.com\/product\/yoast-seo-wordpress\/ -->\n<title>M\u0117gaukis paprastumu. M\u0117gaukis gyvenimu. | Life Simplified<\/title>\n<meta name=\"robots\" content=\"index, follow, max-snippet:-1, max-image-preview:large, max-video-preview:-1\" \/>\n<link rel=\"canonical\" href=\"https:\/\/lifesimplified.gorenje.com\/lt\/megaukis-paprastumu-megaukis-gyvenimu\/\" \/>\n<meta property=\"og:locale\" content=\"lt_LT\" \/>\n<meta property=\"og:type\" content=\"article\" \/>\n<meta property=\"og:title\" content=\"M\u0117gaukis paprastumu. M\u0117gaukis gyvenimu. | Life Simplified\" \/>\n<meta property=\"og:description\" content=\"Mes \u012fnirtingai stengiam\u0117s suma\u017einti gyvenimo sud\u0117tingum\u0105, kad pasid\u017eiaugtume lengvesn\u0117mis, autenti\u0161komis ir prasmingomis akimirkomis. Sukurta paprastumo entuziast\u0173 bendruomen\u0117s, kuri pateikia k\u016brybines id\u0117jas, \u012fkvepian\u010dias mintis ir naudingus \u012frankius, kad \u0161i platforma tapt\u0173 viet\u0105, kuri pad\u0117s jums susikurti tok\u012f gyvenim\u0105, koks jums patinka. M\u0117gaukis paprastumu. M\u0117gaukis gyvenimu.\" \/>\n<meta property=\"og:url\" content=\"https:\/\/lifesimplified.gorenje.com\/lt\/megaukis-paprastumu-megaukis-gyvenimu\/\" \/>\n<meta property=\"og:site_name\" content=\"Life Simplified\" \/>\n<meta property=\"article:publisher\" content=\"https:\/\/www.facebook.com\/gorenje.SLO\/\" \/>\n<meta property=\"article:modified_time\" content=\"2023-04-03T08:49:24+00:00\" \/>\n<meta property=\"og:image\" content=\"https:\/\/lifesimplified.gorenje.com\/wp-content\/uploads\/2019\/04\/gorenje_life_simplified_smartflex_motherdaughter_making_bubbles.jpg\" \/>\n\t<meta property=\"og:image:width\" content=\"1800\" \/>\n\t<meta property=\"og:image:height\" content=\"1200\" \/>\n\t<meta property=\"og:image:type\" content=\"image\/jpeg\" \/>\n<meta name=\"twitter:card\" content=\"summary_large_image\" \/>\n<meta name=\"twitter:label1\" content=\"Est. reading time\" \/>\n\t<meta name=\"twitter:data1\" content=\"1 minut\u0117\" \/>\n<script type=\"application\/ld+json\" class=\"yoast-schema-graph\">{\"@context\":\"https:\/\/schema.org\",\"@graph\":[{\"@type\":\"WebPage\",\"@id\":\"https:\/\/lifesimplified.gorenje.com\/lt\/megaukis-paprastumu-megaukis-gyvenimu\/\",\"url\":\"https:\/\/lifesimplified.gorenje.com\/lt\/megaukis-paprastumu-megaukis-gyvenimu\/\",\"name\":\"M\u0117gaukis paprastumu. M\u0117gaukis gyvenimu. | Life Simplified\",\"isPartOf\":{\"@id\":\"https:\/\/lifesimplified.gorenje.com\/lt\/#website\"},\"primaryImageOfPage\":{\"@id\":\"https:\/\/lifesimplified.gorenje.com\/lt\/megaukis-paprastumu-megaukis-gyvenimu\/#primaryimage\"},\"image\":{\"@id\":\"https:\/\/lifesimplified.gorenje.com\/lt\/megaukis-paprastumu-megaukis-gyvenimu\/#primaryimage\"},\"thumbnailUrl\":\"https:\/\/lifesimplified.gorenje.com\/wp-content\/uploads\/2019\/04\/gorenje_life_simplified_smartflex_motherdaughter_making_bubbles.jpg\",\"datePublished\":\"2018-09-20T14:13:13+00:00\",\"dateModified\":\"2023-04-03T08:49:24+00:00\",\"breadcrumb\":{\"@id\":\"https:\/\/lifesimplified.gorenje.com\/lt\/megaukis-paprastumu-megaukis-gyvenimu\/#breadcrumb\"},\"inLanguage\":\"lt-LT\",\"potentialAction\":[{\"@type\":\"ReadAction\",\"target\":[\"https:\/\/lifesimplified.gorenje.com\/lt\/megaukis-paprastumu-megaukis-gyvenimu\/\"]}]},{\"@type\":\"ImageObject\",\"inLanguage\":\"lt-LT\",\"@id\":\"https:\/\/lifesimplified.gorenje.com\/lt\/megaukis-paprastumu-megaukis-gyvenimu\/#primaryimage\",\"url\":\"https:\/\/lifesimplified.gorenje.com\/wp-content\/uploads\/2019\/04\/gorenje_life_simplified_smartflex_motherdaughter_making_bubbles.jpg\",\"contentUrl\":\"https:\/\/lifesimplified.gorenje.com\/wp-content\/uploads\/2019\/04\/gorenje_life_simplified_smartflex_motherdaughter_making_bubbles.jpg\",\"width\":1800,\"height\":1200},{\"@type\":\"BreadcrumbList\",\"@id\":\"https:\/\/lifesimplified.gorenje.com\/lt\/megaukis-paprastumu-megaukis-gyvenimu\/#breadcrumb\",\"itemListElement\":[{\"@type\":\"ListItem\",\"position\":1,\"name\":\"Home\",\"item\":\"https:\/\/lifesimplified.gorenje.com\/lt\/home\/\"},{\"@type\":\"ListItem\",\"position\":2,\"name\":\"M\u0117gaukis paprastumu. M\u0117gaukis gyvenimu.\"}]},{\"@type\":\"WebSite\",\"@id\":\"https:\/\/lifesimplified.gorenje.com\/lt\/#website\",\"url\":\"https:\/\/lifesimplified.gorenje.com\/lt\/\",\"name\":\"Life Simplified\",\"description\":\"Life Simplified\",\"publisher\":{\"@id\":\"https:\/\/lifesimplified.gorenje.com\/lt\/#organization\"},\"potentialAction\":[{\"@type\":\"SearchAction\",\"target\":{\"@type\":\"EntryPoint\",\"urlTemplate\":\"https:\/\/lifesimplified.gorenje.com\/lt\/?s={search_term_string}\"},\"query-input\":{\"@type\":\"PropertyValueSpecification\",\"valueRequired\":true,\"valueName\":\"search_term_string\"}}],\"inLanguage\":\"lt-LT\"},{\"@type\":\"Organization\",\"@id\":\"https:\/\/lifesimplified.gorenje.com\/lt\/#organization\",\"name\":\"Gorenje\",\"url\":\"https:\/\/lifesimplified.gorenje.com\/lt\/\",\"logo\":{\"@type\":\"ImageObject\",\"inLanguage\":\"lt-LT\",\"@id\":\"https:\/\/lifesimplified.gorenje.com\/lt\/#\/schema\/logo\/image\/\",\"url\":\"https:\/\/lifesimplified.gorenje.com\/wp-content\/uploads\/2019\/12\/gorenje-life-simplified-blog-life-simplified-logo.jpg\",\"contentUrl\":\"https:\/\/lifesimplified.gorenje.com\/wp-content\/uploads\/2019\/12\/gorenje-life-simplified-blog-life-simplified-logo.jpg\",\"width\":2169,\"height\":1223,\"caption\":\"Gorenje\"},\"image\":{\"@id\":\"https:\/\/lifesimplified.gorenje.com\/lt\/#\/schema\/logo\/image\/\"},\"sameAs\":[\"https:\/\/www.facebook.com\/gorenje.SLO\/\",\"https:\/\/www.instagram.com\/gorenje_slovenija\/\",\"https:\/\/www.youtube.com\/user\/gorenjesi\"]}]}<\/script>\n<!-- \/ Yoast SEO plugin. -->","yoast_head_json":{"title":"M\u0117gaukis paprastumu. M\u0117gaukis gyvenimu. | Life Simplified","robots":{"index":"index","follow":"follow","max-snippet":"max-snippet:-1","max-image-preview":"max-image-preview:large","max-video-preview":"max-video-preview:-1"},"canonical":"https:\/\/lifesimplified.gorenje.com\/lt\/megaukis-paprastumu-megaukis-gyvenimu\/","og_locale":"lt_LT","og_type":"article","og_title":"M\u0117gaukis paprastumu. M\u0117gaukis gyvenimu. | Life Simplified","og_description":"Mes \u012fnirtingai stengiam\u0117s suma\u017einti gyvenimo sud\u0117tingum\u0105, kad pasid\u017eiaugtume lengvesn\u0117mis, autenti\u0161komis ir prasmingomis akimirkomis. Sukurta paprastumo entuziast\u0173 bendruomen\u0117s, kuri pateikia k\u016brybines id\u0117jas, \u012fkvepian\u010dias mintis ir naudingus \u012frankius, kad \u0161i platforma tapt\u0173 viet\u0105, kuri pad\u0117s jums susikurti tok\u012f gyvenim\u0105, koks jums patinka. M\u0117gaukis paprastumu. M\u0117gaukis gyvenimu.","og_url":"https:\/\/lifesimplified.gorenje.com\/lt\/megaukis-paprastumu-megaukis-gyvenimu\/","og_site_name":"Life Simplified","article_publisher":"https:\/\/www.facebook.com\/gorenje.SLO\/","article_modified_time":"2023-04-03T08:49:24+00:00","og_image":[{"width":1800,"height":1200,"url":"https:\/\/lifesimplified.gorenje.com\/wp-content\/uploads\/2019\/04\/gorenje_life_simplified_smartflex_motherdaughter_making_bubbles.jpg","type":"image\/jpeg"}],"twitter_card":"summary_large_image","twitter_misc":{"Est. reading time":"1 minut\u0117"},"schema":{"@context":"https:\/\/schema.org","@graph":[{"@type":"WebPage","@id":"https:\/\/lifesimplified.gorenje.com\/lt\/megaukis-paprastumu-megaukis-gyvenimu\/","url":"https:\/\/lifesimplified.gorenje.com\/lt\/megaukis-paprastumu-megaukis-gyvenimu\/","name":"M\u0117gaukis paprastumu. M\u0117gaukis gyvenimu. | Life Simplified","isPartOf":{"@id":"https:\/\/lifesimplified.gorenje.com\/lt\/#website"},"primaryImageOfPage":{"@id":"https:\/\/lifesimplified.gorenje.com\/lt\/megaukis-paprastumu-megaukis-gyvenimu\/#primaryimage"},"image":{"@id":"https:\/\/lifesimplified.gorenje.com\/lt\/megaukis-paprastumu-megaukis-gyvenimu\/#primaryimage"},"thumbnailUrl":"https:\/\/lifesimplified.gorenje.com\/wp-content\/uploads\/2019\/04\/gorenje_life_simplified_smartflex_motherdaughter_making_bubbles.jpg","datePublished":"2018-09-20T14:13:13+00:00","dateModified":"2023-04-03T08:49:24+00:00","breadcrumb":{"@id":"https:\/\/lifesimplified.gorenje.com\/lt\/megaukis-paprastumu-megaukis-gyvenimu\/#breadcrumb"},"inLanguage":"lt-LT","potentialAction":[{"@type":"ReadAction","target":["https:\/\/lifesimplified.gorenje.com\/lt\/megaukis-paprastumu-megaukis-gyvenimu\/"]}]},{"@type":"ImageObject","inLanguage":"lt-LT","@id":"https:\/\/lifesimplified.gorenje.com\/lt\/megaukis-paprastumu-megaukis-gyvenimu\/#primaryimage","url":"https:\/\/lifesimplified.gorenje.com\/wp-content\/uploads\/2019\/04\/gorenje_life_simplified_smartflex_motherdaughter_making_bubbles.jpg","contentUrl":"https:\/\/lifesimplified.gorenje.com\/wp-content\/uploads\/2019\/04\/gorenje_life_simplified_smartflex_motherdaughter_making_bubbles.jpg","width":1800,"height":1200},{"@type":"BreadcrumbList","@id":"https:\/\/lifesimplified.gorenje.com\/lt\/megaukis-paprastumu-megaukis-gyvenimu\/#breadcrumb","itemListElement":[{"@type":"ListItem","position":1,"name":"Home","item":"https:\/\/lifesimplified.gorenje.com\/lt\/home\/"},{"@type":"ListItem","position":2,"name":"M\u0117gaukis paprastumu. M\u0117gaukis gyvenimu."}]},{"@type":"WebSite","@id":"https:\/\/lifesimplified.gorenje.com\/lt\/#website","url":"https:\/\/lifesimplified.gorenje.com\/lt\/","name":"Life Simplified","description":"Life Simplified","publisher":{"@id":"https:\/\/lifesimplified.gorenje.com\/lt\/#organization"},"potentialAction":[{"@type":"SearchAction","target":{"@type":"EntryPoint","urlTemplate":"https:\/\/lifesimplified.gorenje.com\/lt\/?s={search_term_string}"},"query-input":{"@type":"PropertyValueSpecification","valueRequired":true,"valueName":"search_term_string"}}],"inLanguage":"lt-LT"},{"@type":"Organization","@id":"https:\/\/lifesimplified.gorenje.com\/lt\/#organization","name":"Gorenje","url":"https:\/\/lifesimplified.gorenje.com\/lt\/","logo":{"@type":"ImageObject","inLanguage":"lt-LT","@id":"https:\/\/lifesimplified.gorenje.com\/lt\/#\/schema\/logo\/image\/","url":"https:\/\/lifesimplified.gorenje.com\/wp-content\/uploads\/2019\/12\/gorenje-life-simplified-blog-life-simplified-logo.jpg","contentUrl":"https:\/\/lifesimplified.gorenje.com\/wp-content\/uploads\/2019\/12\/gorenje-life-simplified-blog-life-simplified-logo.jpg","width":2169,"height":1223,"caption":"Gorenje"},"image":{"@id":"https:\/\/lifesimplified.gorenje.com\/lt\/#\/schema\/logo\/image\/"},"sameAs":["https:\/\/www.facebook.com\/gorenje.SLO\/","https:\/\/www.instagram.com\/gorenje_slovenija\/","https:\/\/www.youtube.com\/user\/gorenjesi"]}]}},"_links":{"self":[{"href":"https:\/\/lifesimplified.gorenje.com\/lt\/wp-json\/wp\/v2\/pages\/57131","targetHints":{"allow":["GET"]}}],"collection":[{"href":"https:\/\/lifesimplified.gorenje.com\/lt\/wp-json\/wp\/v2\/pages"}],"about":[{"href":"https:\/\/lifesimplified.gorenje.com\/lt\/wp-json\/wp\/v2\/types\/page"}],"author":[{"embeddable":true,"href":"https:\/\/lifesimplified.gorenje.com\/lt\/wp-json\/wp\/v2\/users\/1"}],"replies":[{"embeddable":true,"href":"https:\/\/lifesimplified.gorenje.com\/lt\/wp-json\/wp\/v2\/comments?post=57131"}],"version-history":[{"count":2,"href":"https:\/\/lifesimplified.gorenje.com\/lt\/wp-json\/wp\/v2\/pages\/57131\/revisions"}],"predecessor-version":[{"id":59210,"href":"https:\/\/lifesimplified.gorenje.com\/lt\/wp-json\/wp\/v2\/pages\/57131\/revisions\/59210"}],"wp:featuredmedia":[{"embeddable":true,"href":"https:\/\/lifesimplified.gorenje.com\/lt\/wp-json\/wp\/v2\/media\/49880"}],"wp:attachment":[{"href":"https:\/\/lifesimplified.gorenje.com\/lt\/wp-json\/wp\/v2\/media?parent=57131"}],"curies":[{"name":"wp","href":"https:\/\/api.w.org\/{rel}","templated":true}]}}