{"id":5381,"date":"2020-10-17T19:02:16","date_gmt":"2020-10-17T19:02:16","guid":{"rendered":"https:\/\/lifesimplified.gorenje.com\/?page_id=5381"},"modified":"2020-10-17T19:03:33","modified_gmt":"2020-10-17T19:03:33","slug":"pocast-pojednostavljenom-zivotu","status":"publish","type":"page","link":"https:\/\/lifesimplified.gorenje.com\/hr\/pocast-pojednostavljenom-zivotu\/","title":{"rendered":"Po\u010dast pojednostavljenom \u017eivotu"},"content":{"rendered":"<p>Mi strastveno \u017eelimo smanjiti slo\u017eenost u \u017eivotu kako bismo se mogli radivati vedrijim trenucima koji su posebni. Zajednica stvorena od entuzijasta koji donose jednostavne I kreativne ideje, nadahnjuju\u0107e misli i korisne alate kako bi postali mjesto broj jedan koje \u0107e vam pomo\u0107i u stvaranju \u017eivota koji \u017eelite \u017eivjeti.<\/p>\n<p><strong>Prihvati jednostavnost! Zagrli \u017eivot!<\/strong><\/p>\n","protected":false},"excerpt":{"rendered":"<p>Mi strastveno \u017eelimo smanjiti slo\u017eenost u \u017eivotu kako bismo se mogli radivati vedrijim trenucima koji su posebni. Zajednica stvorena od entuzijasta koji donose jednostavne I kreativne ideje, nadahnjuju\u0107e misli i korisne alate kako bi postali mjesto broj jedan koje \u0107e vam pomo\u0107i u stvaranju \u017eivota koji \u017eelite \u017eivjeti. Prihvati jednostavnost! Zagrli \u017eivot!<\/p>\n","protected":false},"author":1,"featured_media":99,"parent":0,"menu_order":0,"comment_status":"closed","ping_status":"closed","template":"","meta":{"footnotes":""},"class_list":["post-5381","page","type-page","status-publish","has-post-thumbnail","hentry","has-post-video"],"yoast_head":"<!-- This site is optimized with the Yoast SEO plugin v27.1.1 - https:\/\/yoast.com\/product\/yoast-seo-wordpress\/ -->\n<title>Po\u010dast pojednostavljenom \u017eivotu | Life Simplified<\/title>\n<meta name=\"robots\" content=\"index, follow, max-snippet:-1, max-image-preview:large, max-video-preview:-1\" \/>\n<link rel=\"canonical\" href=\"https:\/\/lifesimplified.gorenje.com\/hr\/pocast-pojednostavljenom-zivotu\/\" \/>\n<meta property=\"og:locale\" content=\"hr_HR\" \/>\n<meta property=\"og:type\" content=\"article\" \/>\n<meta property=\"og:title\" content=\"Po\u010dast pojednostavljenom \u017eivotu | Life Simplified\" \/>\n<meta property=\"og:description\" content=\"Mi strastveno \u017eelimo smanjiti slo\u017eenost u \u017eivotu kako bismo se mogli radivati vedrijim trenucima koji su posebni. Zajednica stvorena od entuzijasta koji donose jednostavne I kreativne ideje, nadahnjuju\u0107e misli i korisne alate kako bi postali mjesto broj jedan koje \u0107e vam pomo\u0107i u stvaranju \u017eivota koji \u017eelite \u017eivjeti. Prihvati jednostavnost! Zagrli \u017eivot!\" \/>\n<meta property=\"og:url\" content=\"https:\/\/lifesimplified.gorenje.com\/hr\/pocast-pojednostavljenom-zivotu\/\" \/>\n<meta property=\"og:site_name\" content=\"Life Simplified\" \/>\n<meta property=\"article:publisher\" content=\"https:\/\/www.facebook.com\/gorenje.SLO\/\" \/>\n<meta property=\"article:modified_time\" content=\"2020-10-17T19:03:33+00:00\" \/>\n<meta property=\"og:image\" content=\"https:\/\/lifesimplified.gorenje.com\/wp-content\/uploads\/2018\/09\/gorenje-life-simplified-blog-ad-dishwasher-smartflex-family.jpg\" \/>\n\t<meta property=\"og:image:width\" content=\"500\" \/>\n\t<meta property=\"og:image:height\" content=\"333\" \/>\n\t<meta property=\"og:image:type\" content=\"image\/jpeg\" \/>\n<meta name=\"twitter:card\" content=\"summary_large_image\" \/>\n<script type=\"application\/ld+json\" class=\"yoast-schema-graph\">{\"@context\":\"https:\/\/schema.org\",\"@graph\":[{\"@type\":\"WebPage\",\"@id\":\"https:\/\/lifesimplified.gorenje.com\/hr\/pocast-pojednostavljenom-zivotu\/\",\"url\":\"https:\/\/lifesimplified.gorenje.com\/hr\/pocast-pojednostavljenom-zivotu\/\",\"name\":\"Po\u010dast pojednostavljenom \u017eivotu | Life Simplified\",\"isPartOf\":{\"@id\":\"https:\/\/lifesimplified.gorenje.com\/hr\/#website\"},\"primaryImageOfPage\":{\"@id\":\"https:\/\/lifesimplified.gorenje.com\/hr\/pocast-pojednostavljenom-zivotu\/#primaryimage\"},\"image\":{\"@id\":\"https:\/\/lifesimplified.gorenje.com\/hr\/pocast-pojednostavljenom-zivotu\/#primaryimage\"},\"thumbnailUrl\":\"https:\/\/lifesimplified.gorenje.com\/wp-content\/uploads\/2018\/09\/gorenje-life-simplified-blog-ad-dishwasher-smartflex-family.jpg\",\"datePublished\":\"2020-10-17T19:02:16+00:00\",\"dateModified\":\"2020-10-17T19:03:33+00:00\",\"breadcrumb\":{\"@id\":\"https:\/\/lifesimplified.gorenje.com\/hr\/pocast-pojednostavljenom-zivotu\/#breadcrumb\"},\"inLanguage\":\"hr-HR\",\"potentialAction\":[{\"@type\":\"ReadAction\",\"target\":[\"https:\/\/lifesimplified.gorenje.com\/hr\/pocast-pojednostavljenom-zivotu\/\"]}]},{\"@type\":\"ImageObject\",\"inLanguage\":\"hr-HR\",\"@id\":\"https:\/\/lifesimplified.gorenje.com\/hr\/pocast-pojednostavljenom-zivotu\/#primaryimage\",\"url\":\"https:\/\/lifesimplified.gorenje.com\/wp-content\/uploads\/2018\/09\/gorenje-life-simplified-blog-ad-dishwasher-smartflex-family.jpg\",\"contentUrl\":\"https:\/\/lifesimplified.gorenje.com\/wp-content\/uploads\/2018\/09\/gorenje-life-simplified-blog-ad-dishwasher-smartflex-family.jpg\",\"width\":500,\"height\":333},{\"@type\":\"BreadcrumbList\",\"@id\":\"https:\/\/lifesimplified.gorenje.com\/hr\/pocast-pojednostavljenom-zivotu\/#breadcrumb\",\"itemListElement\":[{\"@type\":\"ListItem\",\"position\":1,\"name\":\"Home\",\"item\":\"https:\/\/lifesimplified.gorenje.com\/hr\/home\/\"},{\"@type\":\"ListItem\",\"position\":2,\"name\":\"Po\u010dast pojednostavljenom \u017eivotu\"}]},{\"@type\":\"WebSite\",\"@id\":\"https:\/\/lifesimplified.gorenje.com\/hr\/#website\",\"url\":\"https:\/\/lifesimplified.gorenje.com\/hr\/\",\"name\":\"Life Simplified\",\"description\":\"Prihvatite jednostavnost\",\"publisher\":{\"@id\":\"https:\/\/lifesimplified.gorenje.com\/hr\/#organization\"},\"potentialAction\":[{\"@type\":\"SearchAction\",\"target\":{\"@type\":\"EntryPoint\",\"urlTemplate\":\"https:\/\/lifesimplified.gorenje.com\/hr\/?s={search_term_string}\"},\"query-input\":{\"@type\":\"PropertyValueSpecification\",\"valueRequired\":true,\"valueName\":\"search_term_string\"}}],\"inLanguage\":\"hr-HR\"},{\"@type\":\"Organization\",\"@id\":\"https:\/\/lifesimplified.gorenje.com\/hr\/#organization\",\"name\":\"Gorenje\",\"url\":\"https:\/\/lifesimplified.gorenje.com\/hr\/\",\"logo\":{\"@type\":\"ImageObject\",\"inLanguage\":\"hr-HR\",\"@id\":\"https:\/\/lifesimplified.gorenje.com\/hr\/#\/schema\/logo\/image\/\",\"url\":\"https:\/\/lifesimplified.gorenje.com\/wp-content\/uploads\/2019\/12\/gorenje-life-simplified-blog-life-simplified-logo.jpg\",\"contentUrl\":\"https:\/\/lifesimplified.gorenje.com\/wp-content\/uploads\/2019\/12\/gorenje-life-simplified-blog-life-simplified-logo.jpg\",\"width\":2169,\"height\":1223,\"caption\":\"Gorenje\"},\"image\":{\"@id\":\"https:\/\/lifesimplified.gorenje.com\/hr\/#\/schema\/logo\/image\/\"},\"sameAs\":[\"https:\/\/www.facebook.com\/gorenje.SLO\/\",\"https:\/\/www.instagram.com\/gorenje_slovenija\/\",\"https:\/\/www.youtube.com\/user\/gorenjesi\"]}]}<\/script>\n<!-- \/ Yoast SEO plugin. -->","yoast_head_json":{"title":"Po\u010dast pojednostavljenom \u017eivotu | Life Simplified","robots":{"index":"index","follow":"follow","max-snippet":"max-snippet:-1","max-image-preview":"max-image-preview:large","max-video-preview":"max-video-preview:-1"},"canonical":"https:\/\/lifesimplified.gorenje.com\/hr\/pocast-pojednostavljenom-zivotu\/","og_locale":"hr_HR","og_type":"article","og_title":"Po\u010dast pojednostavljenom \u017eivotu | Life Simplified","og_description":"Mi strastveno \u017eelimo smanjiti slo\u017eenost u \u017eivotu kako bismo se mogli radivati vedrijim trenucima koji su posebni. Zajednica stvorena od entuzijasta koji donose jednostavne I kreativne ideje, nadahnjuju\u0107e misli i korisne alate kako bi postali mjesto broj jedan koje \u0107e vam pomo\u0107i u stvaranju \u017eivota koji \u017eelite \u017eivjeti. Prihvati jednostavnost! Zagrli \u017eivot!","og_url":"https:\/\/lifesimplified.gorenje.com\/hr\/pocast-pojednostavljenom-zivotu\/","og_site_name":"Life Simplified","article_publisher":"https:\/\/www.facebook.com\/gorenje.SLO\/","article_modified_time":"2020-10-17T19:03:33+00:00","og_image":[{"width":500,"height":333,"url":"https:\/\/lifesimplified.gorenje.com\/wp-content\/uploads\/2018\/09\/gorenje-life-simplified-blog-ad-dishwasher-smartflex-family.jpg","type":"image\/jpeg"}],"twitter_card":"summary_large_image","schema":{"@context":"https:\/\/schema.org","@graph":[{"@type":"WebPage","@id":"https:\/\/lifesimplified.gorenje.com\/hr\/pocast-pojednostavljenom-zivotu\/","url":"https:\/\/lifesimplified.gorenje.com\/hr\/pocast-pojednostavljenom-zivotu\/","name":"Po\u010dast pojednostavljenom \u017eivotu | Life Simplified","isPartOf":{"@id":"https:\/\/lifesimplified.gorenje.com\/hr\/#website"},"primaryImageOfPage":{"@id":"https:\/\/lifesimplified.gorenje.com\/hr\/pocast-pojednostavljenom-zivotu\/#primaryimage"},"image":{"@id":"https:\/\/lifesimplified.gorenje.com\/hr\/pocast-pojednostavljenom-zivotu\/#primaryimage"},"thumbnailUrl":"https:\/\/lifesimplified.gorenje.com\/wp-content\/uploads\/2018\/09\/gorenje-life-simplified-blog-ad-dishwasher-smartflex-family.jpg","datePublished":"2020-10-17T19:02:16+00:00","dateModified":"2020-10-17T19:03:33+00:00","breadcrumb":{"@id":"https:\/\/lifesimplified.gorenje.com\/hr\/pocast-pojednostavljenom-zivotu\/#breadcrumb"},"inLanguage":"hr-HR","potentialAction":[{"@type":"ReadAction","target":["https:\/\/lifesimplified.gorenje.com\/hr\/pocast-pojednostavljenom-zivotu\/"]}]},{"@type":"ImageObject","inLanguage":"hr-HR","@id":"https:\/\/lifesimplified.gorenje.com\/hr\/pocast-pojednostavljenom-zivotu\/#primaryimage","url":"https:\/\/lifesimplified.gorenje.com\/wp-content\/uploads\/2018\/09\/gorenje-life-simplified-blog-ad-dishwasher-smartflex-family.jpg","contentUrl":"https:\/\/lifesimplified.gorenje.com\/wp-content\/uploads\/2018\/09\/gorenje-life-simplified-blog-ad-dishwasher-smartflex-family.jpg","width":500,"height":333},{"@type":"BreadcrumbList","@id":"https:\/\/lifesimplified.gorenje.com\/hr\/pocast-pojednostavljenom-zivotu\/#breadcrumb","itemListElement":[{"@type":"ListItem","position":1,"name":"Home","item":"https:\/\/lifesimplified.gorenje.com\/hr\/home\/"},{"@type":"ListItem","position":2,"name":"Po\u010dast pojednostavljenom \u017eivotu"}]},{"@type":"WebSite","@id":"https:\/\/lifesimplified.gorenje.com\/hr\/#website","url":"https:\/\/lifesimplified.gorenje.com\/hr\/","name":"Life Simplified","description":"Prihvatite jednostavnost","publisher":{"@id":"https:\/\/lifesimplified.gorenje.com\/hr\/#organization"},"potentialAction":[{"@type":"SearchAction","target":{"@type":"EntryPoint","urlTemplate":"https:\/\/lifesimplified.gorenje.com\/hr\/?s={search_term_string}"},"query-input":{"@type":"PropertyValueSpecification","valueRequired":true,"valueName":"search_term_string"}}],"inLanguage":"hr-HR"},{"@type":"Organization","@id":"https:\/\/lifesimplified.gorenje.com\/hr\/#organization","name":"Gorenje","url":"https:\/\/lifesimplified.gorenje.com\/hr\/","logo":{"@type":"ImageObject","inLanguage":"hr-HR","@id":"https:\/\/lifesimplified.gorenje.com\/hr\/#\/schema\/logo\/image\/","url":"https:\/\/lifesimplified.gorenje.com\/wp-content\/uploads\/2019\/12\/gorenje-life-simplified-blog-life-simplified-logo.jpg","contentUrl":"https:\/\/lifesimplified.gorenje.com\/wp-content\/uploads\/2019\/12\/gorenje-life-simplified-blog-life-simplified-logo.jpg","width":2169,"height":1223,"caption":"Gorenje"},"image":{"@id":"https:\/\/lifesimplified.gorenje.com\/hr\/#\/schema\/logo\/image\/"},"sameAs":["https:\/\/www.facebook.com\/gorenje.SLO\/","https:\/\/www.instagram.com\/gorenje_slovenija\/","https:\/\/www.youtube.com\/user\/gorenjesi"]}]}},"_links":{"self":[{"href":"https:\/\/lifesimplified.gorenje.com\/hr\/wp-json\/wp\/v2\/pages\/5381","targetHints":{"allow":["GET"]}}],"collection":[{"href":"https:\/\/lifesimplified.gorenje.com\/hr\/wp-json\/wp\/v2\/pages"}],"about":[{"href":"https:\/\/lifesimplified.gorenje.com\/hr\/wp-json\/wp\/v2\/types\/page"}],"author":[{"embeddable":true,"href":"https:\/\/lifesimplified.gorenje.com\/hr\/wp-json\/wp\/v2\/users\/1"}],"replies":[{"embeddable":true,"href":"https:\/\/lifesimplified.gorenje.com\/hr\/wp-json\/wp\/v2\/comments?post=5381"}],"version-history":[{"count":1,"href":"https:\/\/lifesimplified.gorenje.com\/hr\/wp-json\/wp\/v2\/pages\/5381\/revisions"}],"predecessor-version":[{"id":5386,"href":"https:\/\/lifesimplified.gorenje.com\/hr\/wp-json\/wp\/v2\/pages\/5381\/revisions\/5386"}],"wp:featuredmedia":[{"embeddable":true,"href":"https:\/\/lifesimplified.gorenje.com\/hr\/wp-json\/wp\/v2\/media\/99"}],"wp:attachment":[{"href":"https:\/\/lifesimplified.gorenje.com\/hr\/wp-json\/wp\/v2\/media?parent=5381"}],"curies":[{"name":"wp","href":"https:\/\/api.w.org\/{rel}","templated":true}]}}