{"id":5379,"date":"2020-10-17T19:01:01","date_gmt":"2020-10-17T19:01:01","guid":{"rendered":"https:\/\/lifesimplified.gorenje.com\/?page_id=5379"},"modified":"2024-01-29T10:58:34","modified_gmt":"2024-01-29T10:58:34","slug":"o-kolacicima","status":"publish","type":"page","link":"https:\/\/lifesimplified.gorenje.com\/hr\/o-kolacicima\/","title":{"rendered":"O kola\u010di\u0107ima"},"content":{"rendered":"<h3>\u0160to su kola\u010di\u0107i?<\/h3>\n<p>Kola\u010di\u0107i su male tekstualne datoteke koje sadr\u017ee podatke o va\u0161oj posjeti na web stranici.<\/p>\n<p>Kola\u010di\u0107i olak\u0161avaju interakciju izme\u0111u korisnika i web stranice. Onogu\u0107uju web stranci da pamti preferencije i aktivnosti korisnika, \u010dime \u0161tedi vrijeme i pridonosi u\u010dinkovitijem I jednostavnijem pregledu sadr\u017eaja.<\/p>\n<p>Prvi od mnogih razloga za uporabu kola\u010di\u0107a je njihova sposobnost pohrane podataka na pojedinoj web stranici (jezik, broj pogodaka, veli\u010dina fonta itd.). Uz to, tako\u0111er olak\u0161avaju implementaciju web usluga (registracija, sadr\u017eaj ko\u0161arice, pretplate na e-vijesti, pregled video zapisa itd.) I prikljupanje podataka o navikama korisnika web-a (broj posjeta, sadr\u017eaj koji se pregledava itd.). Sve to poma\u017ee nam u pobolj\u0161anju korisni\u010dkog iskustva, kao i u procjeni u\u010dinkovitosti web stranice.<\/p>\n<p>Nijedan kola\u010di\u0107 koji se koristi na na\u0161im web stranicama ne prikuplja podatke koji bi otkrili va\u0161 osobni identitet.<\/p>\n<p>Radi uvida napravili smo popis svih kola\u010di\u0107a koje koristimo I njihove svrhe. Imajte na umu da se daljnjim pregledom ove stranice sla\u017eete s uporabom navedenih kola\u010di\u0107a.<\/p>\n<h3>Koje kola\u010di\u0107e koristi ova web stranica?<\/h3>\n<h4>Samo nu\u017eni kola\u010di\u0107i<\/h4>\n<p>Kola\u010di\u0107i nam poma\u017eu da prika\u017eemo sadr\u017eaj, obrasce za kontakt, ko\u0161arice I druge bitne elemente web stranice. Ovi kola\u010di\u0107i vrijede samo za vrijeme sesije. Primjer kola\u010di\u0107a: ASP.NET_SessionId.<\/p>\n<h4>Google<\/h4>\n<p>Google koristi kola\u010di\u0107e, na primjer, da bi zapamtio vase spremljene postavke pretra\u017eivanja, prikazao oglase koji su vam zanimljiviji, prebroji koliko je je bilo korisnika na stranici, kako bi vam pomogao da se prijavite na na\u0161e usluge i za\u0161titi vase podatke. <a href=\"https:\/\/www.google.com\/policies\/technologies\/cookies\/\">Vi\u0161e<\/a><\/p>\n<h4>Google Analytics<\/h4>\n<p>Google Analytics je usluga koja generira detaljne statistike o prometu I izvorima prometa na web stranici i mjeri konverzije i prodaju. Prikupljeni podaci nisu osobni podaci. Kola\u010di\u0107i vrijede 2 godine. Primjer kola\u010di\u0107a: _ga, __utma, __utmb,__utmc, __utmz in __utmv. <a href=\"https:\/\/developers.google.com\/analytics\/devguides\/collection\/gajs\/cookie-usage?hl=en\">Vi\u0161e<\/a><\/p>\n<h4>YouTube<\/h4>\n<p>Video zapise s na\u0161eg slu\u017ebenog YouTube kanala dodajemo pomo\u0107u YouTube na\u010dina pobolj\u0161ane privatnosti. Ovako se mogu postaviti kola\u010di\u0107i na va\u0161e ra\u010dunalo nakon \u0161to kliknete na YouTube video player, ali YouTube ne\u0107e pohraniti podatke o kola\u010di\u0107ima koji mogu se mogu osobno identificirati za reprodukciju dodanih video zapisa u na\u010dinu pobolj\u0161ane privatnosti. Ti kola\u010di\u0107i vrijede 10 godina. Primjer kola\u010di\u0107a: Visitor_info1_Live, Use_Hitbox, SID, LOGIN_INFO, use_hotbox, PREF, SSID, HSID, watched_video_id_list, __utma, __utmz, demographics, VISITOR_INFO1_LIVE. <a href=\"https:\/\/www.google.si\/policies\/technologies\/cookies\/\">Vi\u0161e<\/a><\/p>\n<h4>Google Maps<\/h4>\n<p>Google maps kola\u010di\u0107i povezani su s Google mapama I koriste se za prikaz korisni\u010dke karte I iznaka mjesta. Ti kola\u010di\u0107i vrijede 10 godina . Primjer kola\u010di\u0107a: SID, SAPISID, APISID, SSID, HSID, NID, PREF. <a href=\"https:\/\/www.google.si\/policies\/technologies\/cookies\/\">Vi\u0161e<\/a><\/p>\n<h4>AddThis<\/h4>\n<p>Kola\u010di\u0107i presonaliziraju iskustvo dijeljenja i interacije s dru\u0161tvenim mre\u017eama I bilje\u017ee broj dijeljenja, lajkova i komentara. Ti kola\u010di\u0107i vrijede 1o godina. <a href=\"https:\/\/www.addthis.com\/privacy#.UbcaUqzDCZc\">Vi\u0161e<\/a><\/p>\n<h4>Facebook<\/h4>\n<p>Kola\u010di\u0107e koristimo za personalizaciju vase interacije s Facebook dru\u0161tvenom mre\u017eom. Ti kola\u010di\u0107i vrijede 5 godina Primjer kola\u010di\u0107a: act,locale, lu, datr, csm. <a href=\"https:\/\/www.facebook.com\/about\/privacy\/\">Vi\u0161e<\/a><\/p>\n<h4>Twitter<\/h4>\n<p>Kola\u010di\u0107e koristimo za personalizaciju vase interacije s Twitter dru\u0161tvenom mre\u017eom. Ti kola\u010di\u0107i vrijede 5 godina Primjer kola\u010di\u0107a: k, guest_id, auth_token_session, secure_session, twll, twitter_sess. <a href=\"https:\/\/twitter.com\/privacy\">Vi\u0161e<\/a><\/p>\n<h4>Pinterest<\/h4>\n<p>Kola\u010di\u0107e koristimo za personalizaciju vase interacije s Pinterest dru\u0161tvenom mre\u017eom. Ti kola\u010di\u0107i vrijede 45 godina Primjer kola\u010di\u0107a: component, _pinterest_sess_, viewParameter, element, csrftoken, viewType. <a href=\"https:\/\/about.pinterest.com\/privacy\/\">Vi\u0161e<\/a><\/p>\n<h4>Gemius<\/h4>\n<p>Provedba tehni\u010dkog mjerenja rada MOSS i napredne web statistike. KoIa\u010di\u0107 s neograni\u010denim vremenom. Primjer kola\u010di\u0107a: Gdyn. <a href=\"https:\/\/gemius.com\/privacy-policy\/\">Vi\u0161e<\/a><\/p>\n<h4>Double Click<\/h4>\n<p>DoubleClick koristi kola\u010di\u0107e za pobolj\u0161anje ogla\u0161avanja. Neke uobi\u010dajene aplikacije su ciljano ogla\u0161ene na temelju onoga \u0161to je relevantno za korisnika, pobolj\u0161anje obvje\u0161tavanja o izvedbi kampanje i izbjegavanje prikazivanja oglasa koje je korisnik ve\u0107 vidio. Ti kola\u010di\u0107i vrijede 10 godina. Primjer kola\u010di\u0107a: _drt_, id. <a href=\"https:\/\/support.google.com\/adsense\/answer\/2839090?hl=en\">Vi\u0161e<\/a><\/p>\n<h3>Kako omogu\u0107iti ili onemogu\u0107iti kola\u010di\u0107e?<\/h3>\n<p>Ve\u0107ina modernih preglednika omogu\u0107uje vam da prihvatite ili odbijete sve kola\u010di\u0107e, prihvatite ili odbijete odre\u0111ene vrste kola\u010di\u0107a ili primate upozorenje kada web stranica \u017eeli pohraniti kola\u010di\u0107 s va\u0161eg ure\u0111aja. Osim toga, mo\u017eete izbrisati kola\u010di\u0107e koji su ve\u0107 spremljeni na va\u0161em ure\u0111aju.<\/p>\n<p>Imajte na umu da u slu\u010daju da onemogu\u0107ite kola\u010di\u0107e funkcionalnost web stranice mo\u017ee biti naru\u0161ena, a poruka o uporabi kola\u010di\u0107a pojavit \u0107e se svaki put kad posjetite web stranicu, \u0161to bi moglo dugoro\u010dno utjecati na vase korisni\u010dko iskustvo.<\/p>\n<p>Promjena postavki kola\u010di\u0107a razlikuje se u svakom pregledniku. Detaljne informacije mo\u017eete prona\u0107i klikom na \u201cHelp\u201d, posjetom <a href=\"http:\/\/www.aboutcookies.org\">www.aboutcookies.org<\/a>, koji daje detalje o promjeni postavki kola\u010di\u0107a u svim preglednicima ili nas kontaktirajte <a href=\"mailto:cookies@av-studio.si\">email<\/a>-om.<\/p>\n<h3>Obrada osobnih podataka koje unesete u obrasce na web stranici I pretplati na e-vijesti<\/h3>\n<p>Podaci koje unesete u obrasce na web stranici koriste se isklju\u010divo za isporuku poruke (upit, rezervcija, kupnja itd.) ili tra\u017eene usluge. Va\u0161i su podaci za\u0161ti\u0107eni i ne otkrivaju se tre\u0107im stranama, niti se skoriste u bilo koje druge svrhe osim gore opisanih.<\/p>\n<p>Pretplatom na e-vijesti pristajete da se vasa adresa email-a mo\u017ee korisititi za informiranje o novim uslugama\/proizvodima. Pretplatu mo\u017eete otkazati u bilo kojem trenutku klikom na vezu za odjavu u email-u.<\/p>\n<p>Kola\u010di\u0107e Google Analytics, DoubleClick and AddThis mo\u017eete onemogu\u0107iti slijede\u0107i dolje navedene upute:<\/p>\n<p><a href=\"https:\/\/tools.google.com\/dlpage\/gaoptout?hl=en\">Google Analytics<\/a><br \/>\n<a href=\"https:\/\/www.google.com\/policies\/technologies\/ads\/\">Double Click<\/a><br \/>\n<a href=\"https:\/\/www.addthis.com\/privacy\/opt-out-saved#.UbmBr6zDCZd\">AddThis<\/a><\/p>\n<p>Za vi\u0161e informacija, provjerite <a href=\"https:\/\/www.ico.org.uk\/\">Information Commissioner\u2019s Guidelines<\/a>.<\/p>\n","protected":false},"excerpt":{"rendered":"<p>\u0160to su kola\u010di\u0107i? Kola\u010di\u0107i su male tekstualne datoteke koje sadr\u017ee podatke o va\u0161oj posjeti na web stranici. Kola\u010di\u0107i olak\u0161avaju interakciju izme\u0111u korisnika i web stranice. Onogu\u0107uju web stranci da pamti preferencije i aktivnosti korisnika, \u010dime \u0161tedi vrijeme i pridonosi u\u010dinkovitijem I jednostavnijem pregledu sadr\u017eaja. Prvi od mnogih razloga za uporabu kola\u010di\u0107a je njihova sposobnost pohrane&#8230;<\/p>\n","protected":false},"author":1,"featured_media":0,"parent":0,"menu_order":0,"comment_status":"closed","ping_status":"closed","template":"","meta":{"footnotes":""},"class_list":["post-5379","page","type-page","status-publish","hentry"],"yoast_head":"<!-- This site is optimized with the Yoast SEO plugin v27.1.1 - https:\/\/yoast.com\/product\/yoast-seo-wordpress\/ -->\n<title>O kola\u010di\u0107ima | Life Simplified<\/title>\n<meta name=\"robots\" content=\"index, follow, max-snippet:-1, max-image-preview:large, max-video-preview:-1\" \/>\n<link rel=\"canonical\" href=\"https:\/\/lifesimplified.gorenje.com\/hr\/o-kolacicima\/\" \/>\n<meta property=\"og:locale\" content=\"hr_HR\" \/>\n<meta property=\"og:type\" content=\"article\" \/>\n<meta property=\"og:title\" content=\"O kola\u010di\u0107ima | Life Simplified\" \/>\n<meta property=\"og:description\" content=\"\u0160to su kola\u010di\u0107i? Kola\u010di\u0107i su male tekstualne datoteke koje sadr\u017ee podatke o va\u0161oj posjeti na web stranici. Kola\u010di\u0107i olak\u0161avaju interakciju izme\u0111u korisnika i web stranice. Onogu\u0107uju web stranci da pamti preferencije i aktivnosti korisnika, \u010dime \u0161tedi vrijeme i pridonosi u\u010dinkovitijem I jednostavnijem pregledu sadr\u017eaja. Prvi od mnogih razloga za uporabu kola\u010di\u0107a je njihova sposobnost pohrane...\" \/>\n<meta property=\"og:url\" content=\"https:\/\/lifesimplified.gorenje.com\/hr\/o-kolacicima\/\" \/>\n<meta property=\"og:site_name\" content=\"Life Simplified\" \/>\n<meta property=\"article:publisher\" content=\"https:\/\/www.facebook.com\/gorenje.SLO\/\" \/>\n<meta property=\"article:modified_time\" content=\"2024-01-29T10:58:34+00:00\" \/>\n<meta property=\"og:image\" content=\"https:\/\/lifesimplified.gorenje.com\/wp-content\/uploads\/2019\/12\/gorenje-life-simplified-blog-life-simplified-logo.jpg\" \/>\n\t<meta property=\"og:image:width\" content=\"2169\" \/>\n\t<meta property=\"og:image:height\" content=\"1223\" \/>\n\t<meta property=\"og:image:type\" content=\"image\/jpeg\" \/>\n<meta name=\"twitter:card\" content=\"summary_large_image\" \/>\n<meta name=\"twitter:label1\" content=\"Est. reading time\" \/>\n\t<meta name=\"twitter:data1\" content=\"5 minutes\" \/>\n<script type=\"application\/ld+json\" class=\"yoast-schema-graph\">{\"@context\":\"https:\/\/schema.org\",\"@graph\":[{\"@type\":\"WebPage\",\"@id\":\"https:\/\/lifesimplified.gorenje.com\/hr\/o-kolacicima\/\",\"url\":\"https:\/\/lifesimplified.gorenje.com\/hr\/o-kolacicima\/\",\"name\":\"O kola\u010di\u0107ima | Life Simplified\",\"isPartOf\":{\"@id\":\"https:\/\/lifesimplified.gorenje.com\/hr\/#website\"},\"datePublished\":\"2020-10-17T19:01:01+00:00\",\"dateModified\":\"2024-01-29T10:58:34+00:00\",\"breadcrumb\":{\"@id\":\"https:\/\/lifesimplified.gorenje.com\/hr\/o-kolacicima\/#breadcrumb\"},\"inLanguage\":\"hr-HR\",\"potentialAction\":[{\"@type\":\"ReadAction\",\"target\":[\"https:\/\/lifesimplified.gorenje.com\/hr\/o-kolacicima\/\"]}]},{\"@type\":\"BreadcrumbList\",\"@id\":\"https:\/\/lifesimplified.gorenje.com\/hr\/o-kolacicima\/#breadcrumb\",\"itemListElement\":[{\"@type\":\"ListItem\",\"position\":1,\"name\":\"Home\",\"item\":\"https:\/\/lifesimplified.gorenje.com\/hr\/home\/\"},{\"@type\":\"ListItem\",\"position\":2,\"name\":\"O kola\u010di\u0107ima\"}]},{\"@type\":\"WebSite\",\"@id\":\"https:\/\/lifesimplified.gorenje.com\/hr\/#website\",\"url\":\"https:\/\/lifesimplified.gorenje.com\/hr\/\",\"name\":\"Life Simplified\",\"description\":\"Prihvatite jednostavnost\",\"publisher\":{\"@id\":\"https:\/\/lifesimplified.gorenje.com\/hr\/#organization\"},\"potentialAction\":[{\"@type\":\"SearchAction\",\"target\":{\"@type\":\"EntryPoint\",\"urlTemplate\":\"https:\/\/lifesimplified.gorenje.com\/hr\/?s={search_term_string}\"},\"query-input\":{\"@type\":\"PropertyValueSpecification\",\"valueRequired\":true,\"valueName\":\"search_term_string\"}}],\"inLanguage\":\"hr-HR\"},{\"@type\":\"Organization\",\"@id\":\"https:\/\/lifesimplified.gorenje.com\/hr\/#organization\",\"name\":\"Gorenje\",\"url\":\"https:\/\/lifesimplified.gorenje.com\/hr\/\",\"logo\":{\"@type\":\"ImageObject\",\"inLanguage\":\"hr-HR\",\"@id\":\"https:\/\/lifesimplified.gorenje.com\/hr\/#\/schema\/logo\/image\/\",\"url\":\"https:\/\/lifesimplified.gorenje.com\/wp-content\/uploads\/2019\/12\/gorenje-life-simplified-blog-life-simplified-logo.jpg\",\"contentUrl\":\"https:\/\/lifesimplified.gorenje.com\/wp-content\/uploads\/2019\/12\/gorenje-life-simplified-blog-life-simplified-logo.jpg\",\"width\":2169,\"height\":1223,\"caption\":\"Gorenje\"},\"image\":{\"@id\":\"https:\/\/lifesimplified.gorenje.com\/hr\/#\/schema\/logo\/image\/\"},\"sameAs\":[\"https:\/\/www.facebook.com\/gorenje.SLO\/\",\"https:\/\/www.instagram.com\/gorenje_slovenija\/\",\"https:\/\/www.youtube.com\/user\/gorenjesi\"]}]}<\/script>\n<!-- \/ Yoast SEO plugin. -->","yoast_head_json":{"title":"O kola\u010di\u0107ima | Life Simplified","robots":{"index":"index","follow":"follow","max-snippet":"max-snippet:-1","max-image-preview":"max-image-preview:large","max-video-preview":"max-video-preview:-1"},"canonical":"https:\/\/lifesimplified.gorenje.com\/hr\/o-kolacicima\/","og_locale":"hr_HR","og_type":"article","og_title":"O kola\u010di\u0107ima | Life Simplified","og_description":"\u0160to su kola\u010di\u0107i? Kola\u010di\u0107i su male tekstualne datoteke koje sadr\u017ee podatke o va\u0161oj posjeti na web stranici. Kola\u010di\u0107i olak\u0161avaju interakciju izme\u0111u korisnika i web stranice. Onogu\u0107uju web stranci da pamti preferencije i aktivnosti korisnika, \u010dime \u0161tedi vrijeme i pridonosi u\u010dinkovitijem I jednostavnijem pregledu sadr\u017eaja. Prvi od mnogih razloga za uporabu kola\u010di\u0107a je njihova sposobnost pohrane...","og_url":"https:\/\/lifesimplified.gorenje.com\/hr\/o-kolacicima\/","og_site_name":"Life Simplified","article_publisher":"https:\/\/www.facebook.com\/gorenje.SLO\/","article_modified_time":"2024-01-29T10:58:34+00:00","og_image":[{"width":2169,"height":1223,"url":"https:\/\/lifesimplified.gorenje.com\/wp-content\/uploads\/2019\/12\/gorenje-life-simplified-blog-life-simplified-logo.jpg","type":"image\/jpeg"}],"twitter_card":"summary_large_image","twitter_misc":{"Est. reading time":"5 minutes"},"schema":{"@context":"https:\/\/schema.org","@graph":[{"@type":"WebPage","@id":"https:\/\/lifesimplified.gorenje.com\/hr\/o-kolacicima\/","url":"https:\/\/lifesimplified.gorenje.com\/hr\/o-kolacicima\/","name":"O kola\u010di\u0107ima | Life Simplified","isPartOf":{"@id":"https:\/\/lifesimplified.gorenje.com\/hr\/#website"},"datePublished":"2020-10-17T19:01:01+00:00","dateModified":"2024-01-29T10:58:34+00:00","breadcrumb":{"@id":"https:\/\/lifesimplified.gorenje.com\/hr\/o-kolacicima\/#breadcrumb"},"inLanguage":"hr-HR","potentialAction":[{"@type":"ReadAction","target":["https:\/\/lifesimplified.gorenje.com\/hr\/o-kolacicima\/"]}]},{"@type":"BreadcrumbList","@id":"https:\/\/lifesimplified.gorenje.com\/hr\/o-kolacicima\/#breadcrumb","itemListElement":[{"@type":"ListItem","position":1,"name":"Home","item":"https:\/\/lifesimplified.gorenje.com\/hr\/home\/"},{"@type":"ListItem","position":2,"name":"O kola\u010di\u0107ima"}]},{"@type":"WebSite","@id":"https:\/\/lifesimplified.gorenje.com\/hr\/#website","url":"https:\/\/lifesimplified.gorenje.com\/hr\/","name":"Life Simplified","description":"Prihvatite jednostavnost","publisher":{"@id":"https:\/\/lifesimplified.gorenje.com\/hr\/#organization"},"potentialAction":[{"@type":"SearchAction","target":{"@type":"EntryPoint","urlTemplate":"https:\/\/lifesimplified.gorenje.com\/hr\/?s={search_term_string}"},"query-input":{"@type":"PropertyValueSpecification","valueRequired":true,"valueName":"search_term_string"}}],"inLanguage":"hr-HR"},{"@type":"Organization","@id":"https:\/\/lifesimplified.gorenje.com\/hr\/#organization","name":"Gorenje","url":"https:\/\/lifesimplified.gorenje.com\/hr\/","logo":{"@type":"ImageObject","inLanguage":"hr-HR","@id":"https:\/\/lifesimplified.gorenje.com\/hr\/#\/schema\/logo\/image\/","url":"https:\/\/lifesimplified.gorenje.com\/wp-content\/uploads\/2019\/12\/gorenje-life-simplified-blog-life-simplified-logo.jpg","contentUrl":"https:\/\/lifesimplified.gorenje.com\/wp-content\/uploads\/2019\/12\/gorenje-life-simplified-blog-life-simplified-logo.jpg","width":2169,"height":1223,"caption":"Gorenje"},"image":{"@id":"https:\/\/lifesimplified.gorenje.com\/hr\/#\/schema\/logo\/image\/"},"sameAs":["https:\/\/www.facebook.com\/gorenje.SLO\/","https:\/\/www.instagram.com\/gorenje_slovenija\/","https:\/\/www.youtube.com\/user\/gorenjesi"]}]}},"_links":{"self":[{"href":"https:\/\/lifesimplified.gorenje.com\/hr\/wp-json\/wp\/v2\/pages\/5379","targetHints":{"allow":["GET"]}}],"collection":[{"href":"https:\/\/lifesimplified.gorenje.com\/hr\/wp-json\/wp\/v2\/pages"}],"about":[{"href":"https:\/\/lifesimplified.gorenje.com\/hr\/wp-json\/wp\/v2\/types\/page"}],"author":[{"embeddable":true,"href":"https:\/\/lifesimplified.gorenje.com\/hr\/wp-json\/wp\/v2\/users\/1"}],"replies":[{"embeddable":true,"href":"https:\/\/lifesimplified.gorenje.com\/hr\/wp-json\/wp\/v2\/comments?post=5379"}],"version-history":[{"count":2,"href":"https:\/\/lifesimplified.gorenje.com\/hr\/wp-json\/wp\/v2\/pages\/5379\/revisions"}],"predecessor-version":[{"id":69323,"href":"https:\/\/lifesimplified.gorenje.com\/hr\/wp-json\/wp\/v2\/pages\/5379\/revisions\/69323"}],"wp:attachment":[{"href":"https:\/\/lifesimplified.gorenje.com\/hr\/wp-json\/wp\/v2\/media?parent=5379"}],"curies":[{"name":"wp","href":"https:\/\/api.w.org\/{rel}","templated":true}]}}