{"id":43051,"date":"2018-11-04T18:51:54","date_gmt":"2018-11-04T18:51:54","guid":{"rendered":"https:\/\/lifesimplified.gorenje.com\/about-life-simplified-blog\/"},"modified":"2022-09-17T20:18:48","modified_gmt":"2022-09-17T20:18:48","slug":"life-simplified-blogi","status":"publish","type":"page","link":"https:\/\/lifesimplified.gorenje.com\/fi\/life-simplified-blogi\/","title":{"rendered":"Life Simplified-blogi"},"content":{"rendered":"<p>Gorenje edustaa muutakin kuin kodinkoneita. Br\u00e4ndin\u00e4 el\u00e4mme kodin ja arkiel\u00e4m\u00e4n syd\u00e4mess\u00e4. Siksi haluamme olla keskeisess\u00e4 roolissa helpottamassa jokap\u00e4iv\u00e4ist\u00e4 el\u00e4m\u00e4\u00e4 ja tehd\u00e4 kotiaskareista yksinkertaisimpia ja miellytt\u00e4v\u00e4mpi\u00e4. Uskomme, ett\u00e4 jokaisella tarjoamallamme innovaatiolla on oltava tarkoitus, joka tekee el\u00e4m\u00e4n suurimmista ja arjen pienimmist\u00e4 hetkist\u00e4 sujuvampia.<\/p>\n<p>Life Simplified -blogi tarjoaa vinkkej\u00e4, niksej\u00e4, reseptej\u00e4 ja sisustusinspiraatiota kaikille, jotka tarvitsevat ripauksen yksinkertaisuutta el\u00e4m\u00e4\u00e4ns\u00e4. Jos haluat p\u00e4iv\u00e4\u00e4si enemm\u00e4n aikaa ja tilaa hengitt\u00e4\u00e4, olet tullut oikeaan paikkaan. Tied\u00e4mme, ett\u00e4 v\u00e4hemm\u00e4n voi usein olla enemm\u00e4n, mutta kyse ei ole minimalismista. Kyse on tasapainosta. Pienist\u00e4 muutoksista, jotka tuovat arkeen iloa, kuten maukas illallinen, raikas paita tai viihtyis\u00e4 koti.<\/p>\n<h4>Embrace Simplicity. Embrace Life.<\/h4>\n","protected":false},"excerpt":{"rendered":"<p>Gorenje edustaa muutakin kuin kodinkoneita. Br\u00e4ndin\u00e4 el\u00e4mme kodin ja arkiel\u00e4m\u00e4n syd\u00e4mess\u00e4. Siksi haluamme olla keskeisess\u00e4 roolissa helpottamassa jokap\u00e4iv\u00e4ist\u00e4 el\u00e4m\u00e4\u00e4 ja tehd\u00e4 kotiaskareista yksinkertaisimpia ja miellytt\u00e4v\u00e4mpi\u00e4. Uskomme, ett\u00e4 jokaisella tarjoamallamme innovaatiolla on oltava tarkoitus, joka tekee el\u00e4m\u00e4n suurimmista ja arjen pienimmist\u00e4 hetkist\u00e4 sujuvampia. Life Simplified -blogi tarjoaa vinkkej\u00e4, niksej\u00e4, reseptej\u00e4 ja sisustusinspiraatiota kaikille, jotka tarvitsevat ripauksen&#8230;<\/p>\n","protected":false},"author":1,"featured_media":0,"parent":0,"menu_order":0,"comment_status":"closed","ping_status":"closed","template":"","meta":{"footnotes":""},"class_list":["post-43051","page","type-page","status-publish","hentry"],"yoast_head":"<!-- This site is optimized with the Yoast SEO plugin v27.1.1 - https:\/\/yoast.com\/product\/yoast-seo-wordpress\/ -->\n<title>Life Simplified-blogi | Life Simplified<\/title>\n<meta name=\"robots\" content=\"index, follow, max-snippet:-1, max-image-preview:large, max-video-preview:-1\" \/>\n<link rel=\"canonical\" href=\"https:\/\/lifesimplified.gorenje.com\/fi\/life-simplified-blogi\/\" \/>\n<meta property=\"og:locale\" content=\"fi_FI\" \/>\n<meta property=\"og:type\" content=\"article\" \/>\n<meta property=\"og:title\" content=\"Life Simplified-blogi | Life Simplified\" \/>\n<meta property=\"og:description\" content=\"Gorenje edustaa muutakin kuin kodinkoneita. Br\u00e4ndin\u00e4 el\u00e4mme kodin ja arkiel\u00e4m\u00e4n syd\u00e4mess\u00e4. Siksi haluamme olla keskeisess\u00e4 roolissa helpottamassa jokap\u00e4iv\u00e4ist\u00e4 el\u00e4m\u00e4\u00e4 ja tehd\u00e4 kotiaskareista yksinkertaisimpia ja miellytt\u00e4v\u00e4mpi\u00e4. Uskomme, ett\u00e4 jokaisella tarjoamallamme innovaatiolla on oltava tarkoitus, joka tekee el\u00e4m\u00e4n suurimmista ja arjen pienimmist\u00e4 hetkist\u00e4 sujuvampia. Life Simplified -blogi tarjoaa vinkkej\u00e4, niksej\u00e4, reseptej\u00e4 ja sisustusinspiraatiota kaikille, jotka tarvitsevat ripauksen...\" \/>\n<meta property=\"og:url\" content=\"https:\/\/lifesimplified.gorenje.com\/fi\/life-simplified-blogi\/\" \/>\n<meta property=\"og:site_name\" content=\"Life Simplified\" \/>\n<meta property=\"article:publisher\" content=\"https:\/\/www.facebook.com\/gorenje.SLO\/\" \/>\n<meta property=\"article:modified_time\" content=\"2022-09-17T20:18:48+00:00\" \/>\n<meta property=\"og:image\" content=\"https:\/\/lifesimplified.gorenje.com\/wp-content\/uploads\/2019\/12\/gorenje-life-simplified-blog-life-simplified-logo.jpg\" \/>\n\t<meta property=\"og:image:width\" content=\"2169\" \/>\n\t<meta property=\"og:image:height\" content=\"1223\" \/>\n\t<meta property=\"og:image:type\" content=\"image\/jpeg\" \/>\n<meta name=\"twitter:card\" content=\"summary_large_image\" \/>\n<meta name=\"twitter:label1\" content=\"Arvioitu lukuaika\" \/>\n\t<meta name=\"twitter:data1\" content=\"1 minuutti\" \/>\n<script type=\"application\/ld+json\" class=\"yoast-schema-graph\">{\"@context\":\"https:\/\/schema.org\",\"@graph\":[{\"@type\":\"WebPage\",\"@id\":\"https:\/\/lifesimplified.gorenje.com\/fi\/life-simplified-blogi\/\",\"url\":\"https:\/\/lifesimplified.gorenje.com\/fi\/life-simplified-blogi\/\",\"name\":\"Life Simplified-blogi | Life Simplified\",\"isPartOf\":{\"@id\":\"https:\/\/lifesimplified.gorenje.com\/fi\/#website\"},\"datePublished\":\"2018-11-04T18:51:54+00:00\",\"dateModified\":\"2022-09-17T20:18:48+00:00\",\"breadcrumb\":{\"@id\":\"https:\/\/lifesimplified.gorenje.com\/fi\/life-simplified-blogi\/#breadcrumb\"},\"inLanguage\":\"fi\",\"potentialAction\":[{\"@type\":\"ReadAction\",\"target\":[\"https:\/\/lifesimplified.gorenje.com\/fi\/life-simplified-blogi\/\"]}]},{\"@type\":\"BreadcrumbList\",\"@id\":\"https:\/\/lifesimplified.gorenje.com\/fi\/life-simplified-blogi\/#breadcrumb\",\"itemListElement\":[{\"@type\":\"ListItem\",\"position\":1,\"name\":\"Home\",\"item\":\"https:\/\/lifesimplified.gorenje.com\/fi\/home\/\"},{\"@type\":\"ListItem\",\"position\":2,\"name\":\"Life Simplified-blogi\"}]},{\"@type\":\"WebSite\",\"@id\":\"https:\/\/lifesimplified.gorenje.com\/fi\/#website\",\"url\":\"https:\/\/lifesimplified.gorenje.com\/fi\/\",\"name\":\"Life Simplified\",\"description\":\"Life Simplified\",\"publisher\":{\"@id\":\"https:\/\/lifesimplified.gorenje.com\/fi\/#organization\"},\"potentialAction\":[{\"@type\":\"SearchAction\",\"target\":{\"@type\":\"EntryPoint\",\"urlTemplate\":\"https:\/\/lifesimplified.gorenje.com\/fi\/?s={search_term_string}\"},\"query-input\":{\"@type\":\"PropertyValueSpecification\",\"valueRequired\":true,\"valueName\":\"search_term_string\"}}],\"inLanguage\":\"fi\"},{\"@type\":\"Organization\",\"@id\":\"https:\/\/lifesimplified.gorenje.com\/fi\/#organization\",\"name\":\"Gorenje\",\"url\":\"https:\/\/lifesimplified.gorenje.com\/fi\/\",\"logo\":{\"@type\":\"ImageObject\",\"inLanguage\":\"fi\",\"@id\":\"https:\/\/lifesimplified.gorenje.com\/fi\/#\/schema\/logo\/image\/\",\"url\":\"https:\/\/lifesimplified.gorenje.com\/wp-content\/uploads\/2019\/12\/gorenje-life-simplified-blog-life-simplified-logo.jpg\",\"contentUrl\":\"https:\/\/lifesimplified.gorenje.com\/wp-content\/uploads\/2019\/12\/gorenje-life-simplified-blog-life-simplified-logo.jpg\",\"width\":2169,\"height\":1223,\"caption\":\"Gorenje\"},\"image\":{\"@id\":\"https:\/\/lifesimplified.gorenje.com\/fi\/#\/schema\/logo\/image\/\"},\"sameAs\":[\"https:\/\/www.facebook.com\/gorenje.SLO\/\",\"https:\/\/www.instagram.com\/gorenje_slovenija\/\",\"https:\/\/www.youtube.com\/user\/gorenjesi\"]}]}<\/script>\n<!-- \/ Yoast SEO plugin. -->","yoast_head_json":{"title":"Life Simplified-blogi | Life Simplified","robots":{"index":"index","follow":"follow","max-snippet":"max-snippet:-1","max-image-preview":"max-image-preview:large","max-video-preview":"max-video-preview:-1"},"canonical":"https:\/\/lifesimplified.gorenje.com\/fi\/life-simplified-blogi\/","og_locale":"fi_FI","og_type":"article","og_title":"Life Simplified-blogi | Life Simplified","og_description":"Gorenje edustaa muutakin kuin kodinkoneita. Br\u00e4ndin\u00e4 el\u00e4mme kodin ja arkiel\u00e4m\u00e4n syd\u00e4mess\u00e4. Siksi haluamme olla keskeisess\u00e4 roolissa helpottamassa jokap\u00e4iv\u00e4ist\u00e4 el\u00e4m\u00e4\u00e4 ja tehd\u00e4 kotiaskareista yksinkertaisimpia ja miellytt\u00e4v\u00e4mpi\u00e4. Uskomme, ett\u00e4 jokaisella tarjoamallamme innovaatiolla on oltava tarkoitus, joka tekee el\u00e4m\u00e4n suurimmista ja arjen pienimmist\u00e4 hetkist\u00e4 sujuvampia. Life Simplified -blogi tarjoaa vinkkej\u00e4, niksej\u00e4, reseptej\u00e4 ja sisustusinspiraatiota kaikille, jotka tarvitsevat ripauksen...","og_url":"https:\/\/lifesimplified.gorenje.com\/fi\/life-simplified-blogi\/","og_site_name":"Life Simplified","article_publisher":"https:\/\/www.facebook.com\/gorenje.SLO\/","article_modified_time":"2022-09-17T20:18:48+00:00","og_image":[{"width":2169,"height":1223,"url":"https:\/\/lifesimplified.gorenje.com\/wp-content\/uploads\/2019\/12\/gorenje-life-simplified-blog-life-simplified-logo.jpg","type":"image\/jpeg"}],"twitter_card":"summary_large_image","twitter_misc":{"Arvioitu lukuaika":"1 minuutti"},"schema":{"@context":"https:\/\/schema.org","@graph":[{"@type":"WebPage","@id":"https:\/\/lifesimplified.gorenje.com\/fi\/life-simplified-blogi\/","url":"https:\/\/lifesimplified.gorenje.com\/fi\/life-simplified-blogi\/","name":"Life Simplified-blogi | Life Simplified","isPartOf":{"@id":"https:\/\/lifesimplified.gorenje.com\/fi\/#website"},"datePublished":"2018-11-04T18:51:54+00:00","dateModified":"2022-09-17T20:18:48+00:00","breadcrumb":{"@id":"https:\/\/lifesimplified.gorenje.com\/fi\/life-simplified-blogi\/#breadcrumb"},"inLanguage":"fi","potentialAction":[{"@type":"ReadAction","target":["https:\/\/lifesimplified.gorenje.com\/fi\/life-simplified-blogi\/"]}]},{"@type":"BreadcrumbList","@id":"https:\/\/lifesimplified.gorenje.com\/fi\/life-simplified-blogi\/#breadcrumb","itemListElement":[{"@type":"ListItem","position":1,"name":"Home","item":"https:\/\/lifesimplified.gorenje.com\/fi\/home\/"},{"@type":"ListItem","position":2,"name":"Life Simplified-blogi"}]},{"@type":"WebSite","@id":"https:\/\/lifesimplified.gorenje.com\/fi\/#website","url":"https:\/\/lifesimplified.gorenje.com\/fi\/","name":"Life Simplified","description":"Life Simplified","publisher":{"@id":"https:\/\/lifesimplified.gorenje.com\/fi\/#organization"},"potentialAction":[{"@type":"SearchAction","target":{"@type":"EntryPoint","urlTemplate":"https:\/\/lifesimplified.gorenje.com\/fi\/?s={search_term_string}"},"query-input":{"@type":"PropertyValueSpecification","valueRequired":true,"valueName":"search_term_string"}}],"inLanguage":"fi"},{"@type":"Organization","@id":"https:\/\/lifesimplified.gorenje.com\/fi\/#organization","name":"Gorenje","url":"https:\/\/lifesimplified.gorenje.com\/fi\/","logo":{"@type":"ImageObject","inLanguage":"fi","@id":"https:\/\/lifesimplified.gorenje.com\/fi\/#\/schema\/logo\/image\/","url":"https:\/\/lifesimplified.gorenje.com\/wp-content\/uploads\/2019\/12\/gorenje-life-simplified-blog-life-simplified-logo.jpg","contentUrl":"https:\/\/lifesimplified.gorenje.com\/wp-content\/uploads\/2019\/12\/gorenje-life-simplified-blog-life-simplified-logo.jpg","width":2169,"height":1223,"caption":"Gorenje"},"image":{"@id":"https:\/\/lifesimplified.gorenje.com\/fi\/#\/schema\/logo\/image\/"},"sameAs":["https:\/\/www.facebook.com\/gorenje.SLO\/","https:\/\/www.instagram.com\/gorenje_slovenija\/","https:\/\/www.youtube.com\/user\/gorenjesi"]}]}},"_links":{"self":[{"href":"https:\/\/lifesimplified.gorenje.com\/fi\/wp-json\/wp\/v2\/pages\/43051","targetHints":{"allow":["GET"]}}],"collection":[{"href":"https:\/\/lifesimplified.gorenje.com\/fi\/wp-json\/wp\/v2\/pages"}],"about":[{"href":"https:\/\/lifesimplified.gorenje.com\/fi\/wp-json\/wp\/v2\/types\/page"}],"author":[{"embeddable":true,"href":"https:\/\/lifesimplified.gorenje.com\/fi\/wp-json\/wp\/v2\/users\/1"}],"replies":[{"embeddable":true,"href":"https:\/\/lifesimplified.gorenje.com\/fi\/wp-json\/wp\/v2\/comments?post=43051"}],"version-history":[{"count":2,"href":"https:\/\/lifesimplified.gorenje.com\/fi\/wp-json\/wp\/v2\/pages\/43051\/revisions"}],"predecessor-version":[{"id":43054,"href":"https:\/\/lifesimplified.gorenje.com\/fi\/wp-json\/wp\/v2\/pages\/43051\/revisions\/43054"}],"wp:attachment":[{"href":"https:\/\/lifesimplified.gorenje.com\/fi\/wp-json\/wp\/v2\/media?parent=43051"}],"curies":[{"name":"wp","href":"https:\/\/api.w.org\/{rel}","templated":true}]}}