{"id":43044,"date":"2018-09-20T14:13:13","date_gmt":"2018-09-20T14:13:13","guid":{"rendered":"https:\/\/lifesimplified.gorenje.com\/story-of-life-simplified-with-gorenje-products\/"},"modified":"2022-09-17T20:16:54","modified_gmt":"2022-09-17T20:16:54","slug":"kunnianosoitus-yksinkertaistetulle-elamalle","status":"publish","type":"page","link":"https:\/\/lifesimplified.gorenje.com\/fi\/kunnianosoitus-yksinkertaistetulle-elamalle\/","title":{"rendered":"Kunnianosoitus yksinkertaistetulle el\u00e4m\u00e4lle"},"content":{"rendered":"<p>Intohimomme on v\u00e4hent\u00e4\u00e4 el\u00e4m\u00e4n monimutkaisuutta iloitaksemme kepe\u00e4mmist\u00e4 hetkist\u00e4, jotka ovat aitoja ja merkityksellisi\u00e4. Haluamme auttaa sinua suunnittelemaan el\u00e4m\u00e4\u00e4, jota haluat el\u00e4\u00e4.<br \/>\n<strong>Embrace Simplicity. Embrace Life.<\/strong><\/p>\n","protected":false},"excerpt":{"rendered":"<p>Intohimomme on v\u00e4hent\u00e4\u00e4 el\u00e4m\u00e4n monimutkaisuutta iloitaksemme kepe\u00e4mmist\u00e4 hetkist\u00e4, jotka ovat aitoja ja merkityksellisi\u00e4. Haluamme auttaa sinua suunnittelemaan el\u00e4m\u00e4\u00e4, jota haluat el\u00e4\u00e4. Embrace Simplicity. Embrace Life.<\/p>\n","protected":false},"author":1,"featured_media":43046,"parent":0,"menu_order":0,"comment_status":"closed","ping_status":"closed","template":"","meta":{"footnotes":""},"class_list":["post-43044","page","type-page","status-publish","has-post-thumbnail","hentry","has-post-video"],"yoast_head":"<!-- This site is optimized with the Yoast SEO plugin v27.1.1 - https:\/\/yoast.com\/product\/yoast-seo-wordpress\/ -->\n<title>Kunnianosoitus yksinkertaistetulle el\u00e4m\u00e4lle | Life Simplified<\/title>\n<meta name=\"robots\" content=\"index, follow, max-snippet:-1, max-image-preview:large, max-video-preview:-1\" \/>\n<link rel=\"canonical\" href=\"https:\/\/lifesimplified.gorenje.com\/fi\/kunnianosoitus-yksinkertaistetulle-elamalle\/\" \/>\n<meta property=\"og:locale\" content=\"fi_FI\" \/>\n<meta property=\"og:type\" content=\"article\" \/>\n<meta property=\"og:title\" content=\"Kunnianosoitus yksinkertaistetulle el\u00e4m\u00e4lle | Life Simplified\" \/>\n<meta property=\"og:description\" content=\"Intohimomme on v\u00e4hent\u00e4\u00e4 el\u00e4m\u00e4n monimutkaisuutta iloitaksemme kepe\u00e4mmist\u00e4 hetkist\u00e4, jotka ovat aitoja ja merkityksellisi\u00e4. Haluamme auttaa sinua suunnittelemaan el\u00e4m\u00e4\u00e4, jota haluat el\u00e4\u00e4. Embrace Simplicity. Embrace Life.\" \/>\n<meta property=\"og:url\" content=\"https:\/\/lifesimplified.gorenje.com\/fi\/kunnianosoitus-yksinkertaistetulle-elamalle\/\" \/>\n<meta property=\"og:site_name\" content=\"Life Simplified\" \/>\n<meta property=\"article:publisher\" content=\"https:\/\/www.facebook.com\/gorenje.SLO\/\" \/>\n<meta property=\"article:modified_time\" content=\"2022-09-17T20:16:54+00:00\" \/>\n<meta property=\"og:image\" content=\"https:\/\/lifesimplified.gorenje.com\/wp-content\/uploads\/2019\/04\/gorenje_life_simplified_smartflex_motherdaughter_making_bubbles.jpg\" \/>\n\t<meta property=\"og:image:width\" content=\"1800\" \/>\n\t<meta property=\"og:image:height\" content=\"1200\" \/>\n\t<meta property=\"og:image:type\" content=\"image\/jpeg\" \/>\n<meta name=\"twitter:card\" content=\"summary_large_image\" \/>\n<meta name=\"twitter:label1\" content=\"Arvioitu lukuaika\" \/>\n\t<meta name=\"twitter:data1\" content=\"1 minuutti\" \/>\n<script type=\"application\/ld+json\" class=\"yoast-schema-graph\">{\"@context\":\"https:\/\/schema.org\",\"@graph\":[{\"@type\":\"WebPage\",\"@id\":\"https:\/\/lifesimplified.gorenje.com\/fi\/kunnianosoitus-yksinkertaistetulle-elamalle\/\",\"url\":\"https:\/\/lifesimplified.gorenje.com\/fi\/kunnianosoitus-yksinkertaistetulle-elamalle\/\",\"name\":\"Kunnianosoitus yksinkertaistetulle el\u00e4m\u00e4lle | Life Simplified\",\"isPartOf\":{\"@id\":\"https:\/\/lifesimplified.gorenje.com\/fi\/#website\"},\"primaryImageOfPage\":{\"@id\":\"https:\/\/lifesimplified.gorenje.com\/fi\/kunnianosoitus-yksinkertaistetulle-elamalle\/#primaryimage\"},\"image\":{\"@id\":\"https:\/\/lifesimplified.gorenje.com\/fi\/kunnianosoitus-yksinkertaistetulle-elamalle\/#primaryimage\"},\"thumbnailUrl\":\"https:\/\/lifesimplified.gorenje.com\/wp-content\/uploads\/2019\/04\/gorenje_life_simplified_smartflex_motherdaughter_making_bubbles.jpg\",\"datePublished\":\"2018-09-20T14:13:13+00:00\",\"dateModified\":\"2022-09-17T20:16:54+00:00\",\"breadcrumb\":{\"@id\":\"https:\/\/lifesimplified.gorenje.com\/fi\/kunnianosoitus-yksinkertaistetulle-elamalle\/#breadcrumb\"},\"inLanguage\":\"fi\",\"potentialAction\":[{\"@type\":\"ReadAction\",\"target\":[\"https:\/\/lifesimplified.gorenje.com\/fi\/kunnianosoitus-yksinkertaistetulle-elamalle\/\"]}]},{\"@type\":\"ImageObject\",\"inLanguage\":\"fi\",\"@id\":\"https:\/\/lifesimplified.gorenje.com\/fi\/kunnianosoitus-yksinkertaistetulle-elamalle\/#primaryimage\",\"url\":\"https:\/\/lifesimplified.gorenje.com\/wp-content\/uploads\/2019\/04\/gorenje_life_simplified_smartflex_motherdaughter_making_bubbles.jpg\",\"contentUrl\":\"https:\/\/lifesimplified.gorenje.com\/wp-content\/uploads\/2019\/04\/gorenje_life_simplified_smartflex_motherdaughter_making_bubbles.jpg\",\"width\":1800,\"height\":1200},{\"@type\":\"BreadcrumbList\",\"@id\":\"https:\/\/lifesimplified.gorenje.com\/fi\/kunnianosoitus-yksinkertaistetulle-elamalle\/#breadcrumb\",\"itemListElement\":[{\"@type\":\"ListItem\",\"position\":1,\"name\":\"Home\",\"item\":\"https:\/\/lifesimplified.gorenje.com\/fi\/home\/\"},{\"@type\":\"ListItem\",\"position\":2,\"name\":\"Kunnianosoitus yksinkertaistetulle el\u00e4m\u00e4lle\"}]},{\"@type\":\"WebSite\",\"@id\":\"https:\/\/lifesimplified.gorenje.com\/fi\/#website\",\"url\":\"https:\/\/lifesimplified.gorenje.com\/fi\/\",\"name\":\"Life Simplified\",\"description\":\"Life Simplified\",\"publisher\":{\"@id\":\"https:\/\/lifesimplified.gorenje.com\/fi\/#organization\"},\"potentialAction\":[{\"@type\":\"SearchAction\",\"target\":{\"@type\":\"EntryPoint\",\"urlTemplate\":\"https:\/\/lifesimplified.gorenje.com\/fi\/?s={search_term_string}\"},\"query-input\":{\"@type\":\"PropertyValueSpecification\",\"valueRequired\":true,\"valueName\":\"search_term_string\"}}],\"inLanguage\":\"fi\"},{\"@type\":\"Organization\",\"@id\":\"https:\/\/lifesimplified.gorenje.com\/fi\/#organization\",\"name\":\"Gorenje\",\"url\":\"https:\/\/lifesimplified.gorenje.com\/fi\/\",\"logo\":{\"@type\":\"ImageObject\",\"inLanguage\":\"fi\",\"@id\":\"https:\/\/lifesimplified.gorenje.com\/fi\/#\/schema\/logo\/image\/\",\"url\":\"https:\/\/lifesimplified.gorenje.com\/wp-content\/uploads\/2019\/12\/gorenje-life-simplified-blog-life-simplified-logo.jpg\",\"contentUrl\":\"https:\/\/lifesimplified.gorenje.com\/wp-content\/uploads\/2019\/12\/gorenje-life-simplified-blog-life-simplified-logo.jpg\",\"width\":2169,\"height\":1223,\"caption\":\"Gorenje\"},\"image\":{\"@id\":\"https:\/\/lifesimplified.gorenje.com\/fi\/#\/schema\/logo\/image\/\"},\"sameAs\":[\"https:\/\/www.facebook.com\/gorenje.SLO\/\",\"https:\/\/www.instagram.com\/gorenje_slovenija\/\",\"https:\/\/www.youtube.com\/user\/gorenjesi\"]}]}<\/script>\n<!-- \/ Yoast SEO plugin. -->","yoast_head_json":{"title":"Kunnianosoitus yksinkertaistetulle el\u00e4m\u00e4lle | Life Simplified","robots":{"index":"index","follow":"follow","max-snippet":"max-snippet:-1","max-image-preview":"max-image-preview:large","max-video-preview":"max-video-preview:-1"},"canonical":"https:\/\/lifesimplified.gorenje.com\/fi\/kunnianosoitus-yksinkertaistetulle-elamalle\/","og_locale":"fi_FI","og_type":"article","og_title":"Kunnianosoitus yksinkertaistetulle el\u00e4m\u00e4lle | Life Simplified","og_description":"Intohimomme on v\u00e4hent\u00e4\u00e4 el\u00e4m\u00e4n monimutkaisuutta iloitaksemme kepe\u00e4mmist\u00e4 hetkist\u00e4, jotka ovat aitoja ja merkityksellisi\u00e4. Haluamme auttaa sinua suunnittelemaan el\u00e4m\u00e4\u00e4, jota haluat el\u00e4\u00e4. Embrace Simplicity. Embrace Life.","og_url":"https:\/\/lifesimplified.gorenje.com\/fi\/kunnianosoitus-yksinkertaistetulle-elamalle\/","og_site_name":"Life Simplified","article_publisher":"https:\/\/www.facebook.com\/gorenje.SLO\/","article_modified_time":"2022-09-17T20:16:54+00:00","og_image":[{"width":1800,"height":1200,"url":"https:\/\/lifesimplified.gorenje.com\/wp-content\/uploads\/2019\/04\/gorenje_life_simplified_smartflex_motherdaughter_making_bubbles.jpg","type":"image\/jpeg"}],"twitter_card":"summary_large_image","twitter_misc":{"Arvioitu lukuaika":"1 minuutti"},"schema":{"@context":"https:\/\/schema.org","@graph":[{"@type":"WebPage","@id":"https:\/\/lifesimplified.gorenje.com\/fi\/kunnianosoitus-yksinkertaistetulle-elamalle\/","url":"https:\/\/lifesimplified.gorenje.com\/fi\/kunnianosoitus-yksinkertaistetulle-elamalle\/","name":"Kunnianosoitus yksinkertaistetulle el\u00e4m\u00e4lle | Life Simplified","isPartOf":{"@id":"https:\/\/lifesimplified.gorenje.com\/fi\/#website"},"primaryImageOfPage":{"@id":"https:\/\/lifesimplified.gorenje.com\/fi\/kunnianosoitus-yksinkertaistetulle-elamalle\/#primaryimage"},"image":{"@id":"https:\/\/lifesimplified.gorenje.com\/fi\/kunnianosoitus-yksinkertaistetulle-elamalle\/#primaryimage"},"thumbnailUrl":"https:\/\/lifesimplified.gorenje.com\/wp-content\/uploads\/2019\/04\/gorenje_life_simplified_smartflex_motherdaughter_making_bubbles.jpg","datePublished":"2018-09-20T14:13:13+00:00","dateModified":"2022-09-17T20:16:54+00:00","breadcrumb":{"@id":"https:\/\/lifesimplified.gorenje.com\/fi\/kunnianosoitus-yksinkertaistetulle-elamalle\/#breadcrumb"},"inLanguage":"fi","potentialAction":[{"@type":"ReadAction","target":["https:\/\/lifesimplified.gorenje.com\/fi\/kunnianosoitus-yksinkertaistetulle-elamalle\/"]}]},{"@type":"ImageObject","inLanguage":"fi","@id":"https:\/\/lifesimplified.gorenje.com\/fi\/kunnianosoitus-yksinkertaistetulle-elamalle\/#primaryimage","url":"https:\/\/lifesimplified.gorenje.com\/wp-content\/uploads\/2019\/04\/gorenje_life_simplified_smartflex_motherdaughter_making_bubbles.jpg","contentUrl":"https:\/\/lifesimplified.gorenje.com\/wp-content\/uploads\/2019\/04\/gorenje_life_simplified_smartflex_motherdaughter_making_bubbles.jpg","width":1800,"height":1200},{"@type":"BreadcrumbList","@id":"https:\/\/lifesimplified.gorenje.com\/fi\/kunnianosoitus-yksinkertaistetulle-elamalle\/#breadcrumb","itemListElement":[{"@type":"ListItem","position":1,"name":"Home","item":"https:\/\/lifesimplified.gorenje.com\/fi\/home\/"},{"@type":"ListItem","position":2,"name":"Kunnianosoitus yksinkertaistetulle el\u00e4m\u00e4lle"}]},{"@type":"WebSite","@id":"https:\/\/lifesimplified.gorenje.com\/fi\/#website","url":"https:\/\/lifesimplified.gorenje.com\/fi\/","name":"Life Simplified","description":"Life Simplified","publisher":{"@id":"https:\/\/lifesimplified.gorenje.com\/fi\/#organization"},"potentialAction":[{"@type":"SearchAction","target":{"@type":"EntryPoint","urlTemplate":"https:\/\/lifesimplified.gorenje.com\/fi\/?s={search_term_string}"},"query-input":{"@type":"PropertyValueSpecification","valueRequired":true,"valueName":"search_term_string"}}],"inLanguage":"fi"},{"@type":"Organization","@id":"https:\/\/lifesimplified.gorenje.com\/fi\/#organization","name":"Gorenje","url":"https:\/\/lifesimplified.gorenje.com\/fi\/","logo":{"@type":"ImageObject","inLanguage":"fi","@id":"https:\/\/lifesimplified.gorenje.com\/fi\/#\/schema\/logo\/image\/","url":"https:\/\/lifesimplified.gorenje.com\/wp-content\/uploads\/2019\/12\/gorenje-life-simplified-blog-life-simplified-logo.jpg","contentUrl":"https:\/\/lifesimplified.gorenje.com\/wp-content\/uploads\/2019\/12\/gorenje-life-simplified-blog-life-simplified-logo.jpg","width":2169,"height":1223,"caption":"Gorenje"},"image":{"@id":"https:\/\/lifesimplified.gorenje.com\/fi\/#\/schema\/logo\/image\/"},"sameAs":["https:\/\/www.facebook.com\/gorenje.SLO\/","https:\/\/www.instagram.com\/gorenje_slovenija\/","https:\/\/www.youtube.com\/user\/gorenjesi"]}]}},"_links":{"self":[{"href":"https:\/\/lifesimplified.gorenje.com\/fi\/wp-json\/wp\/v2\/pages\/43044","targetHints":{"allow":["GET"]}}],"collection":[{"href":"https:\/\/lifesimplified.gorenje.com\/fi\/wp-json\/wp\/v2\/pages"}],"about":[{"href":"https:\/\/lifesimplified.gorenje.com\/fi\/wp-json\/wp\/v2\/types\/page"}],"author":[{"embeddable":true,"href":"https:\/\/lifesimplified.gorenje.com\/fi\/wp-json\/wp\/v2\/users\/1"}],"replies":[{"embeddable":true,"href":"https:\/\/lifesimplified.gorenje.com\/fi\/wp-json\/wp\/v2\/comments?post=43044"}],"version-history":[{"count":1,"href":"https:\/\/lifesimplified.gorenje.com\/fi\/wp-json\/wp\/v2\/pages\/43044\/revisions"}],"predecessor-version":[{"id":43049,"href":"https:\/\/lifesimplified.gorenje.com\/fi\/wp-json\/wp\/v2\/pages\/43044\/revisions\/43049"}],"wp:featuredmedia":[{"embeddable":true,"href":"https:\/\/lifesimplified.gorenje.com\/fi\/wp-json\/wp\/v2\/media\/43046"}],"wp:attachment":[{"href":"https:\/\/lifesimplified.gorenje.com\/fi\/wp-json\/wp\/v2\/media?parent=43044"}],"curies":[{"name":"wp","href":"https:\/\/api.w.org\/{rel}","templated":true}]}}