{"id":59217,"date":"2018-10-11T07:47:12","date_gmt":"2018-10-11T07:47:12","guid":{"rendered":"https:\/\/lifesimplified.gorenje.com\/privacy\/"},"modified":"2023-04-03T09:19:22","modified_gmt":"2023-04-03T09:19:22","slug":"privaatsuspoliitika","status":"publish","type":"page","link":"https:\/\/lifesimplified.gorenje.com\/ee\/privaatsuspoliitika\/","title":{"rendered":"Privaatsuspoliitika"},"content":{"rendered":"<p>Gorenje Gorenje Polska, on v\u00f5tnud enda kohustuseks tagada iga Andmesubjekti isikuandmete piisava konfidentsiaalsuse, k\u00e4ttesaadavuse ja terviklikkuse taseme, kasutades ettev\u00f5tete veebiteenuseid ja -lahendusi.<\/p>\n<p>Kogutud Isikuandmed ja isikuandmete t\u00f6\u00f6tlemine teostatakse piisavate f\u00fc\u00fcsiliste ja loogiliste turvameetmetega. Kui isikuandmeid kogutakse ja t\u00f6\u00f6deldakse n\u00f5usoleku alusel, t\u00f6\u00f6deldakse andmeid, kuni Andmesubjekt teavitab ettev\u00f5tet selgelt n\u00f5usoleku tagasiv\u00f5tmisest Andmesubjekti poolt.<\/p>\n<p>Kogutud andmeid ei anta edasi kolmandatesse riikidesse.<\/p>\n<p>K\u00f5ik andmejuurdep\u00e4\u00e4sud isikuandmetele kinnitab ettev\u00f5te Gorenje Polska Sp. z o.o.ja see on k\u00e4ttesaadav ainult volitatud t\u00f6\u00f6tajatele. S\u00e4ilitatavate isikuandmetega ei tehta automaatset t\u00f6\u00f6tlust ega profiilimist.<\/p>\n<p>Kui teil on lisak\u00fcsimusi seoses isikuandmete haldamise ja t\u00f6\u00f6tlemisega, v\u00f5ite saata meile e-kirja j\u00e4rgmisele aadressile: <a href=\"mailto:gdpr@gorenje.com\">gdpr@gorenje.com<\/a>.<\/p>\n<p>Ettev\u00f5tte Gorenje Polska Sp. z o.o. poolset isikuandmete t\u00f6\u00f6tlemist ja haldamist puudutava isikuandmete t\u00f6\u00f6tlemisega seotud v\u00e4\u00e4rkasutuse korral v\u00f5ite v\u00f5tta \u00fchendust volitatud isikuandmete ametiv\u00f5imudega:<\/p>\n<p>Gorenje Polska Sp. z o.o.<br \/>\nUl. Pozna\u0144ska 159<br \/>\n05-850 O\u017car\u00f3w Mazowiecki<br \/>\nPoland<br \/>\nE-mail: <a href=\"mailto:gorenje@gorenje.pl\">gorenje@gorenje.pl<\/a><\/p>\n","protected":false},"excerpt":{"rendered":"<p>Gorenje Gorenje Polska, on v\u00f5tnud enda kohustuseks tagada iga Andmesubjekti isikuandmete piisava konfidentsiaalsuse, k\u00e4ttesaadavuse ja terviklikkuse taseme, kasutades ettev\u00f5tete veebiteenuseid ja -lahendusi. Kogutud Isikuandmed ja isikuandmete t\u00f6\u00f6tlemine teostatakse piisavate f\u00fc\u00fcsiliste ja loogiliste turvameetmetega. Kui isikuandmeid kogutakse ja t\u00f6\u00f6deldakse n\u00f5usoleku alusel, t\u00f6\u00f6deldakse andmeid, kuni Andmesubjekt teavitab ettev\u00f5tet selgelt n\u00f5usoleku tagasiv\u00f5tmisest Andmesubjekti poolt. Kogutud andmeid ei anta&#8230;<\/p>\n","protected":false},"author":1,"featured_media":0,"parent":0,"menu_order":0,"comment_status":"closed","ping_status":"closed","template":"","meta":{"footnotes":""},"class_list":["post-59217","page","type-page","status-publish","hentry"],"yoast_head":"<!-- This site is optimized with the Yoast SEO plugin v27.1.1 - https:\/\/yoast.com\/product\/yoast-seo-wordpress\/ -->\n<title>Privaatsuspoliitika | Life Simplified<\/title>\n<meta name=\"robots\" content=\"index, follow, max-snippet:-1, max-image-preview:large, max-video-preview:-1\" \/>\n<link rel=\"canonical\" href=\"https:\/\/lifesimplified.gorenje.com\/ee\/privaatsuspoliitika\/\" \/>\n<meta property=\"og:locale\" content=\"et_EE\" \/>\n<meta property=\"og:type\" content=\"article\" \/>\n<meta property=\"og:title\" content=\"Privaatsuspoliitika | Life Simplified\" \/>\n<meta property=\"og:description\" content=\"Gorenje Gorenje Polska, on v\u00f5tnud enda kohustuseks tagada iga Andmesubjekti isikuandmete piisava konfidentsiaalsuse, k\u00e4ttesaadavuse ja terviklikkuse taseme, kasutades ettev\u00f5tete veebiteenuseid ja -lahendusi. Kogutud Isikuandmed ja isikuandmete t\u00f6\u00f6tlemine teostatakse piisavate f\u00fc\u00fcsiliste ja loogiliste turvameetmetega. Kui isikuandmeid kogutakse ja t\u00f6\u00f6deldakse n\u00f5usoleku alusel, t\u00f6\u00f6deldakse andmeid, kuni Andmesubjekt teavitab ettev\u00f5tet selgelt n\u00f5usoleku tagasiv\u00f5tmisest Andmesubjekti poolt. Kogutud andmeid ei anta...\" \/>\n<meta property=\"og:url\" content=\"https:\/\/lifesimplified.gorenje.com\/ee\/privaatsuspoliitika\/\" \/>\n<meta property=\"og:site_name\" content=\"Life Simplified\" \/>\n<meta property=\"article:publisher\" content=\"https:\/\/www.facebook.com\/gorenje.SLO\/\" \/>\n<meta property=\"article:modified_time\" content=\"2023-04-03T09:19:22+00:00\" \/>\n<meta property=\"og:image\" content=\"https:\/\/lifesimplified.gorenje.com\/wp-content\/uploads\/2019\/12\/gorenje-life-simplified-blog-life-simplified-logo.jpg\" \/>\n\t<meta property=\"og:image:width\" content=\"2169\" \/>\n\t<meta property=\"og:image:height\" content=\"1223\" \/>\n\t<meta property=\"og:image:type\" content=\"image\/jpeg\" \/>\n<meta name=\"twitter:card\" content=\"summary_large_image\" \/>\n<meta name=\"twitter:label1\" content=\"Est. reading time\" \/>\n\t<meta name=\"twitter:data1\" content=\"1 minute\" \/>\n<script type=\"application\/ld+json\" class=\"yoast-schema-graph\">{\"@context\":\"https:\/\/schema.org\",\"@graph\":[{\"@type\":\"WebPage\",\"@id\":\"https:\/\/lifesimplified.gorenje.com\/ee\/privaatsuspoliitika\/\",\"url\":\"https:\/\/lifesimplified.gorenje.com\/ee\/privaatsuspoliitika\/\",\"name\":\"Privaatsuspoliitika | Life Simplified\",\"isPartOf\":{\"@id\":\"https:\/\/lifesimplified.gorenje.com\/ee\/#website\"},\"datePublished\":\"2018-10-11T07:47:12+00:00\",\"dateModified\":\"2023-04-03T09:19:22+00:00\",\"breadcrumb\":{\"@id\":\"https:\/\/lifesimplified.gorenje.com\/ee\/privaatsuspoliitika\/#breadcrumb\"},\"inLanguage\":\"et-EE\",\"potentialAction\":[{\"@type\":\"ReadAction\",\"target\":[\"https:\/\/lifesimplified.gorenje.com\/ee\/privaatsuspoliitika\/\"]}]},{\"@type\":\"BreadcrumbList\",\"@id\":\"https:\/\/lifesimplified.gorenje.com\/ee\/privaatsuspoliitika\/#breadcrumb\",\"itemListElement\":[{\"@type\":\"ListItem\",\"position\":1,\"name\":\"Home\",\"item\":\"https:\/\/lifesimplified.gorenje.com\/ee\/home\/\"},{\"@type\":\"ListItem\",\"position\":2,\"name\":\"Privaatsuspoliitika\"}]},{\"@type\":\"WebSite\",\"@id\":\"https:\/\/lifesimplified.gorenje.com\/ee\/#website\",\"url\":\"https:\/\/lifesimplified.gorenje.com\/ee\/\",\"name\":\"Life Simplified\",\"description\":\"Lihtsam elu\",\"publisher\":{\"@id\":\"https:\/\/lifesimplified.gorenje.com\/ee\/#organization\"},\"potentialAction\":[{\"@type\":\"SearchAction\",\"target\":{\"@type\":\"EntryPoint\",\"urlTemplate\":\"https:\/\/lifesimplified.gorenje.com\/ee\/?s={search_term_string}\"},\"query-input\":{\"@type\":\"PropertyValueSpecification\",\"valueRequired\":true,\"valueName\":\"search_term_string\"}}],\"inLanguage\":\"et-EE\"},{\"@type\":\"Organization\",\"@id\":\"https:\/\/lifesimplified.gorenje.com\/ee\/#organization\",\"name\":\"Gorenje\",\"url\":\"https:\/\/lifesimplified.gorenje.com\/ee\/\",\"logo\":{\"@type\":\"ImageObject\",\"inLanguage\":\"et-EE\",\"@id\":\"https:\/\/lifesimplified.gorenje.com\/ee\/#\/schema\/logo\/image\/\",\"url\":\"https:\/\/lifesimplified.gorenje.com\/wp-content\/uploads\/2019\/12\/gorenje-life-simplified-blog-life-simplified-logo.jpg\",\"contentUrl\":\"https:\/\/lifesimplified.gorenje.com\/wp-content\/uploads\/2019\/12\/gorenje-life-simplified-blog-life-simplified-logo.jpg\",\"width\":2169,\"height\":1223,\"caption\":\"Gorenje\"},\"image\":{\"@id\":\"https:\/\/lifesimplified.gorenje.com\/ee\/#\/schema\/logo\/image\/\"},\"sameAs\":[\"https:\/\/www.facebook.com\/gorenje.SLO\/\",\"https:\/\/www.instagram.com\/gorenje_slovenija\/\",\"https:\/\/www.youtube.com\/user\/gorenjesi\"]}]}<\/script>\n<!-- \/ Yoast SEO plugin. -->","yoast_head_json":{"title":"Privaatsuspoliitika | Life Simplified","robots":{"index":"index","follow":"follow","max-snippet":"max-snippet:-1","max-image-preview":"max-image-preview:large","max-video-preview":"max-video-preview:-1"},"canonical":"https:\/\/lifesimplified.gorenje.com\/ee\/privaatsuspoliitika\/","og_locale":"et_EE","og_type":"article","og_title":"Privaatsuspoliitika | Life Simplified","og_description":"Gorenje Gorenje Polska, on v\u00f5tnud enda kohustuseks tagada iga Andmesubjekti isikuandmete piisava konfidentsiaalsuse, k\u00e4ttesaadavuse ja terviklikkuse taseme, kasutades ettev\u00f5tete veebiteenuseid ja -lahendusi. Kogutud Isikuandmed ja isikuandmete t\u00f6\u00f6tlemine teostatakse piisavate f\u00fc\u00fcsiliste ja loogiliste turvameetmetega. Kui isikuandmeid kogutakse ja t\u00f6\u00f6deldakse n\u00f5usoleku alusel, t\u00f6\u00f6deldakse andmeid, kuni Andmesubjekt teavitab ettev\u00f5tet selgelt n\u00f5usoleku tagasiv\u00f5tmisest Andmesubjekti poolt. Kogutud andmeid ei anta...","og_url":"https:\/\/lifesimplified.gorenje.com\/ee\/privaatsuspoliitika\/","og_site_name":"Life Simplified","article_publisher":"https:\/\/www.facebook.com\/gorenje.SLO\/","article_modified_time":"2023-04-03T09:19:22+00:00","og_image":[{"width":2169,"height":1223,"url":"https:\/\/lifesimplified.gorenje.com\/wp-content\/uploads\/2019\/12\/gorenje-life-simplified-blog-life-simplified-logo.jpg","type":"image\/jpeg"}],"twitter_card":"summary_large_image","twitter_misc":{"Est. reading time":"1 minute"},"schema":{"@context":"https:\/\/schema.org","@graph":[{"@type":"WebPage","@id":"https:\/\/lifesimplified.gorenje.com\/ee\/privaatsuspoliitika\/","url":"https:\/\/lifesimplified.gorenje.com\/ee\/privaatsuspoliitika\/","name":"Privaatsuspoliitika | Life Simplified","isPartOf":{"@id":"https:\/\/lifesimplified.gorenje.com\/ee\/#website"},"datePublished":"2018-10-11T07:47:12+00:00","dateModified":"2023-04-03T09:19:22+00:00","breadcrumb":{"@id":"https:\/\/lifesimplified.gorenje.com\/ee\/privaatsuspoliitika\/#breadcrumb"},"inLanguage":"et-EE","potentialAction":[{"@type":"ReadAction","target":["https:\/\/lifesimplified.gorenje.com\/ee\/privaatsuspoliitika\/"]}]},{"@type":"BreadcrumbList","@id":"https:\/\/lifesimplified.gorenje.com\/ee\/privaatsuspoliitika\/#breadcrumb","itemListElement":[{"@type":"ListItem","position":1,"name":"Home","item":"https:\/\/lifesimplified.gorenje.com\/ee\/home\/"},{"@type":"ListItem","position":2,"name":"Privaatsuspoliitika"}]},{"@type":"WebSite","@id":"https:\/\/lifesimplified.gorenje.com\/ee\/#website","url":"https:\/\/lifesimplified.gorenje.com\/ee\/","name":"Life Simplified","description":"Lihtsam elu","publisher":{"@id":"https:\/\/lifesimplified.gorenje.com\/ee\/#organization"},"potentialAction":[{"@type":"SearchAction","target":{"@type":"EntryPoint","urlTemplate":"https:\/\/lifesimplified.gorenje.com\/ee\/?s={search_term_string}"},"query-input":{"@type":"PropertyValueSpecification","valueRequired":true,"valueName":"search_term_string"}}],"inLanguage":"et-EE"},{"@type":"Organization","@id":"https:\/\/lifesimplified.gorenje.com\/ee\/#organization","name":"Gorenje","url":"https:\/\/lifesimplified.gorenje.com\/ee\/","logo":{"@type":"ImageObject","inLanguage":"et-EE","@id":"https:\/\/lifesimplified.gorenje.com\/ee\/#\/schema\/logo\/image\/","url":"https:\/\/lifesimplified.gorenje.com\/wp-content\/uploads\/2019\/12\/gorenje-life-simplified-blog-life-simplified-logo.jpg","contentUrl":"https:\/\/lifesimplified.gorenje.com\/wp-content\/uploads\/2019\/12\/gorenje-life-simplified-blog-life-simplified-logo.jpg","width":2169,"height":1223,"caption":"Gorenje"},"image":{"@id":"https:\/\/lifesimplified.gorenje.com\/ee\/#\/schema\/logo\/image\/"},"sameAs":["https:\/\/www.facebook.com\/gorenje.SLO\/","https:\/\/www.instagram.com\/gorenje_slovenija\/","https:\/\/www.youtube.com\/user\/gorenjesi"]}]}},"_links":{"self":[{"href":"https:\/\/lifesimplified.gorenje.com\/ee\/wp-json\/wp\/v2\/pages\/59217","targetHints":{"allow":["GET"]}}],"collection":[{"href":"https:\/\/lifesimplified.gorenje.com\/ee\/wp-json\/wp\/v2\/pages"}],"about":[{"href":"https:\/\/lifesimplified.gorenje.com\/ee\/wp-json\/wp\/v2\/types\/page"}],"author":[{"embeddable":true,"href":"https:\/\/lifesimplified.gorenje.com\/ee\/wp-json\/wp\/v2\/users\/1"}],"replies":[{"embeddable":true,"href":"https:\/\/lifesimplified.gorenje.com\/ee\/wp-json\/wp\/v2\/comments?post=59217"}],"version-history":[{"count":2,"href":"https:\/\/lifesimplified.gorenje.com\/ee\/wp-json\/wp\/v2\/pages\/59217\/revisions"}],"predecessor-version":[{"id":59221,"href":"https:\/\/lifesimplified.gorenje.com\/ee\/wp-json\/wp\/v2\/pages\/59217\/revisions\/59221"}],"wp:attachment":[{"href":"https:\/\/lifesimplified.gorenje.com\/ee\/wp-json\/wp\/v2\/media?parent=59217"}],"curies":[{"name":"wp","href":"https:\/\/api.w.org\/{rel}","templated":true}]}}