{"id":59216,"date":"2018-11-04T18:51:54","date_gmt":"2018-11-04T18:51:54","guid":{"rendered":"https:\/\/lifesimplified.gorenje.com\/about-life-simplified-blog\/"},"modified":"2023-04-03T09:11:45","modified_gmt":"2023-04-03T09:11:45","slug":"lihtsama-elu-blogi","status":"publish","type":"page","link":"https:\/\/lifesimplified.gorenje.com\/ee\/lihtsama-elu-blogi\/","title":{"rendered":"Lihtsama elu blogi"},"content":{"rendered":"<p>Gorenje on palju enamat kui vaid kodumasinad. Meie br\u00e4nd asub kodu ja igap\u00e4evaelu keskmes. Seet\u00f5ttu on meie eesm\u00e4rk m\u00e4ngida sinu igap\u00e4evaelus olulist rolli ning muuta sellega kaasnevad majapidamist\u00f6\u00f6d veidi lihtsamaks ja meeldivamaks. Usume, et iga meie uuendus peab elu lihtsustama ning muutma elu suurimad t\u00e4hts\u00fcndmused v\u00f5i v\u00e4ikesed igap\u00e4evahetked sujuvamaks.<\/p>\n<p>Lihtsama elu blogi pakub nippe ja trikke, retsepte ja sisekujundusideid k\u00f5igile, kes soovivad oma elu veidi lihtsustada. Kui soovid oma p\u00e4eva rohkem hinget\u00f5mbehetki, oled j\u00f5udnud \u00f5igesse kohta. Teame, et sageli kehtib p\u00f5him\u00f5te \u201emida v\u00e4hem, seda parem\u201c, kuid me ei keskendu \u00fcksnes minimalismile. Me pooldame tasakaalu. Me pooldame v\u00e4ikeseid muudatusi, mis annavad suurep\u00e4raseid tulemusi: maitsev \u00f5htus\u00f6\u00f6k, imepuhas s\u00e4rk, m\u00f5nus kodu, \u00f5nnelik perekond.<\/p>\n<h4>Tervita lihtsust. Tervita elu.<\/h4>\n","protected":false},"excerpt":{"rendered":"<p>Gorenje on palju enamat kui vaid kodumasinad. Meie br\u00e4nd asub kodu ja igap\u00e4evaelu keskmes. Seet\u00f5ttu on meie eesm\u00e4rk m\u00e4ngida sinu igap\u00e4evaelus olulist rolli ning muuta sellega kaasnevad majapidamist\u00f6\u00f6d veidi lihtsamaks ja meeldivamaks. Usume, et iga meie uuendus peab elu lihtsustama ning muutma elu suurimad t\u00e4hts\u00fcndmused v\u00f5i v\u00e4ikesed igap\u00e4evahetked sujuvamaks. Lihtsama elu blogi pakub nippe ja&#8230;<\/p>\n","protected":false},"author":1,"featured_media":0,"parent":0,"menu_order":0,"comment_status":"closed","ping_status":"closed","template":"","meta":{"footnotes":""},"class_list":["post-59216","page","type-page","status-publish","hentry"],"yoast_head":"<!-- This site is optimized with the Yoast SEO plugin v27.1.1 - https:\/\/yoast.com\/product\/yoast-seo-wordpress\/ -->\n<title>Lihtsama elu blogi | Life Simplified<\/title>\n<meta name=\"robots\" content=\"index, follow, max-snippet:-1, max-image-preview:large, max-video-preview:-1\" \/>\n<link rel=\"canonical\" href=\"https:\/\/lifesimplified.gorenje.com\/ee\/lihtsama-elu-blogi\/\" \/>\n<meta property=\"og:locale\" content=\"et_EE\" \/>\n<meta property=\"og:type\" content=\"article\" \/>\n<meta property=\"og:title\" content=\"Lihtsama elu blogi | Life Simplified\" \/>\n<meta property=\"og:description\" content=\"Gorenje on palju enamat kui vaid kodumasinad. Meie br\u00e4nd asub kodu ja igap\u00e4evaelu keskmes. Seet\u00f5ttu on meie eesm\u00e4rk m\u00e4ngida sinu igap\u00e4evaelus olulist rolli ning muuta sellega kaasnevad majapidamist\u00f6\u00f6d veidi lihtsamaks ja meeldivamaks. Usume, et iga meie uuendus peab elu lihtsustama ning muutma elu suurimad t\u00e4hts\u00fcndmused v\u00f5i v\u00e4ikesed igap\u00e4evahetked sujuvamaks. Lihtsama elu blogi pakub nippe ja...\" \/>\n<meta property=\"og:url\" content=\"https:\/\/lifesimplified.gorenje.com\/ee\/lihtsama-elu-blogi\/\" \/>\n<meta property=\"og:site_name\" content=\"Life Simplified\" \/>\n<meta property=\"article:publisher\" content=\"https:\/\/www.facebook.com\/gorenje.SLO\/\" \/>\n<meta property=\"article:modified_time\" content=\"2023-04-03T09:11:45+00:00\" \/>\n<meta property=\"og:image\" content=\"https:\/\/lifesimplified.gorenje.com\/wp-content\/uploads\/2019\/12\/gorenje-life-simplified-blog-life-simplified-logo.jpg\" \/>\n\t<meta property=\"og:image:width\" content=\"2169\" \/>\n\t<meta property=\"og:image:height\" content=\"1223\" \/>\n\t<meta property=\"og:image:type\" content=\"image\/jpeg\" \/>\n<meta name=\"twitter:card\" content=\"summary_large_image\" \/>\n<meta name=\"twitter:label1\" content=\"Est. reading time\" \/>\n\t<meta name=\"twitter:data1\" content=\"1 minute\" \/>\n<script type=\"application\/ld+json\" class=\"yoast-schema-graph\">{\"@context\":\"https:\/\/schema.org\",\"@graph\":[{\"@type\":\"WebPage\",\"@id\":\"https:\/\/lifesimplified.gorenje.com\/ee\/lihtsama-elu-blogi\/\",\"url\":\"https:\/\/lifesimplified.gorenje.com\/ee\/lihtsama-elu-blogi\/\",\"name\":\"Lihtsama elu blogi | Life Simplified\",\"isPartOf\":{\"@id\":\"https:\/\/lifesimplified.gorenje.com\/ee\/#website\"},\"datePublished\":\"2018-11-04T18:51:54+00:00\",\"dateModified\":\"2023-04-03T09:11:45+00:00\",\"breadcrumb\":{\"@id\":\"https:\/\/lifesimplified.gorenje.com\/ee\/lihtsama-elu-blogi\/#breadcrumb\"},\"inLanguage\":\"et-EE\",\"potentialAction\":[{\"@type\":\"ReadAction\",\"target\":[\"https:\/\/lifesimplified.gorenje.com\/ee\/lihtsama-elu-blogi\/\"]}]},{\"@type\":\"BreadcrumbList\",\"@id\":\"https:\/\/lifesimplified.gorenje.com\/ee\/lihtsama-elu-blogi\/#breadcrumb\",\"itemListElement\":[{\"@type\":\"ListItem\",\"position\":1,\"name\":\"Home\",\"item\":\"https:\/\/lifesimplified.gorenje.com\/ee\/home\/\"},{\"@type\":\"ListItem\",\"position\":2,\"name\":\"Lihtsama elu blogi\"}]},{\"@type\":\"WebSite\",\"@id\":\"https:\/\/lifesimplified.gorenje.com\/ee\/#website\",\"url\":\"https:\/\/lifesimplified.gorenje.com\/ee\/\",\"name\":\"Life Simplified\",\"description\":\"Lihtsam elu\",\"publisher\":{\"@id\":\"https:\/\/lifesimplified.gorenje.com\/ee\/#organization\"},\"potentialAction\":[{\"@type\":\"SearchAction\",\"target\":{\"@type\":\"EntryPoint\",\"urlTemplate\":\"https:\/\/lifesimplified.gorenje.com\/ee\/?s={search_term_string}\"},\"query-input\":{\"@type\":\"PropertyValueSpecification\",\"valueRequired\":true,\"valueName\":\"search_term_string\"}}],\"inLanguage\":\"et-EE\"},{\"@type\":\"Organization\",\"@id\":\"https:\/\/lifesimplified.gorenje.com\/ee\/#organization\",\"name\":\"Gorenje\",\"url\":\"https:\/\/lifesimplified.gorenje.com\/ee\/\",\"logo\":{\"@type\":\"ImageObject\",\"inLanguage\":\"et-EE\",\"@id\":\"https:\/\/lifesimplified.gorenje.com\/ee\/#\/schema\/logo\/image\/\",\"url\":\"https:\/\/lifesimplified.gorenje.com\/wp-content\/uploads\/2019\/12\/gorenje-life-simplified-blog-life-simplified-logo.jpg\",\"contentUrl\":\"https:\/\/lifesimplified.gorenje.com\/wp-content\/uploads\/2019\/12\/gorenje-life-simplified-blog-life-simplified-logo.jpg\",\"width\":2169,\"height\":1223,\"caption\":\"Gorenje\"},\"image\":{\"@id\":\"https:\/\/lifesimplified.gorenje.com\/ee\/#\/schema\/logo\/image\/\"},\"sameAs\":[\"https:\/\/www.facebook.com\/gorenje.SLO\/\",\"https:\/\/www.instagram.com\/gorenje_slovenija\/\",\"https:\/\/www.youtube.com\/user\/gorenjesi\"]}]}<\/script>\n<!-- \/ Yoast SEO plugin. -->","yoast_head_json":{"title":"Lihtsama elu blogi | Life Simplified","robots":{"index":"index","follow":"follow","max-snippet":"max-snippet:-1","max-image-preview":"max-image-preview:large","max-video-preview":"max-video-preview:-1"},"canonical":"https:\/\/lifesimplified.gorenje.com\/ee\/lihtsama-elu-blogi\/","og_locale":"et_EE","og_type":"article","og_title":"Lihtsama elu blogi | Life Simplified","og_description":"Gorenje on palju enamat kui vaid kodumasinad. Meie br\u00e4nd asub kodu ja igap\u00e4evaelu keskmes. Seet\u00f5ttu on meie eesm\u00e4rk m\u00e4ngida sinu igap\u00e4evaelus olulist rolli ning muuta sellega kaasnevad majapidamist\u00f6\u00f6d veidi lihtsamaks ja meeldivamaks. Usume, et iga meie uuendus peab elu lihtsustama ning muutma elu suurimad t\u00e4hts\u00fcndmused v\u00f5i v\u00e4ikesed igap\u00e4evahetked sujuvamaks. Lihtsama elu blogi pakub nippe ja...","og_url":"https:\/\/lifesimplified.gorenje.com\/ee\/lihtsama-elu-blogi\/","og_site_name":"Life Simplified","article_publisher":"https:\/\/www.facebook.com\/gorenje.SLO\/","article_modified_time":"2023-04-03T09:11:45+00:00","og_image":[{"width":2169,"height":1223,"url":"https:\/\/lifesimplified.gorenje.com\/wp-content\/uploads\/2019\/12\/gorenje-life-simplified-blog-life-simplified-logo.jpg","type":"image\/jpeg"}],"twitter_card":"summary_large_image","twitter_misc":{"Est. reading time":"1 minute"},"schema":{"@context":"https:\/\/schema.org","@graph":[{"@type":"WebPage","@id":"https:\/\/lifesimplified.gorenje.com\/ee\/lihtsama-elu-blogi\/","url":"https:\/\/lifesimplified.gorenje.com\/ee\/lihtsama-elu-blogi\/","name":"Lihtsama elu blogi | Life Simplified","isPartOf":{"@id":"https:\/\/lifesimplified.gorenje.com\/ee\/#website"},"datePublished":"2018-11-04T18:51:54+00:00","dateModified":"2023-04-03T09:11:45+00:00","breadcrumb":{"@id":"https:\/\/lifesimplified.gorenje.com\/ee\/lihtsama-elu-blogi\/#breadcrumb"},"inLanguage":"et-EE","potentialAction":[{"@type":"ReadAction","target":["https:\/\/lifesimplified.gorenje.com\/ee\/lihtsama-elu-blogi\/"]}]},{"@type":"BreadcrumbList","@id":"https:\/\/lifesimplified.gorenje.com\/ee\/lihtsama-elu-blogi\/#breadcrumb","itemListElement":[{"@type":"ListItem","position":1,"name":"Home","item":"https:\/\/lifesimplified.gorenje.com\/ee\/home\/"},{"@type":"ListItem","position":2,"name":"Lihtsama elu blogi"}]},{"@type":"WebSite","@id":"https:\/\/lifesimplified.gorenje.com\/ee\/#website","url":"https:\/\/lifesimplified.gorenje.com\/ee\/","name":"Life Simplified","description":"Lihtsam elu","publisher":{"@id":"https:\/\/lifesimplified.gorenje.com\/ee\/#organization"},"potentialAction":[{"@type":"SearchAction","target":{"@type":"EntryPoint","urlTemplate":"https:\/\/lifesimplified.gorenje.com\/ee\/?s={search_term_string}"},"query-input":{"@type":"PropertyValueSpecification","valueRequired":true,"valueName":"search_term_string"}}],"inLanguage":"et-EE"},{"@type":"Organization","@id":"https:\/\/lifesimplified.gorenje.com\/ee\/#organization","name":"Gorenje","url":"https:\/\/lifesimplified.gorenje.com\/ee\/","logo":{"@type":"ImageObject","inLanguage":"et-EE","@id":"https:\/\/lifesimplified.gorenje.com\/ee\/#\/schema\/logo\/image\/","url":"https:\/\/lifesimplified.gorenje.com\/wp-content\/uploads\/2019\/12\/gorenje-life-simplified-blog-life-simplified-logo.jpg","contentUrl":"https:\/\/lifesimplified.gorenje.com\/wp-content\/uploads\/2019\/12\/gorenje-life-simplified-blog-life-simplified-logo.jpg","width":2169,"height":1223,"caption":"Gorenje"},"image":{"@id":"https:\/\/lifesimplified.gorenje.com\/ee\/#\/schema\/logo\/image\/"},"sameAs":["https:\/\/www.facebook.com\/gorenje.SLO\/","https:\/\/www.instagram.com\/gorenje_slovenija\/","https:\/\/www.youtube.com\/user\/gorenjesi"]}]}},"_links":{"self":[{"href":"https:\/\/lifesimplified.gorenje.com\/ee\/wp-json\/wp\/v2\/pages\/59216","targetHints":{"allow":["GET"]}}],"collection":[{"href":"https:\/\/lifesimplified.gorenje.com\/ee\/wp-json\/wp\/v2\/pages"}],"about":[{"href":"https:\/\/lifesimplified.gorenje.com\/ee\/wp-json\/wp\/v2\/types\/page"}],"author":[{"embeddable":true,"href":"https:\/\/lifesimplified.gorenje.com\/ee\/wp-json\/wp\/v2\/users\/1"}],"replies":[{"embeddable":true,"href":"https:\/\/lifesimplified.gorenje.com\/ee\/wp-json\/wp\/v2\/comments?post=59216"}],"version-history":[{"count":1,"href":"https:\/\/lifesimplified.gorenje.com\/ee\/wp-json\/wp\/v2\/pages\/59216\/revisions"}],"predecessor-version":[{"id":59218,"href":"https:\/\/lifesimplified.gorenje.com\/ee\/wp-json\/wp\/v2\/pages\/59216\/revisions\/59218"}],"wp:attachment":[{"href":"https:\/\/lifesimplified.gorenje.com\/ee\/wp-json\/wp\/v2\/media?parent=59216"}],"curies":[{"name":"wp","href":"https:\/\/api.w.org\/{rel}","templated":true}]}}