{"id":59213,"date":"2018-09-20T14:13:13","date_gmt":"2018-09-20T14:13:13","guid":{"rendered":"https:\/\/lifesimplified.gorenje.com\/story-of-life-simplified-with-gorenje-products\/"},"modified":"2023-04-03T09:12:25","modified_gmt":"2023-04-03T09:12:25","slug":"kummardus-lihtsamale-elule","status":"publish","type":"page","link":"https:\/\/lifesimplified.gorenje.com\/ee\/kummardus-lihtsamale-elule\/","title":{"rendered":"Kummardus lihtsamale elule"},"content":{"rendered":"<p>Me soovime v\u00e4ga sinu elu keerukust v\u00e4hendada, et saaksid nautida veidi kergemaid hetki, mis on ehedad ja t\u00e4hendusrikkad. Gorenjele on aluse pannud grupp lihtsuse pooldajaid, kes t\u00f6\u00f6tavad v\u00e4lja loomingulisi ideid, inspireerivaid m\u00f5tteid ja kasulikke t\u00f6\u00f6riistu, et saada ettev\u00f5tteks, kelle poole p\u00f6\u00f6rdud, kui soovid \u201ekujundada elu, mida soovid elada\u201c.<\/p>\n<p><strong>Tervita lihtsust. Tervita elu.<\/strong><\/p>\n","protected":false},"excerpt":{"rendered":"<p>Me soovime v\u00e4ga sinu elu keerukust v\u00e4hendada, et saaksid nautida veidi kergemaid hetki, mis on ehedad ja t\u00e4hendusrikkad. Gorenjele on aluse pannud grupp lihtsuse pooldajaid, kes t\u00f6\u00f6tavad v\u00e4lja loomingulisi ideid, inspireerivaid m\u00f5tteid ja kasulikke t\u00f6\u00f6riistu, et saada ettev\u00f5tteks, kelle poole p\u00f6\u00f6rdud, kui soovid \u201ekujundada elu, mida soovid elada\u201c. Tervita lihtsust. Tervita elu.<\/p>\n","protected":false},"author":1,"featured_media":59215,"parent":0,"menu_order":0,"comment_status":"closed","ping_status":"closed","template":"","meta":{"footnotes":""},"class_list":["post-59213","page","type-page","status-publish","has-post-thumbnail","hentry","has-post-video"],"yoast_head":"<!-- This site is optimized with the Yoast SEO plugin v27.1.1 - https:\/\/yoast.com\/product\/yoast-seo-wordpress\/ -->\n<title>Kummardus lihtsamale elule | Life Simplified<\/title>\n<meta name=\"robots\" content=\"index, follow, max-snippet:-1, max-image-preview:large, max-video-preview:-1\" \/>\n<link rel=\"canonical\" href=\"https:\/\/lifesimplified.gorenje.com\/ee\/kummardus-lihtsamale-elule\/\" \/>\n<meta property=\"og:locale\" content=\"et_EE\" \/>\n<meta property=\"og:type\" content=\"article\" \/>\n<meta property=\"og:title\" content=\"Kummardus lihtsamale elule | Life Simplified\" \/>\n<meta property=\"og:description\" content=\"Me soovime v\u00e4ga sinu elu keerukust v\u00e4hendada, et saaksid nautida veidi kergemaid hetki, mis on ehedad ja t\u00e4hendusrikkad. Gorenjele on aluse pannud grupp lihtsuse pooldajaid, kes t\u00f6\u00f6tavad v\u00e4lja loomingulisi ideid, inspireerivaid m\u00f5tteid ja kasulikke t\u00f6\u00f6riistu, et saada ettev\u00f5tteks, kelle poole p\u00f6\u00f6rdud, kui soovid \u201ekujundada elu, mida soovid elada\u201c. Tervita lihtsust. Tervita elu.\" \/>\n<meta property=\"og:url\" content=\"https:\/\/lifesimplified.gorenje.com\/ee\/kummardus-lihtsamale-elule\/\" \/>\n<meta property=\"og:site_name\" content=\"Life Simplified\" \/>\n<meta property=\"article:publisher\" content=\"https:\/\/www.facebook.com\/gorenje.SLO\/\" \/>\n<meta property=\"article:modified_time\" content=\"2023-04-03T09:12:25+00:00\" \/>\n<meta property=\"og:image\" content=\"https:\/\/lifesimplified.gorenje.com\/wp-content\/uploads\/2019\/04\/gorenje_life_simplified_smartflex_motherdaughter_making_bubbles.jpg\" \/>\n\t<meta property=\"og:image:width\" content=\"1800\" \/>\n\t<meta property=\"og:image:height\" content=\"1200\" \/>\n\t<meta property=\"og:image:type\" content=\"image\/jpeg\" \/>\n<meta name=\"twitter:card\" content=\"summary_large_image\" \/>\n<meta name=\"twitter:label1\" content=\"Est. reading time\" \/>\n\t<meta name=\"twitter:data1\" content=\"1 minute\" \/>\n<script type=\"application\/ld+json\" class=\"yoast-schema-graph\">{\"@context\":\"https:\/\/schema.org\",\"@graph\":[{\"@type\":\"WebPage\",\"@id\":\"https:\/\/lifesimplified.gorenje.com\/ee\/kummardus-lihtsamale-elule\/\",\"url\":\"https:\/\/lifesimplified.gorenje.com\/ee\/kummardus-lihtsamale-elule\/\",\"name\":\"Kummardus lihtsamale elule | Life Simplified\",\"isPartOf\":{\"@id\":\"https:\/\/lifesimplified.gorenje.com\/ee\/#website\"},\"primaryImageOfPage\":{\"@id\":\"https:\/\/lifesimplified.gorenje.com\/ee\/kummardus-lihtsamale-elule\/#primaryimage\"},\"image\":{\"@id\":\"https:\/\/lifesimplified.gorenje.com\/ee\/kummardus-lihtsamale-elule\/#primaryimage\"},\"thumbnailUrl\":\"https:\/\/lifesimplified.gorenje.com\/wp-content\/uploads\/2019\/04\/gorenje_life_simplified_smartflex_motherdaughter_making_bubbles.jpg\",\"datePublished\":\"2018-09-20T14:13:13+00:00\",\"dateModified\":\"2023-04-03T09:12:25+00:00\",\"breadcrumb\":{\"@id\":\"https:\/\/lifesimplified.gorenje.com\/ee\/kummardus-lihtsamale-elule\/#breadcrumb\"},\"inLanguage\":\"et-EE\",\"potentialAction\":[{\"@type\":\"ReadAction\",\"target\":[\"https:\/\/lifesimplified.gorenje.com\/ee\/kummardus-lihtsamale-elule\/\"]}]},{\"@type\":\"ImageObject\",\"inLanguage\":\"et-EE\",\"@id\":\"https:\/\/lifesimplified.gorenje.com\/ee\/kummardus-lihtsamale-elule\/#primaryimage\",\"url\":\"https:\/\/lifesimplified.gorenje.com\/wp-content\/uploads\/2019\/04\/gorenje_life_simplified_smartflex_motherdaughter_making_bubbles.jpg\",\"contentUrl\":\"https:\/\/lifesimplified.gorenje.com\/wp-content\/uploads\/2019\/04\/gorenje_life_simplified_smartflex_motherdaughter_making_bubbles.jpg\",\"width\":1800,\"height\":1200},{\"@type\":\"BreadcrumbList\",\"@id\":\"https:\/\/lifesimplified.gorenje.com\/ee\/kummardus-lihtsamale-elule\/#breadcrumb\",\"itemListElement\":[{\"@type\":\"ListItem\",\"position\":1,\"name\":\"Home\",\"item\":\"https:\/\/lifesimplified.gorenje.com\/ee\/home\/\"},{\"@type\":\"ListItem\",\"position\":2,\"name\":\"Kummardus lihtsamale elule\"}]},{\"@type\":\"WebSite\",\"@id\":\"https:\/\/lifesimplified.gorenje.com\/ee\/#website\",\"url\":\"https:\/\/lifesimplified.gorenje.com\/ee\/\",\"name\":\"Life Simplified\",\"description\":\"Lihtsam elu\",\"publisher\":{\"@id\":\"https:\/\/lifesimplified.gorenje.com\/ee\/#organization\"},\"potentialAction\":[{\"@type\":\"SearchAction\",\"target\":{\"@type\":\"EntryPoint\",\"urlTemplate\":\"https:\/\/lifesimplified.gorenje.com\/ee\/?s={search_term_string}\"},\"query-input\":{\"@type\":\"PropertyValueSpecification\",\"valueRequired\":true,\"valueName\":\"search_term_string\"}}],\"inLanguage\":\"et-EE\"},{\"@type\":\"Organization\",\"@id\":\"https:\/\/lifesimplified.gorenje.com\/ee\/#organization\",\"name\":\"Gorenje\",\"url\":\"https:\/\/lifesimplified.gorenje.com\/ee\/\",\"logo\":{\"@type\":\"ImageObject\",\"inLanguage\":\"et-EE\",\"@id\":\"https:\/\/lifesimplified.gorenje.com\/ee\/#\/schema\/logo\/image\/\",\"url\":\"https:\/\/lifesimplified.gorenje.com\/wp-content\/uploads\/2019\/12\/gorenje-life-simplified-blog-life-simplified-logo.jpg\",\"contentUrl\":\"https:\/\/lifesimplified.gorenje.com\/wp-content\/uploads\/2019\/12\/gorenje-life-simplified-blog-life-simplified-logo.jpg\",\"width\":2169,\"height\":1223,\"caption\":\"Gorenje\"},\"image\":{\"@id\":\"https:\/\/lifesimplified.gorenje.com\/ee\/#\/schema\/logo\/image\/\"},\"sameAs\":[\"https:\/\/www.facebook.com\/gorenje.SLO\/\",\"https:\/\/www.instagram.com\/gorenje_slovenija\/\",\"https:\/\/www.youtube.com\/user\/gorenjesi\"]}]}<\/script>\n<!-- \/ Yoast SEO plugin. -->","yoast_head_json":{"title":"Kummardus lihtsamale elule | Life Simplified","robots":{"index":"index","follow":"follow","max-snippet":"max-snippet:-1","max-image-preview":"max-image-preview:large","max-video-preview":"max-video-preview:-1"},"canonical":"https:\/\/lifesimplified.gorenje.com\/ee\/kummardus-lihtsamale-elule\/","og_locale":"et_EE","og_type":"article","og_title":"Kummardus lihtsamale elule | Life Simplified","og_description":"Me soovime v\u00e4ga sinu elu keerukust v\u00e4hendada, et saaksid nautida veidi kergemaid hetki, mis on ehedad ja t\u00e4hendusrikkad. Gorenjele on aluse pannud grupp lihtsuse pooldajaid, kes t\u00f6\u00f6tavad v\u00e4lja loomingulisi ideid, inspireerivaid m\u00f5tteid ja kasulikke t\u00f6\u00f6riistu, et saada ettev\u00f5tteks, kelle poole p\u00f6\u00f6rdud, kui soovid \u201ekujundada elu, mida soovid elada\u201c. Tervita lihtsust. Tervita elu.","og_url":"https:\/\/lifesimplified.gorenje.com\/ee\/kummardus-lihtsamale-elule\/","og_site_name":"Life Simplified","article_publisher":"https:\/\/www.facebook.com\/gorenje.SLO\/","article_modified_time":"2023-04-03T09:12:25+00:00","og_image":[{"width":1800,"height":1200,"url":"https:\/\/lifesimplified.gorenje.com\/wp-content\/uploads\/2019\/04\/gorenje_life_simplified_smartflex_motherdaughter_making_bubbles.jpg","type":"image\/jpeg"}],"twitter_card":"summary_large_image","twitter_misc":{"Est. reading time":"1 minute"},"schema":{"@context":"https:\/\/schema.org","@graph":[{"@type":"WebPage","@id":"https:\/\/lifesimplified.gorenje.com\/ee\/kummardus-lihtsamale-elule\/","url":"https:\/\/lifesimplified.gorenje.com\/ee\/kummardus-lihtsamale-elule\/","name":"Kummardus lihtsamale elule | Life Simplified","isPartOf":{"@id":"https:\/\/lifesimplified.gorenje.com\/ee\/#website"},"primaryImageOfPage":{"@id":"https:\/\/lifesimplified.gorenje.com\/ee\/kummardus-lihtsamale-elule\/#primaryimage"},"image":{"@id":"https:\/\/lifesimplified.gorenje.com\/ee\/kummardus-lihtsamale-elule\/#primaryimage"},"thumbnailUrl":"https:\/\/lifesimplified.gorenje.com\/wp-content\/uploads\/2019\/04\/gorenje_life_simplified_smartflex_motherdaughter_making_bubbles.jpg","datePublished":"2018-09-20T14:13:13+00:00","dateModified":"2023-04-03T09:12:25+00:00","breadcrumb":{"@id":"https:\/\/lifesimplified.gorenje.com\/ee\/kummardus-lihtsamale-elule\/#breadcrumb"},"inLanguage":"et-EE","potentialAction":[{"@type":"ReadAction","target":["https:\/\/lifesimplified.gorenje.com\/ee\/kummardus-lihtsamale-elule\/"]}]},{"@type":"ImageObject","inLanguage":"et-EE","@id":"https:\/\/lifesimplified.gorenje.com\/ee\/kummardus-lihtsamale-elule\/#primaryimage","url":"https:\/\/lifesimplified.gorenje.com\/wp-content\/uploads\/2019\/04\/gorenje_life_simplified_smartflex_motherdaughter_making_bubbles.jpg","contentUrl":"https:\/\/lifesimplified.gorenje.com\/wp-content\/uploads\/2019\/04\/gorenje_life_simplified_smartflex_motherdaughter_making_bubbles.jpg","width":1800,"height":1200},{"@type":"BreadcrumbList","@id":"https:\/\/lifesimplified.gorenje.com\/ee\/kummardus-lihtsamale-elule\/#breadcrumb","itemListElement":[{"@type":"ListItem","position":1,"name":"Home","item":"https:\/\/lifesimplified.gorenje.com\/ee\/home\/"},{"@type":"ListItem","position":2,"name":"Kummardus lihtsamale elule"}]},{"@type":"WebSite","@id":"https:\/\/lifesimplified.gorenje.com\/ee\/#website","url":"https:\/\/lifesimplified.gorenje.com\/ee\/","name":"Life Simplified","description":"Lihtsam elu","publisher":{"@id":"https:\/\/lifesimplified.gorenje.com\/ee\/#organization"},"potentialAction":[{"@type":"SearchAction","target":{"@type":"EntryPoint","urlTemplate":"https:\/\/lifesimplified.gorenje.com\/ee\/?s={search_term_string}"},"query-input":{"@type":"PropertyValueSpecification","valueRequired":true,"valueName":"search_term_string"}}],"inLanguage":"et-EE"},{"@type":"Organization","@id":"https:\/\/lifesimplified.gorenje.com\/ee\/#organization","name":"Gorenje","url":"https:\/\/lifesimplified.gorenje.com\/ee\/","logo":{"@type":"ImageObject","inLanguage":"et-EE","@id":"https:\/\/lifesimplified.gorenje.com\/ee\/#\/schema\/logo\/image\/","url":"https:\/\/lifesimplified.gorenje.com\/wp-content\/uploads\/2019\/12\/gorenje-life-simplified-blog-life-simplified-logo.jpg","contentUrl":"https:\/\/lifesimplified.gorenje.com\/wp-content\/uploads\/2019\/12\/gorenje-life-simplified-blog-life-simplified-logo.jpg","width":2169,"height":1223,"caption":"Gorenje"},"image":{"@id":"https:\/\/lifesimplified.gorenje.com\/ee\/#\/schema\/logo\/image\/"},"sameAs":["https:\/\/www.facebook.com\/gorenje.SLO\/","https:\/\/www.instagram.com\/gorenje_slovenija\/","https:\/\/www.youtube.com\/user\/gorenjesi"]}]}},"_links":{"self":[{"href":"https:\/\/lifesimplified.gorenje.com\/ee\/wp-json\/wp\/v2\/pages\/59213","targetHints":{"allow":["GET"]}}],"collection":[{"href":"https:\/\/lifesimplified.gorenje.com\/ee\/wp-json\/wp\/v2\/pages"}],"about":[{"href":"https:\/\/lifesimplified.gorenje.com\/ee\/wp-json\/wp\/v2\/types\/page"}],"author":[{"embeddable":true,"href":"https:\/\/lifesimplified.gorenje.com\/ee\/wp-json\/wp\/v2\/users\/1"}],"replies":[{"embeddable":true,"href":"https:\/\/lifesimplified.gorenje.com\/ee\/wp-json\/wp\/v2\/comments?post=59213"}],"version-history":[{"count":1,"href":"https:\/\/lifesimplified.gorenje.com\/ee\/wp-json\/wp\/v2\/pages\/59213\/revisions"}],"predecessor-version":[{"id":59219,"href":"https:\/\/lifesimplified.gorenje.com\/ee\/wp-json\/wp\/v2\/pages\/59213\/revisions\/59219"}],"wp:featuredmedia":[{"embeddable":true,"href":"https:\/\/lifesimplified.gorenje.com\/ee\/wp-json\/wp\/v2\/media\/59215"}],"wp:attachment":[{"href":"https:\/\/lifesimplified.gorenje.com\/ee\/wp-json\/wp\/v2\/media?parent=59213"}],"curies":[{"name":"wp","href":"https:\/\/api.w.org\/{rel}","templated":true}]}}