{"id":32330,"date":"2018-11-04T17:56:32","date_gmt":"2018-11-04T17:56:32","guid":{"rendered":"https:\/\/lifesimplified.gorenje.com\/o-piskotkih\/"},"modified":"2022-02-13T20:35:09","modified_gmt":"2022-02-13T20:35:09","slug":"om-cookies","status":"publish","type":"page","link":"https:\/\/lifesimplified.gorenje.com\/dk\/om-cookies\/","title":{"rendered":"Om cookies"},"content":{"rendered":"<h3>Hvad er cookies?<\/h3>\n<p>Cookies er sm\u00e5 tekstfiler, der indeholder information fra dit bes\u00f8g p\u00e5 hjemmesiden.<\/p>\n<p>Cookies letter og forenkler interaktionen mellem brugeren og hjemmesiden. De giver hjemmesiden mulighed for at huske den enkeltes pr\u00e6ferencer og aktivitet, hvorved der spares tid og bidrages til en mere effektiv og brugervenlig browsing-oplevelse.<\/p>\n<p>Den f\u00f8rste blandt de mange grunde til at bruge cookies er deres mulighed for at gemme information p\u00e5 den enkelte hjemmeside (sprogvalg, antal hits, skriftst\u00f8rrelse osv.). Udover dette letter de ogs\u00e5 implementeringen af webtjenester (registrering, indhold af indk\u00f8bskurve, e-nyhedsabonnementer, videovisning osv.) og indsamling af information om hjemmesidens brugeres vaner (antal bes\u00f8g, indhold interessant for brugere osv.). Alle disse hj\u00e6lper os med at forbedre brugeroplevelsen samt estimere effektiviteten af hjemmesidedesignet.<\/p>\n<p>Ingen af de cookies, der bruges p\u00e5 vores websteder, indsamler oplysninger, der kan afsl\u00f8re din personlige identitet.<\/p>\n<p>For gennemsigtighedens skyld har vi lavet en liste over alle de cookies, vi bruger, og deres form\u00e5l. V\u00e6r venligst opm\u00e6rksom p\u00e5, at du ved yderligere brug af denne hjemmeside accepterer brugen af de angivne cookies.<\/p>\n<h3>Hvilke cookies bruges af denne hjemmeside?<\/h3>\n<h4>Strengt n\u00f8dvendige cookies<\/h4>\n<p>Cookies hj\u00e6lper os med at vise indhold, kontaktformularer, indk\u00f8bskurve og andre v\u00e6sentlige elementer p\u00e5 hjemmesiden. Disse cookies eksisterer kun under sessionen. Et eksempel p\u00e5 cookies: ASP.NET_SessionId.<\/p>\n<h4>Google<\/h4>\n<p>Google bruger cookies, for eksempel til at huske dine gemte s\u00f8gepr\u00e6ferencer, for at g\u00f8re de annoncer, du ser, mere relevante, til at t\u00e6lle, hvor mange bes\u00f8gende der er p\u00e5 en side, for at hj\u00e6lpe dig med at tilmelde dig vores tjenester og for at beskytte dine data. <a href=\"https:\/\/www.google.com\/policies\/technologies\/cookies\/\" target=\"_blank\" rel=\"noopener noreferrer\">Mere<\/a><\/p>\n<h4>Google Analytics<\/h4>\n<p>Google Analytics er en tjeneste udbudt af Google, der genererer detaljerede statistikker om en hjemmesides trafik og trafikkilder og m\u00e5ler konverteringer og salg. De indsamlede oplysninger er ikke personligt identificerbare. Disse cookies har en gyldighed p\u00e5 2 \u00e5r. Et eksempel p\u00e5 cookies: _ga, __utma, __utmb,__utmc, __utmz i __utmv. <a href=\"https:\/\/developers.google.com\/analytics\/devguides\/collection\/gajs\/cookie-usage?hl=en\" target=\"_blank\" rel=\"noopener noreferrer\">Mere<\/a><\/p>\n<h4>YouTube<\/h4>\n<p>Vi integrerer videoer fra vores officielle YouTube-kanal ved hj\u00e6lp af YouTubes privatlivsforbedrede tilstand. Denne tilstand kan indstille cookies p\u00e5 din computer, n\u00e5r du klikker p\u00e5 YouTube-videoafspilleren, men YouTube gemmer ikke personligt identificerbare cookieoplysninger ved afspilning af indlejrede videoer, n\u00e5r den fortrolighedsforbedrede tilstand bruges. Disse cookies har en gyldighed p\u00e5 10 \u00e5r. Et eksempel p\u00e5 cookies: Visitor_info1_Live, Use_Hitbox, SID, LOGIN_INFO, use_hotbox, PREF, SSID, HSID, watched_video_id_list, __utma, __utmz, demographics, VISITOR_INFO1_LIVE. <a href=\"https:\/\/www.google.si\/policies\/technologies\/cookies\/\" target=\"_blank\" rel=\"noopener noreferrer\">Mere<\/a><\/p>\n<h4>Google Maps<\/h4>\n<p>Google maps tilknyttede cookies bruges til at vise et brugervenligt kort og placeringsbetegnelser. Disse cookies har en gyldighed p\u00e5 10 \u00e5r. Et eksempel p\u00e5 cookies: SID, SAPISID, APISID, SSID, HSID, NID, PREF. <a href=\"https:\/\/www.google.si\/policies\/technologies\/cookies\/\" target=\"_blank\" rel=\"noopener noreferrer\">Mere<\/a><\/p>\n<h4>AddThis<\/h4>\n<p>Cookies personaliserer oplevelsen af deling og interaktion med sociale netv\u00e6rk og registrerer antallet af delinger, likes og kommentarer. Disse cookies har en gyldighed p\u00e5 10 \u00e5r. <a href=\"https:\/\/www.addthis.com\/privacy#.UbcaUqzDCZc\" target=\"_blank\" rel=\"noopener noreferrer\">Mere<\/a><\/p>\n<h4>Facebook<\/h4>\n<p>Vi bruger cookies til at tilpasse din interaktion med Facebooks sociale netv\u00e6rk. Disse cookies har en gyldighed p\u00e5 5 \u00e5r. Et eksempel p\u00e5 cookies: act,locale, lu, datr, csm. <a href=\"https:\/\/www.facebook.com\/about\/privacy\/\" target=\"_blank\" rel=\"noopener noreferrer\">Mere<\/a><\/p>\n<h4>Twitter<\/h4>\n<p>Vi bruger cookies til at tilpasse din interaktion med det sociale netv\u00e6rk p\u00e5 Twitter. Disse cookies har en gyldighed p\u00e5 5 \u00e5r. Et eksempel p\u00e5 cookies: k, guest_id, auth_token_session, secure_session, twll, twitter_sess. <a href=\"https:\/\/twitter.com\/privacy\" target=\"_blank\" rel=\"noopener noreferrer\">Mere<\/a><\/p>\n<h4>Pinterest<\/h4>\n<p>Vi bruger cookies til at personligg\u00f8re din interaktion med Pinterest sociale netv\u00e6rk. Disse cookies har en gyldighed p\u00e5 45 \u00e5r. Et eksempel p\u00e5 cookies: component, _pinterest_sess_, viewParameter, element, csrftoken, viewType. <a href=\"https:\/\/about.pinterest.com\/privacy\/\" target=\"_blank\" rel=\"noopener noreferrer\">Mere<\/a><\/p>\n<h4>Gemius<\/h4>\n<p>Implementering af teknisk arbejdsm\u00e5ling MOSS og avanceret webstatistik. Tidsubegr\u00e6nset cookie. Et eksempel p\u00e5 cookies: Gdyn. <a href=\"https:\/\/gemius.com\/pl\/privacy_policy\" target=\"_blank\" rel=\"noopener noreferrer\">Mere<\/a><\/p>\n<h4>Double Click<\/h4>\n<p>DoubleClick bruger cookies til at forbedre annoncering. Nogle almindelige applikationer er at m\u00e5lrette annoncering baseret p\u00e5, hvad der er relevant for en bruger, for at forbedre rapportering om kampagneeffektivitet og for at undg\u00e5 at vise annoncer, som brugeren allerede har set. Disse cookies har en gyldighed p\u00e5 10 \u00e5r. Et eksempel p\u00e5 cookies: _drt_, id. <a href=\"https:\/\/support.google.com\/adsense\/answer\/2839090?hl=en\" target=\"_blank\" rel=\"noopener noreferrer\">Mere<\/a><\/p>\n<h3>Hvordan aktiverer eller deaktiverer man cookies?<\/h3>\n<p>De fleste moderne browsere giver dig mulighed for enten at acceptere eller afvise alle cookies, acceptere eller afvise bestemte typer cookies eller modtage en advarsel, n\u00e5r et websted \u00f8nsker at gemme en cookie p\u00e5 din enhed. Derudover kan du ogs\u00e5 slette de cookies, som browseren allerede har gemt p\u00e5 din enhed.<\/p>\n<p>Husk, at i tilf\u00e6lde af at du deaktiverer cookies, kan hjemmesidens funktionaliteter blive forringet, og meddelelsen om brugen af cookies vil dukke op hver gang du bes\u00f8ger siden, hvilket p\u00e5 l\u00e6ngere sigt vil p\u00e5virke din brugeroplevelse.<\/p>\n<p>\u00c6ndringen af cookie-indstillinger er forskellig i hver browser. Du kan finde detaljerede oplysninger ved at klikke p\u00e5 &#8220;Hj\u00e6lp&#8221;, bes\u00f8ge <a href=\"https:\/\/www.aboutcookies.org\/\" target=\"_blank\" rel=\"noopener noreferrer\">www.aboutcookies.org<\/a>, som giver oplysninger om \u00e6ndring af cookie-indstillinger i alle moderne browsere, eller kontakte os via <a href=\"mailto:cookies@av-studio.si\">e-mail<\/a>.<\/p>\n<h3>Behandling af personoplysninger, som du indtaster i formularerne p\u00e5 hjemmesiden og ved e-nyhedsabonnement<\/h3>\n<p>Data, som du indtaster i hjemmesideformularerne, bruges udelukkende til at levere beskeden (foresp\u00f8rgsel, booking, k\u00f8b osv.) eller den \u00f8nskede service. Dine data er beskyttet og videregives ikke til tredjeparter eller bruges til andre form\u00e5l end dem, der er beskrevet ovenfor.<\/p>\n<p>Ved at abonnere p\u00e5 e-nyheder accepterer du, at din e-mailadresse kan bruges til at informere dig om nye tjenester\/produkter. Du kan til enhver tid afmelde dig ved at klikke p\u00e5 afmeldingslinket i e-mailen.<\/p>\n<p>Google Analytics, DoubleClick og AddThis cookies kan deaktiveres ved at f\u00f8lge instruktionerne nedenfor:<\/p>\n<p><a href=\"https:\/\/tools.google.com\/dlpage\/gaoptout?hl=en\" target=\"_blank\" rel=\"noopener noreferrer\">Google Analytics<\/a><br \/>\n<a href=\"https:\/\/www.google.com\/policies\/technologies\/ads\/\" target=\"_blank\" rel=\"noopener noreferrer\">Double Click<\/a><br \/>\n<a href=\"https:\/\/www.addthis.com\/privacy\/opt-out-saved#.UbmBr6zDCZd\" target=\"_blank\" rel=\"noopener noreferrer\">AddThis<\/a><\/p>\n<p>For mere information om cookies, se <a href=\"https:\/\/ico.org.uk\/\" target=\"_blank\" rel=\"noopener noreferrer\">Information Commissioner&#8217;s Guidelines<\/a>.<\/p>\n","protected":false},"excerpt":{"rendered":"<p>Hvad er cookies? Cookies er sm\u00e5 tekstfiler, der indeholder information fra dit bes\u00f8g p\u00e5 hjemmesiden. Cookies letter og forenkler interaktionen mellem brugeren og hjemmesiden. De giver hjemmesiden mulighed for at huske den enkeltes pr\u00e6ferencer og aktivitet, hvorved der spares tid og bidrages til en mere effektiv og brugervenlig browsing-oplevelse. Den f\u00f8rste blandt de mange grunde&#8230;<\/p>\n","protected":false},"author":1,"featured_media":0,"parent":0,"menu_order":0,"comment_status":"closed","ping_status":"closed","template":"","meta":{"footnotes":""},"class_list":["post-32330","page","type-page","status-publish","hentry"],"yoast_head":"<!-- This site is optimized with the Yoast SEO plugin v27.1.1 - https:\/\/yoast.com\/product\/yoast-seo-wordpress\/ -->\n<title>Om cookies | Life Simplified<\/title>\n<meta name=\"robots\" content=\"index, follow, max-snippet:-1, max-image-preview:large, max-video-preview:-1\" \/>\n<link rel=\"canonical\" href=\"https:\/\/lifesimplified.gorenje.com\/dk\/om-cookies\/\" \/>\n<meta property=\"og:locale\" content=\"en_US\" \/>\n<meta property=\"og:type\" content=\"article\" \/>\n<meta property=\"og:title\" content=\"Om cookies | Life Simplified\" \/>\n<meta property=\"og:description\" content=\"Hvad er cookies? Cookies er sm\u00e5 tekstfiler, der indeholder information fra dit bes\u00f8g p\u00e5 hjemmesiden. Cookies letter og forenkler interaktionen mellem brugeren og hjemmesiden. De giver hjemmesiden mulighed for at huske den enkeltes pr\u00e6ferencer og aktivitet, hvorved der spares tid og bidrages til en mere effektiv og brugervenlig browsing-oplevelse. Den f\u00f8rste blandt de mange grunde...\" \/>\n<meta property=\"og:url\" content=\"https:\/\/lifesimplified.gorenje.com\/dk\/om-cookies\/\" \/>\n<meta property=\"og:site_name\" content=\"Life Simplified\" \/>\n<meta property=\"article:publisher\" content=\"https:\/\/www.facebook.com\/gorenje.SLO\/\" \/>\n<meta property=\"article:modified_time\" content=\"2022-02-13T20:35:09+00:00\" \/>\n<meta property=\"og:image\" content=\"https:\/\/lifesimplified.gorenje.com\/wp-content\/uploads\/2019\/12\/gorenje-life-simplified-blog-life-simplified-logo.jpg\" \/>\n\t<meta property=\"og:image:width\" content=\"2169\" \/>\n\t<meta property=\"og:image:height\" content=\"1223\" \/>\n\t<meta property=\"og:image:type\" content=\"image\/jpeg\" \/>\n<meta name=\"twitter:card\" content=\"summary_large_image\" \/>\n<meta name=\"twitter:label1\" content=\"Est. reading time\" \/>\n\t<meta name=\"twitter:data1\" content=\"5 minutes\" \/>\n<script type=\"application\/ld+json\" class=\"yoast-schema-graph\">{\"@context\":\"https:\/\/schema.org\",\"@graph\":[{\"@type\":\"WebPage\",\"@id\":\"https:\/\/lifesimplified.gorenje.com\/dk\/om-cookies\/\",\"url\":\"https:\/\/lifesimplified.gorenje.com\/dk\/om-cookies\/\",\"name\":\"Om cookies | Life Simplified\",\"isPartOf\":{\"@id\":\"https:\/\/lifesimplified.gorenje.com\/dk\/#website\"},\"datePublished\":\"2018-11-04T17:56:32+00:00\",\"dateModified\":\"2022-02-13T20:35:09+00:00\",\"breadcrumb\":{\"@id\":\"https:\/\/lifesimplified.gorenje.com\/dk\/om-cookies\/#breadcrumb\"},\"inLanguage\":\"dk-DK\",\"potentialAction\":[{\"@type\":\"ReadAction\",\"target\":[\"https:\/\/lifesimplified.gorenje.com\/dk\/om-cookies\/\"]}]},{\"@type\":\"BreadcrumbList\",\"@id\":\"https:\/\/lifesimplified.gorenje.com\/dk\/om-cookies\/#breadcrumb\",\"itemListElement\":[{\"@type\":\"ListItem\",\"position\":1,\"name\":\"Home\",\"item\":\"https:\/\/lifesimplified.gorenje.com\/dk\/home\/\"},{\"@type\":\"ListItem\",\"position\":2,\"name\":\"Om cookies\"}]},{\"@type\":\"WebSite\",\"@id\":\"https:\/\/lifesimplified.gorenje.com\/dk\/#website\",\"url\":\"https:\/\/lifesimplified.gorenje.com\/dk\/\",\"name\":\"Life Simplified\",\"description\":\"Life Simplified\",\"publisher\":{\"@id\":\"https:\/\/lifesimplified.gorenje.com\/dk\/#organization\"},\"potentialAction\":[{\"@type\":\"SearchAction\",\"target\":{\"@type\":\"EntryPoint\",\"urlTemplate\":\"https:\/\/lifesimplified.gorenje.com\/dk\/?s={search_term_string}\"},\"query-input\":{\"@type\":\"PropertyValueSpecification\",\"valueRequired\":true,\"valueName\":\"search_term_string\"}}],\"inLanguage\":\"dk-DK\"},{\"@type\":\"Organization\",\"@id\":\"https:\/\/lifesimplified.gorenje.com\/dk\/#organization\",\"name\":\"Gorenje\",\"url\":\"https:\/\/lifesimplified.gorenje.com\/dk\/\",\"logo\":{\"@type\":\"ImageObject\",\"inLanguage\":\"dk-DK\",\"@id\":\"https:\/\/lifesimplified.gorenje.com\/dk\/#\/schema\/logo\/image\/\",\"url\":\"https:\/\/lifesimplified.gorenje.com\/wp-content\/uploads\/2019\/12\/gorenje-life-simplified-blog-life-simplified-logo.jpg\",\"contentUrl\":\"https:\/\/lifesimplified.gorenje.com\/wp-content\/uploads\/2019\/12\/gorenje-life-simplified-blog-life-simplified-logo.jpg\",\"width\":2169,\"height\":1223,\"caption\":\"Gorenje\"},\"image\":{\"@id\":\"https:\/\/lifesimplified.gorenje.com\/dk\/#\/schema\/logo\/image\/\"},\"sameAs\":[\"https:\/\/www.facebook.com\/gorenje.SLO\/\",\"https:\/\/www.instagram.com\/gorenje_slovenija\/\",\"https:\/\/www.youtube.com\/user\/gorenjesi\"]}]}<\/script>\n<!-- \/ Yoast SEO plugin. -->","yoast_head_json":{"title":"Om cookies | Life Simplified","robots":{"index":"index","follow":"follow","max-snippet":"max-snippet:-1","max-image-preview":"max-image-preview:large","max-video-preview":"max-video-preview:-1"},"canonical":"https:\/\/lifesimplified.gorenje.com\/dk\/om-cookies\/","og_locale":"en_US","og_type":"article","og_title":"Om cookies | Life Simplified","og_description":"Hvad er cookies? Cookies er sm\u00e5 tekstfiler, der indeholder information fra dit bes\u00f8g p\u00e5 hjemmesiden. Cookies letter og forenkler interaktionen mellem brugeren og hjemmesiden. De giver hjemmesiden mulighed for at huske den enkeltes pr\u00e6ferencer og aktivitet, hvorved der spares tid og bidrages til en mere effektiv og brugervenlig browsing-oplevelse. Den f\u00f8rste blandt de mange grunde...","og_url":"https:\/\/lifesimplified.gorenje.com\/dk\/om-cookies\/","og_site_name":"Life Simplified","article_publisher":"https:\/\/www.facebook.com\/gorenje.SLO\/","article_modified_time":"2022-02-13T20:35:09+00:00","og_image":[{"width":2169,"height":1223,"url":"https:\/\/lifesimplified.gorenje.com\/wp-content\/uploads\/2019\/12\/gorenje-life-simplified-blog-life-simplified-logo.jpg","type":"image\/jpeg"}],"twitter_card":"summary_large_image","twitter_misc":{"Est. reading time":"5 minutes"},"schema":{"@context":"https:\/\/schema.org","@graph":[{"@type":"WebPage","@id":"https:\/\/lifesimplified.gorenje.com\/dk\/om-cookies\/","url":"https:\/\/lifesimplified.gorenje.com\/dk\/om-cookies\/","name":"Om cookies | Life Simplified","isPartOf":{"@id":"https:\/\/lifesimplified.gorenje.com\/dk\/#website"},"datePublished":"2018-11-04T17:56:32+00:00","dateModified":"2022-02-13T20:35:09+00:00","breadcrumb":{"@id":"https:\/\/lifesimplified.gorenje.com\/dk\/om-cookies\/#breadcrumb"},"inLanguage":"dk-DK","potentialAction":[{"@type":"ReadAction","target":["https:\/\/lifesimplified.gorenje.com\/dk\/om-cookies\/"]}]},{"@type":"BreadcrumbList","@id":"https:\/\/lifesimplified.gorenje.com\/dk\/om-cookies\/#breadcrumb","itemListElement":[{"@type":"ListItem","position":1,"name":"Home","item":"https:\/\/lifesimplified.gorenje.com\/dk\/home\/"},{"@type":"ListItem","position":2,"name":"Om cookies"}]},{"@type":"WebSite","@id":"https:\/\/lifesimplified.gorenje.com\/dk\/#website","url":"https:\/\/lifesimplified.gorenje.com\/dk\/","name":"Life Simplified","description":"Life Simplified","publisher":{"@id":"https:\/\/lifesimplified.gorenje.com\/dk\/#organization"},"potentialAction":[{"@type":"SearchAction","target":{"@type":"EntryPoint","urlTemplate":"https:\/\/lifesimplified.gorenje.com\/dk\/?s={search_term_string}"},"query-input":{"@type":"PropertyValueSpecification","valueRequired":true,"valueName":"search_term_string"}}],"inLanguage":"dk-DK"},{"@type":"Organization","@id":"https:\/\/lifesimplified.gorenje.com\/dk\/#organization","name":"Gorenje","url":"https:\/\/lifesimplified.gorenje.com\/dk\/","logo":{"@type":"ImageObject","inLanguage":"dk-DK","@id":"https:\/\/lifesimplified.gorenje.com\/dk\/#\/schema\/logo\/image\/","url":"https:\/\/lifesimplified.gorenje.com\/wp-content\/uploads\/2019\/12\/gorenje-life-simplified-blog-life-simplified-logo.jpg","contentUrl":"https:\/\/lifesimplified.gorenje.com\/wp-content\/uploads\/2019\/12\/gorenje-life-simplified-blog-life-simplified-logo.jpg","width":2169,"height":1223,"caption":"Gorenje"},"image":{"@id":"https:\/\/lifesimplified.gorenje.com\/dk\/#\/schema\/logo\/image\/"},"sameAs":["https:\/\/www.facebook.com\/gorenje.SLO\/","https:\/\/www.instagram.com\/gorenje_slovenija\/","https:\/\/www.youtube.com\/user\/gorenjesi"]}]}},"_links":{"self":[{"href":"https:\/\/lifesimplified.gorenje.com\/dk\/wp-json\/wp\/v2\/pages\/32330","targetHints":{"allow":["GET"]}}],"collection":[{"href":"https:\/\/lifesimplified.gorenje.com\/dk\/wp-json\/wp\/v2\/pages"}],"about":[{"href":"https:\/\/lifesimplified.gorenje.com\/dk\/wp-json\/wp\/v2\/types\/page"}],"author":[{"embeddable":true,"href":"https:\/\/lifesimplified.gorenje.com\/dk\/wp-json\/wp\/v2\/users\/1"}],"replies":[{"embeddable":true,"href":"https:\/\/lifesimplified.gorenje.com\/dk\/wp-json\/wp\/v2\/comments?post=32330"}],"version-history":[{"count":2,"href":"https:\/\/lifesimplified.gorenje.com\/dk\/wp-json\/wp\/v2\/pages\/32330\/revisions"}],"predecessor-version":[{"id":32332,"href":"https:\/\/lifesimplified.gorenje.com\/dk\/wp-json\/wp\/v2\/pages\/32330\/revisions\/32332"}],"wp:attachment":[{"href":"https:\/\/lifesimplified.gorenje.com\/dk\/wp-json\/wp\/v2\/media?parent=32330"}],"curies":[{"name":"wp","href":"https:\/\/api.w.org\/{rel}","templated":true}]}}