{"id":30379,"date":"2018-09-20T16:32:05","date_gmt":"2018-09-20T16:32:05","guid":{"rendered":"https:\/\/lifesimplified.gorenje.com\/story-of-life-simplified-with-gorenje-products\/"},"modified":"2022-02-02T14:24:53","modified_gmt":"2022-02-02T14:24:53","slug":"en-hyldest-til-et-forenklet-liv","status":"publish","type":"page","link":"https:\/\/lifesimplified.gorenje.com\/dk\/en-hyldest-til-et-forenklet-liv\/","title":{"rendered":"En hyldest til et forenklet liv"},"content":{"rendered":"<p>Vi br\u00e6nder for at reducere kompleksiteten i livet, s\u00e5 du kan gl\u00e6de dig over mere sorgl\u00f8se \u00f8jeblikke, der er autentiske og meningsfulde. Skabt af et f\u00e6llesskab af enkelheds-entusiaster, som leverer kreative ideer, inspirerende tanker og nyttige v\u00e6rkt\u00f8jer, s\u00e5 det kan blive det sted, du bes\u00f8ger, n\u00e5r du vil have hj\u00e6lp til at &#8216;designe det liv, du \u00f8nsker at leve&#8217;. <strong>Nyd enkelheden. Nyd livet.<\/strong><\/p>\n","protected":false},"excerpt":{"rendered":"<p>Vi br\u00e6nder for at reducere kompleksiteten i livet, s\u00e5 du kan gl\u00e6de dig over mere sorgl\u00f8se \u00f8jeblikke, der er autentiske og meningsfulde. Skabt af et f\u00e6llesskab af enkelheds-entusiaster, som leverer kreative ideer, inspirerende tanker og nyttige v\u00e6rkt\u00f8jer, s\u00e5 det kan blive det sted, du bes\u00f8ger, n\u00e5r du vil have hj\u00e6lp til at &#8216;designe det liv,&#8230;<\/p>\n","protected":false},"author":1,"featured_media":30381,"parent":0,"menu_order":0,"comment_status":"closed","ping_status":"closed","template":"","meta":{"footnotes":""},"class_list":["post-30379","page","type-page","status-publish","has-post-thumbnail","hentry","has-post-video"],"yoast_head":"<!-- This site is optimized with the Yoast SEO plugin v27.1.1 - https:\/\/yoast.com\/product\/yoast-seo-wordpress\/ -->\n<title>En hyldest til et forenklet liv | Life Simplified<\/title>\n<meta name=\"robots\" content=\"index, follow, max-snippet:-1, max-image-preview:large, max-video-preview:-1\" \/>\n<link rel=\"canonical\" href=\"https:\/\/lifesimplified.gorenje.com\/dk\/en-hyldest-til-et-forenklet-liv\/\" \/>\n<meta property=\"og:locale\" content=\"en_US\" \/>\n<meta property=\"og:type\" content=\"article\" \/>\n<meta property=\"og:title\" content=\"En hyldest til et forenklet liv | Life Simplified\" \/>\n<meta property=\"og:description\" content=\"Vi br\u00e6nder for at reducere kompleksiteten i livet, s\u00e5 du kan gl\u00e6de dig over mere sorgl\u00f8se \u00f8jeblikke, der er autentiske og meningsfulde. Skabt af et f\u00e6llesskab af enkelheds-entusiaster, som leverer kreative ideer, inspirerende tanker og nyttige v\u00e6rkt\u00f8jer, s\u00e5 det kan blive det sted, du bes\u00f8ger, n\u00e5r du vil have hj\u00e6lp til at &#8216;designe det liv,...\" \/>\n<meta property=\"og:url\" content=\"https:\/\/lifesimplified.gorenje.com\/dk\/en-hyldest-til-et-forenklet-liv\/\" \/>\n<meta property=\"og:site_name\" content=\"Life Simplified\" \/>\n<meta property=\"article:publisher\" content=\"https:\/\/www.facebook.com\/gorenje.SLO\/\" \/>\n<meta property=\"article:modified_time\" content=\"2022-02-02T14:24:53+00:00\" \/>\n<meta property=\"og:image\" content=\"https:\/\/lifesimplified.gorenje.com\/wp-content\/uploads\/2019\/04\/gorenje_life_simplified_smartflex_motherdaughter_making_bubbles.jpg\" \/>\n\t<meta property=\"og:image:width\" content=\"1800\" \/>\n\t<meta property=\"og:image:height\" content=\"1200\" \/>\n\t<meta property=\"og:image:type\" content=\"image\/jpeg\" \/>\n<meta name=\"twitter:card\" content=\"summary_large_image\" \/>\n<script type=\"application\/ld+json\" class=\"yoast-schema-graph\">{\"@context\":\"https:\/\/schema.org\",\"@graph\":[{\"@type\":\"WebPage\",\"@id\":\"https:\/\/lifesimplified.gorenje.com\/dk\/en-hyldest-til-et-forenklet-liv\/\",\"url\":\"https:\/\/lifesimplified.gorenje.com\/dk\/en-hyldest-til-et-forenklet-liv\/\",\"name\":\"En hyldest til et forenklet liv | Life Simplified\",\"isPartOf\":{\"@id\":\"https:\/\/lifesimplified.gorenje.com\/dk\/#website\"},\"primaryImageOfPage\":{\"@id\":\"https:\/\/lifesimplified.gorenje.com\/dk\/en-hyldest-til-et-forenklet-liv\/#primaryimage\"},\"image\":{\"@id\":\"https:\/\/lifesimplified.gorenje.com\/dk\/en-hyldest-til-et-forenklet-liv\/#primaryimage\"},\"thumbnailUrl\":\"https:\/\/lifesimplified.gorenje.com\/wp-content\/uploads\/2019\/04\/gorenje_life_simplified_smartflex_motherdaughter_making_bubbles.jpg\",\"datePublished\":\"2018-09-20T16:32:05+00:00\",\"dateModified\":\"2022-02-02T14:24:53+00:00\",\"breadcrumb\":{\"@id\":\"https:\/\/lifesimplified.gorenje.com\/dk\/en-hyldest-til-et-forenklet-liv\/#breadcrumb\"},\"inLanguage\":\"dk-DK\",\"potentialAction\":[{\"@type\":\"ReadAction\",\"target\":[\"https:\/\/lifesimplified.gorenje.com\/dk\/en-hyldest-til-et-forenklet-liv\/\"]}]},{\"@type\":\"ImageObject\",\"inLanguage\":\"dk-DK\",\"@id\":\"https:\/\/lifesimplified.gorenje.com\/dk\/en-hyldest-til-et-forenklet-liv\/#primaryimage\",\"url\":\"https:\/\/lifesimplified.gorenje.com\/wp-content\/uploads\/2019\/04\/gorenje_life_simplified_smartflex_motherdaughter_making_bubbles.jpg\",\"contentUrl\":\"https:\/\/lifesimplified.gorenje.com\/wp-content\/uploads\/2019\/04\/gorenje_life_simplified_smartflex_motherdaughter_making_bubbles.jpg\",\"width\":1800,\"height\":1200},{\"@type\":\"BreadcrumbList\",\"@id\":\"https:\/\/lifesimplified.gorenje.com\/dk\/en-hyldest-til-et-forenklet-liv\/#breadcrumb\",\"itemListElement\":[{\"@type\":\"ListItem\",\"position\":1,\"name\":\"Home\",\"item\":\"https:\/\/lifesimplified.gorenje.com\/dk\/home\/\"},{\"@type\":\"ListItem\",\"position\":2,\"name\":\"En hyldest til et forenklet liv\"}]},{\"@type\":\"WebSite\",\"@id\":\"https:\/\/lifesimplified.gorenje.com\/dk\/#website\",\"url\":\"https:\/\/lifesimplified.gorenje.com\/dk\/\",\"name\":\"Life Simplified\",\"description\":\"Life Simplified\",\"publisher\":{\"@id\":\"https:\/\/lifesimplified.gorenje.com\/dk\/#organization\"},\"potentialAction\":[{\"@type\":\"SearchAction\",\"target\":{\"@type\":\"EntryPoint\",\"urlTemplate\":\"https:\/\/lifesimplified.gorenje.com\/dk\/?s={search_term_string}\"},\"query-input\":{\"@type\":\"PropertyValueSpecification\",\"valueRequired\":true,\"valueName\":\"search_term_string\"}}],\"inLanguage\":\"dk-DK\"},{\"@type\":\"Organization\",\"@id\":\"https:\/\/lifesimplified.gorenje.com\/dk\/#organization\",\"name\":\"Gorenje\",\"url\":\"https:\/\/lifesimplified.gorenje.com\/dk\/\",\"logo\":{\"@type\":\"ImageObject\",\"inLanguage\":\"dk-DK\",\"@id\":\"https:\/\/lifesimplified.gorenje.com\/dk\/#\/schema\/logo\/image\/\",\"url\":\"https:\/\/lifesimplified.gorenje.com\/wp-content\/uploads\/2019\/12\/gorenje-life-simplified-blog-life-simplified-logo.jpg\",\"contentUrl\":\"https:\/\/lifesimplified.gorenje.com\/wp-content\/uploads\/2019\/12\/gorenje-life-simplified-blog-life-simplified-logo.jpg\",\"width\":2169,\"height\":1223,\"caption\":\"Gorenje\"},\"image\":{\"@id\":\"https:\/\/lifesimplified.gorenje.com\/dk\/#\/schema\/logo\/image\/\"},\"sameAs\":[\"https:\/\/www.facebook.com\/gorenje.SLO\/\",\"https:\/\/www.instagram.com\/gorenje_slovenija\/\",\"https:\/\/www.youtube.com\/user\/gorenjesi\"]}]}<\/script>\n<!-- \/ Yoast SEO plugin. -->","yoast_head_json":{"title":"En hyldest til et forenklet liv | Life Simplified","robots":{"index":"index","follow":"follow","max-snippet":"max-snippet:-1","max-image-preview":"max-image-preview:large","max-video-preview":"max-video-preview:-1"},"canonical":"https:\/\/lifesimplified.gorenje.com\/dk\/en-hyldest-til-et-forenklet-liv\/","og_locale":"en_US","og_type":"article","og_title":"En hyldest til et forenklet liv | Life Simplified","og_description":"Vi br\u00e6nder for at reducere kompleksiteten i livet, s\u00e5 du kan gl\u00e6de dig over mere sorgl\u00f8se \u00f8jeblikke, der er autentiske og meningsfulde. Skabt af et f\u00e6llesskab af enkelheds-entusiaster, som leverer kreative ideer, inspirerende tanker og nyttige v\u00e6rkt\u00f8jer, s\u00e5 det kan blive det sted, du bes\u00f8ger, n\u00e5r du vil have hj\u00e6lp til at &#8216;designe det liv,...","og_url":"https:\/\/lifesimplified.gorenje.com\/dk\/en-hyldest-til-et-forenklet-liv\/","og_site_name":"Life Simplified","article_publisher":"https:\/\/www.facebook.com\/gorenje.SLO\/","article_modified_time":"2022-02-02T14:24:53+00:00","og_image":[{"width":1800,"height":1200,"url":"https:\/\/lifesimplified.gorenje.com\/wp-content\/uploads\/2019\/04\/gorenje_life_simplified_smartflex_motherdaughter_making_bubbles.jpg","type":"image\/jpeg"}],"twitter_card":"summary_large_image","schema":{"@context":"https:\/\/schema.org","@graph":[{"@type":"WebPage","@id":"https:\/\/lifesimplified.gorenje.com\/dk\/en-hyldest-til-et-forenklet-liv\/","url":"https:\/\/lifesimplified.gorenje.com\/dk\/en-hyldest-til-et-forenklet-liv\/","name":"En hyldest til et forenklet liv | Life Simplified","isPartOf":{"@id":"https:\/\/lifesimplified.gorenje.com\/dk\/#website"},"primaryImageOfPage":{"@id":"https:\/\/lifesimplified.gorenje.com\/dk\/en-hyldest-til-et-forenklet-liv\/#primaryimage"},"image":{"@id":"https:\/\/lifesimplified.gorenje.com\/dk\/en-hyldest-til-et-forenklet-liv\/#primaryimage"},"thumbnailUrl":"https:\/\/lifesimplified.gorenje.com\/wp-content\/uploads\/2019\/04\/gorenje_life_simplified_smartflex_motherdaughter_making_bubbles.jpg","datePublished":"2018-09-20T16:32:05+00:00","dateModified":"2022-02-02T14:24:53+00:00","breadcrumb":{"@id":"https:\/\/lifesimplified.gorenje.com\/dk\/en-hyldest-til-et-forenklet-liv\/#breadcrumb"},"inLanguage":"dk-DK","potentialAction":[{"@type":"ReadAction","target":["https:\/\/lifesimplified.gorenje.com\/dk\/en-hyldest-til-et-forenklet-liv\/"]}]},{"@type":"ImageObject","inLanguage":"dk-DK","@id":"https:\/\/lifesimplified.gorenje.com\/dk\/en-hyldest-til-et-forenklet-liv\/#primaryimage","url":"https:\/\/lifesimplified.gorenje.com\/wp-content\/uploads\/2019\/04\/gorenje_life_simplified_smartflex_motherdaughter_making_bubbles.jpg","contentUrl":"https:\/\/lifesimplified.gorenje.com\/wp-content\/uploads\/2019\/04\/gorenje_life_simplified_smartflex_motherdaughter_making_bubbles.jpg","width":1800,"height":1200},{"@type":"BreadcrumbList","@id":"https:\/\/lifesimplified.gorenje.com\/dk\/en-hyldest-til-et-forenklet-liv\/#breadcrumb","itemListElement":[{"@type":"ListItem","position":1,"name":"Home","item":"https:\/\/lifesimplified.gorenje.com\/dk\/home\/"},{"@type":"ListItem","position":2,"name":"En hyldest til et forenklet liv"}]},{"@type":"WebSite","@id":"https:\/\/lifesimplified.gorenje.com\/dk\/#website","url":"https:\/\/lifesimplified.gorenje.com\/dk\/","name":"Life Simplified","description":"Life Simplified","publisher":{"@id":"https:\/\/lifesimplified.gorenje.com\/dk\/#organization"},"potentialAction":[{"@type":"SearchAction","target":{"@type":"EntryPoint","urlTemplate":"https:\/\/lifesimplified.gorenje.com\/dk\/?s={search_term_string}"},"query-input":{"@type":"PropertyValueSpecification","valueRequired":true,"valueName":"search_term_string"}}],"inLanguage":"dk-DK"},{"@type":"Organization","@id":"https:\/\/lifesimplified.gorenje.com\/dk\/#organization","name":"Gorenje","url":"https:\/\/lifesimplified.gorenje.com\/dk\/","logo":{"@type":"ImageObject","inLanguage":"dk-DK","@id":"https:\/\/lifesimplified.gorenje.com\/dk\/#\/schema\/logo\/image\/","url":"https:\/\/lifesimplified.gorenje.com\/wp-content\/uploads\/2019\/12\/gorenje-life-simplified-blog-life-simplified-logo.jpg","contentUrl":"https:\/\/lifesimplified.gorenje.com\/wp-content\/uploads\/2019\/12\/gorenje-life-simplified-blog-life-simplified-logo.jpg","width":2169,"height":1223,"caption":"Gorenje"},"image":{"@id":"https:\/\/lifesimplified.gorenje.com\/dk\/#\/schema\/logo\/image\/"},"sameAs":["https:\/\/www.facebook.com\/gorenje.SLO\/","https:\/\/www.instagram.com\/gorenje_slovenija\/","https:\/\/www.youtube.com\/user\/gorenjesi"]}]}},"_links":{"self":[{"href":"https:\/\/lifesimplified.gorenje.com\/dk\/wp-json\/wp\/v2\/pages\/30379","targetHints":{"allow":["GET"]}}],"collection":[{"href":"https:\/\/lifesimplified.gorenje.com\/dk\/wp-json\/wp\/v2\/pages"}],"about":[{"href":"https:\/\/lifesimplified.gorenje.com\/dk\/wp-json\/wp\/v2\/types\/page"}],"author":[{"embeddable":true,"href":"https:\/\/lifesimplified.gorenje.com\/dk\/wp-json\/wp\/v2\/users\/1"}],"replies":[{"embeddable":true,"href":"https:\/\/lifesimplified.gorenje.com\/dk\/wp-json\/wp\/v2\/comments?post=30379"}],"version-history":[{"count":1,"href":"https:\/\/lifesimplified.gorenje.com\/dk\/wp-json\/wp\/v2\/pages\/30379\/revisions"}],"predecessor-version":[{"id":30382,"href":"https:\/\/lifesimplified.gorenje.com\/dk\/wp-json\/wp\/v2\/pages\/30379\/revisions\/30382"}],"wp:featuredmedia":[{"embeddable":true,"href":"https:\/\/lifesimplified.gorenje.com\/dk\/wp-json\/wp\/v2\/media\/30381"}],"wp:attachment":[{"href":"https:\/\/lifesimplified.gorenje.com\/dk\/wp-json\/wp\/v2\/media?parent=30379"}],"curies":[{"name":"wp","href":"https:\/\/api.w.org\/{rel}","templated":true}]}}