{"id":30376,"date":"2018-11-04T18:51:54","date_gmt":"2018-11-04T18:51:54","guid":{"rendered":"https:\/\/lifesimplified.gorenje.com\/about-life-simplified-blog\/"},"modified":"2022-02-02T14:23:19","modified_gmt":"2022-02-02T14:23:19","slug":"about-life-simplified-blog","status":"publish","type":"page","link":"https:\/\/lifesimplified.gorenje.com\/dk\/about-life-simplified-blog\/","title":{"rendered":"Life simplified blog"},"content":{"rendered":"<p>Gorenje er mere end husholdningsapparater. Som brand lever vi i hjertet af hjemmet og dagligdagen derhjemme. Derfor er vores mission at spille en afg\u00f8rende rolle i at g\u00f8re hverdagen og g\u00f8rem\u00e5lene, der f\u00f8lger med, lidt nemmere, mindre komplicerede og mere behagelige. Vi tror p\u00e5, at enhver innovation, vi leverer, skal have et forenklingsform\u00e5l, for at g\u00f8re de st\u00f8rste livsbegivenheder eller de mindste hverdags\u00f8jeblikke enklere og endnu sk\u00f8nnere.<\/p>\n<p>Bloggen om det forenklede liv giver tips &#038; tricks, opskrifter og indretningsinspiration til alle, der har brug for lidt ekstra enkelhed i deres liv. Hvis du s\u00f8ger at skabe mere tid og pusterum i din dagligdag, er du kommet til det rigtige sted. Vi ved, at mindre ofte kan v\u00e6re mere, men hos os handler det ikke om minimalisme. Hos os handler det om balance. Om de sm\u00e5 \u00e6ndringer, der giver de st\u00f8rste resultater: en velsmagende middag, en l\u00e6kker skjorte, et hyggeligt hjem, en glad familie.<\/p>\n<p><strong>Nyd enkelheden. Nyd livet.<\/strong><\/p>\n","protected":false},"excerpt":{"rendered":"<p>Gorenje er mere end husholdningsapparater. Som brand lever vi i hjertet af hjemmet og dagligdagen derhjemme. Derfor er vores mission at spille en afg\u00f8rende rolle i at g\u00f8re hverdagen og g\u00f8rem\u00e5lene, der f\u00f8lger med, lidt nemmere, mindre komplicerede og mere behagelige. Vi tror p\u00e5, at enhver innovation, vi leverer, skal have et forenklingsform\u00e5l, for at&#8230;<\/p>\n","protected":false},"author":1,"featured_media":0,"parent":0,"menu_order":0,"comment_status":"closed","ping_status":"closed","template":"","meta":{"footnotes":""},"class_list":["post-30376","page","type-page","status-publish","hentry"],"yoast_head":"<!-- This site is optimized with the Yoast SEO plugin v27.1.1 - https:\/\/yoast.com\/product\/yoast-seo-wordpress\/ -->\n<title>Life simplified blog | Life Simplified<\/title>\n<meta name=\"robots\" content=\"index, follow, max-snippet:-1, max-image-preview:large, max-video-preview:-1\" \/>\n<link rel=\"canonical\" href=\"https:\/\/lifesimplified.gorenje.com\/dk\/about-life-simplified-blog\/\" \/>\n<meta property=\"og:locale\" content=\"en_US\" \/>\n<meta property=\"og:type\" content=\"article\" \/>\n<meta property=\"og:title\" content=\"Life simplified blog | Life Simplified\" \/>\n<meta property=\"og:description\" content=\"Gorenje er mere end husholdningsapparater. Som brand lever vi i hjertet af hjemmet og dagligdagen derhjemme. Derfor er vores mission at spille en afg\u00f8rende rolle i at g\u00f8re hverdagen og g\u00f8rem\u00e5lene, der f\u00f8lger med, lidt nemmere, mindre komplicerede og mere behagelige. Vi tror p\u00e5, at enhver innovation, vi leverer, skal have et forenklingsform\u00e5l, for at...\" \/>\n<meta property=\"og:url\" content=\"https:\/\/lifesimplified.gorenje.com\/dk\/about-life-simplified-blog\/\" \/>\n<meta property=\"og:site_name\" content=\"Life Simplified\" \/>\n<meta property=\"article:publisher\" content=\"https:\/\/www.facebook.com\/gorenje.SLO\/\" \/>\n<meta property=\"article:modified_time\" content=\"2022-02-02T14:23:19+00:00\" \/>\n<meta property=\"og:image\" content=\"https:\/\/lifesimplified.gorenje.com\/wp-content\/uploads\/2019\/12\/gorenje-life-simplified-blog-life-simplified-logo.jpg\" \/>\n\t<meta property=\"og:image:width\" content=\"2169\" \/>\n\t<meta property=\"og:image:height\" content=\"1223\" \/>\n\t<meta property=\"og:image:type\" content=\"image\/jpeg\" \/>\n<meta name=\"twitter:card\" content=\"summary_large_image\" \/>\n<meta name=\"twitter:label1\" content=\"Est. reading time\" \/>\n\t<meta name=\"twitter:data1\" content=\"1 minute\" \/>\n<script type=\"application\/ld+json\" class=\"yoast-schema-graph\">{\"@context\":\"https:\/\/schema.org\",\"@graph\":[{\"@type\":\"WebPage\",\"@id\":\"https:\/\/lifesimplified.gorenje.com\/dk\/about-life-simplified-blog\/\",\"url\":\"https:\/\/lifesimplified.gorenje.com\/dk\/about-life-simplified-blog\/\",\"name\":\"Life simplified blog | Life Simplified\",\"isPartOf\":{\"@id\":\"https:\/\/lifesimplified.gorenje.com\/dk\/#website\"},\"datePublished\":\"2018-11-04T18:51:54+00:00\",\"dateModified\":\"2022-02-02T14:23:19+00:00\",\"breadcrumb\":{\"@id\":\"https:\/\/lifesimplified.gorenje.com\/dk\/about-life-simplified-blog\/#breadcrumb\"},\"inLanguage\":\"dk-DK\",\"potentialAction\":[{\"@type\":\"ReadAction\",\"target\":[\"https:\/\/lifesimplified.gorenje.com\/dk\/about-life-simplified-blog\/\"]}]},{\"@type\":\"BreadcrumbList\",\"@id\":\"https:\/\/lifesimplified.gorenje.com\/dk\/about-life-simplified-blog\/#breadcrumb\",\"itemListElement\":[{\"@type\":\"ListItem\",\"position\":1,\"name\":\"Home\",\"item\":\"https:\/\/lifesimplified.gorenje.com\/dk\/home\/\"},{\"@type\":\"ListItem\",\"position\":2,\"name\":\"Life simplified blog\"}]},{\"@type\":\"WebSite\",\"@id\":\"https:\/\/lifesimplified.gorenje.com\/dk\/#website\",\"url\":\"https:\/\/lifesimplified.gorenje.com\/dk\/\",\"name\":\"Life Simplified\",\"description\":\"Life Simplified\",\"publisher\":{\"@id\":\"https:\/\/lifesimplified.gorenje.com\/dk\/#organization\"},\"potentialAction\":[{\"@type\":\"SearchAction\",\"target\":{\"@type\":\"EntryPoint\",\"urlTemplate\":\"https:\/\/lifesimplified.gorenje.com\/dk\/?s={search_term_string}\"},\"query-input\":{\"@type\":\"PropertyValueSpecification\",\"valueRequired\":true,\"valueName\":\"search_term_string\"}}],\"inLanguage\":\"dk-DK\"},{\"@type\":\"Organization\",\"@id\":\"https:\/\/lifesimplified.gorenje.com\/dk\/#organization\",\"name\":\"Gorenje\",\"url\":\"https:\/\/lifesimplified.gorenje.com\/dk\/\",\"logo\":{\"@type\":\"ImageObject\",\"inLanguage\":\"dk-DK\",\"@id\":\"https:\/\/lifesimplified.gorenje.com\/dk\/#\/schema\/logo\/image\/\",\"url\":\"https:\/\/lifesimplified.gorenje.com\/wp-content\/uploads\/2019\/12\/gorenje-life-simplified-blog-life-simplified-logo.jpg\",\"contentUrl\":\"https:\/\/lifesimplified.gorenje.com\/wp-content\/uploads\/2019\/12\/gorenje-life-simplified-blog-life-simplified-logo.jpg\",\"width\":2169,\"height\":1223,\"caption\":\"Gorenje\"},\"image\":{\"@id\":\"https:\/\/lifesimplified.gorenje.com\/dk\/#\/schema\/logo\/image\/\"},\"sameAs\":[\"https:\/\/www.facebook.com\/gorenje.SLO\/\",\"https:\/\/www.instagram.com\/gorenje_slovenija\/\",\"https:\/\/www.youtube.com\/user\/gorenjesi\"]}]}<\/script>\n<!-- \/ Yoast SEO plugin. -->","yoast_head_json":{"title":"Life simplified blog | Life Simplified","robots":{"index":"index","follow":"follow","max-snippet":"max-snippet:-1","max-image-preview":"max-image-preview:large","max-video-preview":"max-video-preview:-1"},"canonical":"https:\/\/lifesimplified.gorenje.com\/dk\/about-life-simplified-blog\/","og_locale":"en_US","og_type":"article","og_title":"Life simplified blog | Life Simplified","og_description":"Gorenje er mere end husholdningsapparater. Som brand lever vi i hjertet af hjemmet og dagligdagen derhjemme. Derfor er vores mission at spille en afg\u00f8rende rolle i at g\u00f8re hverdagen og g\u00f8rem\u00e5lene, der f\u00f8lger med, lidt nemmere, mindre komplicerede og mere behagelige. Vi tror p\u00e5, at enhver innovation, vi leverer, skal have et forenklingsform\u00e5l, for at...","og_url":"https:\/\/lifesimplified.gorenje.com\/dk\/about-life-simplified-blog\/","og_site_name":"Life Simplified","article_publisher":"https:\/\/www.facebook.com\/gorenje.SLO\/","article_modified_time":"2022-02-02T14:23:19+00:00","og_image":[{"width":2169,"height":1223,"url":"https:\/\/lifesimplified.gorenje.com\/wp-content\/uploads\/2019\/12\/gorenje-life-simplified-blog-life-simplified-logo.jpg","type":"image\/jpeg"}],"twitter_card":"summary_large_image","twitter_misc":{"Est. reading time":"1 minute"},"schema":{"@context":"https:\/\/schema.org","@graph":[{"@type":"WebPage","@id":"https:\/\/lifesimplified.gorenje.com\/dk\/about-life-simplified-blog\/","url":"https:\/\/lifesimplified.gorenje.com\/dk\/about-life-simplified-blog\/","name":"Life simplified blog | Life Simplified","isPartOf":{"@id":"https:\/\/lifesimplified.gorenje.com\/dk\/#website"},"datePublished":"2018-11-04T18:51:54+00:00","dateModified":"2022-02-02T14:23:19+00:00","breadcrumb":{"@id":"https:\/\/lifesimplified.gorenje.com\/dk\/about-life-simplified-blog\/#breadcrumb"},"inLanguage":"dk-DK","potentialAction":[{"@type":"ReadAction","target":["https:\/\/lifesimplified.gorenje.com\/dk\/about-life-simplified-blog\/"]}]},{"@type":"BreadcrumbList","@id":"https:\/\/lifesimplified.gorenje.com\/dk\/about-life-simplified-blog\/#breadcrumb","itemListElement":[{"@type":"ListItem","position":1,"name":"Home","item":"https:\/\/lifesimplified.gorenje.com\/dk\/home\/"},{"@type":"ListItem","position":2,"name":"Life simplified blog"}]},{"@type":"WebSite","@id":"https:\/\/lifesimplified.gorenje.com\/dk\/#website","url":"https:\/\/lifesimplified.gorenje.com\/dk\/","name":"Life Simplified","description":"Life Simplified","publisher":{"@id":"https:\/\/lifesimplified.gorenje.com\/dk\/#organization"},"potentialAction":[{"@type":"SearchAction","target":{"@type":"EntryPoint","urlTemplate":"https:\/\/lifesimplified.gorenje.com\/dk\/?s={search_term_string}"},"query-input":{"@type":"PropertyValueSpecification","valueRequired":true,"valueName":"search_term_string"}}],"inLanguage":"dk-DK"},{"@type":"Organization","@id":"https:\/\/lifesimplified.gorenje.com\/dk\/#organization","name":"Gorenje","url":"https:\/\/lifesimplified.gorenje.com\/dk\/","logo":{"@type":"ImageObject","inLanguage":"dk-DK","@id":"https:\/\/lifesimplified.gorenje.com\/dk\/#\/schema\/logo\/image\/","url":"https:\/\/lifesimplified.gorenje.com\/wp-content\/uploads\/2019\/12\/gorenje-life-simplified-blog-life-simplified-logo.jpg","contentUrl":"https:\/\/lifesimplified.gorenje.com\/wp-content\/uploads\/2019\/12\/gorenje-life-simplified-blog-life-simplified-logo.jpg","width":2169,"height":1223,"caption":"Gorenje"},"image":{"@id":"https:\/\/lifesimplified.gorenje.com\/dk\/#\/schema\/logo\/image\/"},"sameAs":["https:\/\/www.facebook.com\/gorenje.SLO\/","https:\/\/www.instagram.com\/gorenje_slovenija\/","https:\/\/www.youtube.com\/user\/gorenjesi"]}]}},"_links":{"self":[{"href":"https:\/\/lifesimplified.gorenje.com\/dk\/wp-json\/wp\/v2\/pages\/30376","targetHints":{"allow":["GET"]}}],"collection":[{"href":"https:\/\/lifesimplified.gorenje.com\/dk\/wp-json\/wp\/v2\/pages"}],"about":[{"href":"https:\/\/lifesimplified.gorenje.com\/dk\/wp-json\/wp\/v2\/types\/page"}],"author":[{"embeddable":true,"href":"https:\/\/lifesimplified.gorenje.com\/dk\/wp-json\/wp\/v2\/users\/1"}],"replies":[{"embeddable":true,"href":"https:\/\/lifesimplified.gorenje.com\/dk\/wp-json\/wp\/v2\/comments?post=30376"}],"version-history":[{"count":1,"href":"https:\/\/lifesimplified.gorenje.com\/dk\/wp-json\/wp\/v2\/pages\/30376\/revisions"}],"predecessor-version":[{"id":30377,"href":"https:\/\/lifesimplified.gorenje.com\/dk\/wp-json\/wp\/v2\/pages\/30376\/revisions\/30377"}],"wp:attachment":[{"href":"https:\/\/lifesimplified.gorenje.com\/dk\/wp-json\/wp\/v2\/media?parent=30376"}],"curies":[{"name":"wp","href":"https:\/\/api.w.org\/{rel}","templated":true}]}}