{"id":86809,"date":"2026-01-14T12:38:56","date_gmt":"2026-01-14T12:38:56","guid":{"rendered":"https:\/\/lifesimplified.gorenje.com\/?page_id=86809"},"modified":"2026-01-14T12:38:56","modified_gmt":"2026-01-14T12:38:56","slug":"impressum","status":"publish","type":"page","link":"https:\/\/lifesimplified.gorenje.com\/de\/impressum\/","title":{"rendered":"Impressum"},"content":{"rendered":"<p>Adresse:<br \/>\nHisense Gorenje Germany GmbH<br \/>\nParkring 31<br \/>\n85748 Garching<\/p>\n<p>Telefon: 089 50 20 70<br \/>\nFax: 089 502 07 100<br \/>\nEmail: <a href=\"mailto:info@gorenje.de\">info@gorenje.de<\/a><\/p>\n<p>Gesch\u00e4ftsf\u00fchrung: Lu Hou<\/p>\n<p>Sitz der Gesellschaft: M\u00fcnchen<br \/>\nRegistergericht Amtsgericht M\u00fcnchen: HRB Nr. 43826<br \/>\nSteuernummer ID: DE 129 36 12 53<br \/>\nWEEE-Reg.-Nr.: DE 24996010<\/p>\n<p>Angaben nach 5 Teledienstgesetz (TMG)<\/p>\n","protected":false},"excerpt":{"rendered":"<p>Adresse: Hisense Gorenje Germany GmbH Parkring 31 85748 Garching Telefon: 089 50 20 70 Fax: 089 502 07 100 Email: info@gorenje.de Gesch\u00e4ftsf\u00fchrung: Lu Hou Sitz der Gesellschaft: M\u00fcnchen Registergericht Amtsgericht M\u00fcnchen: HRB Nr. 43826 Steuernummer ID: DE 129 36 12 53 WEEE-Reg.-Nr.: DE 24996010 Angaben nach 5 Teledienstgesetz (TMG)<\/p>\n","protected":false},"author":3,"featured_media":0,"parent":0,"menu_order":0,"comment_status":"closed","ping_status":"closed","template":"","meta":{"footnotes":""},"class_list":["post-86809","page","type-page","status-publish","hentry"],"yoast_head":"<!-- This site is optimized with the Yoast SEO plugin v27.1.1 - https:\/\/yoast.com\/product\/yoast-seo-wordpress\/ -->\n<title>Impressum | Life Simplified<\/title>\n<meta name=\"robots\" content=\"index, follow, max-snippet:-1, max-image-preview:large, max-video-preview:-1\" \/>\n<link rel=\"canonical\" href=\"https:\/\/lifesimplified.gorenje.com\/de\/impressum\/\" \/>\n<meta property=\"og:locale\" content=\"de_DE\" \/>\n<meta property=\"og:type\" content=\"article\" \/>\n<meta property=\"og:title\" content=\"Impressum | Life Simplified\" \/>\n<meta property=\"og:description\" content=\"Adresse: Hisense Gorenje Germany GmbH Parkring 31 85748 Garching Telefon: 089 50 20 70 Fax: 089 502 07 100 Email: info@gorenje.de Gesch\u00e4ftsf\u00fchrung: Lu Hou Sitz der Gesellschaft: M\u00fcnchen Registergericht Amtsgericht M\u00fcnchen: HRB Nr. 43826 Steuernummer ID: DE 129 36 12 53 WEEE-Reg.-Nr.: DE 24996010 Angaben nach 5 Teledienstgesetz (TMG)\" \/>\n<meta property=\"og:url\" content=\"https:\/\/lifesimplified.gorenje.com\/de\/impressum\/\" \/>\n<meta property=\"og:site_name\" content=\"Life Simplified\" \/>\n<meta property=\"article:publisher\" content=\"https:\/\/www.facebook.com\/gorenje.SLO\/\" \/>\n<meta property=\"og:image\" content=\"https:\/\/lifesimplified.gorenje.com\/wp-content\/uploads\/2019\/12\/gorenje-life-simplified-blog-life-simplified-logo.jpg\" \/>\n\t<meta property=\"og:image:width\" content=\"2169\" \/>\n\t<meta property=\"og:image:height\" content=\"1223\" \/>\n\t<meta property=\"og:image:type\" content=\"image\/jpeg\" \/>\n<meta name=\"twitter:card\" content=\"summary_large_image\" \/>\n<meta name=\"twitter:label1\" content=\"Gesch\u00e4tzte Lesezeit\" \/>\n\t<meta name=\"twitter:data1\" content=\"1\u00a0Minute\" \/>\n<script type=\"application\/ld+json\" class=\"yoast-schema-graph\">{\"@context\":\"https:\/\/schema.org\",\"@graph\":[{\"@type\":\"WebPage\",\"@id\":\"https:\/\/lifesimplified.gorenje.com\/de\/impressum\/\",\"url\":\"https:\/\/lifesimplified.gorenje.com\/de\/impressum\/\",\"name\":\"Impressum | Life Simplified\",\"isPartOf\":{\"@id\":\"https:\/\/lifesimplified.gorenje.com\/de\/#website\"},\"datePublished\":\"2026-01-14T12:38:56+00:00\",\"breadcrumb\":{\"@id\":\"https:\/\/lifesimplified.gorenje.com\/de\/impressum\/#breadcrumb\"},\"inLanguage\":\"de\",\"potentialAction\":[{\"@type\":\"ReadAction\",\"target\":[\"https:\/\/lifesimplified.gorenje.com\/de\/impressum\/\"]}]},{\"@type\":\"BreadcrumbList\",\"@id\":\"https:\/\/lifesimplified.gorenje.com\/de\/impressum\/#breadcrumb\",\"itemListElement\":[{\"@type\":\"ListItem\",\"position\":1,\"name\":\"Home\",\"item\":\"https:\/\/lifesimplified.gorenje.com\/de\/home\/\"},{\"@type\":\"ListItem\",\"position\":2,\"name\":\"Impressum\"}]},{\"@type\":\"WebSite\",\"@id\":\"https:\/\/lifesimplified.gorenje.com\/de\/#website\",\"url\":\"https:\/\/lifesimplified.gorenje.com\/de\/\",\"name\":\"Life Simplified\",\"description\":\"Erleben Sie Einfachheit\",\"publisher\":{\"@id\":\"https:\/\/lifesimplified.gorenje.com\/de\/#organization\"},\"potentialAction\":[{\"@type\":\"SearchAction\",\"target\":{\"@type\":\"EntryPoint\",\"urlTemplate\":\"https:\/\/lifesimplified.gorenje.com\/de\/?s={search_term_string}\"},\"query-input\":{\"@type\":\"PropertyValueSpecification\",\"valueRequired\":true,\"valueName\":\"search_term_string\"}}],\"inLanguage\":\"de\"},{\"@type\":\"Organization\",\"@id\":\"https:\/\/lifesimplified.gorenje.com\/de\/#organization\",\"name\":\"Gorenje\",\"url\":\"https:\/\/lifesimplified.gorenje.com\/de\/\",\"logo\":{\"@type\":\"ImageObject\",\"inLanguage\":\"de\",\"@id\":\"https:\/\/lifesimplified.gorenje.com\/de\/#\/schema\/logo\/image\/\",\"url\":\"https:\/\/lifesimplified.gorenje.com\/wp-content\/uploads\/2019\/12\/gorenje-life-simplified-blog-life-simplified-logo.jpg\",\"contentUrl\":\"https:\/\/lifesimplified.gorenje.com\/wp-content\/uploads\/2019\/12\/gorenje-life-simplified-blog-life-simplified-logo.jpg\",\"width\":2169,\"height\":1223,\"caption\":\"Gorenje\"},\"image\":{\"@id\":\"https:\/\/lifesimplified.gorenje.com\/de\/#\/schema\/logo\/image\/\"},\"sameAs\":[\"https:\/\/www.facebook.com\/gorenje.SLO\/\",\"https:\/\/www.instagram.com\/gorenje_slovenija\/\",\"https:\/\/www.youtube.com\/user\/gorenjesi\"]}]}<\/script>\n<!-- \/ Yoast SEO plugin. -->","yoast_head_json":{"title":"Impressum | Life Simplified","robots":{"index":"index","follow":"follow","max-snippet":"max-snippet:-1","max-image-preview":"max-image-preview:large","max-video-preview":"max-video-preview:-1"},"canonical":"https:\/\/lifesimplified.gorenje.com\/de\/impressum\/","og_locale":"de_DE","og_type":"article","og_title":"Impressum | Life Simplified","og_description":"Adresse: Hisense Gorenje Germany GmbH Parkring 31 85748 Garching Telefon: 089 50 20 70 Fax: 089 502 07 100 Email: info@gorenje.de Gesch\u00e4ftsf\u00fchrung: Lu Hou Sitz der Gesellschaft: M\u00fcnchen Registergericht Amtsgericht M\u00fcnchen: HRB Nr. 43826 Steuernummer ID: DE 129 36 12 53 WEEE-Reg.-Nr.: DE 24996010 Angaben nach 5 Teledienstgesetz (TMG)","og_url":"https:\/\/lifesimplified.gorenje.com\/de\/impressum\/","og_site_name":"Life Simplified","article_publisher":"https:\/\/www.facebook.com\/gorenje.SLO\/","og_image":[{"width":2169,"height":1223,"url":"https:\/\/lifesimplified.gorenje.com\/wp-content\/uploads\/2019\/12\/gorenje-life-simplified-blog-life-simplified-logo.jpg","type":"image\/jpeg"}],"twitter_card":"summary_large_image","twitter_misc":{"Gesch\u00e4tzte Lesezeit":"1\u00a0Minute"},"schema":{"@context":"https:\/\/schema.org","@graph":[{"@type":"WebPage","@id":"https:\/\/lifesimplified.gorenje.com\/de\/impressum\/","url":"https:\/\/lifesimplified.gorenje.com\/de\/impressum\/","name":"Impressum | Life Simplified","isPartOf":{"@id":"https:\/\/lifesimplified.gorenje.com\/de\/#website"},"datePublished":"2026-01-14T12:38:56+00:00","breadcrumb":{"@id":"https:\/\/lifesimplified.gorenje.com\/de\/impressum\/#breadcrumb"},"inLanguage":"de","potentialAction":[{"@type":"ReadAction","target":["https:\/\/lifesimplified.gorenje.com\/de\/impressum\/"]}]},{"@type":"BreadcrumbList","@id":"https:\/\/lifesimplified.gorenje.com\/de\/impressum\/#breadcrumb","itemListElement":[{"@type":"ListItem","position":1,"name":"Home","item":"https:\/\/lifesimplified.gorenje.com\/de\/home\/"},{"@type":"ListItem","position":2,"name":"Impressum"}]},{"@type":"WebSite","@id":"https:\/\/lifesimplified.gorenje.com\/de\/#website","url":"https:\/\/lifesimplified.gorenje.com\/de\/","name":"Life Simplified","description":"Erleben Sie Einfachheit","publisher":{"@id":"https:\/\/lifesimplified.gorenje.com\/de\/#organization"},"potentialAction":[{"@type":"SearchAction","target":{"@type":"EntryPoint","urlTemplate":"https:\/\/lifesimplified.gorenje.com\/de\/?s={search_term_string}"},"query-input":{"@type":"PropertyValueSpecification","valueRequired":true,"valueName":"search_term_string"}}],"inLanguage":"de"},{"@type":"Organization","@id":"https:\/\/lifesimplified.gorenje.com\/de\/#organization","name":"Gorenje","url":"https:\/\/lifesimplified.gorenje.com\/de\/","logo":{"@type":"ImageObject","inLanguage":"de","@id":"https:\/\/lifesimplified.gorenje.com\/de\/#\/schema\/logo\/image\/","url":"https:\/\/lifesimplified.gorenje.com\/wp-content\/uploads\/2019\/12\/gorenje-life-simplified-blog-life-simplified-logo.jpg","contentUrl":"https:\/\/lifesimplified.gorenje.com\/wp-content\/uploads\/2019\/12\/gorenje-life-simplified-blog-life-simplified-logo.jpg","width":2169,"height":1223,"caption":"Gorenje"},"image":{"@id":"https:\/\/lifesimplified.gorenje.com\/de\/#\/schema\/logo\/image\/"},"sameAs":["https:\/\/www.facebook.com\/gorenje.SLO\/","https:\/\/www.instagram.com\/gorenje_slovenija\/","https:\/\/www.youtube.com\/user\/gorenjesi"]}]}},"_links":{"self":[{"href":"https:\/\/lifesimplified.gorenje.com\/de\/wp-json\/wp\/v2\/pages\/86809","targetHints":{"allow":["GET"]}}],"collection":[{"href":"https:\/\/lifesimplified.gorenje.com\/de\/wp-json\/wp\/v2\/pages"}],"about":[{"href":"https:\/\/lifesimplified.gorenje.com\/de\/wp-json\/wp\/v2\/types\/page"}],"author":[{"embeddable":true,"href":"https:\/\/lifesimplified.gorenje.com\/de\/wp-json\/wp\/v2\/users\/3"}],"replies":[{"embeddable":true,"href":"https:\/\/lifesimplified.gorenje.com\/de\/wp-json\/wp\/v2\/comments?post=86809"}],"version-history":[{"count":1,"href":"https:\/\/lifesimplified.gorenje.com\/de\/wp-json\/wp\/v2\/pages\/86809\/revisions"}],"predecessor-version":[{"id":86810,"href":"https:\/\/lifesimplified.gorenje.com\/de\/wp-json\/wp\/v2\/pages\/86809\/revisions\/86810"}],"wp:attachment":[{"href":"https:\/\/lifesimplified.gorenje.com\/de\/wp-json\/wp\/v2\/media?parent=86809"}],"curies":[{"name":"wp","href":"https:\/\/api.w.org\/{rel}","templated":true}]}}