{"id":11002,"date":"2018-10-11T07:47:12","date_gmt":"2018-10-11T07:47:12","guid":{"rendered":"https:\/\/lifesimplified.gorenje.com\/privacy\/"},"modified":"2021-06-10T07:47:50","modified_gmt":"2021-06-10T07:47:50","slug":"privatsphaere","status":"publish","type":"page","link":"https:\/\/lifesimplified.gorenje.com\/de\/privatsphaere\/","title":{"rendered":"Privatsph\u00e4re"},"content":{"rendered":"<p>Das Gorenje, d.d. Unternehmen verpflichtet sich, unter Verwendung der Webdienste und -l\u00f6sungen des Unternehmens ein angemessenes Ma\u00df an Vertraulichkeit, Verf\u00fcgbarkeit und Integrit\u00e4t der personenbezogenen Daten einer betroffenen Person zu gew\u00e4hrleisten.<\/p>\n<p>Die gesammelten personenbezogenen Daten und die Verarbeitung personenbezogener Daten werden mit angemessenen physischen und logischen Sicherheitsma\u00dfnahmen durchgef\u00fchrt. Wenn personenbezogene Daten mit Zustimmung gesammelt und verarbeitet werden, werden die Daten so lange verarbeitet, bis die betroffene Person das Unternehmen \u00fcber einen eindeutigen Widerruf der Zustimmung von Seiten der betroffenen Person informiert.<\/p>\n<p>Die erhobenen personenbezogenen Daten werden nicht in Drittl\u00e4nder \u00fcbertragen.<\/p>\n<p>Der gesamte Datenzugriff auf die personenbezogenen Daten wird von Gorenje, d.d. Unternehmen und steht nur autorisiertem Personal zur Verf\u00fcgung. F\u00fcr die gespeicherten personenbezogenen Daten wird keine automatisierte Verarbeitung oder Profilerstellung durchgef\u00fchrt.<\/p>\n<p>Bei weiteren Fragen zur Kontrolle und Verarbeitung personenbezogener Daten k\u00f6nnen Sie uns eine E-Mail an die folgende Adresse senden: <a href=\"mailto:gdpr@gorenje.com\">gdpr@gorenje.com<\/a>.<\/p>\n<p>F\u00fcr alle Missbr\u00e4uche bei der Verarbeitung personenbezogener Daten in Bezug auf Gorenje, d.d. k\u00f6nnen Sie sich an die Datenschutzbeh\u00f6rde wenden:<\/p>\n<p>Republik \u00d6sterreich<br \/>\n\u00d6sterreichische Datenschutzbeh\u00f6rde<br \/>\nBarichgasse 40-42<br \/>\n1030 Wien<\/p>\n<p>Telefon: +43 1 52 152-0<br \/>\nE-Mail: <a href=\"mailto:dsb@dsb.gv.at\">dsb@dsb.gv.at<\/a><\/p>\n<p>Leiterin: Mag. Dr. Andrea Jelinek<\/p>\n","protected":false},"excerpt":{"rendered":"<p>Das Gorenje, d.d. Unternehmen verpflichtet sich, unter Verwendung der Webdienste und -l\u00f6sungen des Unternehmens ein angemessenes Ma\u00df an Vertraulichkeit, Verf\u00fcgbarkeit und Integrit\u00e4t der personenbezogenen Daten einer betroffenen Person zu gew\u00e4hrleisten. Die gesammelten personenbezogenen Daten und die Verarbeitung personenbezogener Daten werden mit angemessenen physischen und logischen Sicherheitsma\u00dfnahmen durchgef\u00fchrt. Wenn personenbezogene Daten mit Zustimmung gesammelt und verarbeitet&#8230;<\/p>\n","protected":false},"author":1,"featured_media":0,"parent":0,"menu_order":0,"comment_status":"closed","ping_status":"closed","template":"","meta":{"footnotes":""},"class_list":["post-11002","page","type-page","status-publish","hentry"],"yoast_head":"<!-- This site is optimized with the Yoast SEO plugin v27.1.1 - https:\/\/yoast.com\/product\/yoast-seo-wordpress\/ -->\n<title>Privatsph\u00e4re | Life Simplified<\/title>\n<meta name=\"robots\" content=\"index, follow, max-snippet:-1, max-image-preview:large, max-video-preview:-1\" \/>\n<link rel=\"canonical\" href=\"https:\/\/lifesimplified.gorenje.com\/de\/privatsphaere\/\" \/>\n<meta property=\"og:locale\" content=\"de_DE\" \/>\n<meta property=\"og:type\" content=\"article\" \/>\n<meta property=\"og:title\" content=\"Privatsph\u00e4re | Life Simplified\" \/>\n<meta property=\"og:description\" content=\"Das Gorenje, d.d. Unternehmen verpflichtet sich, unter Verwendung der Webdienste und -l\u00f6sungen des Unternehmens ein angemessenes Ma\u00df an Vertraulichkeit, Verf\u00fcgbarkeit und Integrit\u00e4t der personenbezogenen Daten einer betroffenen Person zu gew\u00e4hrleisten. Die gesammelten personenbezogenen Daten und die Verarbeitung personenbezogener Daten werden mit angemessenen physischen und logischen Sicherheitsma\u00dfnahmen durchgef\u00fchrt. Wenn personenbezogene Daten mit Zustimmung gesammelt und verarbeitet...\" \/>\n<meta property=\"og:url\" content=\"https:\/\/lifesimplified.gorenje.com\/de\/privatsphaere\/\" \/>\n<meta property=\"og:site_name\" content=\"Life Simplified\" \/>\n<meta property=\"article:publisher\" content=\"https:\/\/www.facebook.com\/gorenje.SLO\/\" \/>\n<meta property=\"article:modified_time\" content=\"2021-06-10T07:47:50+00:00\" \/>\n<meta property=\"og:image\" content=\"https:\/\/lifesimplified.gorenje.com\/wp-content\/uploads\/2019\/12\/gorenje-life-simplified-blog-life-simplified-logo.jpg\" \/>\n\t<meta property=\"og:image:width\" content=\"2169\" \/>\n\t<meta property=\"og:image:height\" content=\"1223\" \/>\n\t<meta property=\"og:image:type\" content=\"image\/jpeg\" \/>\n<meta name=\"twitter:card\" content=\"summary_large_image\" \/>\n<meta name=\"twitter:label1\" content=\"Gesch\u00e4tzte Lesezeit\" \/>\n\t<meta name=\"twitter:data1\" content=\"1\u00a0Minute\" \/>\n<script type=\"application\/ld+json\" class=\"yoast-schema-graph\">{\"@context\":\"https:\/\/schema.org\",\"@graph\":[{\"@type\":\"WebPage\",\"@id\":\"https:\/\/lifesimplified.gorenje.com\/de\/privatsphaere\/\",\"url\":\"https:\/\/lifesimplified.gorenje.com\/de\/privatsphaere\/\",\"name\":\"Privatsph\u00e4re | Life Simplified\",\"isPartOf\":{\"@id\":\"https:\/\/lifesimplified.gorenje.com\/de\/#website\"},\"datePublished\":\"2018-10-11T07:47:12+00:00\",\"dateModified\":\"2021-06-10T07:47:50+00:00\",\"breadcrumb\":{\"@id\":\"https:\/\/lifesimplified.gorenje.com\/de\/privatsphaere\/#breadcrumb\"},\"inLanguage\":\"de\",\"potentialAction\":[{\"@type\":\"ReadAction\",\"target\":[\"https:\/\/lifesimplified.gorenje.com\/de\/privatsphaere\/\"]}]},{\"@type\":\"BreadcrumbList\",\"@id\":\"https:\/\/lifesimplified.gorenje.com\/de\/privatsphaere\/#breadcrumb\",\"itemListElement\":[{\"@type\":\"ListItem\",\"position\":1,\"name\":\"Home\",\"item\":\"https:\/\/lifesimplified.gorenje.com\/de\/home\/\"},{\"@type\":\"ListItem\",\"position\":2,\"name\":\"Privatsph\u00e4re\"}]},{\"@type\":\"WebSite\",\"@id\":\"https:\/\/lifesimplified.gorenje.com\/de\/#website\",\"url\":\"https:\/\/lifesimplified.gorenje.com\/de\/\",\"name\":\"Life Simplified\",\"description\":\"Erleben Sie Einfachheit\",\"publisher\":{\"@id\":\"https:\/\/lifesimplified.gorenje.com\/de\/#organization\"},\"potentialAction\":[{\"@type\":\"SearchAction\",\"target\":{\"@type\":\"EntryPoint\",\"urlTemplate\":\"https:\/\/lifesimplified.gorenje.com\/de\/?s={search_term_string}\"},\"query-input\":{\"@type\":\"PropertyValueSpecification\",\"valueRequired\":true,\"valueName\":\"search_term_string\"}}],\"inLanguage\":\"de\"},{\"@type\":\"Organization\",\"@id\":\"https:\/\/lifesimplified.gorenje.com\/de\/#organization\",\"name\":\"Gorenje\",\"url\":\"https:\/\/lifesimplified.gorenje.com\/de\/\",\"logo\":{\"@type\":\"ImageObject\",\"inLanguage\":\"de\",\"@id\":\"https:\/\/lifesimplified.gorenje.com\/de\/#\/schema\/logo\/image\/\",\"url\":\"https:\/\/lifesimplified.gorenje.com\/wp-content\/uploads\/2019\/12\/gorenje-life-simplified-blog-life-simplified-logo.jpg\",\"contentUrl\":\"https:\/\/lifesimplified.gorenje.com\/wp-content\/uploads\/2019\/12\/gorenje-life-simplified-blog-life-simplified-logo.jpg\",\"width\":2169,\"height\":1223,\"caption\":\"Gorenje\"},\"image\":{\"@id\":\"https:\/\/lifesimplified.gorenje.com\/de\/#\/schema\/logo\/image\/\"},\"sameAs\":[\"https:\/\/www.facebook.com\/gorenje.SLO\/\",\"https:\/\/www.instagram.com\/gorenje_slovenija\/\",\"https:\/\/www.youtube.com\/user\/gorenjesi\"]}]}<\/script>\n<!-- \/ Yoast SEO plugin. -->","yoast_head_json":{"title":"Privatsph\u00e4re | Life Simplified","robots":{"index":"index","follow":"follow","max-snippet":"max-snippet:-1","max-image-preview":"max-image-preview:large","max-video-preview":"max-video-preview:-1"},"canonical":"https:\/\/lifesimplified.gorenje.com\/de\/privatsphaere\/","og_locale":"de_DE","og_type":"article","og_title":"Privatsph\u00e4re | Life Simplified","og_description":"Das Gorenje, d.d. Unternehmen verpflichtet sich, unter Verwendung der Webdienste und -l\u00f6sungen des Unternehmens ein angemessenes Ma\u00df an Vertraulichkeit, Verf\u00fcgbarkeit und Integrit\u00e4t der personenbezogenen Daten einer betroffenen Person zu gew\u00e4hrleisten. Die gesammelten personenbezogenen Daten und die Verarbeitung personenbezogener Daten werden mit angemessenen physischen und logischen Sicherheitsma\u00dfnahmen durchgef\u00fchrt. Wenn personenbezogene Daten mit Zustimmung gesammelt und verarbeitet...","og_url":"https:\/\/lifesimplified.gorenje.com\/de\/privatsphaere\/","og_site_name":"Life Simplified","article_publisher":"https:\/\/www.facebook.com\/gorenje.SLO\/","article_modified_time":"2021-06-10T07:47:50+00:00","og_image":[{"width":2169,"height":1223,"url":"https:\/\/lifesimplified.gorenje.com\/wp-content\/uploads\/2019\/12\/gorenje-life-simplified-blog-life-simplified-logo.jpg","type":"image\/jpeg"}],"twitter_card":"summary_large_image","twitter_misc":{"Gesch\u00e4tzte Lesezeit":"1\u00a0Minute"},"schema":{"@context":"https:\/\/schema.org","@graph":[{"@type":"WebPage","@id":"https:\/\/lifesimplified.gorenje.com\/de\/privatsphaere\/","url":"https:\/\/lifesimplified.gorenje.com\/de\/privatsphaere\/","name":"Privatsph\u00e4re | Life Simplified","isPartOf":{"@id":"https:\/\/lifesimplified.gorenje.com\/de\/#website"},"datePublished":"2018-10-11T07:47:12+00:00","dateModified":"2021-06-10T07:47:50+00:00","breadcrumb":{"@id":"https:\/\/lifesimplified.gorenje.com\/de\/privatsphaere\/#breadcrumb"},"inLanguage":"de","potentialAction":[{"@type":"ReadAction","target":["https:\/\/lifesimplified.gorenje.com\/de\/privatsphaere\/"]}]},{"@type":"BreadcrumbList","@id":"https:\/\/lifesimplified.gorenje.com\/de\/privatsphaere\/#breadcrumb","itemListElement":[{"@type":"ListItem","position":1,"name":"Home","item":"https:\/\/lifesimplified.gorenje.com\/de\/home\/"},{"@type":"ListItem","position":2,"name":"Privatsph\u00e4re"}]},{"@type":"WebSite","@id":"https:\/\/lifesimplified.gorenje.com\/de\/#website","url":"https:\/\/lifesimplified.gorenje.com\/de\/","name":"Life Simplified","description":"Erleben Sie Einfachheit","publisher":{"@id":"https:\/\/lifesimplified.gorenje.com\/de\/#organization"},"potentialAction":[{"@type":"SearchAction","target":{"@type":"EntryPoint","urlTemplate":"https:\/\/lifesimplified.gorenje.com\/de\/?s={search_term_string}"},"query-input":{"@type":"PropertyValueSpecification","valueRequired":true,"valueName":"search_term_string"}}],"inLanguage":"de"},{"@type":"Organization","@id":"https:\/\/lifesimplified.gorenje.com\/de\/#organization","name":"Gorenje","url":"https:\/\/lifesimplified.gorenje.com\/de\/","logo":{"@type":"ImageObject","inLanguage":"de","@id":"https:\/\/lifesimplified.gorenje.com\/de\/#\/schema\/logo\/image\/","url":"https:\/\/lifesimplified.gorenje.com\/wp-content\/uploads\/2019\/12\/gorenje-life-simplified-blog-life-simplified-logo.jpg","contentUrl":"https:\/\/lifesimplified.gorenje.com\/wp-content\/uploads\/2019\/12\/gorenje-life-simplified-blog-life-simplified-logo.jpg","width":2169,"height":1223,"caption":"Gorenje"},"image":{"@id":"https:\/\/lifesimplified.gorenje.com\/de\/#\/schema\/logo\/image\/"},"sameAs":["https:\/\/www.facebook.com\/gorenje.SLO\/","https:\/\/www.instagram.com\/gorenje_slovenija\/","https:\/\/www.youtube.com\/user\/gorenjesi"]}]}},"_links":{"self":[{"href":"https:\/\/lifesimplified.gorenje.com\/de\/wp-json\/wp\/v2\/pages\/11002","targetHints":{"allow":["GET"]}}],"collection":[{"href":"https:\/\/lifesimplified.gorenje.com\/de\/wp-json\/wp\/v2\/pages"}],"about":[{"href":"https:\/\/lifesimplified.gorenje.com\/de\/wp-json\/wp\/v2\/types\/page"}],"author":[{"embeddable":true,"href":"https:\/\/lifesimplified.gorenje.com\/de\/wp-json\/wp\/v2\/users\/1"}],"replies":[{"embeddable":true,"href":"https:\/\/lifesimplified.gorenje.com\/de\/wp-json\/wp\/v2\/comments?post=11002"}],"version-history":[{"count":2,"href":"https:\/\/lifesimplified.gorenje.com\/de\/wp-json\/wp\/v2\/pages\/11002\/revisions"}],"predecessor-version":[{"id":11004,"href":"https:\/\/lifesimplified.gorenje.com\/de\/wp-json\/wp\/v2\/pages\/11002\/revisions\/11004"}],"wp:attachment":[{"href":"https:\/\/lifesimplified.gorenje.com\/de\/wp-json\/wp\/v2\/media?parent=11002"}],"curies":[{"name":"wp","href":"https:\/\/api.w.org\/{rel}","templated":true}]}}