{"id":10980,"date":"2018-10-24T17:46:26","date_gmt":"2018-10-24T17:46:26","guid":{"rendered":"https:\/\/lifesimplified.gorenje.com\/about-cookies\/"},"modified":"2021-06-10T07:43:17","modified_gmt":"2021-06-10T07:43:17","slug":"zu-den-cookies","status":"publish","type":"page","link":"https:\/\/lifesimplified.gorenje.com\/de\/zu-den-cookies\/","title":{"rendered":"Zu den Cookies"},"content":{"rendered":"<h3>Was sind Cookies?<\/h3>\n<p>Cookies sind kleine Textdateien, die Informationen von Ihrem Besuch auf der Website enthalten.<\/p>\n<p>Cookies erleichtern und vereinfachen die Interaktion zwischen dem Benutzer und der Website. Sie erm\u00f6glichen es der Website, sich an die Vorlieben und Aktivit\u00e4ten des Einzelnen zu erinnern, wodurch Zeit gespart und zu einem effizienteren und benutzerfreundlicheren Surfen beigetragen wird.<\/p>\n<p>Einer der vielen Gr\u00fcnde f\u00fcr die Verwendung von Cookies ist die F\u00e4higkeit, Informationen auf der einzelnen Website zu speichern (Sprachauswahl, Anzahl der Treffer, Schriftgr\u00f6\u00dfe usw.). Dar\u00fcber hinaus erleichtern sie die Implementierung von Webdiensten (Registrierung, Inhalt von Einkaufswagen, E-News-Abonnements, Videoanzeige usw.) und die Sammlung von Informationen \u00fcber die Gewohnheiten der Webbenutzer (Anzahl der Besuche, interessante Inhalte) Benutzer usw.). All dies hilft uns, die Benutzererfahrung zu verbessern und die Effizienz des Website-Designs abzusch\u00e4tzen.<\/p>\n<p>Keines der auf unseren Websites verwendeten Cookies sammelt Informationen, die Ihre pers\u00f6nliche Identit\u00e4t preisgeben.<\/p>\n<p>Aus Transparenzgr\u00fcnden haben wir eine Liste aller von uns verwendeten Cookies und deren Zwecke erstellt. Bitte beachten Sie, dass Sie durch die weitere Nutzung dieser Website der Verwendung der aufgef\u00fchrten Cookies zustimmen.<\/p>\n<h3>Welche Cookies werden von dieser Website verwendet?<\/h3>\n<h4>Unbedingt erforderliche Cookies<\/h4>\n<p>Cookies helfen uns bei der Anzeige von Inhalten, Kontaktformularen, Einkaufswagen und anderen wesentlichen Elementen der Website. Diese Cookies sind nur w\u00e4hrend der Sitzung g\u00fcltig. Ein Beispiel f\u00fcr die Cookies: ASP.NET_SessionId.<\/p>\n<h4>Google<\/h4>\n<p>Google verwendet Cookies beispielsweise, um Ihre gespeicherten Sucheinstellungen zu speichern, die Anzeigen, die Sie sehen, relevanter zu machen, um zu z\u00e4hlen, wie viele Besucher eine Seite besuchen, um sich bei unseren Diensten anzumelden und um Ihre Daten zu sch\u00fctzen. <a href=\"https:\/\/www.google.com\/policies\/technologies\/cookies\/\">Mehr<\/a><\/p>\n<h4>Google Analytics<\/h4>\n<p>Google Analytics ist ein von Google angebotener Dienst, der detaillierte Statistiken \u00fcber den Verkehr und die Verkehrsquellen einer Website erstellt und Conversions und Verk\u00e4ufe misst. Die gesammelten Informationen sind nicht pers\u00f6nlich identifizierbar. Diese Cookies haben eine G\u00fcltigkeit von 2 Jahren. Ein Beispiel f\u00fcr die Cookies: _ga, __utma, __utmb, __utmc, __utmz in __utmv. <a href=\"https:\/\/developers.google.com\/analytics\/devguides\/collection\/gajs\/cookie-usage?hl=en\">Mehr<\/a><\/p>\n<h4>YouTube<\/h4>\n<p>WWir binden Videos aus unserem offiziellen YouTube-Kanal im erweiterten Datenschutzmodus von YouTube ein. In diesem Modus werden m\u00f6glicherweise Cookies auf Ihrem Computer gesetzt, sobald Sie auf den YouTube-Videoplayer klicken. YouTube speichert jedoch keine pers\u00f6nlich identifizierbaren Cookie-Informationen f\u00fcr die Wiedergabe eingebetteter Videos im erweiterten Modus. Diese Cookies haben eine G\u00fcltigkeit von 10 Jahren. Ein Beispiel f\u00fcr die Cookies: Visitor_info1_Live, Use_Hitbox, SID, LOGIN_INFO, use_hotbox, PREF, SSID, HSID, watch_video_id_list, __utma, __utmz, Demografie, VISITOR_INFO1_LIVE. <a href=\"https:\/\/www.google.si\/policies\/technologies\/cookies\/\">Mehr<\/a><\/p>\n<h4>Google Maps<\/h4>\n<p>Mit Google Maps verkn\u00fcpfte Cookies werden verwendet, um eine benutzerfreundliche Karte und Standortbezeichnungen anzuzeigen. Diese Cookies haben eine G\u00fcltigkeit von 10 Jahren. Ein Beispiel f\u00fcr die Cookies: SID, SAPISID, APISID, SSID, HSID, NID, PREF. <a href=\"https:\/\/www.google.si\/policies\/technologies\/cookies\/\">Mehr<\/a><\/p>\n<h4>AddThis<\/h4>\n<p>Cookies personalisieren die Erfahrung des Teilens und der Interaktion mit sozialen Netzwerken und zeichnen die Anzahl der Freigaben, Likes und Kommentare auf. Diese Cookies haben eine G\u00fcltigkeit von 10 Jahren. <a href=\"https:\/\/www.addthis.com\/privacy#.UbcaUqzDCZc\">Mehr<\/a><\/p>\n<h4>Facebook<\/h4>\n<p>Wir verwenden Cookies, um Ihre Interaktion mit dem sozialen Netzwerk von Facebook zu personalisieren. Diese Cookies haben eine G\u00fcltigkeit von 5 Jahren. Ein Beispiel f\u00fcr die Cookies: act, locale, lu, datr, csm. <a href=\"https:\/\/www.facebook.com\/about\/privacy\/\">Mehr<\/a><\/p>\n<h4>Twitter<\/h4>\n<p>Wir verwenden Cookies, um Ihre Interaktion mit dem sozialen Netzwerk von Twitter zu personalisieren. Diese Cookies haben eine G\u00fcltigkeit von 5 Jahren. Ein Beispiel f\u00fcr die Cookies: k, guest_id, auth_token_session, secure_session, twll, twitter_sess. <a href=\"https:\/\/twitter.com\/privacy\">Mehr<\/a><\/p>\n<h4>Pinterest<\/h4>\n<p>Wir verwenden Cookies, um Ihre Interaktion mit dem sozialen Netzwerk von Pinterest zu personalisieren. Diese Cookies haben eine G\u00fcltigkeit von 45 Jahren. Ein Beispiel f\u00fcr die Cookies: Komponente, _pinterest_sess_, viewParameter, Element, csrftoken, viewType. <a href=\"https:\/\/about.pinterest.com\/privacy\/\">Mehr<\/a><\/p>\n<h4>Gemius<\/h4>\n<p>Implementierung von MOSS f\u00fcr technische Arbeitsmessungen und erweiterten Webstatistiken. Zeitlich unbegrenzter Cookie. Ein Beispiel f\u00fcr die Cookies: Gdyn. <a href=\"https:\/\/gemius.com\/pl\/privacy_policy\">Mehr<\/a><\/p>\n<h4>Double Click<\/h4>\n<p>DoubleClick verwendet Cookies, um die Werbung zu verbessern. Einige g\u00e4ngige Anwendungen zielen darauf ab, Werbung auf der Grundlage der f\u00fcr einen Nutzer relevanten Informationen auszurichten, die Berichterstattung \u00fcber die Kampagnenleistung zu verbessern und zu vermeiden, dass Anzeigen geschaltet werden, die der Nutzer bereits gesehen hat. Diese Cookies haben eine G\u00fcltigkeit von 10 Jahren. Ein Beispiel f\u00fcr die Cookies: _drt_, id. <a href=\"https:\/\/support.google.com\/adsense\/answer\/2839090?hl=en\">Mehr<\/a><\/p>\n<h3>Wie aktiviere oder deaktiviere ich Cookies?<\/h3>\n<p>In den meisten modernen Browsern k\u00f6nnen Sie alle Cookies entweder akzeptieren oder ablehnen, bestimmte Arten von Cookies akzeptieren oder ablehnen oder eine Warnung erhalten, wenn eine Website ein Cookie Ihres Ger\u00e4ts speichern m\u00f6chte. Dar\u00fcber hinaus k\u00f6nnen Sie auch die Cookies l\u00f6schen, die der Browser bereits auf Ihrem Ger\u00e4t gespeichert hat.<\/p>\n<p>Beachten Sie, dass bei der Deaktivierung von Cookies die Funktionen der Website beeintr\u00e4chtigt werden k\u00f6nnen und bei jedem Besuch eine Meldung zur Verwendung von Cookies angezeigt wird, die sich langfristig auf Ihre Benutzererfahrung auswirkt.<\/p>\n<p>Das \u00c4ndern der Cookie-Einstellungen ist in jedem Browser unterschiedlich. Detaillierte Informationen finden Sie, indem Sie auf \u201eHilfe\u201c klicken und <a href=\"https:\/\/www.aboutcookies.org\/\">www.aboutcookies.org<\/a> besuchen, um Details zum \u00c4ndern der Cookie-Einstellungen in allen modernen Browsern zu erhalten, oder uns per <a href=\"mailto:cookies@av-studio.si\">E-mail<\/a> kontaktieren.<\/p>\n<h3>Verarbeitung personenbezogener Daten, die Sie in die Formulare auf der Website und das E-News-Abonnement eingeben<\/h3>\n<p>Daten, die Sie in die Website-Formulare eingeben, werden ausschlie\u00dflich zur \u00dcbermittlung der Nachricht (Anfrage, Buchung, Kauf usw.) oder des angeforderten Dienstes verwendet. Ihre Daten sind gesch\u00fctzt und werden nicht an Dritte weitergegeben oder f\u00fcr andere als die oben beschriebenen Zwecke verwendet.<\/p>\n<p>Durch das Abonnieren von E-News erkl\u00e4ren Sie sich damit einverstanden, dass Ihre E-Mail-Adresse verwendet werden kann, um Sie \u00fcber neue Dienste\/Produkte zu informieren. Sie k\u00f6nnen sich jederzeit abmelden, indem Sie in der E-Mail auf den Link zum Abbestellen klicken.<\/p>\n<p>Google Analytics, DoubleClick und AddThis Cookies k\u00f6nnen deaktiviert werden, indem Sie die folgenden Anweisungen befolgen:<\/p>\n<p><a href=\"https:\/\/tools.google.com\/dlpage\/gaoptout?hl=en\">Google Analytics<\/a><br \/>\n<a href=\"https:\/\/www.google.com\/policies\/technologies\/ads\/\">Double Click<\/a><br \/>\n<a href=\"https:\/\/www.addthis.com\/privacy\/opt-out-saved#.UbmBr6zDCZd\">AddThis<\/a><\/p>\n<p>Weitere Informationen zu Cookies finden Sie in den <a href=\"https:\/\/www.ico.org.uk\/\">Information Commissioner\u2019s-Richtlinien<\/a>.<\/p>\n","protected":false},"excerpt":{"rendered":"<p>Was sind Cookies? Cookies sind kleine Textdateien, die Informationen von Ihrem Besuch auf der Website enthalten. Cookies erleichtern und vereinfachen die Interaktion zwischen dem Benutzer und der Website. Sie erm\u00f6glichen es der Website, sich an die Vorlieben und Aktivit\u00e4ten des Einzelnen zu erinnern, wodurch Zeit gespart und zu einem effizienteren und benutzerfreundlicheren Surfen beigetragen wird&#8230;.<\/p>\n","protected":false},"author":1,"featured_media":0,"parent":0,"menu_order":0,"comment_status":"closed","ping_status":"closed","template":"","meta":{"footnotes":""},"class_list":["post-10980","page","type-page","status-publish","hentry"],"yoast_head":"<!-- This site is optimized with the Yoast SEO plugin v27.1.1 - https:\/\/yoast.com\/product\/yoast-seo-wordpress\/ -->\n<title>Zu den Cookies | Life Simplified<\/title>\n<meta name=\"robots\" content=\"index, follow, max-snippet:-1, max-image-preview:large, max-video-preview:-1\" \/>\n<link rel=\"canonical\" href=\"https:\/\/lifesimplified.gorenje.com\/de\/zu-den-cookies\/\" \/>\n<meta property=\"og:locale\" content=\"de_DE\" \/>\n<meta property=\"og:type\" content=\"article\" \/>\n<meta property=\"og:title\" content=\"Zu den Cookies | Life Simplified\" \/>\n<meta property=\"og:description\" content=\"Was sind Cookies? Cookies sind kleine Textdateien, die Informationen von Ihrem Besuch auf der Website enthalten. Cookies erleichtern und vereinfachen die Interaktion zwischen dem Benutzer und der Website. Sie erm\u00f6glichen es der Website, sich an die Vorlieben und Aktivit\u00e4ten des Einzelnen zu erinnern, wodurch Zeit gespart und zu einem effizienteren und benutzerfreundlicheren Surfen beigetragen wird....\" \/>\n<meta property=\"og:url\" content=\"https:\/\/lifesimplified.gorenje.com\/de\/zu-den-cookies\/\" \/>\n<meta property=\"og:site_name\" content=\"Life Simplified\" \/>\n<meta property=\"article:publisher\" content=\"https:\/\/www.facebook.com\/gorenje.SLO\/\" \/>\n<meta property=\"article:modified_time\" content=\"2021-06-10T07:43:17+00:00\" \/>\n<meta property=\"og:image\" content=\"https:\/\/lifesimplified.gorenje.com\/wp-content\/uploads\/2019\/12\/gorenje-life-simplified-blog-life-simplified-logo.jpg\" \/>\n\t<meta property=\"og:image:width\" content=\"2169\" \/>\n\t<meta property=\"og:image:height\" content=\"1223\" \/>\n\t<meta property=\"og:image:type\" content=\"image\/jpeg\" \/>\n<meta name=\"twitter:card\" content=\"summary_large_image\" \/>\n<meta name=\"twitter:label1\" content=\"Gesch\u00e4tzte Lesezeit\" \/>\n\t<meta name=\"twitter:data1\" content=\"5\u00a0Minuten\" \/>\n<script type=\"application\/ld+json\" class=\"yoast-schema-graph\">{\"@context\":\"https:\/\/schema.org\",\"@graph\":[{\"@type\":\"WebPage\",\"@id\":\"https:\/\/lifesimplified.gorenje.com\/de\/zu-den-cookies\/\",\"url\":\"https:\/\/lifesimplified.gorenje.com\/de\/zu-den-cookies\/\",\"name\":\"Zu den Cookies | Life Simplified\",\"isPartOf\":{\"@id\":\"https:\/\/lifesimplified.gorenje.com\/de\/#website\"},\"datePublished\":\"2018-10-24T17:46:26+00:00\",\"dateModified\":\"2021-06-10T07:43:17+00:00\",\"breadcrumb\":{\"@id\":\"https:\/\/lifesimplified.gorenje.com\/de\/zu-den-cookies\/#breadcrumb\"},\"inLanguage\":\"de\",\"potentialAction\":[{\"@type\":\"ReadAction\",\"target\":[\"https:\/\/lifesimplified.gorenje.com\/de\/zu-den-cookies\/\"]}]},{\"@type\":\"BreadcrumbList\",\"@id\":\"https:\/\/lifesimplified.gorenje.com\/de\/zu-den-cookies\/#breadcrumb\",\"itemListElement\":[{\"@type\":\"ListItem\",\"position\":1,\"name\":\"Home\",\"item\":\"https:\/\/lifesimplified.gorenje.com\/de\/home\/\"},{\"@type\":\"ListItem\",\"position\":2,\"name\":\"Zu den Cookies\"}]},{\"@type\":\"WebSite\",\"@id\":\"https:\/\/lifesimplified.gorenje.com\/de\/#website\",\"url\":\"https:\/\/lifesimplified.gorenje.com\/de\/\",\"name\":\"Life Simplified\",\"description\":\"Erleben Sie Einfachheit\",\"publisher\":{\"@id\":\"https:\/\/lifesimplified.gorenje.com\/de\/#organization\"},\"potentialAction\":[{\"@type\":\"SearchAction\",\"target\":{\"@type\":\"EntryPoint\",\"urlTemplate\":\"https:\/\/lifesimplified.gorenje.com\/de\/?s={search_term_string}\"},\"query-input\":{\"@type\":\"PropertyValueSpecification\",\"valueRequired\":true,\"valueName\":\"search_term_string\"}}],\"inLanguage\":\"de\"},{\"@type\":\"Organization\",\"@id\":\"https:\/\/lifesimplified.gorenje.com\/de\/#organization\",\"name\":\"Gorenje\",\"url\":\"https:\/\/lifesimplified.gorenje.com\/de\/\",\"logo\":{\"@type\":\"ImageObject\",\"inLanguage\":\"de\",\"@id\":\"https:\/\/lifesimplified.gorenje.com\/de\/#\/schema\/logo\/image\/\",\"url\":\"https:\/\/lifesimplified.gorenje.com\/wp-content\/uploads\/2019\/12\/gorenje-life-simplified-blog-life-simplified-logo.jpg\",\"contentUrl\":\"https:\/\/lifesimplified.gorenje.com\/wp-content\/uploads\/2019\/12\/gorenje-life-simplified-blog-life-simplified-logo.jpg\",\"width\":2169,\"height\":1223,\"caption\":\"Gorenje\"},\"image\":{\"@id\":\"https:\/\/lifesimplified.gorenje.com\/de\/#\/schema\/logo\/image\/\"},\"sameAs\":[\"https:\/\/www.facebook.com\/gorenje.SLO\/\",\"https:\/\/www.instagram.com\/gorenje_slovenija\/\",\"https:\/\/www.youtube.com\/user\/gorenjesi\"]}]}<\/script>\n<!-- \/ Yoast SEO plugin. -->","yoast_head_json":{"title":"Zu den Cookies | Life Simplified","robots":{"index":"index","follow":"follow","max-snippet":"max-snippet:-1","max-image-preview":"max-image-preview:large","max-video-preview":"max-video-preview:-1"},"canonical":"https:\/\/lifesimplified.gorenje.com\/de\/zu-den-cookies\/","og_locale":"de_DE","og_type":"article","og_title":"Zu den Cookies | Life Simplified","og_description":"Was sind Cookies? Cookies sind kleine Textdateien, die Informationen von Ihrem Besuch auf der Website enthalten. Cookies erleichtern und vereinfachen die Interaktion zwischen dem Benutzer und der Website. Sie erm\u00f6glichen es der Website, sich an die Vorlieben und Aktivit\u00e4ten des Einzelnen zu erinnern, wodurch Zeit gespart und zu einem effizienteren und benutzerfreundlicheren Surfen beigetragen wird....","og_url":"https:\/\/lifesimplified.gorenje.com\/de\/zu-den-cookies\/","og_site_name":"Life Simplified","article_publisher":"https:\/\/www.facebook.com\/gorenje.SLO\/","article_modified_time":"2021-06-10T07:43:17+00:00","og_image":[{"width":2169,"height":1223,"url":"https:\/\/lifesimplified.gorenje.com\/wp-content\/uploads\/2019\/12\/gorenje-life-simplified-blog-life-simplified-logo.jpg","type":"image\/jpeg"}],"twitter_card":"summary_large_image","twitter_misc":{"Gesch\u00e4tzte Lesezeit":"5\u00a0Minuten"},"schema":{"@context":"https:\/\/schema.org","@graph":[{"@type":"WebPage","@id":"https:\/\/lifesimplified.gorenje.com\/de\/zu-den-cookies\/","url":"https:\/\/lifesimplified.gorenje.com\/de\/zu-den-cookies\/","name":"Zu den Cookies | Life Simplified","isPartOf":{"@id":"https:\/\/lifesimplified.gorenje.com\/de\/#website"},"datePublished":"2018-10-24T17:46:26+00:00","dateModified":"2021-06-10T07:43:17+00:00","breadcrumb":{"@id":"https:\/\/lifesimplified.gorenje.com\/de\/zu-den-cookies\/#breadcrumb"},"inLanguage":"de","potentialAction":[{"@type":"ReadAction","target":["https:\/\/lifesimplified.gorenje.com\/de\/zu-den-cookies\/"]}]},{"@type":"BreadcrumbList","@id":"https:\/\/lifesimplified.gorenje.com\/de\/zu-den-cookies\/#breadcrumb","itemListElement":[{"@type":"ListItem","position":1,"name":"Home","item":"https:\/\/lifesimplified.gorenje.com\/de\/home\/"},{"@type":"ListItem","position":2,"name":"Zu den Cookies"}]},{"@type":"WebSite","@id":"https:\/\/lifesimplified.gorenje.com\/de\/#website","url":"https:\/\/lifesimplified.gorenje.com\/de\/","name":"Life Simplified","description":"Erleben Sie Einfachheit","publisher":{"@id":"https:\/\/lifesimplified.gorenje.com\/de\/#organization"},"potentialAction":[{"@type":"SearchAction","target":{"@type":"EntryPoint","urlTemplate":"https:\/\/lifesimplified.gorenje.com\/de\/?s={search_term_string}"},"query-input":{"@type":"PropertyValueSpecification","valueRequired":true,"valueName":"search_term_string"}}],"inLanguage":"de"},{"@type":"Organization","@id":"https:\/\/lifesimplified.gorenje.com\/de\/#organization","name":"Gorenje","url":"https:\/\/lifesimplified.gorenje.com\/de\/","logo":{"@type":"ImageObject","inLanguage":"de","@id":"https:\/\/lifesimplified.gorenje.com\/de\/#\/schema\/logo\/image\/","url":"https:\/\/lifesimplified.gorenje.com\/wp-content\/uploads\/2019\/12\/gorenje-life-simplified-blog-life-simplified-logo.jpg","contentUrl":"https:\/\/lifesimplified.gorenje.com\/wp-content\/uploads\/2019\/12\/gorenje-life-simplified-blog-life-simplified-logo.jpg","width":2169,"height":1223,"caption":"Gorenje"},"image":{"@id":"https:\/\/lifesimplified.gorenje.com\/de\/#\/schema\/logo\/image\/"},"sameAs":["https:\/\/www.facebook.com\/gorenje.SLO\/","https:\/\/www.instagram.com\/gorenje_slovenija\/","https:\/\/www.youtube.com\/user\/gorenjesi"]}]}},"_links":{"self":[{"href":"https:\/\/lifesimplified.gorenje.com\/de\/wp-json\/wp\/v2\/pages\/10980","targetHints":{"allow":["GET"]}}],"collection":[{"href":"https:\/\/lifesimplified.gorenje.com\/de\/wp-json\/wp\/v2\/pages"}],"about":[{"href":"https:\/\/lifesimplified.gorenje.com\/de\/wp-json\/wp\/v2\/types\/page"}],"author":[{"embeddable":true,"href":"https:\/\/lifesimplified.gorenje.com\/de\/wp-json\/wp\/v2\/users\/1"}],"replies":[{"embeddable":true,"href":"https:\/\/lifesimplified.gorenje.com\/de\/wp-json\/wp\/v2\/comments?post=10980"}],"version-history":[{"count":4,"href":"https:\/\/lifesimplified.gorenje.com\/de\/wp-json\/wp\/v2\/pages\/10980\/revisions"}],"predecessor-version":[{"id":69328,"href":"https:\/\/lifesimplified.gorenje.com\/de\/wp-json\/wp\/v2\/pages\/10980\/revisions\/69328"}],"wp:attachment":[{"href":"https:\/\/lifesimplified.gorenje.com\/de\/wp-json\/wp\/v2\/media?parent=10980"}],"curies":[{"name":"wp","href":"https:\/\/api.w.org\/{rel}","templated":true}]}}