{"id":10977,"date":"2018-11-04T18:51:54","date_gmt":"2018-11-04T18:51:54","guid":{"rendered":"https:\/\/lifesimplified.gorenje.com\/about-life-simplified-blog\/"},"modified":"2022-01-05T07:05:59","modified_gmt":"2022-01-05T07:05:59","slug":"about-life-simplified-blog","status":"publish","type":"page","link":"https:\/\/lifesimplified.gorenje.com\/de\/about-life-simplified-blog\/","title":{"rendered":"Life Simplified-Blog"},"content":{"rendered":"<p>Gorenje ist mehr als nur Haushaltsger\u00e4te. Als Marke leben wir im Hier und Jetzt Ihres Zuhauses und Alltags. Deshalb haben wir es uns zur Mission gemacht, eine wichtige Rolle in Ihrem t\u00e4glichen Leben zu spielen und die damit verbundenen Aufgaben ein wenig einfacher, unkomplizierter und angenehmer zu gestalten. Wir glauben, dass jede Innovation, die wir anbieten, einen vereinfachenden Zweck haben muss, um die gr\u00f6\u00dften Meilensteine des Lebens oder die kleinsten allt\u00e4glichen Momente reibungsloser zu gestalten.<\/p>\n<p>Der Life Simplified-Blog bietet Tipps &amp; Tricks, Rezepte und Inspirationen f\u00fcr die Inneneinrichtung f\u00fcr all jene, die einen Hauch von Leichtigkeit in ihrem Leben ben\u00f6tigen. Wenn Sie mehr Zeit und Raum zum Atmen in Ihrem Tag schaffen m\u00f6chten, sind Sie hier genau richtig. Wir wissen, dass weniger oft mehr sein kann, aber es geht uns nicht um Minimalismus. Uns geht es um die Balance. Die kleinen \u00c4nderungen, die die besten Ergebnisse liefern: ein leckeres Abendessen, ein frisches Hemd, ein gem\u00fctliches Zuhause, eine gl\u00fcckliche Familie.<\/p>\n<h4>Erleben Sie Einfachheit. Genie\u00dfen Sie das Leben.<\/h4>\n","protected":false},"excerpt":{"rendered":"<p>Gorenje ist mehr als nur Haushaltsger\u00e4te. Als Marke leben wir im Hier und Jetzt Ihres Zuhauses und Alltags. Deshalb haben wir es uns zur Mission gemacht, eine wichtige Rolle in Ihrem t\u00e4glichen Leben zu spielen und die damit verbundenen Aufgaben ein wenig einfacher, unkomplizierter und angenehmer zu gestalten. Wir glauben, dass jede Innovation, die wir&#8230;<\/p>\n","protected":false},"author":1,"featured_media":0,"parent":0,"menu_order":0,"comment_status":"closed","ping_status":"closed","template":"","meta":{"footnotes":""},"class_list":["post-10977","page","type-page","status-publish","hentry"],"yoast_head":"<!-- This site is optimized with the Yoast SEO plugin v27.1.1 - https:\/\/yoast.com\/product\/yoast-seo-wordpress\/ -->\n<title>Hausarbeit Ratgeber - Alltag vereinfachen | Gorenje Blog<\/title>\n<meta name=\"description\" content=\"Die wichtigsten Themen zur Hausarbeit \u2713 Ratgeber mit wertvollen Tipps und Tricks um den Alltag zu vereinfachen \u2713 Jetzt lesen \u25ba\" \/>\n<meta name=\"robots\" content=\"index, follow, max-snippet:-1, max-image-preview:large, max-video-preview:-1\" \/>\n<link rel=\"canonical\" href=\"https:\/\/lifesimplified.gorenje.com\/de\/about-life-simplified-blog\/\" \/>\n<meta property=\"og:locale\" content=\"de_DE\" \/>\n<meta property=\"og:type\" content=\"article\" \/>\n<meta property=\"og:title\" content=\"Hausarbeit Ratgeber - Alltag vereinfachen | Gorenje Blog\" \/>\n<meta property=\"og:description\" content=\"Die wichtigsten Themen zur Hausarbeit \u2713 Ratgeber mit wertvollen Tipps und Tricks um den Alltag zu vereinfachen \u2713 Jetzt lesen \u25ba\" \/>\n<meta property=\"og:url\" content=\"https:\/\/lifesimplified.gorenje.com\/de\/about-life-simplified-blog\/\" \/>\n<meta property=\"og:site_name\" content=\"Life Simplified\" \/>\n<meta property=\"article:publisher\" content=\"https:\/\/www.facebook.com\/gorenje.SLO\/\" \/>\n<meta property=\"article:modified_time\" content=\"2022-01-05T07:05:59+00:00\" \/>\n<meta property=\"og:image\" content=\"https:\/\/lifesimplified.gorenje.com\/wp-content\/uploads\/2019\/12\/gorenje-life-simplified-blog-life-simplified-logo.jpg\" \/>\n\t<meta property=\"og:image:width\" content=\"2169\" \/>\n\t<meta property=\"og:image:height\" content=\"1223\" \/>\n\t<meta property=\"og:image:type\" content=\"image\/jpeg\" \/>\n<meta name=\"twitter:card\" content=\"summary_large_image\" \/>\n<meta name=\"twitter:label1\" content=\"Gesch\u00e4tzte Lesezeit\" \/>\n\t<meta name=\"twitter:data1\" content=\"1\u00a0Minute\" \/>\n<script type=\"application\/ld+json\" class=\"yoast-schema-graph\">{\"@context\":\"https:\/\/schema.org\",\"@graph\":[{\"@type\":\"WebPage\",\"@id\":\"https:\/\/lifesimplified.gorenje.com\/de\/about-life-simplified-blog\/\",\"url\":\"https:\/\/lifesimplified.gorenje.com\/de\/about-life-simplified-blog\/\",\"name\":\"Hausarbeit Ratgeber - Alltag vereinfachen | Gorenje Blog\",\"isPartOf\":{\"@id\":\"https:\/\/lifesimplified.gorenje.com\/de\/#website\"},\"datePublished\":\"2018-11-04T18:51:54+00:00\",\"dateModified\":\"2022-01-05T07:05:59+00:00\",\"description\":\"Die wichtigsten Themen zur Hausarbeit \u2713 Ratgeber mit wertvollen Tipps und Tricks um den Alltag zu vereinfachen \u2713 Jetzt lesen \u25ba\",\"breadcrumb\":{\"@id\":\"https:\/\/lifesimplified.gorenje.com\/de\/about-life-simplified-blog\/#breadcrumb\"},\"inLanguage\":\"de\",\"potentialAction\":[{\"@type\":\"ReadAction\",\"target\":[\"https:\/\/lifesimplified.gorenje.com\/de\/about-life-simplified-blog\/\"]}]},{\"@type\":\"BreadcrumbList\",\"@id\":\"https:\/\/lifesimplified.gorenje.com\/de\/about-life-simplified-blog\/#breadcrumb\",\"itemListElement\":[{\"@type\":\"ListItem\",\"position\":1,\"name\":\"Home\",\"item\":\"https:\/\/lifesimplified.gorenje.com\/de\/home\/\"},{\"@type\":\"ListItem\",\"position\":2,\"name\":\"Life Simplified-Blog\"}]},{\"@type\":\"WebSite\",\"@id\":\"https:\/\/lifesimplified.gorenje.com\/de\/#website\",\"url\":\"https:\/\/lifesimplified.gorenje.com\/de\/\",\"name\":\"Life Simplified\",\"description\":\"Erleben Sie Einfachheit\",\"publisher\":{\"@id\":\"https:\/\/lifesimplified.gorenje.com\/de\/#organization\"},\"potentialAction\":[{\"@type\":\"SearchAction\",\"target\":{\"@type\":\"EntryPoint\",\"urlTemplate\":\"https:\/\/lifesimplified.gorenje.com\/de\/?s={search_term_string}\"},\"query-input\":{\"@type\":\"PropertyValueSpecification\",\"valueRequired\":true,\"valueName\":\"search_term_string\"}}],\"inLanguage\":\"de\"},{\"@type\":\"Organization\",\"@id\":\"https:\/\/lifesimplified.gorenje.com\/de\/#organization\",\"name\":\"Gorenje\",\"url\":\"https:\/\/lifesimplified.gorenje.com\/de\/\",\"logo\":{\"@type\":\"ImageObject\",\"inLanguage\":\"de\",\"@id\":\"https:\/\/lifesimplified.gorenje.com\/de\/#\/schema\/logo\/image\/\",\"url\":\"https:\/\/lifesimplified.gorenje.com\/wp-content\/uploads\/2019\/12\/gorenje-life-simplified-blog-life-simplified-logo.jpg\",\"contentUrl\":\"https:\/\/lifesimplified.gorenje.com\/wp-content\/uploads\/2019\/12\/gorenje-life-simplified-blog-life-simplified-logo.jpg\",\"width\":2169,\"height\":1223,\"caption\":\"Gorenje\"},\"image\":{\"@id\":\"https:\/\/lifesimplified.gorenje.com\/de\/#\/schema\/logo\/image\/\"},\"sameAs\":[\"https:\/\/www.facebook.com\/gorenje.SLO\/\",\"https:\/\/www.instagram.com\/gorenje_slovenija\/\",\"https:\/\/www.youtube.com\/user\/gorenjesi\"]}]}<\/script>\n<!-- \/ Yoast SEO plugin. -->","yoast_head_json":{"title":"Hausarbeit Ratgeber - Alltag vereinfachen | Gorenje Blog","description":"Die wichtigsten Themen zur Hausarbeit \u2713 Ratgeber mit wertvollen Tipps und Tricks um den Alltag zu vereinfachen \u2713 Jetzt lesen \u25ba","robots":{"index":"index","follow":"follow","max-snippet":"max-snippet:-1","max-image-preview":"max-image-preview:large","max-video-preview":"max-video-preview:-1"},"canonical":"https:\/\/lifesimplified.gorenje.com\/de\/about-life-simplified-blog\/","og_locale":"de_DE","og_type":"article","og_title":"Hausarbeit Ratgeber - Alltag vereinfachen | Gorenje Blog","og_description":"Die wichtigsten Themen zur Hausarbeit \u2713 Ratgeber mit wertvollen Tipps und Tricks um den Alltag zu vereinfachen \u2713 Jetzt lesen \u25ba","og_url":"https:\/\/lifesimplified.gorenje.com\/de\/about-life-simplified-blog\/","og_site_name":"Life Simplified","article_publisher":"https:\/\/www.facebook.com\/gorenje.SLO\/","article_modified_time":"2022-01-05T07:05:59+00:00","og_image":[{"width":2169,"height":1223,"url":"https:\/\/lifesimplified.gorenje.com\/wp-content\/uploads\/2019\/12\/gorenje-life-simplified-blog-life-simplified-logo.jpg","type":"image\/jpeg"}],"twitter_card":"summary_large_image","twitter_misc":{"Gesch\u00e4tzte Lesezeit":"1\u00a0Minute"},"schema":{"@context":"https:\/\/schema.org","@graph":[{"@type":"WebPage","@id":"https:\/\/lifesimplified.gorenje.com\/de\/about-life-simplified-blog\/","url":"https:\/\/lifesimplified.gorenje.com\/de\/about-life-simplified-blog\/","name":"Hausarbeit Ratgeber - Alltag vereinfachen | Gorenje Blog","isPartOf":{"@id":"https:\/\/lifesimplified.gorenje.com\/de\/#website"},"datePublished":"2018-11-04T18:51:54+00:00","dateModified":"2022-01-05T07:05:59+00:00","description":"Die wichtigsten Themen zur Hausarbeit \u2713 Ratgeber mit wertvollen Tipps und Tricks um den Alltag zu vereinfachen \u2713 Jetzt lesen \u25ba","breadcrumb":{"@id":"https:\/\/lifesimplified.gorenje.com\/de\/about-life-simplified-blog\/#breadcrumb"},"inLanguage":"de","potentialAction":[{"@type":"ReadAction","target":["https:\/\/lifesimplified.gorenje.com\/de\/about-life-simplified-blog\/"]}]},{"@type":"BreadcrumbList","@id":"https:\/\/lifesimplified.gorenje.com\/de\/about-life-simplified-blog\/#breadcrumb","itemListElement":[{"@type":"ListItem","position":1,"name":"Home","item":"https:\/\/lifesimplified.gorenje.com\/de\/home\/"},{"@type":"ListItem","position":2,"name":"Life Simplified-Blog"}]},{"@type":"WebSite","@id":"https:\/\/lifesimplified.gorenje.com\/de\/#website","url":"https:\/\/lifesimplified.gorenje.com\/de\/","name":"Life Simplified","description":"Erleben Sie Einfachheit","publisher":{"@id":"https:\/\/lifesimplified.gorenje.com\/de\/#organization"},"potentialAction":[{"@type":"SearchAction","target":{"@type":"EntryPoint","urlTemplate":"https:\/\/lifesimplified.gorenje.com\/de\/?s={search_term_string}"},"query-input":{"@type":"PropertyValueSpecification","valueRequired":true,"valueName":"search_term_string"}}],"inLanguage":"de"},{"@type":"Organization","@id":"https:\/\/lifesimplified.gorenje.com\/de\/#organization","name":"Gorenje","url":"https:\/\/lifesimplified.gorenje.com\/de\/","logo":{"@type":"ImageObject","inLanguage":"de","@id":"https:\/\/lifesimplified.gorenje.com\/de\/#\/schema\/logo\/image\/","url":"https:\/\/lifesimplified.gorenje.com\/wp-content\/uploads\/2019\/12\/gorenje-life-simplified-blog-life-simplified-logo.jpg","contentUrl":"https:\/\/lifesimplified.gorenje.com\/wp-content\/uploads\/2019\/12\/gorenje-life-simplified-blog-life-simplified-logo.jpg","width":2169,"height":1223,"caption":"Gorenje"},"image":{"@id":"https:\/\/lifesimplified.gorenje.com\/de\/#\/schema\/logo\/image\/"},"sameAs":["https:\/\/www.facebook.com\/gorenje.SLO\/","https:\/\/www.instagram.com\/gorenje_slovenija\/","https:\/\/www.youtube.com\/user\/gorenjesi"]}]}},"_links":{"self":[{"href":"https:\/\/lifesimplified.gorenje.com\/de\/wp-json\/wp\/v2\/pages\/10977","targetHints":{"allow":["GET"]}}],"collection":[{"href":"https:\/\/lifesimplified.gorenje.com\/de\/wp-json\/wp\/v2\/pages"}],"about":[{"href":"https:\/\/lifesimplified.gorenje.com\/de\/wp-json\/wp\/v2\/types\/page"}],"author":[{"embeddable":true,"href":"https:\/\/lifesimplified.gorenje.com\/de\/wp-json\/wp\/v2\/users\/1"}],"replies":[{"embeddable":true,"href":"https:\/\/lifesimplified.gorenje.com\/de\/wp-json\/wp\/v2\/comments?post=10977"}],"version-history":[{"count":2,"href":"https:\/\/lifesimplified.gorenje.com\/de\/wp-json\/wp\/v2\/pages\/10977\/revisions"}],"predecessor-version":[{"id":10979,"href":"https:\/\/lifesimplified.gorenje.com\/de\/wp-json\/wp\/v2\/pages\/10977\/revisions\/10979"}],"wp:attachment":[{"href":"https:\/\/lifesimplified.gorenje.com\/de\/wp-json\/wp\/v2\/media?parent=10977"}],"curies":[{"name":"wp","href":"https:\/\/api.w.org\/{rel}","templated":true}]}}