{"id":2155,"date":"2019-09-25T19:08:48","date_gmt":"2019-09-25T19:08:48","guid":{"rendered":"https:\/\/lifesimplified.gorenje.com\/misto-pro-jednodussi-zivot\/"},"modified":"2019-09-25T19:08:48","modified_gmt":"2019-09-25T19:08:48","slug":"misto-pro-jednodussi-zivot","status":"publish","type":"page","link":"https:\/\/lifesimplified.gorenje.com\/cz\/misto-pro-jednodussi-zivot\/","title":{"rendered":"M\u00edsto pro jednodu\u0161\u0161\u00ed \u017eivot"},"content":{"rendered":"<p>Jsme nad\u0161en\u00ed zjednodu\u0161ov\u00e1n\u00ed \u017eivota, abychom se radovali v\u00edce momenty, kter\u00e9 jsou autentick\u00e9 a smyslupln\u00e9. Vytvo\u0159eno komunitou nad\u0161enc\u016f jednoduchosti, kte\u0159\u00ed p\u0159in\u00e1\u0161ej\u00ed kreativn\u00ed n\u00e1pady, inspiruj\u00edc\u00ed my\u0161lenky a u\u017eite\u010dn\u00e9 n\u00e1stroje, aby se stali t\u00edm, kdo v\u00e1m pom\u016f\u017ee \u201eNavrhnout si \u017eivot, kter\u00fd chcete \u017e\u00edt\u201c. <strong>P\u0159ijm\u011bte jednoduchost. P\u0159ijm\u011bte \u017eivot.<\/strong><\/p>\n","protected":false},"excerpt":{"rendered":"<p>Jsme nad\u0161en\u00ed zjednodu\u0161ov\u00e1n\u00ed \u017eivota, abychom se radovali v\u00edce momenty, kter\u00e9 jsou autentick\u00e9 a smyslupln\u00e9. Vytvo\u0159eno komunitou nad\u0161enc\u016f jednoduchosti, kte\u0159\u00ed p\u0159in\u00e1\u0161ej\u00ed kreativn\u00ed n\u00e1pady, inspiruj\u00edc\u00ed my\u0161lenky a u\u017eite\u010dn\u00e9 n\u00e1stroje, aby se stali t\u00edm, kdo v\u00e1m pom\u016f\u017ee \u201eNavrhnout si \u017eivot, kter\u00fd chcete \u017e\u00edt\u201c. P\u0159ijm\u011bte jednoduchost. P\u0159ijm\u011bte \u017eivot.<\/p>\n","protected":false},"author":1,"featured_media":2157,"parent":0,"menu_order":0,"comment_status":"closed","ping_status":"closed","template":"","meta":{"footnotes":""},"class_list":["post-2155","page","type-page","status-publish","has-post-thumbnail","hentry","has-post-video"],"yoast_head":"<!-- This site is optimized with the Yoast SEO plugin v27.1.1 - https:\/\/yoast.com\/product\/yoast-seo-wordpress\/ -->\n<title>M\u00edsto pro jednodu\u0161\u0161\u00ed \u017eivot | Life Simplified<\/title>\n<meta name=\"robots\" content=\"index, follow, max-snippet:-1, max-image-preview:large, max-video-preview:-1\" \/>\n<link rel=\"canonical\" href=\"https:\/\/lifesimplified.gorenje.com\/cz\/misto-pro-jednodussi-zivot\/\" \/>\n<meta property=\"og:locale\" content=\"cs_CZ\" \/>\n<meta property=\"og:type\" content=\"article\" \/>\n<meta property=\"og:title\" content=\"M\u00edsto pro jednodu\u0161\u0161\u00ed \u017eivot | Life Simplified\" \/>\n<meta property=\"og:description\" content=\"Jsme nad\u0161en\u00ed zjednodu\u0161ov\u00e1n\u00ed \u017eivota, abychom se radovali v\u00edce momenty, kter\u00e9 jsou autentick\u00e9 a smyslupln\u00e9. Vytvo\u0159eno komunitou nad\u0161enc\u016f jednoduchosti, kte\u0159\u00ed p\u0159in\u00e1\u0161ej\u00ed kreativn\u00ed n\u00e1pady, inspiruj\u00edc\u00ed my\u0161lenky a u\u017eite\u010dn\u00e9 n\u00e1stroje, aby se stali t\u00edm, kdo v\u00e1m pom\u016f\u017ee \u201eNavrhnout si \u017eivot, kter\u00fd chcete \u017e\u00edt\u201c. P\u0159ijm\u011bte jednoduchost. P\u0159ijm\u011bte \u017eivot.\" \/>\n<meta property=\"og:url\" content=\"https:\/\/lifesimplified.gorenje.com\/cz\/misto-pro-jednodussi-zivot\/\" \/>\n<meta property=\"og:site_name\" content=\"Life Simplified\" \/>\n<meta property=\"article:publisher\" content=\"https:\/\/www.facebook.com\/gorenje.SLO\/\" \/>\n<meta property=\"og:image\" content=\"https:\/\/lifesimplified.gorenje.com\/wp-content\/uploads\/2019\/04\/gorenje_life_simplified_smartflex_motherdaughter_making_bubbles.jpg\" \/>\n\t<meta property=\"og:image:width\" content=\"1800\" \/>\n\t<meta property=\"og:image:height\" content=\"1200\" \/>\n\t<meta property=\"og:image:type\" content=\"image\/jpeg\" \/>\n<meta name=\"twitter:card\" content=\"summary_large_image\" \/>\n<script type=\"application\/ld+json\" class=\"yoast-schema-graph\">{\"@context\":\"https:\/\/schema.org\",\"@graph\":[{\"@type\":\"WebPage\",\"@id\":\"https:\/\/lifesimplified.gorenje.com\/cz\/misto-pro-jednodussi-zivot\/\",\"url\":\"https:\/\/lifesimplified.gorenje.com\/cz\/misto-pro-jednodussi-zivot\/\",\"name\":\"M\u00edsto pro jednodu\u0161\u0161\u00ed \u017eivot | Life Simplified\",\"isPartOf\":{\"@id\":\"https:\/\/lifesimplified.gorenje.com\/cz\/#website\"},\"primaryImageOfPage\":{\"@id\":\"https:\/\/lifesimplified.gorenje.com\/cz\/misto-pro-jednodussi-zivot\/#primaryimage\"},\"image\":{\"@id\":\"https:\/\/lifesimplified.gorenje.com\/cz\/misto-pro-jednodussi-zivot\/#primaryimage\"},\"thumbnailUrl\":\"https:\/\/lifesimplified.gorenje.com\/wp-content\/uploads\/2019\/04\/gorenje_life_simplified_smartflex_motherdaughter_making_bubbles.jpg\",\"datePublished\":\"2019-09-25T19:08:48+00:00\",\"breadcrumb\":{\"@id\":\"https:\/\/lifesimplified.gorenje.com\/cz\/misto-pro-jednodussi-zivot\/#breadcrumb\"},\"inLanguage\":\"cs\",\"potentialAction\":[{\"@type\":\"ReadAction\",\"target\":[\"https:\/\/lifesimplified.gorenje.com\/cz\/misto-pro-jednodussi-zivot\/\"]}]},{\"@type\":\"ImageObject\",\"inLanguage\":\"cs\",\"@id\":\"https:\/\/lifesimplified.gorenje.com\/cz\/misto-pro-jednodussi-zivot\/#primaryimage\",\"url\":\"https:\/\/lifesimplified.gorenje.com\/wp-content\/uploads\/2019\/04\/gorenje_life_simplified_smartflex_motherdaughter_making_bubbles.jpg\",\"contentUrl\":\"https:\/\/lifesimplified.gorenje.com\/wp-content\/uploads\/2019\/04\/gorenje_life_simplified_smartflex_motherdaughter_making_bubbles.jpg\",\"width\":1800,\"height\":1200},{\"@type\":\"BreadcrumbList\",\"@id\":\"https:\/\/lifesimplified.gorenje.com\/cz\/misto-pro-jednodussi-zivot\/#breadcrumb\",\"itemListElement\":[{\"@type\":\"ListItem\",\"position\":1,\"name\":\"Home\",\"item\":\"https:\/\/lifesimplified.gorenje.com\/cz\/home\/\"},{\"@type\":\"ListItem\",\"position\":2,\"name\":\"M\u00edsto pro jednodu\u0161\u0161\u00ed \u017eivot\"}]},{\"@type\":\"WebSite\",\"@id\":\"https:\/\/lifesimplified.gorenje.com\/cz\/#website\",\"url\":\"https:\/\/lifesimplified.gorenje.com\/cz\/\",\"name\":\"Life Simplified\",\"description\":\"P\u0159ijm\u011bte jednoduchost\",\"publisher\":{\"@id\":\"https:\/\/lifesimplified.gorenje.com\/cz\/#organization\"},\"potentialAction\":[{\"@type\":\"SearchAction\",\"target\":{\"@type\":\"EntryPoint\",\"urlTemplate\":\"https:\/\/lifesimplified.gorenje.com\/cz\/?s={search_term_string}\"},\"query-input\":{\"@type\":\"PropertyValueSpecification\",\"valueRequired\":true,\"valueName\":\"search_term_string\"}}],\"inLanguage\":\"cs\"},{\"@type\":\"Organization\",\"@id\":\"https:\/\/lifesimplified.gorenje.com\/cz\/#organization\",\"name\":\"Gorenje\",\"url\":\"https:\/\/lifesimplified.gorenje.com\/cz\/\",\"logo\":{\"@type\":\"ImageObject\",\"inLanguage\":\"cs\",\"@id\":\"https:\/\/lifesimplified.gorenje.com\/cz\/#\/schema\/logo\/image\/\",\"url\":\"https:\/\/lifesimplified.gorenje.com\/wp-content\/uploads\/2019\/12\/gorenje-life-simplified-blog-life-simplified-logo.jpg\",\"contentUrl\":\"https:\/\/lifesimplified.gorenje.com\/wp-content\/uploads\/2019\/12\/gorenje-life-simplified-blog-life-simplified-logo.jpg\",\"width\":2169,\"height\":1223,\"caption\":\"Gorenje\"},\"image\":{\"@id\":\"https:\/\/lifesimplified.gorenje.com\/cz\/#\/schema\/logo\/image\/\"},\"sameAs\":[\"https:\/\/www.facebook.com\/gorenje.SLO\/\",\"https:\/\/www.instagram.com\/gorenje_slovenija\/\",\"https:\/\/www.youtube.com\/user\/gorenjesi\"]}]}<\/script>\n<!-- \/ Yoast SEO plugin. -->","yoast_head_json":{"title":"M\u00edsto pro jednodu\u0161\u0161\u00ed \u017eivot | Life Simplified","robots":{"index":"index","follow":"follow","max-snippet":"max-snippet:-1","max-image-preview":"max-image-preview:large","max-video-preview":"max-video-preview:-1"},"canonical":"https:\/\/lifesimplified.gorenje.com\/cz\/misto-pro-jednodussi-zivot\/","og_locale":"cs_CZ","og_type":"article","og_title":"M\u00edsto pro jednodu\u0161\u0161\u00ed \u017eivot | Life Simplified","og_description":"Jsme nad\u0161en\u00ed zjednodu\u0161ov\u00e1n\u00ed \u017eivota, abychom se radovali v\u00edce momenty, kter\u00e9 jsou autentick\u00e9 a smyslupln\u00e9. Vytvo\u0159eno komunitou nad\u0161enc\u016f jednoduchosti, kte\u0159\u00ed p\u0159in\u00e1\u0161ej\u00ed kreativn\u00ed n\u00e1pady, inspiruj\u00edc\u00ed my\u0161lenky a u\u017eite\u010dn\u00e9 n\u00e1stroje, aby se stali t\u00edm, kdo v\u00e1m pom\u016f\u017ee \u201eNavrhnout si \u017eivot, kter\u00fd chcete \u017e\u00edt\u201c. P\u0159ijm\u011bte jednoduchost. P\u0159ijm\u011bte \u017eivot.","og_url":"https:\/\/lifesimplified.gorenje.com\/cz\/misto-pro-jednodussi-zivot\/","og_site_name":"Life Simplified","article_publisher":"https:\/\/www.facebook.com\/gorenje.SLO\/","og_image":[{"width":1800,"height":1200,"url":"https:\/\/lifesimplified.gorenje.com\/wp-content\/uploads\/2019\/04\/gorenje_life_simplified_smartflex_motherdaughter_making_bubbles.jpg","type":"image\/jpeg"}],"twitter_card":"summary_large_image","schema":{"@context":"https:\/\/schema.org","@graph":[{"@type":"WebPage","@id":"https:\/\/lifesimplified.gorenje.com\/cz\/misto-pro-jednodussi-zivot\/","url":"https:\/\/lifesimplified.gorenje.com\/cz\/misto-pro-jednodussi-zivot\/","name":"M\u00edsto pro jednodu\u0161\u0161\u00ed \u017eivot | Life Simplified","isPartOf":{"@id":"https:\/\/lifesimplified.gorenje.com\/cz\/#website"},"primaryImageOfPage":{"@id":"https:\/\/lifesimplified.gorenje.com\/cz\/misto-pro-jednodussi-zivot\/#primaryimage"},"image":{"@id":"https:\/\/lifesimplified.gorenje.com\/cz\/misto-pro-jednodussi-zivot\/#primaryimage"},"thumbnailUrl":"https:\/\/lifesimplified.gorenje.com\/wp-content\/uploads\/2019\/04\/gorenje_life_simplified_smartflex_motherdaughter_making_bubbles.jpg","datePublished":"2019-09-25T19:08:48+00:00","breadcrumb":{"@id":"https:\/\/lifesimplified.gorenje.com\/cz\/misto-pro-jednodussi-zivot\/#breadcrumb"},"inLanguage":"cs","potentialAction":[{"@type":"ReadAction","target":["https:\/\/lifesimplified.gorenje.com\/cz\/misto-pro-jednodussi-zivot\/"]}]},{"@type":"ImageObject","inLanguage":"cs","@id":"https:\/\/lifesimplified.gorenje.com\/cz\/misto-pro-jednodussi-zivot\/#primaryimage","url":"https:\/\/lifesimplified.gorenje.com\/wp-content\/uploads\/2019\/04\/gorenje_life_simplified_smartflex_motherdaughter_making_bubbles.jpg","contentUrl":"https:\/\/lifesimplified.gorenje.com\/wp-content\/uploads\/2019\/04\/gorenje_life_simplified_smartflex_motherdaughter_making_bubbles.jpg","width":1800,"height":1200},{"@type":"BreadcrumbList","@id":"https:\/\/lifesimplified.gorenje.com\/cz\/misto-pro-jednodussi-zivot\/#breadcrumb","itemListElement":[{"@type":"ListItem","position":1,"name":"Home","item":"https:\/\/lifesimplified.gorenje.com\/cz\/home\/"},{"@type":"ListItem","position":2,"name":"M\u00edsto pro jednodu\u0161\u0161\u00ed \u017eivot"}]},{"@type":"WebSite","@id":"https:\/\/lifesimplified.gorenje.com\/cz\/#website","url":"https:\/\/lifesimplified.gorenje.com\/cz\/","name":"Life Simplified","description":"P\u0159ijm\u011bte jednoduchost","publisher":{"@id":"https:\/\/lifesimplified.gorenje.com\/cz\/#organization"},"potentialAction":[{"@type":"SearchAction","target":{"@type":"EntryPoint","urlTemplate":"https:\/\/lifesimplified.gorenje.com\/cz\/?s={search_term_string}"},"query-input":{"@type":"PropertyValueSpecification","valueRequired":true,"valueName":"search_term_string"}}],"inLanguage":"cs"},{"@type":"Organization","@id":"https:\/\/lifesimplified.gorenje.com\/cz\/#organization","name":"Gorenje","url":"https:\/\/lifesimplified.gorenje.com\/cz\/","logo":{"@type":"ImageObject","inLanguage":"cs","@id":"https:\/\/lifesimplified.gorenje.com\/cz\/#\/schema\/logo\/image\/","url":"https:\/\/lifesimplified.gorenje.com\/wp-content\/uploads\/2019\/12\/gorenje-life-simplified-blog-life-simplified-logo.jpg","contentUrl":"https:\/\/lifesimplified.gorenje.com\/wp-content\/uploads\/2019\/12\/gorenje-life-simplified-blog-life-simplified-logo.jpg","width":2169,"height":1223,"caption":"Gorenje"},"image":{"@id":"https:\/\/lifesimplified.gorenje.com\/cz\/#\/schema\/logo\/image\/"},"sameAs":["https:\/\/www.facebook.com\/gorenje.SLO\/","https:\/\/www.instagram.com\/gorenje_slovenija\/","https:\/\/www.youtube.com\/user\/gorenjesi"]}]}},"_links":{"self":[{"href":"https:\/\/lifesimplified.gorenje.com\/cz\/wp-json\/wp\/v2\/pages\/2155","targetHints":{"allow":["GET"]}}],"collection":[{"href":"https:\/\/lifesimplified.gorenje.com\/cz\/wp-json\/wp\/v2\/pages"}],"about":[{"href":"https:\/\/lifesimplified.gorenje.com\/cz\/wp-json\/wp\/v2\/types\/page"}],"author":[{"embeddable":true,"href":"https:\/\/lifesimplified.gorenje.com\/cz\/wp-json\/wp\/v2\/users\/1"}],"replies":[{"embeddable":true,"href":"https:\/\/lifesimplified.gorenje.com\/cz\/wp-json\/wp\/v2\/comments?post=2155"}],"version-history":[{"count":0,"href":"https:\/\/lifesimplified.gorenje.com\/cz\/wp-json\/wp\/v2\/pages\/2155\/revisions"}],"wp:featuredmedia":[{"embeddable":true,"href":"https:\/\/lifesimplified.gorenje.com\/cz\/wp-json\/wp\/v2\/media\/2157"}],"wp:attachment":[{"href":"https:\/\/lifesimplified.gorenje.com\/cz\/wp-json\/wp\/v2\/media?parent=2155"}],"curies":[{"name":"wp","href":"https:\/\/api.w.org\/{rel}","templated":true}]}}