{"id":8732,"date":"2018-10-11T07:47:12","date_gmt":"2018-10-11T07:47:12","guid":{"rendered":"https:\/\/lifesimplified.gorenje.com\/privacy\/"},"modified":"2021-03-30T07:40:02","modified_gmt":"2021-03-30T07:40:02","slug":"privatnost","status":"publish","type":"page","link":"https:\/\/lifesimplified.gorenje.com\/ba\/privatnost\/","title":{"rendered":"Privatnost"},"content":{"rendered":"<p>Kompanija Gorenje, d.d. posve\u0107ena je obezbje\u0111ivanju adekvatnog nivoa povjerljivosti, dostupnosti i integritetu li\u010dnih podataka bilo kojeg lica\/osobe, koja koristi Web usluge i rje\u0161enja kompanije.<\/p>\n<p>Prikupljeni Li\u010dni podaci i obra\u0111ivanje podataka \u0107e biti obavljeno uz primjenu svih adekvatnih fizi\u010dkih i logi\u010dnih sigurnosnih mjera. Gdje se prikupljaju li\u010dni podaci i obra\u0111uju uz pristanak, podaci se obra\u0111uju sve dok predmetni subjekt ne obavijesti kompaniju na jasan na\u010din o povla\u0107enju odobrenja obra\u0111ivanja podataka.<\/p>\n<p>Bilo koji prikupljeni li\u010dni podatak se ne prenosi u bilo koju drugu zemlju.<\/p>\n<p>Svi pristupi li\u010dnim podacima se odobravaju od Gorenje, d.d. kompanije i dostupan je samo autoriziranom osoblju. Nemamo automatizirano procesiranje ili profiliranje sa\u010duvanih li\u010dnih podataka.<\/p>\n<p>U slu\u010daju da imate dodatna pitanja u vezi sa kontrolisanjem i obra\u0111ivanjem li\u010dnih podataka mo\u017eete nam poslati e-mail na sljede\u0107i adresu <a href=\"mailto:gdpr@gorenje.com\">gdpr@gorenje.com<\/a>.<\/p>\n<p>Za sva obra\u0111ivanja i ne\u017eeljeno kori\u0161tenje svih li\u010dnih podataka u vezi sa Gorenje, d.d. mo\u017eete se obratiti na autorizirani organ za Za\u0161titu li\u010dnih podataka:<\/p>\n<p>Republika Slovenija<br \/>\nInformacijski poobla\u0161\u010denec<br \/>\nZalo\u0161ka 59<br \/>\n1000 Ljubljana<\/p>\n<p>Phone: 01 230 97 30<br \/>\nFax: 01 230 97 78<br \/>\nE-mail: gp.ip(at)ip-rs.si<\/p>\n<p>Head: Mojca Prelesnik, univ. dipl. prav., Information Commissioner<\/p>\n","protected":false},"excerpt":{"rendered":"<p>Kompanija Gorenje, d.d. posve\u0107ena je obezbje\u0111ivanju adekvatnog nivoa povjerljivosti, dostupnosti i integritetu li\u010dnih podataka bilo kojeg lica\/osobe, koja koristi Web usluge i rje\u0161enja kompanije. Prikupljeni Li\u010dni podaci i obra\u0111ivanje podataka \u0107e biti obavljeno uz primjenu svih adekvatnih fizi\u010dkih i logi\u010dnih sigurnosnih mjera. Gdje se prikupljaju li\u010dni podaci i obra\u0111uju uz pristanak, podaci se obra\u0111uju sve&#8230;<\/p>\n","protected":false},"author":1,"featured_media":0,"parent":0,"menu_order":0,"comment_status":"closed","ping_status":"closed","template":"","meta":{"footnotes":""},"class_list":["post-8732","page","type-page","status-publish","hentry"],"yoast_head":"<!-- This site is optimized with the Yoast SEO plugin v27.1.1 - https:\/\/yoast.com\/product\/yoast-seo-wordpress\/ -->\n<title>Privatnost | Life Simplified<\/title>\n<meta name=\"robots\" content=\"index, follow, max-snippet:-1, max-image-preview:large, max-video-preview:-1\" \/>\n<link rel=\"canonical\" href=\"https:\/\/lifesimplified.gorenje.com\/ba\/privatnost\/\" \/>\n<meta property=\"og:locale\" content=\"en_US\" \/>\n<meta property=\"og:type\" content=\"article\" \/>\n<meta property=\"og:title\" content=\"Privatnost | Life Simplified\" \/>\n<meta property=\"og:description\" content=\"Kompanija Gorenje, d.d. posve\u0107ena je obezbje\u0111ivanju adekvatnog nivoa povjerljivosti, dostupnosti i integritetu li\u010dnih podataka bilo kojeg lica\/osobe, koja koristi Web usluge i rje\u0161enja kompanije. Prikupljeni Li\u010dni podaci i obra\u0111ivanje podataka \u0107e biti obavljeno uz primjenu svih adekvatnih fizi\u010dkih i logi\u010dnih sigurnosnih mjera. Gdje se prikupljaju li\u010dni podaci i obra\u0111uju uz pristanak, podaci se obra\u0111uju sve...\" \/>\n<meta property=\"og:url\" content=\"https:\/\/lifesimplified.gorenje.com\/ba\/privatnost\/\" \/>\n<meta property=\"og:site_name\" content=\"Life Simplified\" \/>\n<meta property=\"article:publisher\" content=\"https:\/\/www.facebook.com\/gorenje.SLO\/\" \/>\n<meta property=\"article:modified_time\" content=\"2021-03-30T07:40:02+00:00\" \/>\n<meta property=\"og:image\" content=\"https:\/\/lifesimplified.gorenje.com\/wp-content\/uploads\/2019\/12\/gorenje-life-simplified-blog-life-simplified-logo.jpg\" \/>\n\t<meta property=\"og:image:width\" content=\"2169\" \/>\n\t<meta property=\"og:image:height\" content=\"1223\" \/>\n\t<meta property=\"og:image:type\" content=\"image\/jpeg\" \/>\n<meta name=\"twitter:card\" content=\"summary_large_image\" \/>\n<meta name=\"twitter:label1\" content=\"Est. reading time\" \/>\n\t<meta name=\"twitter:data1\" content=\"1 minute\" \/>\n<script type=\"application\/ld+json\" class=\"yoast-schema-graph\">{\"@context\":\"https:\/\/schema.org\",\"@graph\":[{\"@type\":\"WebPage\",\"@id\":\"https:\/\/lifesimplified.gorenje.com\/ba\/privatnost\/\",\"url\":\"https:\/\/lifesimplified.gorenje.com\/ba\/privatnost\/\",\"name\":\"Privatnost | Life Simplified\",\"isPartOf\":{\"@id\":\"https:\/\/lifesimplified.gorenje.com\/ba\/#website\"},\"datePublished\":\"2018-10-11T07:47:12+00:00\",\"dateModified\":\"2021-03-30T07:40:02+00:00\",\"breadcrumb\":{\"@id\":\"https:\/\/lifesimplified.gorenje.com\/ba\/privatnost\/#breadcrumb\"},\"inLanguage\":\"bs\",\"potentialAction\":[{\"@type\":\"ReadAction\",\"target\":[\"https:\/\/lifesimplified.gorenje.com\/ba\/privatnost\/\"]}]},{\"@type\":\"BreadcrumbList\",\"@id\":\"https:\/\/lifesimplified.gorenje.com\/ba\/privatnost\/#breadcrumb\",\"itemListElement\":[{\"@type\":\"ListItem\",\"position\":1,\"name\":\"Home\",\"item\":\"https:\/\/lifesimplified.gorenje.com\/ba\/home\/\"},{\"@type\":\"ListItem\",\"position\":2,\"name\":\"Privatnost\"}]},{\"@type\":\"WebSite\",\"@id\":\"https:\/\/lifesimplified.gorenje.com\/ba\/#website\",\"url\":\"https:\/\/lifesimplified.gorenje.com\/ba\/\",\"name\":\"Life Simplified\",\"description\":\"Prigrlite jednostavnost\",\"publisher\":{\"@id\":\"https:\/\/lifesimplified.gorenje.com\/ba\/#organization\"},\"potentialAction\":[{\"@type\":\"SearchAction\",\"target\":{\"@type\":\"EntryPoint\",\"urlTemplate\":\"https:\/\/lifesimplified.gorenje.com\/ba\/?s={search_term_string}\"},\"query-input\":{\"@type\":\"PropertyValueSpecification\",\"valueRequired\":true,\"valueName\":\"search_term_string\"}}],\"inLanguage\":\"bs\"},{\"@type\":\"Organization\",\"@id\":\"https:\/\/lifesimplified.gorenje.com\/ba\/#organization\",\"name\":\"Gorenje\",\"url\":\"https:\/\/lifesimplified.gorenje.com\/ba\/\",\"logo\":{\"@type\":\"ImageObject\",\"inLanguage\":\"bs\",\"@id\":\"https:\/\/lifesimplified.gorenje.com\/ba\/#\/schema\/logo\/image\/\",\"url\":\"https:\/\/lifesimplified.gorenje.com\/wp-content\/uploads\/2019\/12\/gorenje-life-simplified-blog-life-simplified-logo.jpg\",\"contentUrl\":\"https:\/\/lifesimplified.gorenje.com\/wp-content\/uploads\/2019\/12\/gorenje-life-simplified-blog-life-simplified-logo.jpg\",\"width\":2169,\"height\":1223,\"caption\":\"Gorenje\"},\"image\":{\"@id\":\"https:\/\/lifesimplified.gorenje.com\/ba\/#\/schema\/logo\/image\/\"},\"sameAs\":[\"https:\/\/www.facebook.com\/gorenje.SLO\/\",\"https:\/\/www.instagram.com\/gorenje_slovenija\/\",\"https:\/\/www.youtube.com\/user\/gorenjesi\"]}]}<\/script>\n<!-- \/ Yoast SEO plugin. -->","yoast_head_json":{"title":"Privatnost | Life Simplified","robots":{"index":"index","follow":"follow","max-snippet":"max-snippet:-1","max-image-preview":"max-image-preview:large","max-video-preview":"max-video-preview:-1"},"canonical":"https:\/\/lifesimplified.gorenje.com\/ba\/privatnost\/","og_locale":"en_US","og_type":"article","og_title":"Privatnost | Life Simplified","og_description":"Kompanija Gorenje, d.d. posve\u0107ena je obezbje\u0111ivanju adekvatnog nivoa povjerljivosti, dostupnosti i integritetu li\u010dnih podataka bilo kojeg lica\/osobe, koja koristi Web usluge i rje\u0161enja kompanije. Prikupljeni Li\u010dni podaci i obra\u0111ivanje podataka \u0107e biti obavljeno uz primjenu svih adekvatnih fizi\u010dkih i logi\u010dnih sigurnosnih mjera. Gdje se prikupljaju li\u010dni podaci i obra\u0111uju uz pristanak, podaci se obra\u0111uju sve...","og_url":"https:\/\/lifesimplified.gorenje.com\/ba\/privatnost\/","og_site_name":"Life Simplified","article_publisher":"https:\/\/www.facebook.com\/gorenje.SLO\/","article_modified_time":"2021-03-30T07:40:02+00:00","og_image":[{"width":2169,"height":1223,"url":"https:\/\/lifesimplified.gorenje.com\/wp-content\/uploads\/2019\/12\/gorenje-life-simplified-blog-life-simplified-logo.jpg","type":"image\/jpeg"}],"twitter_card":"summary_large_image","twitter_misc":{"Est. reading time":"1 minute"},"schema":{"@context":"https:\/\/schema.org","@graph":[{"@type":"WebPage","@id":"https:\/\/lifesimplified.gorenje.com\/ba\/privatnost\/","url":"https:\/\/lifesimplified.gorenje.com\/ba\/privatnost\/","name":"Privatnost | Life Simplified","isPartOf":{"@id":"https:\/\/lifesimplified.gorenje.com\/ba\/#website"},"datePublished":"2018-10-11T07:47:12+00:00","dateModified":"2021-03-30T07:40:02+00:00","breadcrumb":{"@id":"https:\/\/lifesimplified.gorenje.com\/ba\/privatnost\/#breadcrumb"},"inLanguage":"bs","potentialAction":[{"@type":"ReadAction","target":["https:\/\/lifesimplified.gorenje.com\/ba\/privatnost\/"]}]},{"@type":"BreadcrumbList","@id":"https:\/\/lifesimplified.gorenje.com\/ba\/privatnost\/#breadcrumb","itemListElement":[{"@type":"ListItem","position":1,"name":"Home","item":"https:\/\/lifesimplified.gorenje.com\/ba\/home\/"},{"@type":"ListItem","position":2,"name":"Privatnost"}]},{"@type":"WebSite","@id":"https:\/\/lifesimplified.gorenje.com\/ba\/#website","url":"https:\/\/lifesimplified.gorenje.com\/ba\/","name":"Life Simplified","description":"Prigrlite jednostavnost","publisher":{"@id":"https:\/\/lifesimplified.gorenje.com\/ba\/#organization"},"potentialAction":[{"@type":"SearchAction","target":{"@type":"EntryPoint","urlTemplate":"https:\/\/lifesimplified.gorenje.com\/ba\/?s={search_term_string}"},"query-input":{"@type":"PropertyValueSpecification","valueRequired":true,"valueName":"search_term_string"}}],"inLanguage":"bs"},{"@type":"Organization","@id":"https:\/\/lifesimplified.gorenje.com\/ba\/#organization","name":"Gorenje","url":"https:\/\/lifesimplified.gorenje.com\/ba\/","logo":{"@type":"ImageObject","inLanguage":"bs","@id":"https:\/\/lifesimplified.gorenje.com\/ba\/#\/schema\/logo\/image\/","url":"https:\/\/lifesimplified.gorenje.com\/wp-content\/uploads\/2019\/12\/gorenje-life-simplified-blog-life-simplified-logo.jpg","contentUrl":"https:\/\/lifesimplified.gorenje.com\/wp-content\/uploads\/2019\/12\/gorenje-life-simplified-blog-life-simplified-logo.jpg","width":2169,"height":1223,"caption":"Gorenje"},"image":{"@id":"https:\/\/lifesimplified.gorenje.com\/ba\/#\/schema\/logo\/image\/"},"sameAs":["https:\/\/www.facebook.com\/gorenje.SLO\/","https:\/\/www.instagram.com\/gorenje_slovenija\/","https:\/\/www.youtube.com\/user\/gorenjesi"]}]}},"_links":{"self":[{"href":"https:\/\/lifesimplified.gorenje.com\/ba\/wp-json\/wp\/v2\/pages\/8732","targetHints":{"allow":["GET"]}}],"collection":[{"href":"https:\/\/lifesimplified.gorenje.com\/ba\/wp-json\/wp\/v2\/pages"}],"about":[{"href":"https:\/\/lifesimplified.gorenje.com\/ba\/wp-json\/wp\/v2\/types\/page"}],"author":[{"embeddable":true,"href":"https:\/\/lifesimplified.gorenje.com\/ba\/wp-json\/wp\/v2\/users\/1"}],"replies":[{"embeddable":true,"href":"https:\/\/lifesimplified.gorenje.com\/ba\/wp-json\/wp\/v2\/comments?post=8732"}],"version-history":[{"count":2,"href":"https:\/\/lifesimplified.gorenje.com\/ba\/wp-json\/wp\/v2\/pages\/8732\/revisions"}],"predecessor-version":[{"id":8734,"href":"https:\/\/lifesimplified.gorenje.com\/ba\/wp-json\/wp\/v2\/pages\/8732\/revisions\/8734"}],"wp:attachment":[{"href":"https:\/\/lifesimplified.gorenje.com\/ba\/wp-json\/wp\/v2\/media?parent=8732"}],"curies":[{"name":"wp","href":"https:\/\/api.w.org\/{rel}","templated":true}]}}