{"id":8724,"date":"2018-10-24T17:46:26","date_gmt":"2018-10-24T17:46:26","guid":{"rendered":"https:\/\/lifesimplified.gorenje.com\/about-cookies\/"},"modified":"2024-01-29T10:58:44","modified_gmt":"2024-01-29T10:58:44","slug":"o-kolacicima","status":"publish","type":"page","link":"https:\/\/lifesimplified.gorenje.com\/ba\/o-kolacicima\/","title":{"rendered":"O kola\u010di\u0107ima"},"content":{"rendered":"<h3>\u0160ta su kola\u010di\u0107i?<\/h3>\n<p>Kola\u010di\u0107i su mali tekstualni fajlovi koji sadr\u017ee informacije o va\u0161oj posjeti web stranici.<\/p>\n<p>Kola\u010di\u0107i pobolj\u0161avaju i olak\u0161avaju interakciju izme\u0111u korisnika i web stranice. Oni omogu\u0107avaju da web stranica zapamti individualne preferencije i aktivnosti posjetioca i time \u0161tede vrijeme i doprinose ve\u0107oj efikasnosti i ugodnijem surfanju korisnika.<\/p>\n<p>Prvi me\u0111u brojnim razlozima za kori\u0161tenje kola\u010di\u0107a je njihova sposobnost da \u010duvaju informacije na individualnim web stranicama (odabir jezika, broj posjeta, veli\u010dina slova, i sl.). Dodatno uz ovo, oni pobolj\u0161avaju implementaciju web usluga (registrovanje, sadr\u017eaj korpe za kupovinu, prijava na obavijesti, prikazivanje video sadr\u017eaja, i sl.) i prikupljanju informacija o navikama web korisnika (broj posjeta, sadr\u017eaj koji zanima korisnika, i sl.). Sve nam to poma\u017ee da pobolj\u0161amo korisni\u010dko iskustvo i da procijenimo efikasnost dizajna web stranice.<\/p>\n<p>Nijedan kola\u010di\u0107 koji koristimo na na\u0161oj web stranici ne prikuplja informacije koje bi mogle otkriti va\u0161 li\u010dni identitet.<\/p>\n<p>Zbog transparentnosti, napravili smo listu svih kola\u010di\u0107a koje koristimo i njihovu svrhu. Imajte na umu da daljim kori\u0161tenjem ove web stranice pristajete na kori\u0161tenje pobrojanih kola\u010di\u0107a.<\/p>\n<h3>Koji kola\u010di\u0107i se koriste na ovoj web stranici?<\/h3>\n<h4>Striktno obavezni kola\u010di\u0107i<\/h4>\n<p>Ovi kola\u010di\u0107i nam poma\u017eu da prika\u017eemo sadr\u017eaj, kontaktne forme, korpu za kupovinu i ostale esencijalne elemente web stranice. Ovi kola\u010di\u0107i su validni samo tokom posjete stranici. Primjer kola\u010di\u0107a: ASP.NET_SessionId.<\/p>\n<h4>Google<\/h4>\n<p>Google koristi kola\u010di\u0107e, na primjer, kako bi zapamtio va\u0161e preferencije pretra\u017eivanja, kako bi prilagodio prikazivanje relevantnog oglasa, da broji koliko posjetilaca je posjetilo stranicu, da bi vam pomogli da se prijavite na na\u0161e usluge i da za\u0161titi va\u0161e podatke. <a href=\"https:\/\/www.google.com\/policies\/technologies\/cookies\/\">Vi\u0161e<\/a><\/p>\n<h4>Google Analytics<\/h4>\n<p>Google Analytics je usluga koju nudi Google koji generi\u0161e detaljne statistike o prometu na web stranicama i izvoru prometa, te mjeri konverzije i prodaju. Prikupljeni podaci su takvi da nije mogu\u0107e utvrditi li\u010dni identitet. Ovi kola\u010di\u0107i va\u017ee 2 godine. Primjer kola\u010di\u0107a: _ga, __utma, __utmb,__utmc, __utmz in __utmv. <a href=\"https:\/\/developers.google.com\/analytics\/devguides\/collection\/gajs\/cookie-usage?hl=en\">Vi\u0161e<\/a><\/p>\n<h4>YouTube<\/h4>\n<p>Omogu\u0107ili smo videa sa na\u0161eg oficijelnog YouTube kanala kori\u0161tenjem YouTube-ovog moda koji \u0161titi privatnost. Ovaj mod mo\u017ee postaviti kola\u010di\u0107 na va\u0161em ra\u010dunaru kada kliknete na YouTube prikaziva\u010d videa, ali YouTube ne\u0107e spa\u0161avati va\u0161e kola\u010di\u0107e koji sadr\u017ee informacije o li\u010dnim podacima kako bi omogu\u0107io ponovno prikazivanje postavljenog videa kori\u0161tenjem unaprije\u0111enog moda koji \u0161titi va\u0161u privatnost. Ovi kola\u010di\u0107i imaju validnost 10 godina. Primjer kola\u010di\u0107a: Visitor_info1_Live, Use_Hitbox, SID, LOGIN_INFO, use_hotbox, PREF, SSID, HSID, watched_video_id_list, __utma, __utmz, demographics, VISITOR_INFO1_LIVE. <a href=\"https:\/\/policies.google.com\/technologies\/cookies?gl=ba\">Vi\u0161e<\/a><\/p>\n<h4>Google Maps<\/h4>\n<p>Google mape su povezane sa kola\u010di\u0107ima kako bi se korisniku prikazala mapa i lokacija. Ovi kola\u010di\u0107i imaju va\u017eenje 10 godina. Primjeri kola\u010di\u0107a: SID, SAPISID, APISID, SSID, HSID, NID, PREF. <a href=\"https:\/\/policies.google.com\/technologies\/cookies?gl=ba\">Vi\u0161e<\/a><\/p>\n<h4>AddThis<\/h4>\n<p>Kola\u010di\u0107i personaliziraju iskustvo dijeljenja i interakcije sa dru\u0161tvenim mre\u017eama i snimaju broj dijeljenja, lajkova i komentara. Ovi kola\u010di\u0107i imaju va\u017eenje 10 godina. <a href=\"https:\/\/www.addthis.com\/privacy#.UbcaUqzDCZc\">Vi\u0161e<\/a><\/p>\n<h4>Facebook<\/h4>\n<p>Koristimo kola\u010di\u0107e kako bi personalizirali va\u0161u interakciju sa dru\u0161tvenom mre\u017eom Facebook. Ovi kola\u010di\u0107i imaju va\u017eenje 5 godina. Primjer kola\u010di\u0107a: act,locale, lu, datr, csm. <a href=\"https:\/\/www.facebook.com\/about\/privacy\/\">Vi\u0161e<\/a><\/p>\n<h4>Twitter<\/h4>\n<p>Koristimo kola\u010di\u0107e kako bi personalizirali va\u0161u interakciju sa dru\u0161tvenom mre\u017eom Twitter. Ovi kola\u010di\u0107i imaju va\u017eenje 5 godina. Primjer kola\u010di\u0107a: k, guest_id, auth_token_session, secure_session, twll, twitter_sess. <a href=\"https:\/\/twitter.com\/privacy\">Vi\u0161e<\/a><\/p>\n<h4>Pinterest<\/h4>\n<p>Koristimo kola\u010di\u0107e kako bi personalizirali interakciju sa dru\u0161tvenom mre\u017eom Pinterest. Ovi kola\u010di\u0107i imaju va\u017eenje 45 godina. Primjer kola\u010di\u0107a: component, _pinterest_sess_, viewParameter, element, csrftoken, viewType. <a href=\"https:\/\/about.pinterest.com\/privacy\/\">Vi\u0161e<\/a><\/p>\n<h4>Gemius<\/h4>\n<p>Implementacija tehni\u010dkog rada mjerenja MOSS i napredne web statistike. Vremenski neograni\u010den kola\u010di\u0107. Primjer kola\u010di\u0107a: Gdyn. <a href=\"https:\/\/gemius.com\/privacy-policy\/\">Vi\u0161e<\/a><\/p>\n<h4>Double Click<\/h4>\n<p>DoubleClick koristi kola\u010di\u0107e kako bi pobolj\u0161ao ogla\u0161avanje. Neke od naj\u010de\u0161\u0107ih primjena su da se targetirano ogla\u0161ava na bazi relevantnosti korisnika, da se pobolj\u0161a izvje\u0161tavanje o u\u010dincima kampanje, i da se izbjegne prikazivanje oglasa koje je korisnik ve\u0107 vidio. Ovi kola\u010di\u0107i va\u017ee 10 godina. Primjer kola\u010di\u0107a: _drt_, id. <a href=\"https:\/\/support.google.com\/adsense\/answer\/2839090?hl=en\">Vi\u0161e<\/a><\/p>\n<h3>Kako omogu\u0107iti ili onemogu\u0107iti kola\u010di\u0107e?<\/h3>\n<p>Ve\u0107ina savremenih web preglednika omogu\u0107avaju vam da ili prihvatite ili odbijete kola\u010di\u0107e, prihvatite ili odbijete odre\u0111ene tipove kola\u010di\u0107a ili primate obavijest kada web stranica \u017eeli spremiti kola\u010di\u0107e na va\u0161 ure\u0111aj. Dodatno, mo\u017eete obrisati kola\u010di\u0107e koje je web preglednik ve\u0107 spasio na va\u0161 ure\u0111aj.<\/p>\n<p>Imajte na umu da u slu\u010daju da onemogu\u0107ite kola\u010di\u0107e, mo\u017ee do\u0107i do lo\u0161ije funkcionalnosti web stranice, i pojavljivat \u0107e vam se uvijek poruka o kori\u0161tenju kola\u010di\u0107a prilikom svake va\u0161e posjete, \u0161to \u0107e u dugom roku utjecati na va\u0161e korisni\u010dko iskustvo.<\/p>\n<p>Promjena pode\u0161avanja kola\u010di\u0107a je druga\u010dija za svaki web preglednik. Mo\u017eete prona\u0107i detaljne informacije klikom na \u201cPomo\u0107\u201d, posjetom <a href=\"https:\/\/www.aboutcookies.org\/\">www.aboutcookies.org<\/a>, koji daje detalje o tome kako promijeniti pode\u0161avanja za kola\u010di\u0107e u svim savremenim web preglednicima, ili nas kontaktirajte na <a href=\"mailto:cookies@av-studio.si\">email<\/a>.<\/p>\n<h3>Obrada li\u010dnih podataka koje unosite u formulare na web stranici i u prijavi na e-obavijesti<\/h3>\n<p>Podaci koje unosite u formulare na web stranici koriste se isklju\u010divo za dostavljanje poruka (upiti, rezervacije, kupovine, i sl.) ili naru\u010divanje usluga. Va\u0161i podaci su za\u0161ti\u0107eni i ne otkrivaju se tre\u0107im stranama niti se koriste u svrhe druga\u010dije od onih koje su gore opisane i navedene.<\/p>\n<p>Prijavom na e-obavijesti, pristajete da se va\u0161a e-mail adresa koristi za informisanje o novim uslugama\/proizvodima. Mo\u017eete se odjaviti u bilo kojem trenutku klikom na link za brisanje u e-mailu. Google Analytics, DoubleClick i AddThis kola\u010di\u0107i se mogu onemogu\u0107iti prema uputama koje se nalaze ispod:<br \/>\n<a href=\"https:\/\/tools.google.com\/dlpage\/gaoptout?hl=en\">Google Analytics<\/a><br \/>\n<a href=\"https:\/\/www.google.com\/policies\/technologies\/ads\/\">Double Click<\/a><br \/>\n<a href=\"https:\/\/www.addthis.com\/privacy\/opt-out-saved#.UbmBr6zDCZd\">AddThis<\/a><\/p>\n<p>Za vi\u0161e informacija o kola\u010di\u0107ima, posjetite <a href=\"https:\/\/www.ico.org.uk\/\">Information Commissioner\u2019s Guidelines<\/a>.<\/p>\n","protected":false},"excerpt":{"rendered":"<p>\u0160ta su kola\u010di\u0107i? Kola\u010di\u0107i su mali tekstualni fajlovi koji sadr\u017ee informacije o va\u0161oj posjeti web stranici. Kola\u010di\u0107i pobolj\u0161avaju i olak\u0161avaju interakciju izme\u0111u korisnika i web stranice. Oni omogu\u0107avaju da web stranica zapamti individualne preferencije i aktivnosti posjetioca i time \u0161tede vrijeme i doprinose ve\u0107oj efikasnosti i ugodnijem surfanju korisnika. Prvi me\u0111u brojnim razlozima za kori\u0161tenje&#8230;<\/p>\n","protected":false},"author":1,"featured_media":0,"parent":0,"menu_order":0,"comment_status":"closed","ping_status":"closed","template":"","meta":{"footnotes":""},"class_list":["post-8724","page","type-page","status-publish","hentry"],"yoast_head":"<!-- This site is optimized with the Yoast SEO plugin v27.1.1 - https:\/\/yoast.com\/product\/yoast-seo-wordpress\/ -->\n<title>O kola\u010di\u0107ima | Life Simplified<\/title>\n<meta name=\"robots\" content=\"index, follow, max-snippet:-1, max-image-preview:large, max-video-preview:-1\" \/>\n<link rel=\"canonical\" href=\"https:\/\/lifesimplified.gorenje.com\/ba\/o-kolacicima\/\" \/>\n<meta property=\"og:locale\" content=\"en_US\" \/>\n<meta property=\"og:type\" content=\"article\" \/>\n<meta property=\"og:title\" content=\"O kola\u010di\u0107ima | Life Simplified\" \/>\n<meta property=\"og:description\" content=\"\u0160ta su kola\u010di\u0107i? Kola\u010di\u0107i su mali tekstualni fajlovi koji sadr\u017ee informacije o va\u0161oj posjeti web stranici. Kola\u010di\u0107i pobolj\u0161avaju i olak\u0161avaju interakciju izme\u0111u korisnika i web stranice. Oni omogu\u0107avaju da web stranica zapamti individualne preferencije i aktivnosti posjetioca i time \u0161tede vrijeme i doprinose ve\u0107oj efikasnosti i ugodnijem surfanju korisnika. Prvi me\u0111u brojnim razlozima za kori\u0161tenje...\" \/>\n<meta property=\"og:url\" content=\"https:\/\/lifesimplified.gorenje.com\/ba\/o-kolacicima\/\" \/>\n<meta property=\"og:site_name\" content=\"Life Simplified\" \/>\n<meta property=\"article:publisher\" content=\"https:\/\/www.facebook.com\/gorenje.SLO\/\" \/>\n<meta property=\"article:modified_time\" content=\"2024-01-29T10:58:44+00:00\" \/>\n<meta property=\"og:image\" content=\"https:\/\/lifesimplified.gorenje.com\/wp-content\/uploads\/2019\/12\/gorenje-life-simplified-blog-life-simplified-logo.jpg\" \/>\n\t<meta property=\"og:image:width\" content=\"2169\" \/>\n\t<meta property=\"og:image:height\" content=\"1223\" \/>\n\t<meta property=\"og:image:type\" content=\"image\/jpeg\" \/>\n<meta name=\"twitter:card\" content=\"summary_large_image\" \/>\n<meta name=\"twitter:label1\" content=\"Est. reading time\" \/>\n\t<meta name=\"twitter:data1\" content=\"5 minutes\" \/>\n<script type=\"application\/ld+json\" class=\"yoast-schema-graph\">{\"@context\":\"https:\/\/schema.org\",\"@graph\":[{\"@type\":\"WebPage\",\"@id\":\"https:\/\/lifesimplified.gorenje.com\/ba\/o-kolacicima\/\",\"url\":\"https:\/\/lifesimplified.gorenje.com\/ba\/o-kolacicima\/\",\"name\":\"O kola\u010di\u0107ima | Life Simplified\",\"isPartOf\":{\"@id\":\"https:\/\/lifesimplified.gorenje.com\/ba\/#website\"},\"datePublished\":\"2018-10-24T17:46:26+00:00\",\"dateModified\":\"2024-01-29T10:58:44+00:00\",\"breadcrumb\":{\"@id\":\"https:\/\/lifesimplified.gorenje.com\/ba\/o-kolacicima\/#breadcrumb\"},\"inLanguage\":\"bs\",\"potentialAction\":[{\"@type\":\"ReadAction\",\"target\":[\"https:\/\/lifesimplified.gorenje.com\/ba\/o-kolacicima\/\"]}]},{\"@type\":\"BreadcrumbList\",\"@id\":\"https:\/\/lifesimplified.gorenje.com\/ba\/o-kolacicima\/#breadcrumb\",\"itemListElement\":[{\"@type\":\"ListItem\",\"position\":1,\"name\":\"Home\",\"item\":\"https:\/\/lifesimplified.gorenje.com\/ba\/home\/\"},{\"@type\":\"ListItem\",\"position\":2,\"name\":\"O kola\u010di\u0107ima\"}]},{\"@type\":\"WebSite\",\"@id\":\"https:\/\/lifesimplified.gorenje.com\/ba\/#website\",\"url\":\"https:\/\/lifesimplified.gorenje.com\/ba\/\",\"name\":\"Life Simplified\",\"description\":\"Prigrlite jednostavnost\",\"publisher\":{\"@id\":\"https:\/\/lifesimplified.gorenje.com\/ba\/#organization\"},\"potentialAction\":[{\"@type\":\"SearchAction\",\"target\":{\"@type\":\"EntryPoint\",\"urlTemplate\":\"https:\/\/lifesimplified.gorenje.com\/ba\/?s={search_term_string}\"},\"query-input\":{\"@type\":\"PropertyValueSpecification\",\"valueRequired\":true,\"valueName\":\"search_term_string\"}}],\"inLanguage\":\"bs\"},{\"@type\":\"Organization\",\"@id\":\"https:\/\/lifesimplified.gorenje.com\/ba\/#organization\",\"name\":\"Gorenje\",\"url\":\"https:\/\/lifesimplified.gorenje.com\/ba\/\",\"logo\":{\"@type\":\"ImageObject\",\"inLanguage\":\"bs\",\"@id\":\"https:\/\/lifesimplified.gorenje.com\/ba\/#\/schema\/logo\/image\/\",\"url\":\"https:\/\/lifesimplified.gorenje.com\/wp-content\/uploads\/2019\/12\/gorenje-life-simplified-blog-life-simplified-logo.jpg\",\"contentUrl\":\"https:\/\/lifesimplified.gorenje.com\/wp-content\/uploads\/2019\/12\/gorenje-life-simplified-blog-life-simplified-logo.jpg\",\"width\":2169,\"height\":1223,\"caption\":\"Gorenje\"},\"image\":{\"@id\":\"https:\/\/lifesimplified.gorenje.com\/ba\/#\/schema\/logo\/image\/\"},\"sameAs\":[\"https:\/\/www.facebook.com\/gorenje.SLO\/\",\"https:\/\/www.instagram.com\/gorenje_slovenija\/\",\"https:\/\/www.youtube.com\/user\/gorenjesi\"]}]}<\/script>\n<!-- \/ Yoast SEO plugin. -->","yoast_head_json":{"title":"O kola\u010di\u0107ima | Life Simplified","robots":{"index":"index","follow":"follow","max-snippet":"max-snippet:-1","max-image-preview":"max-image-preview:large","max-video-preview":"max-video-preview:-1"},"canonical":"https:\/\/lifesimplified.gorenje.com\/ba\/o-kolacicima\/","og_locale":"en_US","og_type":"article","og_title":"O kola\u010di\u0107ima | Life Simplified","og_description":"\u0160ta su kola\u010di\u0107i? Kola\u010di\u0107i su mali tekstualni fajlovi koji sadr\u017ee informacije o va\u0161oj posjeti web stranici. Kola\u010di\u0107i pobolj\u0161avaju i olak\u0161avaju interakciju izme\u0111u korisnika i web stranice. Oni omogu\u0107avaju da web stranica zapamti individualne preferencije i aktivnosti posjetioca i time \u0161tede vrijeme i doprinose ve\u0107oj efikasnosti i ugodnijem surfanju korisnika. Prvi me\u0111u brojnim razlozima za kori\u0161tenje...","og_url":"https:\/\/lifesimplified.gorenje.com\/ba\/o-kolacicima\/","og_site_name":"Life Simplified","article_publisher":"https:\/\/www.facebook.com\/gorenje.SLO\/","article_modified_time":"2024-01-29T10:58:44+00:00","og_image":[{"width":2169,"height":1223,"url":"https:\/\/lifesimplified.gorenje.com\/wp-content\/uploads\/2019\/12\/gorenje-life-simplified-blog-life-simplified-logo.jpg","type":"image\/jpeg"}],"twitter_card":"summary_large_image","twitter_misc":{"Est. reading time":"5 minutes"},"schema":{"@context":"https:\/\/schema.org","@graph":[{"@type":"WebPage","@id":"https:\/\/lifesimplified.gorenje.com\/ba\/o-kolacicima\/","url":"https:\/\/lifesimplified.gorenje.com\/ba\/o-kolacicima\/","name":"O kola\u010di\u0107ima | Life Simplified","isPartOf":{"@id":"https:\/\/lifesimplified.gorenje.com\/ba\/#website"},"datePublished":"2018-10-24T17:46:26+00:00","dateModified":"2024-01-29T10:58:44+00:00","breadcrumb":{"@id":"https:\/\/lifesimplified.gorenje.com\/ba\/o-kolacicima\/#breadcrumb"},"inLanguage":"bs","potentialAction":[{"@type":"ReadAction","target":["https:\/\/lifesimplified.gorenje.com\/ba\/o-kolacicima\/"]}]},{"@type":"BreadcrumbList","@id":"https:\/\/lifesimplified.gorenje.com\/ba\/o-kolacicima\/#breadcrumb","itemListElement":[{"@type":"ListItem","position":1,"name":"Home","item":"https:\/\/lifesimplified.gorenje.com\/ba\/home\/"},{"@type":"ListItem","position":2,"name":"O kola\u010di\u0107ima"}]},{"@type":"WebSite","@id":"https:\/\/lifesimplified.gorenje.com\/ba\/#website","url":"https:\/\/lifesimplified.gorenje.com\/ba\/","name":"Life Simplified","description":"Prigrlite jednostavnost","publisher":{"@id":"https:\/\/lifesimplified.gorenje.com\/ba\/#organization"},"potentialAction":[{"@type":"SearchAction","target":{"@type":"EntryPoint","urlTemplate":"https:\/\/lifesimplified.gorenje.com\/ba\/?s={search_term_string}"},"query-input":{"@type":"PropertyValueSpecification","valueRequired":true,"valueName":"search_term_string"}}],"inLanguage":"bs"},{"@type":"Organization","@id":"https:\/\/lifesimplified.gorenje.com\/ba\/#organization","name":"Gorenje","url":"https:\/\/lifesimplified.gorenje.com\/ba\/","logo":{"@type":"ImageObject","inLanguage":"bs","@id":"https:\/\/lifesimplified.gorenje.com\/ba\/#\/schema\/logo\/image\/","url":"https:\/\/lifesimplified.gorenje.com\/wp-content\/uploads\/2019\/12\/gorenje-life-simplified-blog-life-simplified-logo.jpg","contentUrl":"https:\/\/lifesimplified.gorenje.com\/wp-content\/uploads\/2019\/12\/gorenje-life-simplified-blog-life-simplified-logo.jpg","width":2169,"height":1223,"caption":"Gorenje"},"image":{"@id":"https:\/\/lifesimplified.gorenje.com\/ba\/#\/schema\/logo\/image\/"},"sameAs":["https:\/\/www.facebook.com\/gorenje.SLO\/","https:\/\/www.instagram.com\/gorenje_slovenija\/","https:\/\/www.youtube.com\/user\/gorenjesi"]}]}},"_links":{"self":[{"href":"https:\/\/lifesimplified.gorenje.com\/ba\/wp-json\/wp\/v2\/pages\/8724","targetHints":{"allow":["GET"]}}],"collection":[{"href":"https:\/\/lifesimplified.gorenje.com\/ba\/wp-json\/wp\/v2\/pages"}],"about":[{"href":"https:\/\/lifesimplified.gorenje.com\/ba\/wp-json\/wp\/v2\/types\/page"}],"author":[{"embeddable":true,"href":"https:\/\/lifesimplified.gorenje.com\/ba\/wp-json\/wp\/v2\/users\/1"}],"replies":[{"embeddable":true,"href":"https:\/\/lifesimplified.gorenje.com\/ba\/wp-json\/wp\/v2\/comments?post=8724"}],"version-history":[{"count":3,"href":"https:\/\/lifesimplified.gorenje.com\/ba\/wp-json\/wp\/v2\/pages\/8724\/revisions"}],"predecessor-version":[{"id":8727,"href":"https:\/\/lifesimplified.gorenje.com\/ba\/wp-json\/wp\/v2\/pages\/8724\/revisions\/8727"}],"wp:attachment":[{"href":"https:\/\/lifesimplified.gorenje.com\/ba\/wp-json\/wp\/v2\/media?parent=8724"}],"curies":[{"name":"wp","href":"https:\/\/api.w.org\/{rel}","templated":true}]}}