{"id":8722,"date":"2018-11-04T18:51:54","date_gmt":"2018-11-04T18:51:54","guid":{"rendered":"https:\/\/lifesimplified.gorenje.com\/about-life-simplified-blog\/"},"modified":"2021-03-30T07:23:31","modified_gmt":"2021-03-30T07:23:31","slug":"about-life-simplified-blog","status":"publish","type":"page","link":"https:\/\/lifesimplified.gorenje.com\/ba\/about-life-simplified-blog\/","title":{"rendered":"Life simplified blog"},"content":{"rendered":"<p>Gorenje je vi\u0161e od samog ku\u0107anskog aparata. Kao robna marka \u017eivimo u srcu doma i svakodnevnog \u017eivota u njemu. Iz tog razloga na\u0161a misija je da imamo va\u017enu ulogu u svakodnevnom olak\u0161avanju \u017eivota i ku\u0107nih poslova koji idu uz to, da ih u\u010dinimo jo\u0161 lak\u0161ima, manje komplikovanim i jo\u0161 ugodnijim. Mi vjerujemo da svaka inovacija koju mi proizvodimo, treba da ima svrhu pojednostavljivanja, kako bi i najte\u017ei \u017eivotni trenutci i mali momenti bili \u0161to jednostavniji.<\/p>\n<p>Blog Life Simplified donosi savjete i trikove, recepte i inspiraciju za ure\u0111ivanje unutra\u0161njosti za sve one koji trebaju dodir jednostavnosti u svom \u017eivotu. Ukoliko ste u potrazi da kreirate vi\u0161e vremena i prostora u svom danu, do\u0161li ste na pravo mjesto. Mi znamo da manje vrlo \u010desto mo\u017ee biti vi\u0161e, ali ne mislimo na minimalizam. Mi vi\u0161e mislimo na balans. Na male promjene koje mogu donijeti velike rezultate: ukusnu ve\u010deru, urednu ko\u0161ulju, ugodan dom i sretnu porodicu.<\/p>\n<p><strong>Prigrlite jednostavnost. Prigrlite \u017eivot.<\/strong><\/p>\n","protected":false},"excerpt":{"rendered":"<p>Gorenje je vi\u0161e od samog ku\u0107anskog aparata. Kao robna marka \u017eivimo u srcu doma i svakodnevnog \u017eivota u njemu. Iz tog razloga na\u0161a misija je da imamo va\u017enu ulogu u svakodnevnom olak\u0161avanju \u017eivota i ku\u0107nih poslova koji idu uz to, da ih u\u010dinimo jo\u0161 lak\u0161ima, manje komplikovanim i jo\u0161 ugodnijim. Mi vjerujemo da svaka inovacija&#8230;<\/p>\n","protected":false},"author":1,"featured_media":0,"parent":0,"menu_order":0,"comment_status":"closed","ping_status":"closed","template":"","meta":{"footnotes":""},"class_list":["post-8722","page","type-page","status-publish","hentry"],"yoast_head":"<!-- This site is optimized with the Yoast SEO plugin v27.1.1 - https:\/\/yoast.com\/product\/yoast-seo-wordpress\/ -->\n<title>Life simplified blog | Life Simplified<\/title>\n<meta name=\"robots\" content=\"index, follow, max-snippet:-1, max-image-preview:large, max-video-preview:-1\" \/>\n<link rel=\"canonical\" href=\"https:\/\/lifesimplified.gorenje.com\/ba\/about-life-simplified-blog\/\" \/>\n<meta property=\"og:locale\" content=\"en_US\" \/>\n<meta property=\"og:type\" content=\"article\" \/>\n<meta property=\"og:title\" content=\"Life simplified blog | Life Simplified\" \/>\n<meta property=\"og:description\" content=\"Gorenje je vi\u0161e od samog ku\u0107anskog aparata. Kao robna marka \u017eivimo u srcu doma i svakodnevnog \u017eivota u njemu. Iz tog razloga na\u0161a misija je da imamo va\u017enu ulogu u svakodnevnom olak\u0161avanju \u017eivota i ku\u0107nih poslova koji idu uz to, da ih u\u010dinimo jo\u0161 lak\u0161ima, manje komplikovanim i jo\u0161 ugodnijim. Mi vjerujemo da svaka inovacija...\" \/>\n<meta property=\"og:url\" content=\"https:\/\/lifesimplified.gorenje.com\/ba\/about-life-simplified-blog\/\" \/>\n<meta property=\"og:site_name\" content=\"Life Simplified\" \/>\n<meta property=\"article:publisher\" content=\"https:\/\/www.facebook.com\/gorenje.SLO\/\" \/>\n<meta property=\"article:modified_time\" content=\"2021-03-30T07:23:31+00:00\" \/>\n<meta property=\"og:image\" content=\"https:\/\/lifesimplified.gorenje.com\/wp-content\/uploads\/2019\/12\/gorenje-life-simplified-blog-life-simplified-logo.jpg\" \/>\n\t<meta property=\"og:image:width\" content=\"2169\" \/>\n\t<meta property=\"og:image:height\" content=\"1223\" \/>\n\t<meta property=\"og:image:type\" content=\"image\/jpeg\" \/>\n<meta name=\"twitter:card\" content=\"summary_large_image\" \/>\n<meta name=\"twitter:label1\" content=\"Est. reading time\" \/>\n\t<meta name=\"twitter:data1\" content=\"1 minute\" \/>\n<script type=\"application\/ld+json\" class=\"yoast-schema-graph\">{\"@context\":\"https:\/\/schema.org\",\"@graph\":[{\"@type\":\"WebPage\",\"@id\":\"https:\/\/lifesimplified.gorenje.com\/ba\/about-life-simplified-blog\/\",\"url\":\"https:\/\/lifesimplified.gorenje.com\/ba\/about-life-simplified-blog\/\",\"name\":\"Life simplified blog | Life Simplified\",\"isPartOf\":{\"@id\":\"https:\/\/lifesimplified.gorenje.com\/ba\/#website\"},\"datePublished\":\"2018-11-04T18:51:54+00:00\",\"dateModified\":\"2021-03-30T07:23:31+00:00\",\"breadcrumb\":{\"@id\":\"https:\/\/lifesimplified.gorenje.com\/ba\/about-life-simplified-blog\/#breadcrumb\"},\"inLanguage\":\"bs\",\"potentialAction\":[{\"@type\":\"ReadAction\",\"target\":[\"https:\/\/lifesimplified.gorenje.com\/ba\/about-life-simplified-blog\/\"]}]},{\"@type\":\"BreadcrumbList\",\"@id\":\"https:\/\/lifesimplified.gorenje.com\/ba\/about-life-simplified-blog\/#breadcrumb\",\"itemListElement\":[{\"@type\":\"ListItem\",\"position\":1,\"name\":\"Home\",\"item\":\"https:\/\/lifesimplified.gorenje.com\/ba\/home\/\"},{\"@type\":\"ListItem\",\"position\":2,\"name\":\"Life simplified blog\"}]},{\"@type\":\"WebSite\",\"@id\":\"https:\/\/lifesimplified.gorenje.com\/ba\/#website\",\"url\":\"https:\/\/lifesimplified.gorenje.com\/ba\/\",\"name\":\"Life Simplified\",\"description\":\"Prigrlite jednostavnost\",\"publisher\":{\"@id\":\"https:\/\/lifesimplified.gorenje.com\/ba\/#organization\"},\"potentialAction\":[{\"@type\":\"SearchAction\",\"target\":{\"@type\":\"EntryPoint\",\"urlTemplate\":\"https:\/\/lifesimplified.gorenje.com\/ba\/?s={search_term_string}\"},\"query-input\":{\"@type\":\"PropertyValueSpecification\",\"valueRequired\":true,\"valueName\":\"search_term_string\"}}],\"inLanguage\":\"bs\"},{\"@type\":\"Organization\",\"@id\":\"https:\/\/lifesimplified.gorenje.com\/ba\/#organization\",\"name\":\"Gorenje\",\"url\":\"https:\/\/lifesimplified.gorenje.com\/ba\/\",\"logo\":{\"@type\":\"ImageObject\",\"inLanguage\":\"bs\",\"@id\":\"https:\/\/lifesimplified.gorenje.com\/ba\/#\/schema\/logo\/image\/\",\"url\":\"https:\/\/lifesimplified.gorenje.com\/wp-content\/uploads\/2019\/12\/gorenje-life-simplified-blog-life-simplified-logo.jpg\",\"contentUrl\":\"https:\/\/lifesimplified.gorenje.com\/wp-content\/uploads\/2019\/12\/gorenje-life-simplified-blog-life-simplified-logo.jpg\",\"width\":2169,\"height\":1223,\"caption\":\"Gorenje\"},\"image\":{\"@id\":\"https:\/\/lifesimplified.gorenje.com\/ba\/#\/schema\/logo\/image\/\"},\"sameAs\":[\"https:\/\/www.facebook.com\/gorenje.SLO\/\",\"https:\/\/www.instagram.com\/gorenje_slovenija\/\",\"https:\/\/www.youtube.com\/user\/gorenjesi\"]}]}<\/script>\n<!-- \/ Yoast SEO plugin. -->","yoast_head_json":{"title":"Life simplified blog | Life Simplified","robots":{"index":"index","follow":"follow","max-snippet":"max-snippet:-1","max-image-preview":"max-image-preview:large","max-video-preview":"max-video-preview:-1"},"canonical":"https:\/\/lifesimplified.gorenje.com\/ba\/about-life-simplified-blog\/","og_locale":"en_US","og_type":"article","og_title":"Life simplified blog | Life Simplified","og_description":"Gorenje je vi\u0161e od samog ku\u0107anskog aparata. Kao robna marka \u017eivimo u srcu doma i svakodnevnog \u017eivota u njemu. Iz tog razloga na\u0161a misija je da imamo va\u017enu ulogu u svakodnevnom olak\u0161avanju \u017eivota i ku\u0107nih poslova koji idu uz to, da ih u\u010dinimo jo\u0161 lak\u0161ima, manje komplikovanim i jo\u0161 ugodnijim. Mi vjerujemo da svaka inovacija...","og_url":"https:\/\/lifesimplified.gorenje.com\/ba\/about-life-simplified-blog\/","og_site_name":"Life Simplified","article_publisher":"https:\/\/www.facebook.com\/gorenje.SLO\/","article_modified_time":"2021-03-30T07:23:31+00:00","og_image":[{"width":2169,"height":1223,"url":"https:\/\/lifesimplified.gorenje.com\/wp-content\/uploads\/2019\/12\/gorenje-life-simplified-blog-life-simplified-logo.jpg","type":"image\/jpeg"}],"twitter_card":"summary_large_image","twitter_misc":{"Est. reading time":"1 minute"},"schema":{"@context":"https:\/\/schema.org","@graph":[{"@type":"WebPage","@id":"https:\/\/lifesimplified.gorenje.com\/ba\/about-life-simplified-blog\/","url":"https:\/\/lifesimplified.gorenje.com\/ba\/about-life-simplified-blog\/","name":"Life simplified blog | Life Simplified","isPartOf":{"@id":"https:\/\/lifesimplified.gorenje.com\/ba\/#website"},"datePublished":"2018-11-04T18:51:54+00:00","dateModified":"2021-03-30T07:23:31+00:00","breadcrumb":{"@id":"https:\/\/lifesimplified.gorenje.com\/ba\/about-life-simplified-blog\/#breadcrumb"},"inLanguage":"bs","potentialAction":[{"@type":"ReadAction","target":["https:\/\/lifesimplified.gorenje.com\/ba\/about-life-simplified-blog\/"]}]},{"@type":"BreadcrumbList","@id":"https:\/\/lifesimplified.gorenje.com\/ba\/about-life-simplified-blog\/#breadcrumb","itemListElement":[{"@type":"ListItem","position":1,"name":"Home","item":"https:\/\/lifesimplified.gorenje.com\/ba\/home\/"},{"@type":"ListItem","position":2,"name":"Life simplified blog"}]},{"@type":"WebSite","@id":"https:\/\/lifesimplified.gorenje.com\/ba\/#website","url":"https:\/\/lifesimplified.gorenje.com\/ba\/","name":"Life Simplified","description":"Prigrlite jednostavnost","publisher":{"@id":"https:\/\/lifesimplified.gorenje.com\/ba\/#organization"},"potentialAction":[{"@type":"SearchAction","target":{"@type":"EntryPoint","urlTemplate":"https:\/\/lifesimplified.gorenje.com\/ba\/?s={search_term_string}"},"query-input":{"@type":"PropertyValueSpecification","valueRequired":true,"valueName":"search_term_string"}}],"inLanguage":"bs"},{"@type":"Organization","@id":"https:\/\/lifesimplified.gorenje.com\/ba\/#organization","name":"Gorenje","url":"https:\/\/lifesimplified.gorenje.com\/ba\/","logo":{"@type":"ImageObject","inLanguage":"bs","@id":"https:\/\/lifesimplified.gorenje.com\/ba\/#\/schema\/logo\/image\/","url":"https:\/\/lifesimplified.gorenje.com\/wp-content\/uploads\/2019\/12\/gorenje-life-simplified-blog-life-simplified-logo.jpg","contentUrl":"https:\/\/lifesimplified.gorenje.com\/wp-content\/uploads\/2019\/12\/gorenje-life-simplified-blog-life-simplified-logo.jpg","width":2169,"height":1223,"caption":"Gorenje"},"image":{"@id":"https:\/\/lifesimplified.gorenje.com\/ba\/#\/schema\/logo\/image\/"},"sameAs":["https:\/\/www.facebook.com\/gorenje.SLO\/","https:\/\/www.instagram.com\/gorenje_slovenija\/","https:\/\/www.youtube.com\/user\/gorenjesi"]}]}},"_links":{"self":[{"href":"https:\/\/lifesimplified.gorenje.com\/ba\/wp-json\/wp\/v2\/pages\/8722","targetHints":{"allow":["GET"]}}],"collection":[{"href":"https:\/\/lifesimplified.gorenje.com\/ba\/wp-json\/wp\/v2\/pages"}],"about":[{"href":"https:\/\/lifesimplified.gorenje.com\/ba\/wp-json\/wp\/v2\/types\/page"}],"author":[{"embeddable":true,"href":"https:\/\/lifesimplified.gorenje.com\/ba\/wp-json\/wp\/v2\/users\/1"}],"replies":[{"embeddable":true,"href":"https:\/\/lifesimplified.gorenje.com\/ba\/wp-json\/wp\/v2\/comments?post=8722"}],"version-history":[{"count":1,"href":"https:\/\/lifesimplified.gorenje.com\/ba\/wp-json\/wp\/v2\/pages\/8722\/revisions"}],"predecessor-version":[{"id":8723,"href":"https:\/\/lifesimplified.gorenje.com\/ba\/wp-json\/wp\/v2\/pages\/8722\/revisions\/8723"}],"wp:attachment":[{"href":"https:\/\/lifesimplified.gorenje.com\/ba\/wp-json\/wp\/v2\/media?parent=8722"}],"curies":[{"name":"wp","href":"https:\/\/api.w.org\/{rel}","templated":true}]}}