{"id":9776,"date":"2018-11-04T18:51:54","date_gmt":"2018-11-04T18:51:54","guid":{"rendered":"https:\/\/lifesimplified.gorenje.com\/about-life-simplified-blog\/"},"modified":"2021-05-05T12:26:44","modified_gmt":"2021-05-05T12:26:44","slug":"about-life-simplified-blog","status":"publish","type":"page","link":"https:\/\/lifesimplified.gorenje.com\/at\/about-life-simplified-blog\/","title":{"rendered":"Life simplified-Blog"},"content":{"rendered":"<p>Gorenje ist mehr als nur Haushaltsger\u00e4te. Als Marke leben wir im Hier und Jetzt Ihres Zuhauses und Alltags. Deshalb haben wir es uns zur Mission gemacht, eine wichtige Rolle in Ihrem t\u00e4glichen Leben zu spielen und die damit verbundenen Aufgaben ein wenig einfacher, unkomplizierter und angenehmer zu gestalten. Wir glauben, dass jede Innovation, die wir anbieten, einen vereinfachenden Zweck haben muss, um die gr\u00f6\u00dften Meilensteine des Lebens oder die kleinsten allt\u00e4glichen Momente reibungsloser zu gestalten.<\/p>\n<p>Der Life Simplified-Blog bietet Tipps &amp; Tricks, Rezepte und Inspirationen f\u00fcr die Inneneinrichtung f\u00fcr all jene, die einen Hauch von Leichtigkeit in ihrem Leben ben\u00f6tigen. Wenn Sie mehr Zeit und Raum zum Atmen in Ihrem Tag schaffen m\u00f6chten, sind Sie hier genau richtig. Wir wissen, dass weniger oft mehr sein kann, aber es geht uns nicht um Minimalismus. Uns geht es um die Balance. Die kleinen \u00c4nderungen, die die besten Ergebnisse liefern: ein leckeres Abendessen, ein frisches Hemd, ein gem\u00fctliches Zuhause, eine gl\u00fcckliche Familie.<\/p>\n<h4>Lassen Sie sich von der Leichtigkeit umarmen. Genie\u00dfen Sie das Leben.<\/h4>\n","protected":false},"excerpt":{"rendered":"<p>Gorenje ist mehr als nur Haushaltsger\u00e4te. Als Marke leben wir im Hier und Jetzt Ihres Zuhauses und Alltags. Deshalb haben wir es uns zur Mission gemacht, eine wichtige Rolle in Ihrem t\u00e4glichen Leben zu spielen und die damit verbundenen Aufgaben ein wenig einfacher, unkomplizierter und angenehmer zu gestalten. Wir glauben, dass jede Innovation, die wir&#8230;<\/p>\n","protected":false},"author":1,"featured_media":0,"parent":0,"menu_order":0,"comment_status":"closed","ping_status":"closed","template":"","meta":{"footnotes":""},"class_list":["post-9776","page","type-page","status-publish","hentry"],"yoast_head":"<!-- This site is optimized with the Yoast SEO plugin v27.1.1 - https:\/\/yoast.com\/product\/yoast-seo-wordpress\/ -->\n<title>Life simplified-Blog | Life Simplified<\/title>\n<meta name=\"robots\" content=\"index, follow, max-snippet:-1, max-image-preview:large, max-video-preview:-1\" \/>\n<link rel=\"canonical\" href=\"https:\/\/lifesimplified.gorenje.com\/at\/about-life-simplified-blog\/\" \/>\n<meta property=\"og:locale\" content=\"de_DE\" \/>\n<meta property=\"og:type\" content=\"article\" \/>\n<meta property=\"og:title\" content=\"Life simplified-Blog | Life Simplified\" \/>\n<meta property=\"og:description\" content=\"Gorenje ist mehr als nur Haushaltsger\u00e4te. Als Marke leben wir im Hier und Jetzt Ihres Zuhauses und Alltags. Deshalb haben wir es uns zur Mission gemacht, eine wichtige Rolle in Ihrem t\u00e4glichen Leben zu spielen und die damit verbundenen Aufgaben ein wenig einfacher, unkomplizierter und angenehmer zu gestalten. Wir glauben, dass jede Innovation, die wir...\" \/>\n<meta property=\"og:url\" content=\"https:\/\/lifesimplified.gorenje.com\/at\/about-life-simplified-blog\/\" \/>\n<meta property=\"og:site_name\" content=\"Life Simplified\" \/>\n<meta property=\"article:publisher\" content=\"https:\/\/www.facebook.com\/gorenje.SLO\/\" \/>\n<meta property=\"article:modified_time\" content=\"2021-05-05T12:26:44+00:00\" \/>\n<meta property=\"og:image\" content=\"https:\/\/lifesimplified.gorenje.com\/wp-content\/uploads\/2019\/12\/gorenje-life-simplified-blog-life-simplified-logo.jpg\" \/>\n\t<meta property=\"og:image:width\" content=\"2169\" \/>\n\t<meta property=\"og:image:height\" content=\"1223\" \/>\n\t<meta property=\"og:image:type\" content=\"image\/jpeg\" \/>\n<meta name=\"twitter:card\" content=\"summary_large_image\" \/>\n<meta name=\"twitter:label1\" content=\"Gesch\u00e4tzte Lesezeit\" \/>\n\t<meta name=\"twitter:data1\" content=\"1 Minute\" \/>\n<script type=\"application\/ld+json\" class=\"yoast-schema-graph\">{\"@context\":\"https:\/\/schema.org\",\"@graph\":[{\"@type\":\"WebPage\",\"@id\":\"https:\/\/lifesimplified.gorenje.com\/at\/about-life-simplified-blog\/\",\"url\":\"https:\/\/lifesimplified.gorenje.com\/at\/about-life-simplified-blog\/\",\"name\":\"Life simplified-Blog | Life Simplified\",\"isPartOf\":{\"@id\":\"https:\/\/lifesimplified.gorenje.com\/at\/#website\"},\"datePublished\":\"2018-11-04T18:51:54+00:00\",\"dateModified\":\"2021-05-05T12:26:44+00:00\",\"breadcrumb\":{\"@id\":\"https:\/\/lifesimplified.gorenje.com\/at\/about-life-simplified-blog\/#breadcrumb\"},\"inLanguage\":\"de-AT\",\"potentialAction\":[{\"@type\":\"ReadAction\",\"target\":[\"https:\/\/lifesimplified.gorenje.com\/at\/about-life-simplified-blog\/\"]}]},{\"@type\":\"BreadcrumbList\",\"@id\":\"https:\/\/lifesimplified.gorenje.com\/at\/about-life-simplified-blog\/#breadcrumb\",\"itemListElement\":[{\"@type\":\"ListItem\",\"position\":1,\"name\":\"Home\",\"item\":\"https:\/\/lifesimplified.gorenje.com\/at\/home\/\"},{\"@type\":\"ListItem\",\"position\":2,\"name\":\"Life simplified-Blog\"}]},{\"@type\":\"WebSite\",\"@id\":\"https:\/\/lifesimplified.gorenje.com\/at\/#website\",\"url\":\"https:\/\/lifesimplified.gorenje.com\/at\/\",\"name\":\"Life Simplified\",\"description\":\"Ergreifen Sie die Einfachheit\",\"publisher\":{\"@id\":\"https:\/\/lifesimplified.gorenje.com\/at\/#organization\"},\"potentialAction\":[{\"@type\":\"SearchAction\",\"target\":{\"@type\":\"EntryPoint\",\"urlTemplate\":\"https:\/\/lifesimplified.gorenje.com\/at\/?s={search_term_string}\"},\"query-input\":{\"@type\":\"PropertyValueSpecification\",\"valueRequired\":true,\"valueName\":\"search_term_string\"}}],\"inLanguage\":\"de-AT\"},{\"@type\":\"Organization\",\"@id\":\"https:\/\/lifesimplified.gorenje.com\/at\/#organization\",\"name\":\"Gorenje\",\"url\":\"https:\/\/lifesimplified.gorenje.com\/at\/\",\"logo\":{\"@type\":\"ImageObject\",\"inLanguage\":\"de-AT\",\"@id\":\"https:\/\/lifesimplified.gorenje.com\/at\/#\/schema\/logo\/image\/\",\"url\":\"https:\/\/lifesimplified.gorenje.com\/wp-content\/uploads\/2019\/12\/gorenje-life-simplified-blog-life-simplified-logo.jpg\",\"contentUrl\":\"https:\/\/lifesimplified.gorenje.com\/wp-content\/uploads\/2019\/12\/gorenje-life-simplified-blog-life-simplified-logo.jpg\",\"width\":2169,\"height\":1223,\"caption\":\"Gorenje\"},\"image\":{\"@id\":\"https:\/\/lifesimplified.gorenje.com\/at\/#\/schema\/logo\/image\/\"},\"sameAs\":[\"https:\/\/www.facebook.com\/gorenje.SLO\/\",\"https:\/\/www.instagram.com\/gorenje_slovenija\/\",\"https:\/\/www.youtube.com\/user\/gorenjesi\"]}]}<\/script>\n<!-- \/ Yoast SEO plugin. -->","yoast_head_json":{"title":"Life simplified-Blog | Life Simplified","robots":{"index":"index","follow":"follow","max-snippet":"max-snippet:-1","max-image-preview":"max-image-preview:large","max-video-preview":"max-video-preview:-1"},"canonical":"https:\/\/lifesimplified.gorenje.com\/at\/about-life-simplified-blog\/","og_locale":"de_DE","og_type":"article","og_title":"Life simplified-Blog | Life Simplified","og_description":"Gorenje ist mehr als nur Haushaltsger\u00e4te. Als Marke leben wir im Hier und Jetzt Ihres Zuhauses und Alltags. Deshalb haben wir es uns zur Mission gemacht, eine wichtige Rolle in Ihrem t\u00e4glichen Leben zu spielen und die damit verbundenen Aufgaben ein wenig einfacher, unkomplizierter und angenehmer zu gestalten. Wir glauben, dass jede Innovation, die wir...","og_url":"https:\/\/lifesimplified.gorenje.com\/at\/about-life-simplified-blog\/","og_site_name":"Life Simplified","article_publisher":"https:\/\/www.facebook.com\/gorenje.SLO\/","article_modified_time":"2021-05-05T12:26:44+00:00","og_image":[{"width":2169,"height":1223,"url":"https:\/\/lifesimplified.gorenje.com\/wp-content\/uploads\/2019\/12\/gorenje-life-simplified-blog-life-simplified-logo.jpg","type":"image\/jpeg"}],"twitter_card":"summary_large_image","twitter_misc":{"Gesch\u00e4tzte Lesezeit":"1 Minute"},"schema":{"@context":"https:\/\/schema.org","@graph":[{"@type":"WebPage","@id":"https:\/\/lifesimplified.gorenje.com\/at\/about-life-simplified-blog\/","url":"https:\/\/lifesimplified.gorenje.com\/at\/about-life-simplified-blog\/","name":"Life simplified-Blog | Life Simplified","isPartOf":{"@id":"https:\/\/lifesimplified.gorenje.com\/at\/#website"},"datePublished":"2018-11-04T18:51:54+00:00","dateModified":"2021-05-05T12:26:44+00:00","breadcrumb":{"@id":"https:\/\/lifesimplified.gorenje.com\/at\/about-life-simplified-blog\/#breadcrumb"},"inLanguage":"de-AT","potentialAction":[{"@type":"ReadAction","target":["https:\/\/lifesimplified.gorenje.com\/at\/about-life-simplified-blog\/"]}]},{"@type":"BreadcrumbList","@id":"https:\/\/lifesimplified.gorenje.com\/at\/about-life-simplified-blog\/#breadcrumb","itemListElement":[{"@type":"ListItem","position":1,"name":"Home","item":"https:\/\/lifesimplified.gorenje.com\/at\/home\/"},{"@type":"ListItem","position":2,"name":"Life simplified-Blog"}]},{"@type":"WebSite","@id":"https:\/\/lifesimplified.gorenje.com\/at\/#website","url":"https:\/\/lifesimplified.gorenje.com\/at\/","name":"Life Simplified","description":"Ergreifen Sie die Einfachheit","publisher":{"@id":"https:\/\/lifesimplified.gorenje.com\/at\/#organization"},"potentialAction":[{"@type":"SearchAction","target":{"@type":"EntryPoint","urlTemplate":"https:\/\/lifesimplified.gorenje.com\/at\/?s={search_term_string}"},"query-input":{"@type":"PropertyValueSpecification","valueRequired":true,"valueName":"search_term_string"}}],"inLanguage":"de-AT"},{"@type":"Organization","@id":"https:\/\/lifesimplified.gorenje.com\/at\/#organization","name":"Gorenje","url":"https:\/\/lifesimplified.gorenje.com\/at\/","logo":{"@type":"ImageObject","inLanguage":"de-AT","@id":"https:\/\/lifesimplified.gorenje.com\/at\/#\/schema\/logo\/image\/","url":"https:\/\/lifesimplified.gorenje.com\/wp-content\/uploads\/2019\/12\/gorenje-life-simplified-blog-life-simplified-logo.jpg","contentUrl":"https:\/\/lifesimplified.gorenje.com\/wp-content\/uploads\/2019\/12\/gorenje-life-simplified-blog-life-simplified-logo.jpg","width":2169,"height":1223,"caption":"Gorenje"},"image":{"@id":"https:\/\/lifesimplified.gorenje.com\/at\/#\/schema\/logo\/image\/"},"sameAs":["https:\/\/www.facebook.com\/gorenje.SLO\/","https:\/\/www.instagram.com\/gorenje_slovenija\/","https:\/\/www.youtube.com\/user\/gorenjesi"]}]}},"_links":{"self":[{"href":"https:\/\/lifesimplified.gorenje.com\/at\/wp-json\/wp\/v2\/pages\/9776","targetHints":{"allow":["GET"]}}],"collection":[{"href":"https:\/\/lifesimplified.gorenje.com\/at\/wp-json\/wp\/v2\/pages"}],"about":[{"href":"https:\/\/lifesimplified.gorenje.com\/at\/wp-json\/wp\/v2\/types\/page"}],"author":[{"embeddable":true,"href":"https:\/\/lifesimplified.gorenje.com\/at\/wp-json\/wp\/v2\/users\/1"}],"replies":[{"embeddable":true,"href":"https:\/\/lifesimplified.gorenje.com\/at\/wp-json\/wp\/v2\/comments?post=9776"}],"version-history":[{"count":1,"href":"https:\/\/lifesimplified.gorenje.com\/at\/wp-json\/wp\/v2\/pages\/9776\/revisions"}],"predecessor-version":[{"id":9777,"href":"https:\/\/lifesimplified.gorenje.com\/at\/wp-json\/wp\/v2\/pages\/9776\/revisions\/9777"}],"wp:attachment":[{"href":"https:\/\/lifesimplified.gorenje.com\/at\/wp-json\/wp\/v2\/media?parent=9776"}],"curies":[{"name":"wp","href":"https:\/\/api.w.org\/{rel}","templated":true}]}}